{"id":50270,"date":"2024-02-29T14:20:10","date_gmt":"2024-02-29T13:20:10","guid":{"rendered":"https:\/\/truusk.store\/product\/smadjursbur-gnagarbur-med-tillbehor-gran-100-cm-x-52-cm-x-50-cm-gra\/"},"modified":"2026-03-12T09:36:38","modified_gmt":"2026-03-12T08:36:38","slug":"truusk-smadjursbur-med-tillbehor-gran-100x52x50-cm-gra","status":"publish","type":"product","link":"https:\/\/truusk.store\/sv\/produkt\/truusk-smadjursbur-med-tillbehor-gran-100x52x50-cm-gra\/","title":{"rendered":"TRUUSK Sm\u00e5djursbur med Tillbeh\u00f6r &#8211; Gran &#8211; 100x52x50 cm &#8211; Gr\u00e5"},"content":{"rendered":"<p>Skapa en sp\u00e4nnande livsmilj\u00f6 f\u00f6r ditt husdjur med v\u00e5rt hamsterhus! Den rymliga designen rymmer tillr\u00e4ckligt med tr\u00e4flis f\u00f6r din lurviga v\u00e4n att v\u00e4lja och spela i. Det lilla djurstallet \u00e4r utrustat med h\u00e4ngbro, f\u00e4bod, stegar och plattform. Det erbjuder o\u00e4ndliga roliga och utforskningsm\u00f6jligheter. F\u00f6rvaringsutrymmet med en g\u00e5ngj\u00e4rnsd\u00f6rr p\u00e5 toppen ger enkel \u00e5tkomst och plats f\u00f6r redskap.<\/p>\n<h3>Beskrivning:<\/h3>\n<ul>\n<li>Med en plattform och tv\u00e5 stegar f\u00f6r att ut\u00f6ka aktivitetsutrymmet<\/li>\n<li>Med h\u00e4ngbro, koja och mycket mer f\u00f6r motion och g\u00f6mst\u00e4llen<\/li>\n<li>G\u00e5ngj\u00e4rnsf\u00f6rsedd topp f\u00f6r enkel \u00e5tkomst och interaktion<\/li>\n<li>Transparent framsida av gnagarhuset f\u00f6r enkel observation av djuret<\/li>\n<li>Ventilations\u00f6ppningar p\u00e5 sidan f\u00f6r god luftcirkulation<\/li>\n<li>Gnagarhuset av grantr\u00e4 f\u00f6r stabilitet<\/li>\n<li>L\u00e4mplig f\u00f6r sm\u00e5 djur<\/li>\n<li>Montering kr\u00e4vs<\/li>\n<\/ul>\n<h3>Teknisk data:<\/h3>\n<ul>\n<li>F\u00e4rg: M\u00f6rkgr\u00e5<\/li>\n<li>Material: gran, akryl<\/li>\n<li>\u00d6vergripande m\u00e5tt: 100L x 52W x 50H cm<\/li>\n<li>\u00d6vre d\u00f6rr: 100L x 27W cm<\/li>\n<li>H\u00f6jd: 43L x 31B x 14,8H cm<\/li>\n<li>Stege: 22,5L x 8W cm. 30L x 8W cm<\/li>\n<li>Plattform: 28L x 15W x 13H cm<\/li>\n<li>H\u00e4ngbrygga: 28L x 8W cm<\/li>\n<li>F\u00f6rvaringsutrymme: 100L x 27W cm<\/li>\n<\/ul>\n<h3>Leveransens omfattning:<\/h3>\n<ul>\n<li>1 x sm\u00e5 djurbur<\/li>\n<li>1 x bruksanvisning<\/li>\n<\/ul>\n","protected":false},"excerpt":{"rendered":"<p>Skapa en sp\u00e4nnande livsmilj\u00f6 f\u00f6r ditt husdjur med v\u00e5rt hamsterhus! Den rymliga designen rymmer tillr\u00e4ckligt med tr\u00e4flis f\u00f6r din lurviga&#8230;<\/p>\n","protected":false},"featured_media":50271,"template":"","meta":[],"product_brand":[],"product_cat":[573,599,597],"product_tag":[],"class_list":{"0":"post-50270","1":"product","2":"type-product","3":"status-publish","4":"has-post-thumbnail","6":"product_cat-husdjursmaterial","7":"product_cat-sma-djurburar","8":"product_cat-sma-djurtillbehor","10":"first","11":"instock","12":"sale","13":"taxable","14":"shipping-taxable","15":"purchasable","16":"product-type-simple"},"yoast_head":"<!-- This site is optimized with the Yoast SEO plugin v25.4 - https:\/\/yoast.com\/wordpress\/plugins\/seo\/ -->\n<title>TRUUSK Sm\u00e5djursbur med Tillbeh\u00f6r - Gran - 100x52x50 cm - Gr\u00e5 - TRUUSK - Hem, Tr\u00e4dg\u00e5rd &amp; Fritid<\/title>\n<meta name=\"robots\" content=\"index, follow, max-snippet:-1, max-image-preview:large, max-video-preview:-1\" \/>\n<link rel=\"canonical\" href=\"https:\/\/truusk.store\/sv\/produkt\/truusk-smadjursbur-med-tillbehor-gran-100x52x50-cm-gra\/\" \/>\n<meta property=\"og:locale\" content=\"sv_SE\" \/>\n<meta property=\"og:type\" content=\"article\" \/>\n<meta property=\"og:title\" content=\"TRUUSK Sm\u00e5djursbur med Tillbeh\u00f6r - Gran - 100x52x50 cm - Gr\u00e5 - TRUUSK - Hem, Tr\u00e4dg\u00e5rd &amp; Fritid\" \/>\n<meta property=\"og:description\" content=\"Skapa en sp\u00e4nnande livsmilj\u00f6 f\u00f6r ditt husdjur med v\u00e5rt hamsterhus! Den rymliga designen rymmer tillr\u00e4ckligt med tr\u00e4flis f\u00f6r din lurviga...\" \/>\n<meta property=\"og:url\" content=\"https:\/\/truusk.store\/sv\/produkt\/truusk-smadjursbur-med-tillbehor-gran-100x52x50-cm-gra\/\" \/>\n<meta property=\"og:site_name\" content=\"TRUUSK - Hem, Tr\u00e4dg\u00e5rd &amp; Fritid\" \/>\n<meta property=\"article:modified_time\" content=\"2026-03-12T08:36:38+00:00\" \/>\n<meta property=\"og:image\" content=\"https:\/\/i0.wp.com\/truusk.se\/wp-content\/uploads\/2024\/02\/smadjursbur-gnagarbur-med-tillbehor-gran-100-cm-x-52-cm-x-50-cm-gra.webp?fit=800%2C800&ssl=1\" \/>\n\t<meta property=\"og:image:width\" content=\"800\" \/>\n\t<meta property=\"og:image:height\" content=\"800\" \/>\n\t<meta property=\"og:image:type\" content=\"image\/webp\" \/>\n<meta name=\"twitter:card\" content=\"summary_large_image\" \/>\n<meta name=\"twitter:label1\" content=\"Ber\u00e4knad l\u00e4stid\" \/>\n\t<meta name=\"twitter:data1\" content=\"1 minut\" \/>\n<!-- \/ Yoast SEO plugin. -->","yoast_head_json":{"title":"TRUUSK Sm\u00e5djursbur med Tillbeh\u00f6r - Gran - 100x52x50 cm - Gr\u00e5 - TRUUSK - Hem, Tr\u00e4dg\u00e5rd &amp; Fritid","robots":{"index":"index","follow":"follow","max-snippet":"max-snippet:-1","max-image-preview":"max-image-preview:large","max-video-preview":"max-video-preview:-1"},"canonical":"https:\/\/truusk.store\/sv\/produkt\/truusk-smadjursbur-med-tillbehor-gran-100x52x50-cm-gra\/","og_locale":"sv_SE","og_type":"article","og_title":"TRUUSK Sm\u00e5djursbur med Tillbeh\u00f6r - Gran - 100x52x50 cm - Gr\u00e5 - TRUUSK - Hem, Tr\u00e4dg\u00e5rd &amp; Fritid","og_description":"Skapa en sp\u00e4nnande livsmilj\u00f6 f\u00f6r ditt husdjur med v\u00e5rt hamsterhus! Den rymliga designen rymmer tillr\u00e4ckligt med tr\u00e4flis f\u00f6r din lurviga...","og_url":"https:\/\/truusk.store\/sv\/produkt\/truusk-smadjursbur-med-tillbehor-gran-100x52x50-cm-gra\/","og_site_name":"TRUUSK - Hem, Tr\u00e4dg\u00e5rd &amp; Fritid","article_modified_time":"2026-03-12T08:36:38+00:00","og_image":[{"width":800,"height":800,"url":"https:\/\/i0.wp.com\/truusk.se\/wp-content\/uploads\/2024\/02\/smadjursbur-gnagarbur-med-tillbehor-gran-100-cm-x-52-cm-x-50-cm-gra.webp?fit=800%2C800&ssl=1","type":"image\/webp"}],"twitter_card":"summary_large_image","twitter_misc":{"Ber\u00e4knad l\u00e4stid":"1 minut"},"schema":{"@context":"https:\/\/schema.org","@graph":[{"@type":"WebPage","@id":"https:\/\/truusk.store\/sv\/produkt\/truusk-smadjursbur-med-tillbehor-gran-100x52x50-cm-gra\/","url":"https:\/\/truusk.store\/sv\/produkt\/truusk-smadjursbur-med-tillbehor-gran-100x52x50-cm-gra\/","name":"TRUUSK Sm\u00e5djursbur med Tillbeh\u00f6r - Gran - 100x52x50 cm - Gr\u00e5 - TRUUSK - Hem, Tr\u00e4dg\u00e5rd &amp; Fritid","isPartOf":{"@id":"https:\/\/truusk.store\/sv\/#website"},"primaryImageOfPage":{"@id":"https:\/\/truusk.store\/sv\/produkt\/truusk-smadjursbur-med-tillbehor-gran-100x52x50-cm-gra\/#primaryimage"},"image":{"@id":"https:\/\/truusk.store\/sv\/produkt\/truusk-smadjursbur-med-tillbehor-gran-100x52x50-cm-gra\/#primaryimage"},"thumbnailUrl":"https:\/\/i0.wp.com\/truusk.store\/wp-content\/uploads\/2024\/02\/smadjursbur-gnagarbur-med-tillbehor-gran-100-cm-x-52-cm-x-50-cm-gra.webp?fit=800%2C800&ssl=1","datePublished":"2024-02-29T13:20:10+00:00","dateModified":"2026-03-12T08:36:38+00:00","breadcrumb":{"@id":"https:\/\/truusk.store\/sv\/produkt\/truusk-smadjursbur-med-tillbehor-gran-100x52x50-cm-gra\/#breadcrumb"},"inLanguage":"sv-SE","potentialAction":[{"@type":"ReadAction","target":["https:\/\/truusk.store\/sv\/produkt\/truusk-smadjursbur-med-tillbehor-gran-100x52x50-cm-gra\/"]}]},{"@type":"ImageObject","inLanguage":"sv-SE","@id":"https:\/\/truusk.store\/sv\/produkt\/truusk-smadjursbur-med-tillbehor-gran-100x52x50-cm-gra\/#primaryimage","url":"https:\/\/i0.wp.com\/truusk.store\/wp-content\/uploads\/2024\/02\/smadjursbur-gnagarbur-med-tillbehor-gran-100-cm-x-52-cm-x-50-cm-gra.webp?fit=800%2C800&ssl=1","contentUrl":"https:\/\/i0.wp.com\/truusk.store\/wp-content\/uploads\/2024\/02\/smadjursbur-gnagarbur-med-tillbehor-gran-100-cm-x-52-cm-x-50-cm-gra.webp?fit=800%2C800&ssl=1","width":800,"height":800,"caption":"Sm\u00e5djursbur, Gnagarbur, Med Tillbeh\u00f6r, Gran, 100 Cm X 52 Cm X 50 Cm, Gr\u00e5 1"},{"@type":"BreadcrumbList","@id":"https:\/\/truusk.store\/sv\/produkt\/truusk-smadjursbur-med-tillbehor-gran-100x52x50-cm-gra\/#breadcrumb","itemListElement":[{"@type":"ListItem","position":1,"name":"Home","item":"https:\/\/truusk.store\/sv\/"},{"@type":"ListItem","position":2,"name":"Shop","item":"https:\/\/truusk.store\/shop\/"},{"@type":"ListItem","position":3,"name":"TRUUSK Sm\u00e5djursbur med Tillbeh\u00f6r &#8211; Gran &#8211; 100x52x50 cm &#8211; Gr\u00e5"}]},{"@type":"WebSite","@id":"https:\/\/truusk.store\/sv\/#website","url":"https:\/\/truusk.store\/sv\/","name":"TRUUSK - Hem, Tr\u00e4dg\u00e5rd & Fritid","description":"","publisher":{"@id":"https:\/\/truusk.store\/sv\/#organization"},"potentialAction":[{"@type":"SearchAction","target":{"@type":"EntryPoint","urlTemplate":"https:\/\/truusk.store\/sv\/?s={search_term_string}"},"query-input":{"@type":"PropertyValueSpecification","valueRequired":true,"valueName":"search_term_string"}}],"inLanguage":"sv-SE"},{"@type":"Organization","@id":"https:\/\/truusk.store\/sv\/#organization","name":"TRUUSK - Hem, Tr\u00e4dg\u00e5rd & Fritid","url":"https:\/\/truusk.store\/sv\/","logo":{"@type":"ImageObject","inLanguage":"sv-SE","@id":"https:\/\/truusk.store\/sv\/#\/schema\/logo\/image\/","url":"https:\/\/i0.wp.com\/truusk.store\/wp-content\/uploads\/2026\/03\/cropped-TRUUSK.png?fit=2032%2C917&ssl=1","contentUrl":"https:\/\/i0.wp.com\/truusk.store\/wp-content\/uploads\/2026\/03\/cropped-TRUUSK.png?fit=2032%2C917&ssl=1","width":2032,"height":917,"caption":"TRUUSK - Hem, Tr\u00e4dg\u00e5rd & Fritid"},"image":{"@id":"https:\/\/truusk.store\/sv\/#\/schema\/logo\/image\/"}}]}},"jetpack_sharing_enabled":true,"_links":{"self":[{"href":"https:\/\/truusk.store\/sv\/wp-json\/wp\/v2\/product\/50270","targetHints":{"allow":["GET"]}}],"collection":[{"href":"https:\/\/truusk.store\/sv\/wp-json\/wp\/v2\/product"}],"about":[{"href":"https:\/\/truusk.store\/sv\/wp-json\/wp\/v2\/types\/product"}],"wp:featuredmedia":[{"embeddable":true,"href":"https:\/\/truusk.store\/sv\/wp-json\/wp\/v2\/media\/50271"}],"wp:attachment":[{"href":"https:\/\/truusk.store\/sv\/wp-json\/wp\/v2\/media?parent=50270"}],"wp:term":[{"taxonomy":"product_brand","embeddable":true,"href":"https:\/\/truusk.store\/sv\/wp-json\/wp\/v2\/product_brand?post=50270"},{"taxonomy":"product_cat","embeddable":true,"href":"https:\/\/truusk.store\/sv\/wp-json\/wp\/v2\/product_cat?post=50270"},{"taxonomy":"product_tag","embeddable":true,"href":"https:\/\/truusk.store\/sv\/wp-json\/wp\/v2\/product_tag?post=50270"}],"curies":[{"name":"wp","href":"https:\/\/api.w.org\/{rel}","templated":true}]}}