{"id":50298,"date":"2024-02-29T14:50:12","date_gmt":"2024-02-29T13:50:12","guid":{"rendered":"https:\/\/truusk.store\/product\/iskubsmaskin-aggkubsautomat-aggkubsmaskin-222-cm-x-294-cm-x-29-cm-svart\/"},"modified":"2026-03-12T09:19:15","modified_gmt":"2026-03-12T08:19:15","slug":"truusk-ismaskin-och-aggkubsmaskin-automatisk-222-x-294-x-29-cm-svart","status":"publish","type":"product","link":"https:\/\/truusk.store\/sv\/produkt\/truusk-ismaskin-och-aggkubsmaskin-automatisk-222-x-294-x-29-cm-svart\/","title":{"rendered":"TRUUSK Ismaskin och \u00c4ggkubsmaskin &#8211; Automatisk &#8211; 22,2 x 29,4 x 29 cm &#8211; Svart"},"content":{"rendered":"<p>Sugen p\u00e5 en cocktail? F\u00f6rbered den p\u00e5 n\u00e5gra minuter med denna isbitsmaskin. Perfekt f\u00f6r hemmet eller kontoret, den producerar upp till 12 kg glass p\u00e5 24 timmar, med cirka 9 kuber var 6:e \u200b\u200btill 12:e minut. Den har \u00e4ven ett genomskinligt f\u00f6nster i locket och en LCD-display f\u00f6r enkel hantering.<\/p>\n<h3>Beskrivning:<\/h3>\n<ul>\n<li>Producerar 12 kg is per dag, vilket motsvarar 9 isbitar var 6:e \u200b\u200btill 12:e minut<\/li>\n<li>De sf\u00e4riska isbitarna \u00e4r munv\u00e4nliga<\/li>\n<li>Isbitarna v\u00e4ger mellan 7 och 9 gram, har en sf\u00e4risk form och kan inte justeras i storlek<\/li>\n<li>Den l\u00e5ga ljudniv\u00e5n st\u00f6r inte dina dagliga sysslor<\/li>\n<li>Inkluderar en iskubskorg och skopa f\u00f6r att g\u00f6ra det l\u00e4ttare att ta bort isbitar fr\u00e5n maskinen<\/li>\n<li>Dr\u00e4neringsh\u00e5l i botten av enheten f\u00f6r att dr\u00e4nera vatten<\/li>\n<li>Ingen montering kr\u00e4vs<\/li>\n<\/ul>\n<h3>Teknisk data:<\/h3>\n<ul>\n<li>Svart f\u00e4rg<\/li>\n<li>Material: Polypropen (PP), koppar, metall<\/li>\n<li>Yttre m\u00e5tt (utan handtag): 22,2L x 29,4B x 29H cm<\/li>\n<li>Yttre m\u00e5tt (med handtag): 23,8L x 30,5W x 29H cm<\/li>\n<li>Istillverkningskapacitet: 12 kg\/dag, 9 stycken\/6-12 minuter<\/li>\n<li>F\u00f6rsta produktionstid: 7 minuter<\/li>\n<li>Vattentankens kapacitet: 1,3 liter<\/li>\n<li>Kylsk\u00e5pskapacitet: 1,2 liter<\/li>\n<li>Islagringskapacitet: 0,6 kg<\/li>\n<li>Sp\u00e4nning: 220-240V\/50Hz<\/li>\n<li>Effekt: 105W (f\u00f6r istillverkning), 130W (f\u00f6r istillverkning)<\/li>\n<li>Kabell\u00e4ngd: 1,5m<\/li>\n<li>Maximalt ljud: 46 dB<\/li>\n<li>Observera: Isbitar b\u00f6r inte l\u00e4mnas i maskinen under en l\u00e4ngre tid<\/li>\n<\/ul>\n<h3>Leveransens omfattning:<\/h3>\n<ul>\n<li>1 ismaskin<\/li>\n<li>1 iskorg<\/li>\n<li>1 spade<\/li>\n<li>1 x Anv\u00e4ndarmanual<\/li>\n<\/ul>\n","protected":false},"excerpt":{"rendered":"<p>Sugen p\u00e5 en cocktail? F\u00f6rbered den p\u00e5 n\u00e5gra minuter med denna isbitsmaskin. Perfekt f\u00f6r hemmet eller kontoret, den producerar upp&#8230;<\/p>\n","protected":false},"featured_media":50299,"template":"","meta":[],"product_brand":[],"product_cat":[485,498,499],"product_tag":[],"class_list":{"0":"post-50298","1":"product","2":"type-product","3":"status-publish","4":"has-post-thumbnail","6":"product_cat-hus-bo","7":"product_cat-hushallsapparater","8":"product_cat-koksutrustning","10":"first","11":"instock","12":"sale","13":"taxable","14":"shipping-taxable","15":"purchasable","16":"product-type-simple"},"yoast_head":"<!-- This site is optimized with the Yoast SEO plugin v25.4 - https:\/\/yoast.com\/wordpress\/plugins\/seo\/ -->\n<title>TRUUSK Ismaskin och \u00c4ggkubsmaskin - Automatisk - 22,2 x 29,4 x 29 cm - Svart - TRUUSK - Hem, Tr\u00e4dg\u00e5rd &amp; Fritid<\/title>\n<meta name=\"robots\" content=\"index, follow, max-snippet:-1, max-image-preview:large, max-video-preview:-1\" \/>\n<link rel=\"canonical\" href=\"https:\/\/truusk.store\/sv\/produkt\/truusk-ismaskin-och-aggkubsmaskin-automatisk-222-x-294-x-29-cm-svart\/\" \/>\n<meta property=\"og:locale\" content=\"sv_SE\" \/>\n<meta property=\"og:type\" content=\"article\" \/>\n<meta property=\"og:title\" content=\"TRUUSK Ismaskin och \u00c4ggkubsmaskin - Automatisk - 22,2 x 29,4 x 29 cm - Svart - TRUUSK - Hem, Tr\u00e4dg\u00e5rd &amp; Fritid\" \/>\n<meta property=\"og:description\" content=\"Sugen p\u00e5 en cocktail? F\u00f6rbered den p\u00e5 n\u00e5gra minuter med denna isbitsmaskin. Perfekt f\u00f6r hemmet eller kontoret, den producerar upp...\" \/>\n<meta property=\"og:url\" content=\"https:\/\/truusk.store\/sv\/produkt\/truusk-ismaskin-och-aggkubsmaskin-automatisk-222-x-294-x-29-cm-svart\/\" \/>\n<meta property=\"og:site_name\" content=\"TRUUSK - Hem, Tr\u00e4dg\u00e5rd &amp; Fritid\" \/>\n<meta property=\"article:modified_time\" content=\"2026-03-12T08:19:15+00:00\" \/>\n<meta property=\"og:image\" content=\"https:\/\/i0.wp.com\/truusk.se\/wp-content\/uploads\/2024\/02\/iskubsmaskin-aggkubsautomat-aggkubsmaskin-222-cm-x-294-cm-x-29-cm-svart.webp?fit=800%2C800&ssl=1\" \/>\n\t<meta property=\"og:image:width\" content=\"800\" \/>\n\t<meta property=\"og:image:height\" content=\"800\" \/>\n\t<meta property=\"og:image:type\" content=\"image\/webp\" \/>\n<meta name=\"twitter:card\" content=\"summary_large_image\" \/>\n<meta name=\"twitter:label1\" content=\"Ber\u00e4knad l\u00e4stid\" \/>\n\t<meta name=\"twitter:data1\" content=\"1 minut\" \/>\n<!-- \/ Yoast SEO plugin. -->","yoast_head_json":{"title":"TRUUSK Ismaskin och \u00c4ggkubsmaskin - Automatisk - 22,2 x 29,4 x 29 cm - Svart - TRUUSK - Hem, Tr\u00e4dg\u00e5rd &amp; Fritid","robots":{"index":"index","follow":"follow","max-snippet":"max-snippet:-1","max-image-preview":"max-image-preview:large","max-video-preview":"max-video-preview:-1"},"canonical":"https:\/\/truusk.store\/sv\/produkt\/truusk-ismaskin-och-aggkubsmaskin-automatisk-222-x-294-x-29-cm-svart\/","og_locale":"sv_SE","og_type":"article","og_title":"TRUUSK Ismaskin och \u00c4ggkubsmaskin - Automatisk - 22,2 x 29,4 x 29 cm - Svart - TRUUSK - Hem, Tr\u00e4dg\u00e5rd &amp; Fritid","og_description":"Sugen p\u00e5 en cocktail? F\u00f6rbered den p\u00e5 n\u00e5gra minuter med denna isbitsmaskin. Perfekt f\u00f6r hemmet eller kontoret, den producerar upp...","og_url":"https:\/\/truusk.store\/sv\/produkt\/truusk-ismaskin-och-aggkubsmaskin-automatisk-222-x-294-x-29-cm-svart\/","og_site_name":"TRUUSK - Hem, Tr\u00e4dg\u00e5rd &amp; Fritid","article_modified_time":"2026-03-12T08:19:15+00:00","og_image":[{"width":800,"height":800,"url":"https:\/\/i0.wp.com\/truusk.se\/wp-content\/uploads\/2024\/02\/iskubsmaskin-aggkubsautomat-aggkubsmaskin-222-cm-x-294-cm-x-29-cm-svart.webp?fit=800%2C800&ssl=1","type":"image\/webp"}],"twitter_card":"summary_large_image","twitter_misc":{"Ber\u00e4knad l\u00e4stid":"1 minut"},"schema":{"@context":"https:\/\/schema.org","@graph":[{"@type":"WebPage","@id":"https:\/\/truusk.store\/sv\/produkt\/truusk-ismaskin-och-aggkubsmaskin-automatisk-222-x-294-x-29-cm-svart\/","url":"https:\/\/truusk.store\/sv\/produkt\/truusk-ismaskin-och-aggkubsmaskin-automatisk-222-x-294-x-29-cm-svart\/","name":"TRUUSK Ismaskin och \u00c4ggkubsmaskin - Automatisk - 22,2 x 29,4 x 29 cm - Svart - TRUUSK - Hem, Tr\u00e4dg\u00e5rd &amp; Fritid","isPartOf":{"@id":"https:\/\/truusk.store\/sv\/#website"},"primaryImageOfPage":{"@id":"https:\/\/truusk.store\/sv\/produkt\/truusk-ismaskin-och-aggkubsmaskin-automatisk-222-x-294-x-29-cm-svart\/#primaryimage"},"image":{"@id":"https:\/\/truusk.store\/sv\/produkt\/truusk-ismaskin-och-aggkubsmaskin-automatisk-222-x-294-x-29-cm-svart\/#primaryimage"},"thumbnailUrl":"https:\/\/i0.wp.com\/truusk.store\/wp-content\/uploads\/2024\/02\/iskubsmaskin-aggkubsautomat-aggkubsmaskin-222-cm-x-294-cm-x-29-cm-svart.webp?fit=800%2C800&ssl=1","datePublished":"2024-02-29T13:50:12+00:00","dateModified":"2026-03-12T08:19:15+00:00","breadcrumb":{"@id":"https:\/\/truusk.store\/sv\/produkt\/truusk-ismaskin-och-aggkubsmaskin-automatisk-222-x-294-x-29-cm-svart\/#breadcrumb"},"inLanguage":"sv-SE","potentialAction":[{"@type":"ReadAction","target":["https:\/\/truusk.store\/sv\/produkt\/truusk-ismaskin-och-aggkubsmaskin-automatisk-222-x-294-x-29-cm-svart\/"]}]},{"@type":"ImageObject","inLanguage":"sv-SE","@id":"https:\/\/truusk.store\/sv\/produkt\/truusk-ismaskin-och-aggkubsmaskin-automatisk-222-x-294-x-29-cm-svart\/#primaryimage","url":"https:\/\/i0.wp.com\/truusk.store\/wp-content\/uploads\/2024\/02\/iskubsmaskin-aggkubsautomat-aggkubsmaskin-222-cm-x-294-cm-x-29-cm-svart.webp?fit=800%2C800&ssl=1","contentUrl":"https:\/\/i0.wp.com\/truusk.store\/wp-content\/uploads\/2024\/02\/iskubsmaskin-aggkubsautomat-aggkubsmaskin-222-cm-x-294-cm-x-29-cm-svart.webp?fit=800%2C800&ssl=1","width":800,"height":800,"caption":"Iskubsmaskin, \u00e4ggkubsautomat, \u00e4ggkubsmaskin, 22,2 Cm X 29,4 Cm X 29 Cm, Svart 1"},{"@type":"BreadcrumbList","@id":"https:\/\/truusk.store\/sv\/produkt\/truusk-ismaskin-och-aggkubsmaskin-automatisk-222-x-294-x-29-cm-svart\/#breadcrumb","itemListElement":[{"@type":"ListItem","position":1,"name":"Home","item":"https:\/\/truusk.store\/sv\/"},{"@type":"ListItem","position":2,"name":"Shop","item":"https:\/\/truusk.store\/shop\/"},{"@type":"ListItem","position":3,"name":"TRUUSK Ismaskin och \u00c4ggkubsmaskin &#8211; Automatisk &#8211; 22,2 x 29,4 x 29 cm &#8211; Svart"}]},{"@type":"WebSite","@id":"https:\/\/truusk.store\/sv\/#website","url":"https:\/\/truusk.store\/sv\/","name":"TRUUSK - Hem, Tr\u00e4dg\u00e5rd & Fritid","description":"","publisher":{"@id":"https:\/\/truusk.store\/sv\/#organization"},"potentialAction":[{"@type":"SearchAction","target":{"@type":"EntryPoint","urlTemplate":"https:\/\/truusk.store\/sv\/?s={search_term_string}"},"query-input":{"@type":"PropertyValueSpecification","valueRequired":true,"valueName":"search_term_string"}}],"inLanguage":"sv-SE"},{"@type":"Organization","@id":"https:\/\/truusk.store\/sv\/#organization","name":"TRUUSK - Hem, Tr\u00e4dg\u00e5rd & Fritid","url":"https:\/\/truusk.store\/sv\/","logo":{"@type":"ImageObject","inLanguage":"sv-SE","@id":"https:\/\/truusk.store\/sv\/#\/schema\/logo\/image\/","url":"https:\/\/i0.wp.com\/truusk.store\/wp-content\/uploads\/2026\/03\/cropped-TRUUSK.png?fit=2032%2C917&ssl=1","contentUrl":"https:\/\/i0.wp.com\/truusk.store\/wp-content\/uploads\/2026\/03\/cropped-TRUUSK.png?fit=2032%2C917&ssl=1","width":2032,"height":917,"caption":"TRUUSK - Hem, Tr\u00e4dg\u00e5rd & Fritid"},"image":{"@id":"https:\/\/truusk.store\/sv\/#\/schema\/logo\/image\/"}}]}},"jetpack_sharing_enabled":true,"_links":{"self":[{"href":"https:\/\/truusk.store\/sv\/wp-json\/wp\/v2\/product\/50298","targetHints":{"allow":["GET"]}}],"collection":[{"href":"https:\/\/truusk.store\/sv\/wp-json\/wp\/v2\/product"}],"about":[{"href":"https:\/\/truusk.store\/sv\/wp-json\/wp\/v2\/types\/product"}],"wp:featuredmedia":[{"embeddable":true,"href":"https:\/\/truusk.store\/sv\/wp-json\/wp\/v2\/media\/50299"}],"wp:attachment":[{"href":"https:\/\/truusk.store\/sv\/wp-json\/wp\/v2\/media?parent=50298"}],"wp:term":[{"taxonomy":"product_brand","embeddable":true,"href":"https:\/\/truusk.store\/sv\/wp-json\/wp\/v2\/product_brand?post=50298"},{"taxonomy":"product_cat","embeddable":true,"href":"https:\/\/truusk.store\/sv\/wp-json\/wp\/v2\/product_cat?post=50298"},{"taxonomy":"product_tag","embeddable":true,"href":"https:\/\/truusk.store\/sv\/wp-json\/wp\/v2\/product_tag?post=50298"}],"curies":[{"name":"wp","href":"https:\/\/api.w.org\/{rel}","templated":true}]}}