{"id":50331,"date":"2024-02-29T15:20:11","date_gmt":"2024-02-29T14:20:11","guid":{"rendered":"https:\/\/truusk.store\/product\/3-delat-bistroset-tradgardsmoblerset-tradgardssittgrupp-pe-rotting-72-cm-x-66-cm-x-64-cm-gul-kram\/"},"modified":"2026-03-12T09:35:35","modified_gmt":"2026-03-12T08:35:35","slug":"truusk-3-delad-bistroset-tradgardsmobelset-pe-rotting-gul-kram-72-cm-x-66-cm-x-64-cm","status":"publish","type":"product","link":"https:\/\/truusk.store\/sv\/produkt\/truusk-3-delad-bistroset-tradgardsmobelset-pe-rotting-gul-kram-72-cm-x-66-cm-x-64-cm\/","title":{"rendered":"TRUUSK 3-delad Bistroset Tr\u00e4dg\u00e5rdsm\u00f6belset &#8211; PE Rotting &#8211; Gul + Kr\u00e4m &#8211; 72 cm x 66 cm x 64 cm"},"content":{"rendered":"<p>F\u00f6rvandla din tr\u00e4dg\u00e5rd till en m\u00f6tesplats med v\u00e5rt rottingbistroset. Ett charmigt set som ger en elegant touch till dina tr\u00e4dg\u00e5rdsm\u00f6bler. Njut av komforten med de tjockt vadderade sitt- och ryggkuddarna med tv\u00e4ttbara \u00f6verdrag f\u00f6r enkel v\u00e5rd. Ett elegant tillskott till vilken balkong eller terrass som helst \u00e4r detta tredelade uteplatsset, som best\u00e5r av tv\u00e5 handv\u00e4vda PE-rottingstolar och ett matchande soffbord.<\/p>\n<h3>Beskrivning:<\/h3>\n<ul>\n<li>Tv\u00e5 stolar och ett soffbord berikar sm\u00e5 utomhusytor<\/li>\n<li>F\u00f6r \u00f6kad komfort \u00e4r stolarna utrustade med vadderade s\u00e4ten och tjocka ryggkuddar<\/li>\n<li>Avtagbara och tv\u00e4ttbara \u00f6rngott underl\u00e4ttar sk\u00f6tseln<\/li>\n<li>St\u00e5lram med handv\u00e4vd PE-rotting lovar h\u00e5llbarhet och stil<\/li>\n<li>Halkfria fotkuddar f\u00f6r att f\u00f6rhindra r\u00f6relse och skydda ytor<\/li>\n<li>L\u00e4tt att montera och s\u00e4tta upp av tv\u00e5 personer inom en timme<\/li>\n<\/ul>\n<h3>Teknisk data:<\/h3>\n<ul>\n<li>F\u00e4rg: Gul+Gr\u00e4ddvit+Vit<\/li>\n<li>Material: PE rotting, st\u00e5l, polyester<\/li>\n<li>Stolens m\u00e5tt: 72L x 66W x 64Hcm<\/li>\n<li>Bordsm\u00e5tt: 50 x 57H cm<\/li>\n<li>Sitsstorlek: 56W x 63D cm<\/li>\n<li>Sitth\u00f6jd: 32 cm<\/li>\n<li>Ryggkudde: 55L x 42W x 12H cm<\/li>\n<li>Sittdyna: 65L x 65W x 10H cm<\/li>\n<li>Stolens viktkapacitet: 120 kg<\/li>\n<li>Bordets viktkapacitet: 30 kg<\/li>\n<\/ul>\n<h3>Leveransens omfattning:<\/h3>\n<ul>\n<li>2 x stolar<\/li>\n<li>1 x bord<\/li>\n<li>2 x sittdynor<\/li>\n<li>2 x ryggkuddar<\/li>\n<li>1 x manuell<\/li>\n<\/ul>\n","protected":false},"excerpt":{"rendered":"<p>F\u00f6rvandla din tr\u00e4dg\u00e5rd till en m\u00f6tesplats med v\u00e5rt rottingbistroset. Ett charmigt set som ger en elegant touch till dina tr\u00e4dg\u00e5rdsm\u00f6bler&#8230;.<\/p>\n","protected":false},"featured_media":50332,"template":"","meta":[],"product_brand":[],"product_cat":[435,450,455],"product_tag":[],"class_list":{"0":"post-50331","1":"product","2":"type-product","3":"status-publish","4":"has-post-thumbnail","6":"product_cat-tradgard-och-terrass","7":"product_cat-tradgardsmobler","8":"product_cat-tradgardsmobler-i-polyrattan","10":"first","11":"instock","12":"sale","13":"taxable","14":"shipping-taxable","15":"purchasable","16":"product-type-simple"},"yoast_head":"<!-- This site is optimized with the Yoast SEO plugin v25.4 - https:\/\/yoast.com\/wordpress\/plugins\/seo\/ -->\n<title>TRUUSK 3-delad Bistroset Tr\u00e4dg\u00e5rdsm\u00f6belset - PE Rotting - Gul + Kr\u00e4m - 72 cm x 66 cm x 64 cm - TRUUSK - Hem, Tr\u00e4dg\u00e5rd &amp; Fritid<\/title>\n<meta name=\"robots\" content=\"index, follow, max-snippet:-1, max-image-preview:large, max-video-preview:-1\" \/>\n<link rel=\"canonical\" href=\"https:\/\/truusk.store\/sv\/produkt\/truusk-3-delad-bistroset-tradgardsmobelset-pe-rotting-gul-kram-72-cm-x-66-cm-x-64-cm\/\" \/>\n<meta property=\"og:locale\" content=\"sv_SE\" \/>\n<meta property=\"og:type\" content=\"article\" \/>\n<meta property=\"og:title\" content=\"TRUUSK 3-delad Bistroset Tr\u00e4dg\u00e5rdsm\u00f6belset - PE Rotting - Gul + Kr\u00e4m - 72 cm x 66 cm x 64 cm - TRUUSK - Hem, Tr\u00e4dg\u00e5rd &amp; Fritid\" \/>\n<meta property=\"og:description\" content=\"F\u00f6rvandla din tr\u00e4dg\u00e5rd till en m\u00f6tesplats med v\u00e5rt rottingbistroset. Ett charmigt set som ger en elegant touch till dina tr\u00e4dg\u00e5rdsm\u00f6bler....\" \/>\n<meta property=\"og:url\" content=\"https:\/\/truusk.store\/sv\/produkt\/truusk-3-delad-bistroset-tradgardsmobelset-pe-rotting-gul-kram-72-cm-x-66-cm-x-64-cm\/\" \/>\n<meta property=\"og:site_name\" content=\"TRUUSK - Hem, Tr\u00e4dg\u00e5rd &amp; Fritid\" \/>\n<meta property=\"article:modified_time\" content=\"2026-03-12T08:35:35+00:00\" \/>\n<meta property=\"og:image\" content=\"https:\/\/i0.wp.com\/truusk.se\/wp-content\/uploads\/2024\/02\/3-delat-bistroset-tradgardsmoblerset-tradgardssittgrupp-pe-rotting-72-cm-x-66-cm-x-64-cm-gul-kram.webp?fit=800%2C800&ssl=1\" \/>\n\t<meta property=\"og:image:width\" content=\"800\" \/>\n\t<meta property=\"og:image:height\" content=\"800\" \/>\n\t<meta property=\"og:image:type\" content=\"image\/webp\" \/>\n<meta name=\"twitter:card\" content=\"summary_large_image\" \/>\n<meta name=\"twitter:label1\" content=\"Ber\u00e4knad l\u00e4stid\" \/>\n\t<meta name=\"twitter:data1\" content=\"1 minut\" \/>\n<!-- \/ Yoast SEO plugin. -->","yoast_head_json":{"title":"TRUUSK 3-delad Bistroset Tr\u00e4dg\u00e5rdsm\u00f6belset - PE Rotting - Gul + Kr\u00e4m - 72 cm x 66 cm x 64 cm - TRUUSK - Hem, Tr\u00e4dg\u00e5rd &amp; Fritid","robots":{"index":"index","follow":"follow","max-snippet":"max-snippet:-1","max-image-preview":"max-image-preview:large","max-video-preview":"max-video-preview:-1"},"canonical":"https:\/\/truusk.store\/sv\/produkt\/truusk-3-delad-bistroset-tradgardsmobelset-pe-rotting-gul-kram-72-cm-x-66-cm-x-64-cm\/","og_locale":"sv_SE","og_type":"article","og_title":"TRUUSK 3-delad Bistroset Tr\u00e4dg\u00e5rdsm\u00f6belset - PE Rotting - Gul + Kr\u00e4m - 72 cm x 66 cm x 64 cm - TRUUSK - Hem, Tr\u00e4dg\u00e5rd &amp; Fritid","og_description":"F\u00f6rvandla din tr\u00e4dg\u00e5rd till en m\u00f6tesplats med v\u00e5rt rottingbistroset. Ett charmigt set som ger en elegant touch till dina tr\u00e4dg\u00e5rdsm\u00f6bler....","og_url":"https:\/\/truusk.store\/sv\/produkt\/truusk-3-delad-bistroset-tradgardsmobelset-pe-rotting-gul-kram-72-cm-x-66-cm-x-64-cm\/","og_site_name":"TRUUSK - Hem, Tr\u00e4dg\u00e5rd &amp; Fritid","article_modified_time":"2026-03-12T08:35:35+00:00","og_image":[{"width":800,"height":800,"url":"https:\/\/i0.wp.com\/truusk.se\/wp-content\/uploads\/2024\/02\/3-delat-bistroset-tradgardsmoblerset-tradgardssittgrupp-pe-rotting-72-cm-x-66-cm-x-64-cm-gul-kram.webp?fit=800%2C800&ssl=1","type":"image\/webp"}],"twitter_card":"summary_large_image","twitter_misc":{"Ber\u00e4knad l\u00e4stid":"1 minut"},"schema":{"@context":"https:\/\/schema.org","@graph":[{"@type":"WebPage","@id":"https:\/\/truusk.store\/sv\/produkt\/truusk-3-delad-bistroset-tradgardsmobelset-pe-rotting-gul-kram-72-cm-x-66-cm-x-64-cm\/","url":"https:\/\/truusk.store\/sv\/produkt\/truusk-3-delad-bistroset-tradgardsmobelset-pe-rotting-gul-kram-72-cm-x-66-cm-x-64-cm\/","name":"TRUUSK 3-delad Bistroset Tr\u00e4dg\u00e5rdsm\u00f6belset - PE Rotting - Gul + Kr\u00e4m - 72 cm x 66 cm x 64 cm - TRUUSK - Hem, Tr\u00e4dg\u00e5rd &amp; Fritid","isPartOf":{"@id":"https:\/\/truusk.store\/sv\/#website"},"primaryImageOfPage":{"@id":"https:\/\/truusk.store\/sv\/produkt\/truusk-3-delad-bistroset-tradgardsmobelset-pe-rotting-gul-kram-72-cm-x-66-cm-x-64-cm\/#primaryimage"},"image":{"@id":"https:\/\/truusk.store\/sv\/produkt\/truusk-3-delad-bistroset-tradgardsmobelset-pe-rotting-gul-kram-72-cm-x-66-cm-x-64-cm\/#primaryimage"},"thumbnailUrl":"https:\/\/i0.wp.com\/truusk.store\/wp-content\/uploads\/2024\/02\/3-delat-bistroset-tradgardsmoblerset-tradgardssittgrupp-pe-rotting-72-cm-x-66-cm-x-64-cm-gul-kram.webp?fit=800%2C800&ssl=1","datePublished":"2024-02-29T14:20:11+00:00","dateModified":"2026-03-12T08:35:35+00:00","breadcrumb":{"@id":"https:\/\/truusk.store\/sv\/produkt\/truusk-3-delad-bistroset-tradgardsmobelset-pe-rotting-gul-kram-72-cm-x-66-cm-x-64-cm\/#breadcrumb"},"inLanguage":"sv-SE","potentialAction":[{"@type":"ReadAction","target":["https:\/\/truusk.store\/sv\/produkt\/truusk-3-delad-bistroset-tradgardsmobelset-pe-rotting-gul-kram-72-cm-x-66-cm-x-64-cm\/"]}]},{"@type":"ImageObject","inLanguage":"sv-SE","@id":"https:\/\/truusk.store\/sv\/produkt\/truusk-3-delad-bistroset-tradgardsmobelset-pe-rotting-gul-kram-72-cm-x-66-cm-x-64-cm\/#primaryimage","url":"https:\/\/i0.wp.com\/truusk.store\/wp-content\/uploads\/2024\/02\/3-delat-bistroset-tradgardsmoblerset-tradgardssittgrupp-pe-rotting-72-cm-x-66-cm-x-64-cm-gul-kram.webp?fit=800%2C800&ssl=1","contentUrl":"https:\/\/i0.wp.com\/truusk.store\/wp-content\/uploads\/2024\/02\/3-delat-bistroset-tradgardsmoblerset-tradgardssittgrupp-pe-rotting-72-cm-x-66-cm-x-64-cm-gul-kram.webp?fit=800%2C800&ssl=1","width":800,"height":800,"caption":"3-delat Bistroset Tr\u00e4dg\u00e5rdsm\u00f6blerset Tr\u00e4dg\u00e5rdssittgrupp, PE Rotting, 72 Cm X 66 Cm X 64 Cm, Gul + Kr\u00e4m 1"},{"@type":"BreadcrumbList","@id":"https:\/\/truusk.store\/sv\/produkt\/truusk-3-delad-bistroset-tradgardsmobelset-pe-rotting-gul-kram-72-cm-x-66-cm-x-64-cm\/#breadcrumb","itemListElement":[{"@type":"ListItem","position":1,"name":"Home","item":"https:\/\/truusk.store\/sv\/"},{"@type":"ListItem","position":2,"name":"Shop","item":"https:\/\/truusk.store\/shop\/"},{"@type":"ListItem","position":3,"name":"TRUUSK 3-delad Bistroset Tr\u00e4dg\u00e5rdsm\u00f6belset &#8211; PE Rotting &#8211; Gul + Kr\u00e4m &#8211; 72 cm x 66 cm x 64 cm"}]},{"@type":"WebSite","@id":"https:\/\/truusk.store\/sv\/#website","url":"https:\/\/truusk.store\/sv\/","name":"TRUUSK - Hem, Tr\u00e4dg\u00e5rd & Fritid","description":"","publisher":{"@id":"https:\/\/truusk.store\/sv\/#organization"},"potentialAction":[{"@type":"SearchAction","target":{"@type":"EntryPoint","urlTemplate":"https:\/\/truusk.store\/sv\/?s={search_term_string}"},"query-input":{"@type":"PropertyValueSpecification","valueRequired":true,"valueName":"search_term_string"}}],"inLanguage":"sv-SE"},{"@type":"Organization","@id":"https:\/\/truusk.store\/sv\/#organization","name":"TRUUSK - Hem, Tr\u00e4dg\u00e5rd & Fritid","url":"https:\/\/truusk.store\/sv\/","logo":{"@type":"ImageObject","inLanguage":"sv-SE","@id":"https:\/\/truusk.store\/sv\/#\/schema\/logo\/image\/","url":"https:\/\/i0.wp.com\/truusk.store\/wp-content\/uploads\/2026\/03\/cropped-TRUUSK.png?fit=2032%2C917&ssl=1","contentUrl":"https:\/\/i0.wp.com\/truusk.store\/wp-content\/uploads\/2026\/03\/cropped-TRUUSK.png?fit=2032%2C917&ssl=1","width":2032,"height":917,"caption":"TRUUSK - Hem, Tr\u00e4dg\u00e5rd & Fritid"},"image":{"@id":"https:\/\/truusk.store\/sv\/#\/schema\/logo\/image\/"}}]}},"jetpack_sharing_enabled":true,"_links":{"self":[{"href":"https:\/\/truusk.store\/sv\/wp-json\/wp\/v2\/product\/50331","targetHints":{"allow":["GET"]}}],"collection":[{"href":"https:\/\/truusk.store\/sv\/wp-json\/wp\/v2\/product"}],"about":[{"href":"https:\/\/truusk.store\/sv\/wp-json\/wp\/v2\/types\/product"}],"wp:featuredmedia":[{"embeddable":true,"href":"https:\/\/truusk.store\/sv\/wp-json\/wp\/v2\/media\/50332"}],"wp:attachment":[{"href":"https:\/\/truusk.store\/sv\/wp-json\/wp\/v2\/media?parent=50331"}],"wp:term":[{"taxonomy":"product_brand","embeddable":true,"href":"https:\/\/truusk.store\/sv\/wp-json\/wp\/v2\/product_brand?post=50331"},{"taxonomy":"product_cat","embeddable":true,"href":"https:\/\/truusk.store\/sv\/wp-json\/wp\/v2\/product_cat?post=50331"},{"taxonomy":"product_tag","embeddable":true,"href":"https:\/\/truusk.store\/sv\/wp-json\/wp\/v2\/product_tag?post=50331"}],"curies":[{"name":"wp","href":"https:\/\/api.w.org\/{rel}","templated":true}]}}