{"id":50371,"date":"2024-02-29T16:00:12","date_gmt":"2024-02-29T15:00:12","guid":{"rendered":"https:\/\/truusk.store\/product\/hundvagn-hundvagn-hopfallbar-2-sakerhetslinor-2-mugghallare-67-x-45-x-96-cm-khaki\/"},"modified":"2026-03-12T09:36:17","modified_gmt":"2026-03-12T08:36:17","slug":"truusk-hundvagn-hopfallbar-2-sakerhetslinor-2-mugghallare-67-x-45-x-96-cm-khaki","status":"publish","type":"product","link":"https:\/\/truusk.store\/sv\/produkt\/truusk-hundvagn-hopfallbar-2-sakerhetslinor-2-mugghallare-67-x-45-x-96-cm-khaki\/","title":{"rendered":"TRUUSK Hundvagn &#8211; Hopf\u00e4llbar &#8211; 2 S\u00e4kerhetslinor &#8211; 2 Muggh\u00e5llare &#8211; 67 x 45 x 96 cm &#8211; Khaki"},"content":{"rendered":"<p>Om du letar efter ett l\u00e4ttanv\u00e4nt, bekv\u00e4mt och praktiskt transportmedel f\u00f6r skadade eller \u00e4ldre husdjur b\u00f6r du kolla in denna hundvagn. Rymlig inuti och med ett n\u00e4tf\u00f6nster kommer din hund att trivas underbart. En muggh\u00e5llare p\u00e5 k\u00f6rhandtaget och en golvkorg g\u00f6r det enkelt att ta med sig allt du beh\u00f6ver samtidigt som de mjukt l\u00f6pande hjulen s\u00e4kerst\u00e4ller mycket r\u00f6relsefrihet.<\/p>\n<h3>Beskrivning:<\/h3>\n<ul>\n<li>Robust st\u00e5lram ger h\u00f6g stabilitet<\/li>\n<li>Fr\u00e4mre n\u00e4tf\u00f6nster s\u00e4kerst\u00e4ller h\u00f6g luftgenomsl\u00e4pplighet<\/li>\n<li>Huvan kan justeras i fyra olika l\u00e4gen<\/li>\n<li>Tv\u00e5 s\u00e4kerhetsb\u00e4lten f\u00f6r att sp\u00e4nna fast ditt husdjur n\u00e4r du \u00e4r p\u00e5 spr\u00e5ng<\/li>\n<li>Fyra hjul: med bromsar bak, tv\u00e5 fram som roterar 360 grader<\/li>\n<li>Vikbar med ett handtag, l\u00e4tt att transportera och f\u00f6rvara<\/li>\n<li>L\u00e4mplig f\u00f6r sm\u00e5 hundar med en kroppsl\u00e4ngd p\u00e5 upp till 32 cm och en vikt p\u00e5 upp till 4 kg<\/li>\n<\/ul>\n<h3>Teknisk data:<\/h3>\n<ul>\n<li>F\u00e4rg: m\u00f6rkgr\u00f6n<\/li>\n<li>Material: st\u00e5l, polyester<\/li>\n<li>Totala m\u00e5tt: 67L x 45W x 96H cm<\/li>\n<li>Innerm\u00e5tt: 52L x 32W x 48H cm (med tak), 52L x 32W x 22H cm (utan tak)<\/li>\n<li>M\u00e5tt p\u00e5 n\u00e4tf\u00f6nster (fram\/bak): 26L x 17W cm<\/li>\n<li>Vikstorlek: 86L x 45W x 24H cm<\/li>\n<li>Korgstorlek: 36L x 25W x 12H cm<\/li>\n<li>M\u00e5tt framhjul: 6&#8243;<\/li>\n<li>M\u00e5tt bakhjul: 6&#8243;<\/li>\n<\/ul>\n<h3>Leveransens omfattning:<\/h3>\n<ul>\n<li>1 x husdjursvagn<\/li>\n<li>1 x Instruktioner<\/li>\n<\/ul>\n","protected":false},"excerpt":{"rendered":"<p>Om du letar efter ett l\u00e4ttanv\u00e4nt, bekv\u00e4mt och praktiskt transportmedel f\u00f6r skadade eller \u00e4ldre husdjur b\u00f6r du kolla in denna&#8230;<\/p>\n","protected":false},"featured_media":50372,"template":"","meta":[],"product_brand":[],"product_cat":[574,579,573],"product_tag":[],"class_list":{"0":"post-50371","1":"product","2":"type-product","3":"status-publish","4":"has-post-thumbnail","6":"product_cat-hundtillbehor","7":"product_cat-hundvagn","8":"product_cat-husdjursmaterial","10":"first","11":"instock","12":"sale","13":"taxable","14":"shipping-taxable","15":"purchasable","16":"product-type-simple"},"yoast_head":"<!-- This site is optimized with the Yoast SEO plugin v25.4 - https:\/\/yoast.com\/wordpress\/plugins\/seo\/ -->\n<title>TRUUSK Hundvagn - Hopf\u00e4llbar - 2 S\u00e4kerhetslinor - 2 Muggh\u00e5llare - 67 x 45 x 96 cm - Khaki - TRUUSK - Hem, Tr\u00e4dg\u00e5rd &amp; Fritid<\/title>\n<meta name=\"robots\" content=\"index, follow, max-snippet:-1, max-image-preview:large, max-video-preview:-1\" \/>\n<link rel=\"canonical\" href=\"https:\/\/truusk.store\/sv\/produkt\/truusk-hundvagn-hopfallbar-2-sakerhetslinor-2-mugghallare-67-x-45-x-96-cm-khaki\/\" \/>\n<meta property=\"og:locale\" content=\"sv_SE\" \/>\n<meta property=\"og:type\" content=\"article\" \/>\n<meta property=\"og:title\" content=\"TRUUSK Hundvagn - Hopf\u00e4llbar - 2 S\u00e4kerhetslinor - 2 Muggh\u00e5llare - 67 x 45 x 96 cm - Khaki - TRUUSK - Hem, Tr\u00e4dg\u00e5rd &amp; Fritid\" \/>\n<meta property=\"og:description\" content=\"Om du letar efter ett l\u00e4ttanv\u00e4nt, bekv\u00e4mt och praktiskt transportmedel f\u00f6r skadade eller \u00e4ldre husdjur b\u00f6r du kolla in denna...\" \/>\n<meta property=\"og:url\" content=\"https:\/\/truusk.store\/sv\/produkt\/truusk-hundvagn-hopfallbar-2-sakerhetslinor-2-mugghallare-67-x-45-x-96-cm-khaki\/\" \/>\n<meta property=\"og:site_name\" content=\"TRUUSK - Hem, Tr\u00e4dg\u00e5rd &amp; Fritid\" \/>\n<meta property=\"article:modified_time\" content=\"2026-03-12T08:36:17+00:00\" \/>\n<meta property=\"og:image\" content=\"https:\/\/i0.wp.com\/truusk.se\/wp-content\/uploads\/2024\/02\/hundvagn-hundvagn-hopfallbar-2-sakerhetslinor-2-mugghallare-67-x-45-x-96-cm-khaki.webp?fit=800%2C800&ssl=1\" \/>\n\t<meta property=\"og:image:width\" content=\"800\" \/>\n\t<meta property=\"og:image:height\" content=\"800\" \/>\n\t<meta property=\"og:image:type\" content=\"image\/webp\" \/>\n<meta name=\"twitter:card\" content=\"summary_large_image\" \/>\n<meta name=\"twitter:label1\" content=\"Ber\u00e4knad l\u00e4stid\" \/>\n\t<meta name=\"twitter:data1\" content=\"1 minut\" \/>\n<!-- \/ Yoast SEO plugin. -->","yoast_head_json":{"title":"TRUUSK Hundvagn - Hopf\u00e4llbar - 2 S\u00e4kerhetslinor - 2 Muggh\u00e5llare - 67 x 45 x 96 cm - Khaki - TRUUSK - Hem, Tr\u00e4dg\u00e5rd &amp; Fritid","robots":{"index":"index","follow":"follow","max-snippet":"max-snippet:-1","max-image-preview":"max-image-preview:large","max-video-preview":"max-video-preview:-1"},"canonical":"https:\/\/truusk.store\/sv\/produkt\/truusk-hundvagn-hopfallbar-2-sakerhetslinor-2-mugghallare-67-x-45-x-96-cm-khaki\/","og_locale":"sv_SE","og_type":"article","og_title":"TRUUSK Hundvagn - Hopf\u00e4llbar - 2 S\u00e4kerhetslinor - 2 Muggh\u00e5llare - 67 x 45 x 96 cm - Khaki - TRUUSK - Hem, Tr\u00e4dg\u00e5rd &amp; Fritid","og_description":"Om du letar efter ett l\u00e4ttanv\u00e4nt, bekv\u00e4mt och praktiskt transportmedel f\u00f6r skadade eller \u00e4ldre husdjur b\u00f6r du kolla in denna...","og_url":"https:\/\/truusk.store\/sv\/produkt\/truusk-hundvagn-hopfallbar-2-sakerhetslinor-2-mugghallare-67-x-45-x-96-cm-khaki\/","og_site_name":"TRUUSK - Hem, Tr\u00e4dg\u00e5rd &amp; Fritid","article_modified_time":"2026-03-12T08:36:17+00:00","og_image":[{"width":800,"height":800,"url":"https:\/\/i0.wp.com\/truusk.se\/wp-content\/uploads\/2024\/02\/hundvagn-hundvagn-hopfallbar-2-sakerhetslinor-2-mugghallare-67-x-45-x-96-cm-khaki.webp?fit=800%2C800&ssl=1","type":"image\/webp"}],"twitter_card":"summary_large_image","twitter_misc":{"Ber\u00e4knad l\u00e4stid":"1 minut"},"schema":{"@context":"https:\/\/schema.org","@graph":[{"@type":"WebPage","@id":"https:\/\/truusk.store\/sv\/produkt\/truusk-hundvagn-hopfallbar-2-sakerhetslinor-2-mugghallare-67-x-45-x-96-cm-khaki\/","url":"https:\/\/truusk.store\/sv\/produkt\/truusk-hundvagn-hopfallbar-2-sakerhetslinor-2-mugghallare-67-x-45-x-96-cm-khaki\/","name":"TRUUSK Hundvagn - Hopf\u00e4llbar - 2 S\u00e4kerhetslinor - 2 Muggh\u00e5llare - 67 x 45 x 96 cm - Khaki - TRUUSK - Hem, Tr\u00e4dg\u00e5rd &amp; Fritid","isPartOf":{"@id":"https:\/\/truusk.store\/sv\/#website"},"primaryImageOfPage":{"@id":"https:\/\/truusk.store\/sv\/produkt\/truusk-hundvagn-hopfallbar-2-sakerhetslinor-2-mugghallare-67-x-45-x-96-cm-khaki\/#primaryimage"},"image":{"@id":"https:\/\/truusk.store\/sv\/produkt\/truusk-hundvagn-hopfallbar-2-sakerhetslinor-2-mugghallare-67-x-45-x-96-cm-khaki\/#primaryimage"},"thumbnailUrl":"https:\/\/i0.wp.com\/truusk.store\/wp-content\/uploads\/2024\/02\/hundvagn-hundvagn-hopfallbar-2-sakerhetslinor-2-mugghallare-67-x-45-x-96-cm-khaki.webp?fit=800%2C800&ssl=1","datePublished":"2024-02-29T15:00:12+00:00","dateModified":"2026-03-12T08:36:17+00:00","breadcrumb":{"@id":"https:\/\/truusk.store\/sv\/produkt\/truusk-hundvagn-hopfallbar-2-sakerhetslinor-2-mugghallare-67-x-45-x-96-cm-khaki\/#breadcrumb"},"inLanguage":"sv-SE","potentialAction":[{"@type":"ReadAction","target":["https:\/\/truusk.store\/sv\/produkt\/truusk-hundvagn-hopfallbar-2-sakerhetslinor-2-mugghallare-67-x-45-x-96-cm-khaki\/"]}]},{"@type":"ImageObject","inLanguage":"sv-SE","@id":"https:\/\/truusk.store\/sv\/produkt\/truusk-hundvagn-hopfallbar-2-sakerhetslinor-2-mugghallare-67-x-45-x-96-cm-khaki\/#primaryimage","url":"https:\/\/i0.wp.com\/truusk.store\/wp-content\/uploads\/2024\/02\/hundvagn-hundvagn-hopfallbar-2-sakerhetslinor-2-mugghallare-67-x-45-x-96-cm-khaki.webp?fit=800%2C800&ssl=1","contentUrl":"https:\/\/i0.wp.com\/truusk.store\/wp-content\/uploads\/2024\/02\/hundvagn-hundvagn-hopfallbar-2-sakerhetslinor-2-mugghallare-67-x-45-x-96-cm-khaki.webp?fit=800%2C800&ssl=1","width":800,"height":800,"caption":"Hundvagn Hundvagn, Hopf\u00e4llbar, 2 S\u00e4kerhetslinor, 2 Muggh\u00e5llare, 67 X 45 X 96 Cm, Khaki 1"},{"@type":"BreadcrumbList","@id":"https:\/\/truusk.store\/sv\/produkt\/truusk-hundvagn-hopfallbar-2-sakerhetslinor-2-mugghallare-67-x-45-x-96-cm-khaki\/#breadcrumb","itemListElement":[{"@type":"ListItem","position":1,"name":"Home","item":"https:\/\/truusk.store\/sv\/"},{"@type":"ListItem","position":2,"name":"Shop","item":"https:\/\/truusk.store\/shop\/"},{"@type":"ListItem","position":3,"name":"TRUUSK Hundvagn &#8211; Hopf\u00e4llbar &#8211; 2 S\u00e4kerhetslinor &#8211; 2 Muggh\u00e5llare &#8211; 67 x 45 x 96 cm &#8211; Khaki"}]},{"@type":"WebSite","@id":"https:\/\/truusk.store\/sv\/#website","url":"https:\/\/truusk.store\/sv\/","name":"TRUUSK - Hem, Tr\u00e4dg\u00e5rd & Fritid","description":"","publisher":{"@id":"https:\/\/truusk.store\/sv\/#organization"},"potentialAction":[{"@type":"SearchAction","target":{"@type":"EntryPoint","urlTemplate":"https:\/\/truusk.store\/sv\/?s={search_term_string}"},"query-input":{"@type":"PropertyValueSpecification","valueRequired":true,"valueName":"search_term_string"}}],"inLanguage":"sv-SE"},{"@type":"Organization","@id":"https:\/\/truusk.store\/sv\/#organization","name":"TRUUSK - Hem, Tr\u00e4dg\u00e5rd & Fritid","url":"https:\/\/truusk.store\/sv\/","logo":{"@type":"ImageObject","inLanguage":"sv-SE","@id":"https:\/\/truusk.store\/sv\/#\/schema\/logo\/image\/","url":"https:\/\/i0.wp.com\/truusk.store\/wp-content\/uploads\/2026\/03\/cropped-TRUUSK.png?fit=2032%2C917&ssl=1","contentUrl":"https:\/\/i0.wp.com\/truusk.store\/wp-content\/uploads\/2026\/03\/cropped-TRUUSK.png?fit=2032%2C917&ssl=1","width":2032,"height":917,"caption":"TRUUSK - Hem, Tr\u00e4dg\u00e5rd & Fritid"},"image":{"@id":"https:\/\/truusk.store\/sv\/#\/schema\/logo\/image\/"}}]}},"jetpack_sharing_enabled":true,"_links":{"self":[{"href":"https:\/\/truusk.store\/sv\/wp-json\/wp\/v2\/product\/50371","targetHints":{"allow":["GET"]}}],"collection":[{"href":"https:\/\/truusk.store\/sv\/wp-json\/wp\/v2\/product"}],"about":[{"href":"https:\/\/truusk.store\/sv\/wp-json\/wp\/v2\/types\/product"}],"wp:featuredmedia":[{"embeddable":true,"href":"https:\/\/truusk.store\/sv\/wp-json\/wp\/v2\/media\/50372"}],"wp:attachment":[{"href":"https:\/\/truusk.store\/sv\/wp-json\/wp\/v2\/media?parent=50371"}],"wp:term":[{"taxonomy":"product_brand","embeddable":true,"href":"https:\/\/truusk.store\/sv\/wp-json\/wp\/v2\/product_brand?post=50371"},{"taxonomy":"product_cat","embeddable":true,"href":"https:\/\/truusk.store\/sv\/wp-json\/wp\/v2\/product_cat?post=50371"},{"taxonomy":"product_tag","embeddable":true,"href":"https:\/\/truusk.store\/sv\/wp-json\/wp\/v2\/product_tag?post=50371"}],"curies":[{"name":"wp","href":"https:\/\/api.w.org\/{rel}","templated":true}]}}