{"id":50393,"date":"2024-02-29T16:20:10","date_gmt":"2024-02-29T15:20:10","guid":{"rendered":"https:\/\/truusk.store\/product\/barbar-grill-mini-kolgrill-hopfallbar-med-kolbricka-och-askfat-metallholje-gron\/"},"modified":"2026-03-12T09:37:26","modified_gmt":"2026-03-12T08:37:26","slug":"truusk-barbar-mini-kolgrill-hopfallbar-med-kolbricka-metallholje-gron","status":"publish","type":"product","link":"https:\/\/truusk.store\/sv\/produkt\/truusk-barbar-mini-kolgrill-hopfallbar-med-kolbricka-metallholje-gron\/","title":{"rendered":"TRUUSK B\u00e4rbar Mini Kolgrill &#8211; Hopf\u00e4llbar med Kolbricka &#8211; Metallh\u00f6lje &#8211; Gr\u00f6n"},"content":{"rendered":"<p>Denna minigrill \u00e4r en kompakt och stilren kolgrill i unik resv\u00e4skdesign. Den \u00e4r perfekt att ta med sig till parken, stranden eller p\u00e5 picknick. Monteringen g\u00e5r snabbt och enkelt, inga verktyg beh\u00f6vs: bara f\u00e4ll ut och b\u00f6rja grilla! Grilla biffar, gr\u00f6nsaker eller anv\u00e4nd din campingpanna &#8211; m\u00f6jligheterna \u00e4r o\u00e4ndliga. Njut nu av okomplicerat grillkul p\u00e5 spr\u00e5ng!<\/p>\n<h3>Beskrivning:<\/h3>\n<ul>\n<li>Kan vikas ihop till en kompakt resv\u00e4ska<\/li>\n<li>Snabb installation utan verktyg<\/li>\n<li>Grillgaller med tv\u00e5 handtag f\u00f6r att undvika br\u00e4nnskador<\/li>\n<li>V\u00e4rmebest\u00e4ndig mot temperaturer upp till 600 C<\/li>\n<li>Pulverlackerat metallh\u00f6lje<\/li>\n<\/ul>\n<h3>Teknisk data:<\/h3>\n<ul>\n<li>F\u00e4rg: gr\u00f6n<\/li>\n<li>Material: metall, rostfritt st\u00e5l<\/li>\n<li>Totala m\u00e5tt: 47L x 30W x 28H cm<\/li>\n<li>Vikstorlek: 38L x 24W x 9,5D cm<\/li>\n<li>M\u00e5tt p\u00e5 grillgaller: 32L x 20W cm<\/li>\n<li>M\u00e5tt p\u00e5 kolsk\u00e5l: 34,5L x 21,5W x 11H cm<\/li>\n<li>M\u00e5tt p\u00e5 askuppsamlingsfacket: 31,5L x 19W x 5,5H cm<\/li>\n<li>Lastkapacitet: (totalt) 5 kg, (grillst\u00e4ll) 2 kg<\/li>\n<li>Vikt: 2kg<\/li>\n<li>Rekommenderad m\u00e4ngd tr\u00e4kol: max 1,2 kg<\/li>\n<\/ul>\n<h3>Leveransens omfattning:<\/h3>\n<ul>\n<li>1 x Kolgrill<\/li>\n<li>1 x kolsk\u00e5l<\/li>\n<li>1 x Grillst\u00e4ll<\/li>\n<li>1 x manuell<\/li>\n<\/ul>\n","protected":false},"excerpt":{"rendered":"<p>Denna minigrill \u00e4r en kompakt och stilren kolgrill i unik resv\u00e4skdesign. Den \u00e4r perfekt att ta med sig till parken,&#8230;<\/p>\n","protected":false},"featured_media":50394,"template":"","meta":[],"product_brand":[],"product_cat":[440,439,435],"product_tag":[],"class_list":{"0":"post-50393","1":"product","2":"type-product","3":"status-publish","4":"has-post-thumbnail","6":"product_cat-grillar","7":"product_cat-grillning-uppvarmning","8":"product_cat-tradgard-och-terrass","10":"first","11":"instock","12":"sale","13":"taxable","14":"shipping-taxable","15":"purchasable","16":"product-type-simple"},"yoast_head":"<!-- This site is optimized with the Yoast SEO plugin v25.4 - https:\/\/yoast.com\/wordpress\/plugins\/seo\/ -->\n<title>TRUUSK B\u00e4rbar Mini Kolgrill - Hopf\u00e4llbar med Kolbricka - Metallh\u00f6lje - Gr\u00f6n - TRUUSK - Hem, Tr\u00e4dg\u00e5rd &amp; Fritid<\/title>\n<meta name=\"robots\" content=\"index, follow, max-snippet:-1, max-image-preview:large, max-video-preview:-1\" \/>\n<link rel=\"canonical\" href=\"https:\/\/truusk.store\/sv\/produkt\/truusk-barbar-mini-kolgrill-hopfallbar-med-kolbricka-metallholje-gron\/\" \/>\n<meta property=\"og:locale\" content=\"sv_SE\" \/>\n<meta property=\"og:type\" content=\"article\" \/>\n<meta property=\"og:title\" content=\"TRUUSK B\u00e4rbar Mini Kolgrill - Hopf\u00e4llbar med Kolbricka - Metallh\u00f6lje - Gr\u00f6n - TRUUSK - Hem, Tr\u00e4dg\u00e5rd &amp; Fritid\" \/>\n<meta property=\"og:description\" content=\"Denna minigrill \u00e4r en kompakt och stilren kolgrill i unik resv\u00e4skdesign. Den \u00e4r perfekt att ta med sig till parken,...\" \/>\n<meta property=\"og:url\" content=\"https:\/\/truusk.store\/sv\/produkt\/truusk-barbar-mini-kolgrill-hopfallbar-med-kolbricka-metallholje-gron\/\" \/>\n<meta property=\"og:site_name\" content=\"TRUUSK - Hem, Tr\u00e4dg\u00e5rd &amp; Fritid\" \/>\n<meta property=\"article:modified_time\" content=\"2026-03-12T08:37:26+00:00\" \/>\n<meta property=\"og:image\" content=\"https:\/\/i0.wp.com\/truusk.se\/wp-content\/uploads\/2024\/02\/barbar-grill-mini-kolgrill-hopfallbar-med-kolbricka-och-askfat-metallholje-gron.webp?fit=800%2C800&ssl=1\" \/>\n\t<meta property=\"og:image:width\" content=\"800\" \/>\n\t<meta property=\"og:image:height\" content=\"800\" \/>\n\t<meta property=\"og:image:type\" content=\"image\/webp\" \/>\n<meta name=\"twitter:card\" content=\"summary_large_image\" \/>\n<meta name=\"twitter:label1\" content=\"Ber\u00e4knad l\u00e4stid\" \/>\n\t<meta name=\"twitter:data1\" content=\"1 minut\" \/>\n<!-- \/ Yoast SEO plugin. -->","yoast_head_json":{"title":"TRUUSK B\u00e4rbar Mini Kolgrill - Hopf\u00e4llbar med Kolbricka - Metallh\u00f6lje - Gr\u00f6n - TRUUSK - Hem, Tr\u00e4dg\u00e5rd &amp; Fritid","robots":{"index":"index","follow":"follow","max-snippet":"max-snippet:-1","max-image-preview":"max-image-preview:large","max-video-preview":"max-video-preview:-1"},"canonical":"https:\/\/truusk.store\/sv\/produkt\/truusk-barbar-mini-kolgrill-hopfallbar-med-kolbricka-metallholje-gron\/","og_locale":"sv_SE","og_type":"article","og_title":"TRUUSK B\u00e4rbar Mini Kolgrill - Hopf\u00e4llbar med Kolbricka - Metallh\u00f6lje - Gr\u00f6n - TRUUSK - Hem, Tr\u00e4dg\u00e5rd &amp; Fritid","og_description":"Denna minigrill \u00e4r en kompakt och stilren kolgrill i unik resv\u00e4skdesign. Den \u00e4r perfekt att ta med sig till parken,...","og_url":"https:\/\/truusk.store\/sv\/produkt\/truusk-barbar-mini-kolgrill-hopfallbar-med-kolbricka-metallholje-gron\/","og_site_name":"TRUUSK - Hem, Tr\u00e4dg\u00e5rd &amp; Fritid","article_modified_time":"2026-03-12T08:37:26+00:00","og_image":[{"width":800,"height":800,"url":"https:\/\/i0.wp.com\/truusk.se\/wp-content\/uploads\/2024\/02\/barbar-grill-mini-kolgrill-hopfallbar-med-kolbricka-och-askfat-metallholje-gron.webp?fit=800%2C800&ssl=1","type":"image\/webp"}],"twitter_card":"summary_large_image","twitter_misc":{"Ber\u00e4knad l\u00e4stid":"1 minut"},"schema":{"@context":"https:\/\/schema.org","@graph":[{"@type":"WebPage","@id":"https:\/\/truusk.store\/sv\/produkt\/truusk-barbar-mini-kolgrill-hopfallbar-med-kolbricka-metallholje-gron\/","url":"https:\/\/truusk.store\/sv\/produkt\/truusk-barbar-mini-kolgrill-hopfallbar-med-kolbricka-metallholje-gron\/","name":"TRUUSK B\u00e4rbar Mini Kolgrill - Hopf\u00e4llbar med Kolbricka - Metallh\u00f6lje - Gr\u00f6n - TRUUSK - Hem, Tr\u00e4dg\u00e5rd &amp; Fritid","isPartOf":{"@id":"https:\/\/truusk.store\/sv\/#website"},"primaryImageOfPage":{"@id":"https:\/\/truusk.store\/sv\/produkt\/truusk-barbar-mini-kolgrill-hopfallbar-med-kolbricka-metallholje-gron\/#primaryimage"},"image":{"@id":"https:\/\/truusk.store\/sv\/produkt\/truusk-barbar-mini-kolgrill-hopfallbar-med-kolbricka-metallholje-gron\/#primaryimage"},"thumbnailUrl":"https:\/\/i0.wp.com\/truusk.store\/wp-content\/uploads\/2024\/02\/barbar-grill-mini-kolgrill-hopfallbar-med-kolbricka-och-askfat-metallholje-gron.webp?fit=800%2C800&ssl=1","datePublished":"2024-02-29T15:20:10+00:00","dateModified":"2026-03-12T08:37:26+00:00","breadcrumb":{"@id":"https:\/\/truusk.store\/sv\/produkt\/truusk-barbar-mini-kolgrill-hopfallbar-med-kolbricka-metallholje-gron\/#breadcrumb"},"inLanguage":"sv-SE","potentialAction":[{"@type":"ReadAction","target":["https:\/\/truusk.store\/sv\/produkt\/truusk-barbar-mini-kolgrill-hopfallbar-med-kolbricka-metallholje-gron\/"]}]},{"@type":"ImageObject","inLanguage":"sv-SE","@id":"https:\/\/truusk.store\/sv\/produkt\/truusk-barbar-mini-kolgrill-hopfallbar-med-kolbricka-metallholje-gron\/#primaryimage","url":"https:\/\/i0.wp.com\/truusk.store\/wp-content\/uploads\/2024\/02\/barbar-grill-mini-kolgrill-hopfallbar-med-kolbricka-och-askfat-metallholje-gron.webp?fit=800%2C800&ssl=1","contentUrl":"https:\/\/i0.wp.com\/truusk.store\/wp-content\/uploads\/2024\/02\/barbar-grill-mini-kolgrill-hopfallbar-med-kolbricka-och-askfat-metallholje-gron.webp?fit=800%2C800&ssl=1","width":800,"height":800,"caption":"B\u00e4rbar Grill, Mini Kolgrill, Hopf\u00e4llbar, Med Kolbricka Och Askfat, Metallh\u00f6lje, Gr\u00f6n 1"},{"@type":"BreadcrumbList","@id":"https:\/\/truusk.store\/sv\/produkt\/truusk-barbar-mini-kolgrill-hopfallbar-med-kolbricka-metallholje-gron\/#breadcrumb","itemListElement":[{"@type":"ListItem","position":1,"name":"Home","item":"https:\/\/truusk.store\/sv\/"},{"@type":"ListItem","position":2,"name":"Shop","item":"https:\/\/truusk.store\/shop\/"},{"@type":"ListItem","position":3,"name":"TRUUSK B\u00e4rbar Mini Kolgrill &#8211; Hopf\u00e4llbar med Kolbricka &#8211; Metallh\u00f6lje &#8211; Gr\u00f6n"}]},{"@type":"WebSite","@id":"https:\/\/truusk.store\/sv\/#website","url":"https:\/\/truusk.store\/sv\/","name":"TRUUSK - Hem, Tr\u00e4dg\u00e5rd & Fritid","description":"","publisher":{"@id":"https:\/\/truusk.store\/sv\/#organization"},"potentialAction":[{"@type":"SearchAction","target":{"@type":"EntryPoint","urlTemplate":"https:\/\/truusk.store\/sv\/?s={search_term_string}"},"query-input":{"@type":"PropertyValueSpecification","valueRequired":true,"valueName":"search_term_string"}}],"inLanguage":"sv-SE"},{"@type":"Organization","@id":"https:\/\/truusk.store\/sv\/#organization","name":"TRUUSK - Hem, Tr\u00e4dg\u00e5rd & Fritid","url":"https:\/\/truusk.store\/sv\/","logo":{"@type":"ImageObject","inLanguage":"sv-SE","@id":"https:\/\/truusk.store\/sv\/#\/schema\/logo\/image\/","url":"https:\/\/i0.wp.com\/truusk.store\/wp-content\/uploads\/2026\/03\/cropped-TRUUSK.png?fit=2032%2C917&ssl=1","contentUrl":"https:\/\/i0.wp.com\/truusk.store\/wp-content\/uploads\/2026\/03\/cropped-TRUUSK.png?fit=2032%2C917&ssl=1","width":2032,"height":917,"caption":"TRUUSK - Hem, Tr\u00e4dg\u00e5rd & Fritid"},"image":{"@id":"https:\/\/truusk.store\/sv\/#\/schema\/logo\/image\/"}}]}},"jetpack_sharing_enabled":true,"_links":{"self":[{"href":"https:\/\/truusk.store\/sv\/wp-json\/wp\/v2\/product\/50393","targetHints":{"allow":["GET"]}}],"collection":[{"href":"https:\/\/truusk.store\/sv\/wp-json\/wp\/v2\/product"}],"about":[{"href":"https:\/\/truusk.store\/sv\/wp-json\/wp\/v2\/types\/product"}],"wp:featuredmedia":[{"embeddable":true,"href":"https:\/\/truusk.store\/sv\/wp-json\/wp\/v2\/media\/50394"}],"wp:attachment":[{"href":"https:\/\/truusk.store\/sv\/wp-json\/wp\/v2\/media?parent=50393"}],"wp:term":[{"taxonomy":"product_brand","embeddable":true,"href":"https:\/\/truusk.store\/sv\/wp-json\/wp\/v2\/product_brand?post=50393"},{"taxonomy":"product_cat","embeddable":true,"href":"https:\/\/truusk.store\/sv\/wp-json\/wp\/v2\/product_cat?post=50393"},{"taxonomy":"product_tag","embeddable":true,"href":"https:\/\/truusk.store\/sv\/wp-json\/wp\/v2\/product_tag?post=50393"}],"curies":[{"name":"wp","href":"https:\/\/api.w.org\/{rel}","templated":true}]}}