{"id":50421,"date":"2024-02-29T16:50:09","date_gmt":"2024-02-29T15:50:09","guid":{"rendered":"https:\/\/truusk.store\/product\/tradgardsstolar-utomhusstolar-uteplatsstolar-vaderbestandig-modern-design-57-x-58-x-87cm-svart\/"},"modified":"2026-03-12T09:34:25","modified_gmt":"2026-03-12T08:34:25","slug":"truusk-tradgardsstolar-modern-design-vaderbestandig-57-x-58-x-87cm-svart","status":"publish","type":"product","link":"https:\/\/truusk.store\/sv\/produkt\/truusk-tradgardsstolar-modern-design-vaderbestandig-57-x-58-x-87cm-svart\/","title":{"rendered":"TRUUSK Tr\u00e4dg\u00e5rdsstolar &#8211; Modern Design &#8211; V\u00e4derbest\u00e4ndig &#8211; 57 X 58 X 87cm &#8211; Svart"},"content":{"rendered":"<p>Detta enkla och snygga fritidsstolsset i rotting kommer att g\u00f6ra utsidan av ditt hem lika inbjudande som insidan. St\u00e5lramen \u00e4r pulverlackerad och t\u00e4ckt med v\u00e4derbest\u00e4ndig PE-rotting som t\u00e5l m\u00e5nga \u00e5rs anv\u00e4ndning. Stolarna kommer med mjuka vadderade kuddar f\u00f6r extra komfort. Metallbenen med fotst\u00f6d s\u00e4kerst\u00e4ller h\u00f6g stabilitet. De sparar utrymme med sin unika staplingsfunktion. Dekorativa och funktionella skapar de en v\u00e4lkomnande milj\u00f6 i din vackra tr\u00e4dg\u00e5rd.<\/p>\n<h3>Beskrivning:<\/h3>\n<ul>\n<li>Med tv\u00e5 stolar i modern stil f\u00f6r en bekv\u00e4m loungedel<\/li>\n<li>Tillverkad av en st\u00e5lram t\u00e4ckt av v\u00e4derbest\u00e4ndig PE-rotting<\/li>\n<li>Idealisk f\u00f6r inomhus- och utomhusbruk, t.ex. B. Tr\u00e4dg\u00e5rdar, vintertr\u00e4dg\u00e5rdar och n\u00f6jesrum<\/li>\n<li>Mjukt vadderade sitt- och ryggkuddar ger en s\u00e4rskilt bekv\u00e4m sittupplevelse<\/li>\n<li>Metallben med fotst\u00f6d s\u00e4kerst\u00e4ller h\u00f6g stabilitet<\/li>\n<li>Stapelbar f\u00f6r utrymmesbesparande design<\/li>\n<li>Montering kr\u00e4vs<\/li>\n<\/ul>\n<h3>Teknisk data:<\/h3>\n<ul>\n<li>F\u00e4rg: Brun+svart<\/li>\n<li>Material: st\u00e5l, PE-rotting, polyester<\/li>\n<li>Stolens m\u00e5tt: 57L x 58W x 87H cm<\/li>\n<li>Sittyta: 40W x 47D cm<\/li>\n<li>Sitth\u00f6jd (utan dyna): 42 cm<\/li>\n<li>Lastkapacitet: 120 kg<\/li>\n<\/ul>\n<h3>Leveransens omfattning:<\/h3>\n<ul>\n<li>2 x Rotting Fritidsstol<\/li>\n<li>2 x sittdynor<\/li>\n<li>1 x manuell<\/li>\n<\/ul>\n","protected":false},"excerpt":{"rendered":"<p>Detta enkla och snygga fritidsstolsset i rotting kommer att g\u00f6ra utsidan av ditt hem lika inbjudande som insidan. St\u00e5lramen \u00e4r&#8230;<\/p>\n","protected":false},"featured_media":50422,"template":"","meta":[],"product_brand":[],"product_cat":[435,450,452],"product_tag":[],"class_list":{"0":"post-50421","1":"product","2":"type-product","3":"status-publish","4":"has-post-thumbnail","6":"product_cat-tradgard-och-terrass","7":"product_cat-tradgardsmobler","8":"product_cat-tradgardsstolar","10":"first","11":"instock","12":"sale","13":"taxable","14":"shipping-taxable","15":"purchasable","16":"product-type-simple"},"yoast_head":"<!-- This site is optimized with the Yoast SEO plugin v25.4 - https:\/\/yoast.com\/wordpress\/plugins\/seo\/ -->\n<title>TRUUSK Tr\u00e4dg\u00e5rdsstolar - Modern Design - V\u00e4derbest\u00e4ndig - 57 X 58 X 87cm - Svart - TRUUSK - Hem, Tr\u00e4dg\u00e5rd &amp; Fritid<\/title>\n<meta name=\"robots\" content=\"index, follow, max-snippet:-1, max-image-preview:large, max-video-preview:-1\" \/>\n<link rel=\"canonical\" href=\"https:\/\/truusk.store\/sv\/produkt\/truusk-tradgardsstolar-modern-design-vaderbestandig-57-x-58-x-87cm-svart\/\" \/>\n<meta property=\"og:locale\" content=\"sv_SE\" \/>\n<meta property=\"og:type\" content=\"article\" \/>\n<meta property=\"og:title\" content=\"TRUUSK Tr\u00e4dg\u00e5rdsstolar - Modern Design - V\u00e4derbest\u00e4ndig - 57 X 58 X 87cm - Svart - TRUUSK - Hem, Tr\u00e4dg\u00e5rd &amp; Fritid\" \/>\n<meta property=\"og:description\" content=\"Detta enkla och snygga fritidsstolsset i rotting kommer att g\u00f6ra utsidan av ditt hem lika inbjudande som insidan. St\u00e5lramen \u00e4r...\" \/>\n<meta property=\"og:url\" content=\"https:\/\/truusk.store\/sv\/produkt\/truusk-tradgardsstolar-modern-design-vaderbestandig-57-x-58-x-87cm-svart\/\" \/>\n<meta property=\"og:site_name\" content=\"TRUUSK - Hem, Tr\u00e4dg\u00e5rd &amp; Fritid\" \/>\n<meta property=\"article:modified_time\" content=\"2026-03-12T08:34:25+00:00\" \/>\n<meta property=\"og:image\" content=\"https:\/\/i0.wp.com\/truusk.se\/wp-content\/uploads\/2024\/02\/tradgardsstolar-utomhusstolar-uteplatsstolar-vaderbestandig-modern-design-57-x-58-x-87cm-svart.webp?fit=800%2C800&ssl=1\" \/>\n\t<meta property=\"og:image:width\" content=\"800\" \/>\n\t<meta property=\"og:image:height\" content=\"800\" \/>\n\t<meta property=\"og:image:type\" content=\"image\/webp\" \/>\n<meta name=\"twitter:card\" content=\"summary_large_image\" \/>\n<meta name=\"twitter:label1\" content=\"Ber\u00e4knad l\u00e4stid\" \/>\n\t<meta name=\"twitter:data1\" content=\"1 minut\" \/>\n<!-- \/ Yoast SEO plugin. -->","yoast_head_json":{"title":"TRUUSK Tr\u00e4dg\u00e5rdsstolar - Modern Design - V\u00e4derbest\u00e4ndig - 57 X 58 X 87cm - Svart - TRUUSK - Hem, Tr\u00e4dg\u00e5rd &amp; Fritid","robots":{"index":"index","follow":"follow","max-snippet":"max-snippet:-1","max-image-preview":"max-image-preview:large","max-video-preview":"max-video-preview:-1"},"canonical":"https:\/\/truusk.store\/sv\/produkt\/truusk-tradgardsstolar-modern-design-vaderbestandig-57-x-58-x-87cm-svart\/","og_locale":"sv_SE","og_type":"article","og_title":"TRUUSK Tr\u00e4dg\u00e5rdsstolar - Modern Design - V\u00e4derbest\u00e4ndig - 57 X 58 X 87cm - Svart - TRUUSK - Hem, Tr\u00e4dg\u00e5rd &amp; Fritid","og_description":"Detta enkla och snygga fritidsstolsset i rotting kommer att g\u00f6ra utsidan av ditt hem lika inbjudande som insidan. St\u00e5lramen \u00e4r...","og_url":"https:\/\/truusk.store\/sv\/produkt\/truusk-tradgardsstolar-modern-design-vaderbestandig-57-x-58-x-87cm-svart\/","og_site_name":"TRUUSK - Hem, Tr\u00e4dg\u00e5rd &amp; Fritid","article_modified_time":"2026-03-12T08:34:25+00:00","og_image":[{"width":800,"height":800,"url":"https:\/\/i0.wp.com\/truusk.se\/wp-content\/uploads\/2024\/02\/tradgardsstolar-utomhusstolar-uteplatsstolar-vaderbestandig-modern-design-57-x-58-x-87cm-svart.webp?fit=800%2C800&ssl=1","type":"image\/webp"}],"twitter_card":"summary_large_image","twitter_misc":{"Ber\u00e4knad l\u00e4stid":"1 minut"},"schema":{"@context":"https:\/\/schema.org","@graph":[{"@type":"WebPage","@id":"https:\/\/truusk.store\/sv\/produkt\/truusk-tradgardsstolar-modern-design-vaderbestandig-57-x-58-x-87cm-svart\/","url":"https:\/\/truusk.store\/sv\/produkt\/truusk-tradgardsstolar-modern-design-vaderbestandig-57-x-58-x-87cm-svart\/","name":"TRUUSK Tr\u00e4dg\u00e5rdsstolar - Modern Design - V\u00e4derbest\u00e4ndig - 57 X 58 X 87cm - Svart - TRUUSK - Hem, Tr\u00e4dg\u00e5rd &amp; Fritid","isPartOf":{"@id":"https:\/\/truusk.store\/sv\/#website"},"primaryImageOfPage":{"@id":"https:\/\/truusk.store\/sv\/produkt\/truusk-tradgardsstolar-modern-design-vaderbestandig-57-x-58-x-87cm-svart\/#primaryimage"},"image":{"@id":"https:\/\/truusk.store\/sv\/produkt\/truusk-tradgardsstolar-modern-design-vaderbestandig-57-x-58-x-87cm-svart\/#primaryimage"},"thumbnailUrl":"https:\/\/i0.wp.com\/truusk.store\/wp-content\/uploads\/2024\/02\/tradgardsstolar-utomhusstolar-uteplatsstolar-vaderbestandig-modern-design-57-x-58-x-87cm-svart.webp?fit=800%2C800&ssl=1","datePublished":"2024-02-29T15:50:09+00:00","dateModified":"2026-03-12T08:34:25+00:00","breadcrumb":{"@id":"https:\/\/truusk.store\/sv\/produkt\/truusk-tradgardsstolar-modern-design-vaderbestandig-57-x-58-x-87cm-svart\/#breadcrumb"},"inLanguage":"sv-SE","potentialAction":[{"@type":"ReadAction","target":["https:\/\/truusk.store\/sv\/produkt\/truusk-tradgardsstolar-modern-design-vaderbestandig-57-x-58-x-87cm-svart\/"]}]},{"@type":"ImageObject","inLanguage":"sv-SE","@id":"https:\/\/truusk.store\/sv\/produkt\/truusk-tradgardsstolar-modern-design-vaderbestandig-57-x-58-x-87cm-svart\/#primaryimage","url":"https:\/\/i0.wp.com\/truusk.store\/wp-content\/uploads\/2024\/02\/tradgardsstolar-utomhusstolar-uteplatsstolar-vaderbestandig-modern-design-57-x-58-x-87cm-svart.webp?fit=800%2C800&ssl=1","contentUrl":"https:\/\/i0.wp.com\/truusk.store\/wp-content\/uploads\/2024\/02\/tradgardsstolar-utomhusstolar-uteplatsstolar-vaderbestandig-modern-design-57-x-58-x-87cm-svart.webp?fit=800%2C800&ssl=1","width":800,"height":800,"caption":"Tr\u00e4dg\u00e5rdsstolar, Utomhusstolar, Uteplatsstolar, V\u00e4derbest\u00e4ndig, Modern Design, 57 X 58 X 87cm, Svart 1"},{"@type":"BreadcrumbList","@id":"https:\/\/truusk.store\/sv\/produkt\/truusk-tradgardsstolar-modern-design-vaderbestandig-57-x-58-x-87cm-svart\/#breadcrumb","itemListElement":[{"@type":"ListItem","position":1,"name":"Home","item":"https:\/\/truusk.store\/sv\/"},{"@type":"ListItem","position":2,"name":"Shop","item":"https:\/\/truusk.store\/shop\/"},{"@type":"ListItem","position":3,"name":"TRUUSK Tr\u00e4dg\u00e5rdsstolar &#8211; Modern Design &#8211; V\u00e4derbest\u00e4ndig &#8211; 57 X 58 X 87cm &#8211; Svart"}]},{"@type":"WebSite","@id":"https:\/\/truusk.store\/sv\/#website","url":"https:\/\/truusk.store\/sv\/","name":"TRUUSK - Hem, Tr\u00e4dg\u00e5rd & Fritid","description":"","publisher":{"@id":"https:\/\/truusk.store\/sv\/#organization"},"potentialAction":[{"@type":"SearchAction","target":{"@type":"EntryPoint","urlTemplate":"https:\/\/truusk.store\/sv\/?s={search_term_string}"},"query-input":{"@type":"PropertyValueSpecification","valueRequired":true,"valueName":"search_term_string"}}],"inLanguage":"sv-SE"},{"@type":"Organization","@id":"https:\/\/truusk.store\/sv\/#organization","name":"TRUUSK - Hem, Tr\u00e4dg\u00e5rd & Fritid","url":"https:\/\/truusk.store\/sv\/","logo":{"@type":"ImageObject","inLanguage":"sv-SE","@id":"https:\/\/truusk.store\/sv\/#\/schema\/logo\/image\/","url":"https:\/\/i0.wp.com\/truusk.store\/wp-content\/uploads\/2026\/03\/cropped-TRUUSK.png?fit=2032%2C917&ssl=1","contentUrl":"https:\/\/i0.wp.com\/truusk.store\/wp-content\/uploads\/2026\/03\/cropped-TRUUSK.png?fit=2032%2C917&ssl=1","width":2032,"height":917,"caption":"TRUUSK - Hem, Tr\u00e4dg\u00e5rd & Fritid"},"image":{"@id":"https:\/\/truusk.store\/sv\/#\/schema\/logo\/image\/"}}]}},"jetpack_sharing_enabled":true,"_links":{"self":[{"href":"https:\/\/truusk.store\/sv\/wp-json\/wp\/v2\/product\/50421","targetHints":{"allow":["GET"]}}],"collection":[{"href":"https:\/\/truusk.store\/sv\/wp-json\/wp\/v2\/product"}],"about":[{"href":"https:\/\/truusk.store\/sv\/wp-json\/wp\/v2\/types\/product"}],"wp:featuredmedia":[{"embeddable":true,"href":"https:\/\/truusk.store\/sv\/wp-json\/wp\/v2\/media\/50422"}],"wp:attachment":[{"href":"https:\/\/truusk.store\/sv\/wp-json\/wp\/v2\/media?parent=50421"}],"wp:term":[{"taxonomy":"product_brand","embeddable":true,"href":"https:\/\/truusk.store\/sv\/wp-json\/wp\/v2\/product_brand?post=50421"},{"taxonomy":"product_cat","embeddable":true,"href":"https:\/\/truusk.store\/sv\/wp-json\/wp\/v2\/product_cat?post=50421"},{"taxonomy":"product_tag","embeddable":true,"href":"https:\/\/truusk.store\/sv\/wp-json\/wp\/v2\/product_tag?post=50421"}],"curies":[{"name":"wp","href":"https:\/\/api.w.org\/{rel}","templated":true}]}}