{"id":50443,"date":"2024-02-29T17:10:09","date_gmt":"2024-02-29T16:10:09","guid":{"rendered":"https:\/\/truusk.store\/product\/upphojd-sang-oppen-botten-hoga-sidor-vaderbestandig-aluminiumram-200-x-50-x-56-cm-gra\/"},"modified":"2026-03-12T09:38:09","modified_gmt":"2026-03-12T08:38:09","slug":"truusk-hundbadd-hoga-sidoskydd-vaderbestandig-aluminiumram-200x50x56-cm-gra","status":"publish","type":"product","link":"https:\/\/truusk.store\/sv\/produkt\/truusk-hundbadd-hoga-sidoskydd-vaderbestandig-aluminiumram-200x50x56-cm-gra\/","title":{"rendered":"TRUUSK Hundb\u00e4dd H\u00f6ga Sidoskydd V\u00e4derbest\u00e4ndig Aluminiumram 200x50x56 cm Gr\u00e5"},"content":{"rendered":"<p>Om du har begr\u00e4nsat med utrymme p\u00e5 din uteplats eller balkong men \u00e4nd\u00e5 vill skapa en tr\u00e4dg\u00e5rd \u00e4r denna planteringsl\u00e5da det perfekta valet f\u00f6r dig. Tack vare sina h\u00f6ga sidor och markfria design kan du odla v\u00e4xter med l\u00e5nga r\u00f6tter och beh\u00f6ver inte oroa dig f\u00f6r vattenf\u00f6rs\u00e4mring tack vare de utm\u00e4rkta dr\u00e4neringsegenskaperna. Med denna gr\u00f6nsakspl\u00e5ster blir tr\u00e4dg\u00e5rdsarbete ett sant n\u00f6je!<\/p>\n<h3>Beskrivning:<\/h3>\n<ul>\n<li>Den upph\u00f6jda \u00f6rtb\u00e4ddens extra h\u00f6ga konstruktion \u00e4r l\u00e4mplig f\u00f6r v\u00e4xter med l\u00e5nga r\u00f6tter<\/li>\n<li>H\u00e5ller ogr\u00e4s ute och s\u00e4kerst\u00e4ller god dr\u00e4nering med markfri design<\/li>\n<li>H\u00e5llbar tr\u00e4-plast materialblandning<\/li>\n<li>\u00d6rtb\u00e4ddens robusta aluminiumram f\u00f6r utomhusbruk<\/li>\n<li>L\u00e4mplig f\u00f6r tr\u00e4dg\u00e5rd, terrass, balkong eller g\u00e5rd<\/li>\n<li>Montering kr\u00e4vs<\/li>\n<\/ul>\n<h3>Teknisk data:<\/h3>\n<ul>\n<li>F\u00e4rg gr\u00e5<\/li>\n<li>Material: tr\u00e4-plast kompositpanel, aluminium<\/li>\n<li>\u00d6vergripande m\u00e5tt: 200L x 50W x 56H cm<\/li>\n<li>Innerm\u00e5tt: 194L x 44W x 55H cm<\/li>\n<\/ul>\n<h3>Leveransens omfattning:<\/h3>\n<ul>\n<li>1 x upph\u00f6jd s\u00e4ng<\/li>\n<li>1 x manuell<\/li>\n<\/ul>\n","protected":false},"excerpt":{"rendered":"<p>Om du har begr\u00e4nsat med utrymme p\u00e5 din uteplats eller balkong men \u00e4nd\u00e5 vill skapa en tr\u00e4dg\u00e5rd \u00e4r denna planteringsl\u00e5da&#8230;<\/p>\n","protected":false},"featured_media":50444,"template":"","meta":[],"product_brand":[],"product_cat":[445,435,443],"product_tag":[],"class_list":{"0":"post-50443","1":"product","2":"type-product","3":"status-publish","4":"has-post-thumbnail","6":"product_cat-kalla-ramar","7":"product_cat-tradgard-och-terrass","8":"product_cat-vaxthus-tradgardsskotsel","10":"first","11":"instock","12":"sale","13":"taxable","14":"shipping-taxable","15":"purchasable","16":"product-type-simple"},"yoast_head":"<!-- This site is optimized with the Yoast SEO plugin v25.4 - https:\/\/yoast.com\/wordpress\/plugins\/seo\/ -->\n<title>TRUUSK Hundb\u00e4dd H\u00f6ga Sidoskydd V\u00e4derbest\u00e4ndig Aluminiumram 200x50x56 cm Gr\u00e5 - TRUUSK - Hem, Tr\u00e4dg\u00e5rd &amp; Fritid<\/title>\n<meta name=\"robots\" content=\"index, follow, max-snippet:-1, max-image-preview:large, max-video-preview:-1\" \/>\n<link rel=\"canonical\" href=\"https:\/\/truusk.store\/sv\/produkt\/truusk-hundbadd-hoga-sidoskydd-vaderbestandig-aluminiumram-200x50x56-cm-gra\/\" \/>\n<meta property=\"og:locale\" content=\"sv_SE\" \/>\n<meta property=\"og:type\" content=\"article\" \/>\n<meta property=\"og:title\" content=\"TRUUSK Hundb\u00e4dd H\u00f6ga Sidoskydd V\u00e4derbest\u00e4ndig Aluminiumram 200x50x56 cm Gr\u00e5 - TRUUSK - Hem, Tr\u00e4dg\u00e5rd &amp; Fritid\" \/>\n<meta property=\"og:description\" content=\"Om du har begr\u00e4nsat med utrymme p\u00e5 din uteplats eller balkong men \u00e4nd\u00e5 vill skapa en tr\u00e4dg\u00e5rd \u00e4r denna planteringsl\u00e5da...\" \/>\n<meta property=\"og:url\" content=\"https:\/\/truusk.store\/sv\/produkt\/truusk-hundbadd-hoga-sidoskydd-vaderbestandig-aluminiumram-200x50x56-cm-gra\/\" \/>\n<meta property=\"og:site_name\" content=\"TRUUSK - Hem, Tr\u00e4dg\u00e5rd &amp; Fritid\" \/>\n<meta property=\"article:modified_time\" content=\"2026-03-12T08:38:09+00:00\" \/>\n<meta property=\"og:image\" content=\"https:\/\/i0.wp.com\/truusk.se\/wp-content\/uploads\/2024\/02\/upphojd-sang-oppen-botten-hoga-sidor-vaderbestandig-aluminiumram-200-x-50-x-56-cm-gra.webp?fit=800%2C800&ssl=1\" \/>\n\t<meta property=\"og:image:width\" content=\"800\" \/>\n\t<meta property=\"og:image:height\" content=\"800\" \/>\n\t<meta property=\"og:image:type\" content=\"image\/webp\" \/>\n<meta name=\"twitter:card\" content=\"summary_large_image\" \/>\n<meta name=\"twitter:label1\" content=\"Ber\u00e4knad l\u00e4stid\" \/>\n\t<meta name=\"twitter:data1\" content=\"1 minut\" \/>\n<!-- \/ Yoast SEO plugin. -->","yoast_head_json":{"title":"TRUUSK Hundb\u00e4dd H\u00f6ga Sidoskydd V\u00e4derbest\u00e4ndig Aluminiumram 200x50x56 cm Gr\u00e5 - TRUUSK - Hem, Tr\u00e4dg\u00e5rd &amp; Fritid","robots":{"index":"index","follow":"follow","max-snippet":"max-snippet:-1","max-image-preview":"max-image-preview:large","max-video-preview":"max-video-preview:-1"},"canonical":"https:\/\/truusk.store\/sv\/produkt\/truusk-hundbadd-hoga-sidoskydd-vaderbestandig-aluminiumram-200x50x56-cm-gra\/","og_locale":"sv_SE","og_type":"article","og_title":"TRUUSK Hundb\u00e4dd H\u00f6ga Sidoskydd V\u00e4derbest\u00e4ndig Aluminiumram 200x50x56 cm Gr\u00e5 - TRUUSK - Hem, Tr\u00e4dg\u00e5rd &amp; Fritid","og_description":"Om du har begr\u00e4nsat med utrymme p\u00e5 din uteplats eller balkong men \u00e4nd\u00e5 vill skapa en tr\u00e4dg\u00e5rd \u00e4r denna planteringsl\u00e5da...","og_url":"https:\/\/truusk.store\/sv\/produkt\/truusk-hundbadd-hoga-sidoskydd-vaderbestandig-aluminiumram-200x50x56-cm-gra\/","og_site_name":"TRUUSK - Hem, Tr\u00e4dg\u00e5rd &amp; Fritid","article_modified_time":"2026-03-12T08:38:09+00:00","og_image":[{"width":800,"height":800,"url":"https:\/\/i0.wp.com\/truusk.se\/wp-content\/uploads\/2024\/02\/upphojd-sang-oppen-botten-hoga-sidor-vaderbestandig-aluminiumram-200-x-50-x-56-cm-gra.webp?fit=800%2C800&ssl=1","type":"image\/webp"}],"twitter_card":"summary_large_image","twitter_misc":{"Ber\u00e4knad l\u00e4stid":"1 minut"},"schema":{"@context":"https:\/\/schema.org","@graph":[{"@type":"WebPage","@id":"https:\/\/truusk.store\/sv\/produkt\/truusk-hundbadd-hoga-sidoskydd-vaderbestandig-aluminiumram-200x50x56-cm-gra\/","url":"https:\/\/truusk.store\/sv\/produkt\/truusk-hundbadd-hoga-sidoskydd-vaderbestandig-aluminiumram-200x50x56-cm-gra\/","name":"TRUUSK Hundb\u00e4dd H\u00f6ga Sidoskydd V\u00e4derbest\u00e4ndig Aluminiumram 200x50x56 cm Gr\u00e5 - TRUUSK - Hem, Tr\u00e4dg\u00e5rd &amp; Fritid","isPartOf":{"@id":"https:\/\/truusk.store\/sv\/#website"},"primaryImageOfPage":{"@id":"https:\/\/truusk.store\/sv\/produkt\/truusk-hundbadd-hoga-sidoskydd-vaderbestandig-aluminiumram-200x50x56-cm-gra\/#primaryimage"},"image":{"@id":"https:\/\/truusk.store\/sv\/produkt\/truusk-hundbadd-hoga-sidoskydd-vaderbestandig-aluminiumram-200x50x56-cm-gra\/#primaryimage"},"thumbnailUrl":"https:\/\/i0.wp.com\/truusk.store\/wp-content\/uploads\/2024\/02\/upphojd-sang-oppen-botten-hoga-sidor-vaderbestandig-aluminiumram-200-x-50-x-56-cm-gra.webp?fit=800%2C800&ssl=1","datePublished":"2024-02-29T16:10:09+00:00","dateModified":"2026-03-12T08:38:09+00:00","breadcrumb":{"@id":"https:\/\/truusk.store\/sv\/produkt\/truusk-hundbadd-hoga-sidoskydd-vaderbestandig-aluminiumram-200x50x56-cm-gra\/#breadcrumb"},"inLanguage":"sv-SE","potentialAction":[{"@type":"ReadAction","target":["https:\/\/truusk.store\/sv\/produkt\/truusk-hundbadd-hoga-sidoskydd-vaderbestandig-aluminiumram-200x50x56-cm-gra\/"]}]},{"@type":"ImageObject","inLanguage":"sv-SE","@id":"https:\/\/truusk.store\/sv\/produkt\/truusk-hundbadd-hoga-sidoskydd-vaderbestandig-aluminiumram-200x50x56-cm-gra\/#primaryimage","url":"https:\/\/i0.wp.com\/truusk.store\/wp-content\/uploads\/2024\/02\/upphojd-sang-oppen-botten-hoga-sidor-vaderbestandig-aluminiumram-200-x-50-x-56-cm-gra.webp?fit=800%2C800&ssl=1","contentUrl":"https:\/\/i0.wp.com\/truusk.store\/wp-content\/uploads\/2024\/02\/upphojd-sang-oppen-botten-hoga-sidor-vaderbestandig-aluminiumram-200-x-50-x-56-cm-gra.webp?fit=800%2C800&ssl=1","width":800,"height":800,"caption":"Upph\u00f6jd S\u00e4ng \u00d6ppen Botten H\u00f6ga Sidor V\u00e4derbest\u00e4ndig Aluminiumram 200 X 50 X 56 Cm Gr\u00e5 1"},{"@type":"BreadcrumbList","@id":"https:\/\/truusk.store\/sv\/produkt\/truusk-hundbadd-hoga-sidoskydd-vaderbestandig-aluminiumram-200x50x56-cm-gra\/#breadcrumb","itemListElement":[{"@type":"ListItem","position":1,"name":"Home","item":"https:\/\/truusk.store\/sv\/"},{"@type":"ListItem","position":2,"name":"Shop","item":"https:\/\/truusk.store\/shop\/"},{"@type":"ListItem","position":3,"name":"TRUUSK Hundb\u00e4dd H\u00f6ga Sidoskydd V\u00e4derbest\u00e4ndig Aluminiumram 200x50x56 cm Gr\u00e5"}]},{"@type":"WebSite","@id":"https:\/\/truusk.store\/sv\/#website","url":"https:\/\/truusk.store\/sv\/","name":"TRUUSK - Hem, Tr\u00e4dg\u00e5rd & Fritid","description":"","publisher":{"@id":"https:\/\/truusk.store\/sv\/#organization"},"potentialAction":[{"@type":"SearchAction","target":{"@type":"EntryPoint","urlTemplate":"https:\/\/truusk.store\/sv\/?s={search_term_string}"},"query-input":{"@type":"PropertyValueSpecification","valueRequired":true,"valueName":"search_term_string"}}],"inLanguage":"sv-SE"},{"@type":"Organization","@id":"https:\/\/truusk.store\/sv\/#organization","name":"TRUUSK - Hem, Tr\u00e4dg\u00e5rd & Fritid","url":"https:\/\/truusk.store\/sv\/","logo":{"@type":"ImageObject","inLanguage":"sv-SE","@id":"https:\/\/truusk.store\/sv\/#\/schema\/logo\/image\/","url":"https:\/\/i0.wp.com\/truusk.store\/wp-content\/uploads\/2026\/03\/cropped-TRUUSK.png?fit=2032%2C917&ssl=1","contentUrl":"https:\/\/i0.wp.com\/truusk.store\/wp-content\/uploads\/2026\/03\/cropped-TRUUSK.png?fit=2032%2C917&ssl=1","width":2032,"height":917,"caption":"TRUUSK - Hem, Tr\u00e4dg\u00e5rd & Fritid"},"image":{"@id":"https:\/\/truusk.store\/sv\/#\/schema\/logo\/image\/"}}]}},"jetpack_sharing_enabled":true,"_links":{"self":[{"href":"https:\/\/truusk.store\/sv\/wp-json\/wp\/v2\/product\/50443","targetHints":{"allow":["GET"]}}],"collection":[{"href":"https:\/\/truusk.store\/sv\/wp-json\/wp\/v2\/product"}],"about":[{"href":"https:\/\/truusk.store\/sv\/wp-json\/wp\/v2\/types\/product"}],"wp:featuredmedia":[{"embeddable":true,"href":"https:\/\/truusk.store\/sv\/wp-json\/wp\/v2\/media\/50444"}],"wp:attachment":[{"href":"https:\/\/truusk.store\/sv\/wp-json\/wp\/v2\/media?parent=50443"}],"wp:term":[{"taxonomy":"product_brand","embeddable":true,"href":"https:\/\/truusk.store\/sv\/wp-json\/wp\/v2\/product_brand?post=50443"},{"taxonomy":"product_cat","embeddable":true,"href":"https:\/\/truusk.store\/sv\/wp-json\/wp\/v2\/product_cat?post=50443"},{"taxonomy":"product_tag","embeddable":true,"href":"https:\/\/truusk.store\/sv\/wp-json\/wp\/v2\/product_tag?post=50443"}],"curies":[{"name":"wp","href":"https:\/\/api.w.org\/{rel}","templated":true}]}}