{"id":50511,"date":"2024-02-29T18:20:11","date_gmt":"2024-02-29T17:20:11","guid":{"rendered":"https:\/\/truusk.store\/product\/tradgardsgungbank-2-personers-gunga-med-hjulformade-armstod-for-balkong-tradgard-terrass-forkolnad\/"},"modified":"2026-03-12T09:38:27","modified_gmt":"2026-03-12T08:38:27","slug":"truusk-tradgardsgungbank-2-personers-gunga-hjulformade-armstod-balkong-tradgard-terrass-forkolnad","status":"publish","type":"product","link":"https:\/\/truusk.store\/sv\/produkt\/truusk-tradgardsgungbank-2-personers-gunga-hjulformade-armstod-balkong-tradgard-terrass-forkolnad\/","title":{"rendered":"TRUUSK Tr\u00e4dg\u00e5rdsgungb\u00e4nk &#8211; 2-personers Gunga &#8211; Hjulformade Armst\u00f6d &#8211; Balkong, Tr\u00e4dg\u00e5rd, Terrass &#8211; F\u00f6rkolnad"},"content":{"rendered":"<p>F\u00f6rest\u00e4ll dig att ni tv\u00e5 dr\u00f6mmande gungar fram och tillbaka p\u00e5 denna dekorativa gungb\u00e4nk i den varma eftermiddagssolen. V\u00e5r rustika gungb\u00e4nk erbjuder dig h\u00f6gsta komfort och kvalitet. Tillverkad av h\u00f6gkvalitativt grantr\u00e4 med en f\u00f6rkolnad yta, t\u00e5l alla v\u00e4der och imponerar med sin unika robusthet. Det bekv\u00e4ma ryggst\u00f6det och de vagnsformade armst\u00f6den s\u00e4kerst\u00e4ller h\u00f6gsta niv\u00e5 av sittkomfort: bara vagga din vardag varsamt!<\/p>\n<h3>Beskrivning:<\/h3>\n<ul>\n<li>De v\u00e4l dekorativa vagnhjulsformade armst\u00f6den och f\u00f6rkolnade ytan p\u00e5 sv\u00e4ngb\u00e4nken ger din uteplats ett unikt utseende<\/li>\n<li>Det ergonomiskt utformade ryggst\u00f6det p\u00e5 sv\u00e4ngb\u00e4nken ger extra komfort och avkoppling f\u00f6r din kropp<\/li>\n<li>Tillverkad av massivt grantr\u00e4 f\u00f6r en h\u00f6g lastkapacitet p\u00e5 240 kg, vilket g\u00f6r att minst 2 vuxna kan vila<\/li>\n<li>Den mjuka gungande r\u00f6relsen fr\u00e5n 100 till 130 fr\u00e4mjar avslappning<\/li>\n<li>Montering kr\u00e4vs<\/li>\n<\/ul>\n<h3>Teknisk data:<\/h3>\n<ul>\n<li>F\u00e4rg: F\u00f6rkolad<\/li>\n<li>Material: gran<\/li>\n<li>Totala m\u00e5tt: 105L x 88W x 74H cm<\/li>\n<li>Sitsstorlek: 97W x 39D cm<\/li>\n<li>Ryggst\u00f6dsstorlek: 97W x 39H cm<\/li>\n<li>Avst\u00e5nd fr\u00e5n golv till sits: 42 cm<\/li>\n<li>Armst\u00f6dsstorlek: 54L x 3,8W cm<\/li>\n<li>Lastkapacitet: 240 kg<\/li>\n<\/ul>\n<h3>Leveransens omfattning:<\/h3>\n<ul>\n<li>1 x Sv\u00e4ngb\u00e4nk<\/li>\n<li>1 x manuell<\/li>\n<\/ul>\n","protected":false},"excerpt":{"rendered":"<p>F\u00f6rest\u00e4ll dig att ni tv\u00e5 dr\u00f6mmande gungar fram och tillbaka p\u00e5 denna dekorativa gungb\u00e4nk i den varma eftermiddagssolen. V\u00e5r rustika&#8230;<\/p>\n","protected":false},"featured_media":50512,"template":"","meta":[],"product_brand":[],"product_cat":[435,454,450],"product_tag":[],"class_list":{"0":"post-50511","1":"product","2":"type-product","3":"status-publish","4":"has-post-thumbnail","6":"product_cat-tradgard-och-terrass","7":"product_cat-tradgardsbankar","8":"product_cat-tradgardsmobler","10":"first","11":"instock","12":"sale","13":"taxable","14":"shipping-taxable","15":"purchasable","16":"product-type-simple"},"yoast_head":"<!-- This site is optimized with the Yoast SEO plugin v25.4 - https:\/\/yoast.com\/wordpress\/plugins\/seo\/ -->\n<title>TRUUSK Tr\u00e4dg\u00e5rdsgungb\u00e4nk - 2-personers Gunga - Hjulformade Armst\u00f6d - Balkong, Tr\u00e4dg\u00e5rd, Terrass - F\u00f6rkolnad - TRUUSK - Hem, Tr\u00e4dg\u00e5rd &amp; Fritid<\/title>\n<meta name=\"robots\" content=\"index, follow, max-snippet:-1, max-image-preview:large, max-video-preview:-1\" \/>\n<link rel=\"canonical\" href=\"https:\/\/truusk.store\/sv\/produkt\/truusk-tradgardsgungbank-2-personers-gunga-hjulformade-armstod-balkong-tradgard-terrass-forkolnad\/\" \/>\n<meta property=\"og:locale\" content=\"sv_SE\" \/>\n<meta property=\"og:type\" content=\"article\" \/>\n<meta property=\"og:title\" content=\"TRUUSK Tr\u00e4dg\u00e5rdsgungb\u00e4nk - 2-personers Gunga - Hjulformade Armst\u00f6d - Balkong, Tr\u00e4dg\u00e5rd, Terrass - F\u00f6rkolnad - TRUUSK - Hem, Tr\u00e4dg\u00e5rd &amp; Fritid\" \/>\n<meta property=\"og:description\" content=\"F\u00f6rest\u00e4ll dig att ni tv\u00e5 dr\u00f6mmande gungar fram och tillbaka p\u00e5 denna dekorativa gungb\u00e4nk i den varma eftermiddagssolen. V\u00e5r rustika...\" \/>\n<meta property=\"og:url\" content=\"https:\/\/truusk.store\/sv\/produkt\/truusk-tradgardsgungbank-2-personers-gunga-hjulformade-armstod-balkong-tradgard-terrass-forkolnad\/\" \/>\n<meta property=\"og:site_name\" content=\"TRUUSK - Hem, Tr\u00e4dg\u00e5rd &amp; Fritid\" \/>\n<meta property=\"article:modified_time\" content=\"2026-03-12T08:38:27+00:00\" \/>\n<meta property=\"og:image\" content=\"https:\/\/i0.wp.com\/truusk.se\/wp-content\/uploads\/2024\/02\/tradgardsgungbank-2-personers-gunga-med-hjulformade-armstod-for-balkong-tradgard-terrass-forkolnad.webp?fit=800%2C800&ssl=1\" \/>\n\t<meta property=\"og:image:width\" content=\"800\" \/>\n\t<meta property=\"og:image:height\" content=\"800\" \/>\n\t<meta property=\"og:image:type\" content=\"image\/webp\" \/>\n<meta name=\"twitter:card\" content=\"summary_large_image\" \/>\n<meta name=\"twitter:label1\" content=\"Ber\u00e4knad l\u00e4stid\" \/>\n\t<meta name=\"twitter:data1\" content=\"1 minut\" \/>\n<!-- \/ Yoast SEO plugin. -->","yoast_head_json":{"title":"TRUUSK Tr\u00e4dg\u00e5rdsgungb\u00e4nk - 2-personers Gunga - Hjulformade Armst\u00f6d - Balkong, Tr\u00e4dg\u00e5rd, Terrass - F\u00f6rkolnad - TRUUSK - Hem, Tr\u00e4dg\u00e5rd &amp; Fritid","robots":{"index":"index","follow":"follow","max-snippet":"max-snippet:-1","max-image-preview":"max-image-preview:large","max-video-preview":"max-video-preview:-1"},"canonical":"https:\/\/truusk.store\/sv\/produkt\/truusk-tradgardsgungbank-2-personers-gunga-hjulformade-armstod-balkong-tradgard-terrass-forkolnad\/","og_locale":"sv_SE","og_type":"article","og_title":"TRUUSK Tr\u00e4dg\u00e5rdsgungb\u00e4nk - 2-personers Gunga - Hjulformade Armst\u00f6d - Balkong, Tr\u00e4dg\u00e5rd, Terrass - F\u00f6rkolnad - TRUUSK - Hem, Tr\u00e4dg\u00e5rd &amp; Fritid","og_description":"F\u00f6rest\u00e4ll dig att ni tv\u00e5 dr\u00f6mmande gungar fram och tillbaka p\u00e5 denna dekorativa gungb\u00e4nk i den varma eftermiddagssolen. V\u00e5r rustika...","og_url":"https:\/\/truusk.store\/sv\/produkt\/truusk-tradgardsgungbank-2-personers-gunga-hjulformade-armstod-balkong-tradgard-terrass-forkolnad\/","og_site_name":"TRUUSK - Hem, Tr\u00e4dg\u00e5rd &amp; Fritid","article_modified_time":"2026-03-12T08:38:27+00:00","og_image":[{"width":800,"height":800,"url":"https:\/\/i0.wp.com\/truusk.se\/wp-content\/uploads\/2024\/02\/tradgardsgungbank-2-personers-gunga-med-hjulformade-armstod-for-balkong-tradgard-terrass-forkolnad.webp?fit=800%2C800&ssl=1","type":"image\/webp"}],"twitter_card":"summary_large_image","twitter_misc":{"Ber\u00e4knad l\u00e4stid":"1 minut"},"schema":{"@context":"https:\/\/schema.org","@graph":[{"@type":"WebPage","@id":"https:\/\/truusk.store\/sv\/produkt\/truusk-tradgardsgungbank-2-personers-gunga-hjulformade-armstod-balkong-tradgard-terrass-forkolnad\/","url":"https:\/\/truusk.store\/sv\/produkt\/truusk-tradgardsgungbank-2-personers-gunga-hjulformade-armstod-balkong-tradgard-terrass-forkolnad\/","name":"TRUUSK Tr\u00e4dg\u00e5rdsgungb\u00e4nk - 2-personers Gunga - Hjulformade Armst\u00f6d - Balkong, Tr\u00e4dg\u00e5rd, Terrass - F\u00f6rkolnad - TRUUSK - Hem, Tr\u00e4dg\u00e5rd &amp; Fritid","isPartOf":{"@id":"https:\/\/truusk.store\/sv\/#website"},"primaryImageOfPage":{"@id":"https:\/\/truusk.store\/sv\/produkt\/truusk-tradgardsgungbank-2-personers-gunga-hjulformade-armstod-balkong-tradgard-terrass-forkolnad\/#primaryimage"},"image":{"@id":"https:\/\/truusk.store\/sv\/produkt\/truusk-tradgardsgungbank-2-personers-gunga-hjulformade-armstod-balkong-tradgard-terrass-forkolnad\/#primaryimage"},"thumbnailUrl":"https:\/\/i0.wp.com\/truusk.store\/wp-content\/uploads\/2024\/02\/tradgardsgungbank-2-personers-gunga-med-hjulformade-armstod-for-balkong-tradgard-terrass-forkolnad.webp?fit=800%2C800&ssl=1","datePublished":"2024-02-29T17:20:11+00:00","dateModified":"2026-03-12T08:38:27+00:00","breadcrumb":{"@id":"https:\/\/truusk.store\/sv\/produkt\/truusk-tradgardsgungbank-2-personers-gunga-hjulformade-armstod-balkong-tradgard-terrass-forkolnad\/#breadcrumb"},"inLanguage":"sv-SE","potentialAction":[{"@type":"ReadAction","target":["https:\/\/truusk.store\/sv\/produkt\/truusk-tradgardsgungbank-2-personers-gunga-hjulformade-armstod-balkong-tradgard-terrass-forkolnad\/"]}]},{"@type":"ImageObject","inLanguage":"sv-SE","@id":"https:\/\/truusk.store\/sv\/produkt\/truusk-tradgardsgungbank-2-personers-gunga-hjulformade-armstod-balkong-tradgard-terrass-forkolnad\/#primaryimage","url":"https:\/\/i0.wp.com\/truusk.store\/wp-content\/uploads\/2024\/02\/tradgardsgungbank-2-personers-gunga-med-hjulformade-armstod-for-balkong-tradgard-terrass-forkolnad.webp?fit=800%2C800&ssl=1","contentUrl":"https:\/\/i0.wp.com\/truusk.store\/wp-content\/uploads\/2024\/02\/tradgardsgungbank-2-personers-gunga-med-hjulformade-armstod-for-balkong-tradgard-terrass-forkolnad.webp?fit=800%2C800&ssl=1","width":800,"height":800,"caption":"Tr\u00e4dg\u00e5rdsgungb\u00e4nk, 2-personers Gunga, Med Hjulformade Armst\u00f6d, F\u00f6r Balkong, Tr\u00e4dg\u00e5rd, Terrass, F\u00f6rkolnad. 1"},{"@type":"BreadcrumbList","@id":"https:\/\/truusk.store\/sv\/produkt\/truusk-tradgardsgungbank-2-personers-gunga-hjulformade-armstod-balkong-tradgard-terrass-forkolnad\/#breadcrumb","itemListElement":[{"@type":"ListItem","position":1,"name":"Home","item":"https:\/\/truusk.store\/sv\/"},{"@type":"ListItem","position":2,"name":"Shop","item":"https:\/\/truusk.store\/shop\/"},{"@type":"ListItem","position":3,"name":"TRUUSK Tr\u00e4dg\u00e5rdsgungb\u00e4nk &#8211; 2-personers Gunga &#8211; Hjulformade Armst\u00f6d &#8211; Balkong, Tr\u00e4dg\u00e5rd, Terrass &#8211; F\u00f6rkolnad"}]},{"@type":"WebSite","@id":"https:\/\/truusk.store\/sv\/#website","url":"https:\/\/truusk.store\/sv\/","name":"TRUUSK - Hem, Tr\u00e4dg\u00e5rd & Fritid","description":"","publisher":{"@id":"https:\/\/truusk.store\/sv\/#organization"},"potentialAction":[{"@type":"SearchAction","target":{"@type":"EntryPoint","urlTemplate":"https:\/\/truusk.store\/sv\/?s={search_term_string}"},"query-input":{"@type":"PropertyValueSpecification","valueRequired":true,"valueName":"search_term_string"}}],"inLanguage":"sv-SE"},{"@type":"Organization","@id":"https:\/\/truusk.store\/sv\/#organization","name":"TRUUSK - Hem, Tr\u00e4dg\u00e5rd & Fritid","url":"https:\/\/truusk.store\/sv\/","logo":{"@type":"ImageObject","inLanguage":"sv-SE","@id":"https:\/\/truusk.store\/sv\/#\/schema\/logo\/image\/","url":"https:\/\/i0.wp.com\/truusk.store\/wp-content\/uploads\/2026\/03\/cropped-TRUUSK.png?fit=2032%2C917&ssl=1","contentUrl":"https:\/\/i0.wp.com\/truusk.store\/wp-content\/uploads\/2026\/03\/cropped-TRUUSK.png?fit=2032%2C917&ssl=1","width":2032,"height":917,"caption":"TRUUSK - Hem, Tr\u00e4dg\u00e5rd & Fritid"},"image":{"@id":"https:\/\/truusk.store\/sv\/#\/schema\/logo\/image\/"}}]}},"jetpack_sharing_enabled":true,"_links":{"self":[{"href":"https:\/\/truusk.store\/sv\/wp-json\/wp\/v2\/product\/50511","targetHints":{"allow":["GET"]}}],"collection":[{"href":"https:\/\/truusk.store\/sv\/wp-json\/wp\/v2\/product"}],"about":[{"href":"https:\/\/truusk.store\/sv\/wp-json\/wp\/v2\/types\/product"}],"wp:featuredmedia":[{"embeddable":true,"href":"https:\/\/truusk.store\/sv\/wp-json\/wp\/v2\/media\/50512"}],"wp:attachment":[{"href":"https:\/\/truusk.store\/sv\/wp-json\/wp\/v2\/media?parent=50511"}],"wp:term":[{"taxonomy":"product_brand","embeddable":true,"href":"https:\/\/truusk.store\/sv\/wp-json\/wp\/v2\/product_brand?post=50511"},{"taxonomy":"product_cat","embeddable":true,"href":"https:\/\/truusk.store\/sv\/wp-json\/wp\/v2\/product_cat?post=50511"},{"taxonomy":"product_tag","embeddable":true,"href":"https:\/\/truusk.store\/sv\/wp-json\/wp\/v2\/product_tag?post=50511"}],"curies":[{"name":"wp","href":"https:\/\/api.w.org\/{rel}","templated":true}]}}