{"id":50550,"date":"2024-02-29T22:30:08","date_gmt":"2024-02-29T21:30:08","guid":{"rendered":"https:\/\/truusk.store\/product\/fristaende-markis-justerbar-langd-ingen-borrning-kravs-aluminiumram-15-x-22-31-m-morkgra\/"},"modified":"2026-03-12T09:36:14","modified_gmt":"2026-03-12T08:36:14","slug":"truusk-fristaende-markis-justerbar-langd-aluminiumram-ingen-borrning-kravs-morkgra-15-x-22-31-m","status":"publish","type":"product","link":"https:\/\/truusk.store\/sv\/produkt\/truusk-fristaende-markis-justerbar-langd-aluminiumram-ingen-borrning-kravs-morkgra-15-x-22-31-m\/","title":{"rendered":"TRUUSK Frist\u00e5ende Markis &#8211; Justerbar L\u00e4ngd &#8211; Aluminiumram &#8211; Ingen Borrning Kr\u00e4vs &#8211; M\u00f6rkgr\u00e5 &#8211; 1,5 x 2,2-3,1 m"},"content":{"rendered":"<p>Upplev dr\u00f6mkombinationen av solskydd och avskildhet med den frist\u00e5ende markisen &#8211; ett m\u00e5ste f\u00f6r din tr\u00e4dg\u00e5rd! Den robusta aluminiumramen s\u00e4kerst\u00e4ller h\u00f6g stabilitet och ger din uteplats en stilren touch. Markistaket kan enkelt justeras fr\u00e5n 220 till 310 cm i l\u00e4ngd tack vare den praktiska handveven. De justerbara st\u00f6den kan f\u00e4stas p\u00e5 n\u00e4stan vilken yta som helst utan att borra, vilket ger dig stor flexibilitet i placeringen.<\/p>\n<h3>Beskrivning:<\/h3>\n<ul>\n<li>Den takh\u00f6ga konstruktionen ger tillf\u00f6rlitligt skydd mot vind och sol<\/li>\n<li>Den robusta presenningen skyddar effektivt mot skadlig UV-str\u00e5lning och ger behaglig skugga<\/li>\n<li>Med handveven kan du individuellt justera \u00f6nskat skuggomr\u00e5de<\/li>\n<li>Med en l\u00e4tt, robust aluminiumram f\u00f6r l\u00e5ngvarig anv\u00e4ndning<\/li>\n<li>L\u00e4tt att montera med medf\u00f6ljande instruktioner<\/li>\n<\/ul>\n<h3>Teknisk data:<\/h3>\n<ul>\n<li>F\u00e4rg: M\u00f6rkgr\u00e5<\/li>\n<li>Material: aluminium, polyester<\/li>\n<li>\u00d6vergripande m\u00e5tt: 150W x 220-310H cm<\/li>\n<li>Planm\u00e5tt: 135W x 270H cm<\/li>\n<li>Vevens l\u00e4ngd: 120L cm<\/li>\n<li>St\u00f6dstorlek: 28mm, 24mm<\/li>\n<\/ul>\n<h3>Leveransens omfattning:<\/h3>\n<ul>\n<li>1 x Frist\u00e5ende markis<\/li>\n<li>1 x handvev<\/li>\n<li>1 x manuell<\/li>\n<\/ul>\n","protected":false},"excerpt":{"rendered":"<p>Upplev dr\u00f6mkombinationen av solskydd och avskildhet med den frist\u00e5ende markisen &#8211; ett m\u00e5ste f\u00f6r din tr\u00e4dg\u00e5rd! Den robusta aluminiumramen s\u00e4kerst\u00e4ller&#8230;<\/p>\n","protected":false},"featured_media":50551,"template":"","meta":[],"product_brand":[],"product_cat":[473,471,435],"product_tag":[],"class_list":{"0":"post-50550","1":"product","2":"type-product","3":"status-publish","4":"has-post-thumbnail","6":"product_cat-markiser","7":"product_cat-solskydd-integritetsskydd","8":"product_cat-tradgard-och-terrass","10":"first","11":"instock","12":"sale","13":"taxable","14":"shipping-taxable","15":"purchasable","16":"product-type-simple"},"yoast_head":"<!-- This site is optimized with the Yoast SEO plugin v25.4 - https:\/\/yoast.com\/wordpress\/plugins\/seo\/ -->\n<title>TRUUSK Frist\u00e5ende Markis - Justerbar L\u00e4ngd - Aluminiumram - Ingen Borrning Kr\u00e4vs - M\u00f6rkgr\u00e5 - 1,5 x 2,2-3,1 m - TRUUSK - Hem, Tr\u00e4dg\u00e5rd &amp; Fritid<\/title>\n<meta name=\"robots\" content=\"index, follow, max-snippet:-1, max-image-preview:large, max-video-preview:-1\" \/>\n<link rel=\"canonical\" href=\"https:\/\/truusk.store\/sv\/produkt\/truusk-fristaende-markis-justerbar-langd-aluminiumram-ingen-borrning-kravs-morkgra-15-x-22-31-m\/\" \/>\n<meta property=\"og:locale\" content=\"sv_SE\" \/>\n<meta property=\"og:type\" content=\"article\" \/>\n<meta property=\"og:title\" content=\"TRUUSK Frist\u00e5ende Markis - Justerbar L\u00e4ngd - Aluminiumram - Ingen Borrning Kr\u00e4vs - M\u00f6rkgr\u00e5 - 1,5 x 2,2-3,1 m - TRUUSK - Hem, Tr\u00e4dg\u00e5rd &amp; Fritid\" \/>\n<meta property=\"og:description\" content=\"Upplev dr\u00f6mkombinationen av solskydd och avskildhet med den frist\u00e5ende markisen &#8211; ett m\u00e5ste f\u00f6r din tr\u00e4dg\u00e5rd! Den robusta aluminiumramen s\u00e4kerst\u00e4ller...\" \/>\n<meta property=\"og:url\" content=\"https:\/\/truusk.store\/sv\/produkt\/truusk-fristaende-markis-justerbar-langd-aluminiumram-ingen-borrning-kravs-morkgra-15-x-22-31-m\/\" \/>\n<meta property=\"og:site_name\" content=\"TRUUSK - Hem, Tr\u00e4dg\u00e5rd &amp; Fritid\" \/>\n<meta property=\"article:modified_time\" content=\"2026-03-12T08:36:14+00:00\" \/>\n<meta property=\"og:image\" content=\"https:\/\/i0.wp.com\/truusk.se\/wp-content\/uploads\/2024\/02\/fristaende-markis-justerbar-langd-ingen-borrning-kravs-aluminiumram-15-x-22-31-m-morkgra.webp?fit=800%2C800&ssl=1\" \/>\n\t<meta property=\"og:image:width\" content=\"800\" \/>\n\t<meta property=\"og:image:height\" content=\"800\" \/>\n\t<meta property=\"og:image:type\" content=\"image\/webp\" \/>\n<meta name=\"twitter:card\" content=\"summary_large_image\" \/>\n<meta name=\"twitter:label1\" content=\"Ber\u00e4knad l\u00e4stid\" \/>\n\t<meta name=\"twitter:data1\" content=\"1 minut\" \/>\n<!-- \/ Yoast SEO plugin. -->","yoast_head_json":{"title":"TRUUSK Frist\u00e5ende Markis - Justerbar L\u00e4ngd - Aluminiumram - Ingen Borrning Kr\u00e4vs - M\u00f6rkgr\u00e5 - 1,5 x 2,2-3,1 m - TRUUSK - Hem, Tr\u00e4dg\u00e5rd &amp; Fritid","robots":{"index":"index","follow":"follow","max-snippet":"max-snippet:-1","max-image-preview":"max-image-preview:large","max-video-preview":"max-video-preview:-1"},"canonical":"https:\/\/truusk.store\/sv\/produkt\/truusk-fristaende-markis-justerbar-langd-aluminiumram-ingen-borrning-kravs-morkgra-15-x-22-31-m\/","og_locale":"sv_SE","og_type":"article","og_title":"TRUUSK Frist\u00e5ende Markis - Justerbar L\u00e4ngd - Aluminiumram - Ingen Borrning Kr\u00e4vs - M\u00f6rkgr\u00e5 - 1,5 x 2,2-3,1 m - TRUUSK - Hem, Tr\u00e4dg\u00e5rd &amp; Fritid","og_description":"Upplev dr\u00f6mkombinationen av solskydd och avskildhet med den frist\u00e5ende markisen &#8211; ett m\u00e5ste f\u00f6r din tr\u00e4dg\u00e5rd! Den robusta aluminiumramen s\u00e4kerst\u00e4ller...","og_url":"https:\/\/truusk.store\/sv\/produkt\/truusk-fristaende-markis-justerbar-langd-aluminiumram-ingen-borrning-kravs-morkgra-15-x-22-31-m\/","og_site_name":"TRUUSK - Hem, Tr\u00e4dg\u00e5rd &amp; Fritid","article_modified_time":"2026-03-12T08:36:14+00:00","og_image":[{"width":800,"height":800,"url":"https:\/\/i0.wp.com\/truusk.se\/wp-content\/uploads\/2024\/02\/fristaende-markis-justerbar-langd-ingen-borrning-kravs-aluminiumram-15-x-22-31-m-morkgra.webp?fit=800%2C800&ssl=1","type":"image\/webp"}],"twitter_card":"summary_large_image","twitter_misc":{"Ber\u00e4knad l\u00e4stid":"1 minut"},"schema":{"@context":"https:\/\/schema.org","@graph":[{"@type":"WebPage","@id":"https:\/\/truusk.store\/sv\/produkt\/truusk-fristaende-markis-justerbar-langd-aluminiumram-ingen-borrning-kravs-morkgra-15-x-22-31-m\/","url":"https:\/\/truusk.store\/sv\/produkt\/truusk-fristaende-markis-justerbar-langd-aluminiumram-ingen-borrning-kravs-morkgra-15-x-22-31-m\/","name":"TRUUSK Frist\u00e5ende Markis - Justerbar L\u00e4ngd - Aluminiumram - Ingen Borrning Kr\u00e4vs - M\u00f6rkgr\u00e5 - 1,5 x 2,2-3,1 m - TRUUSK - Hem, Tr\u00e4dg\u00e5rd &amp; Fritid","isPartOf":{"@id":"https:\/\/truusk.store\/sv\/#website"},"primaryImageOfPage":{"@id":"https:\/\/truusk.store\/sv\/produkt\/truusk-fristaende-markis-justerbar-langd-aluminiumram-ingen-borrning-kravs-morkgra-15-x-22-31-m\/#primaryimage"},"image":{"@id":"https:\/\/truusk.store\/sv\/produkt\/truusk-fristaende-markis-justerbar-langd-aluminiumram-ingen-borrning-kravs-morkgra-15-x-22-31-m\/#primaryimage"},"thumbnailUrl":"https:\/\/i0.wp.com\/truusk.store\/wp-content\/uploads\/2024\/02\/fristaende-markis-justerbar-langd-ingen-borrning-kravs-aluminiumram-15-x-22-31-m-morkgra.webp?fit=800%2C800&ssl=1","datePublished":"2024-02-29T21:30:08+00:00","dateModified":"2026-03-12T08:36:14+00:00","breadcrumb":{"@id":"https:\/\/truusk.store\/sv\/produkt\/truusk-fristaende-markis-justerbar-langd-aluminiumram-ingen-borrning-kravs-morkgra-15-x-22-31-m\/#breadcrumb"},"inLanguage":"sv-SE","potentialAction":[{"@type":"ReadAction","target":["https:\/\/truusk.store\/sv\/produkt\/truusk-fristaende-markis-justerbar-langd-aluminiumram-ingen-borrning-kravs-morkgra-15-x-22-31-m\/"]}]},{"@type":"ImageObject","inLanguage":"sv-SE","@id":"https:\/\/truusk.store\/sv\/produkt\/truusk-fristaende-markis-justerbar-langd-aluminiumram-ingen-borrning-kravs-morkgra-15-x-22-31-m\/#primaryimage","url":"https:\/\/i0.wp.com\/truusk.store\/wp-content\/uploads\/2024\/02\/fristaende-markis-justerbar-langd-ingen-borrning-kravs-aluminiumram-15-x-22-31-m-morkgra.webp?fit=800%2C800&ssl=1","contentUrl":"https:\/\/i0.wp.com\/truusk.store\/wp-content\/uploads\/2024\/02\/fristaende-markis-justerbar-langd-ingen-borrning-kravs-aluminiumram-15-x-22-31-m-morkgra.webp?fit=800%2C800&ssl=1","width":800,"height":800,"caption":"Frist\u00e5ende Markis, Justerbar L\u00e4ngd, Ingen Borrning Kr\u00e4vs, Aluminiumram, 1,5 X 2,2-3,1 M, M\u00f6rkgr\u00e5 1"},{"@type":"BreadcrumbList","@id":"https:\/\/truusk.store\/sv\/produkt\/truusk-fristaende-markis-justerbar-langd-aluminiumram-ingen-borrning-kravs-morkgra-15-x-22-31-m\/#breadcrumb","itemListElement":[{"@type":"ListItem","position":1,"name":"Home","item":"https:\/\/truusk.store\/sv\/"},{"@type":"ListItem","position":2,"name":"Shop","item":"https:\/\/truusk.store\/shop\/"},{"@type":"ListItem","position":3,"name":"TRUUSK Frist\u00e5ende Markis &#8211; Justerbar L\u00e4ngd &#8211; Aluminiumram &#8211; Ingen Borrning Kr\u00e4vs &#8211; M\u00f6rkgr\u00e5 &#8211; 1,5 x 2,2-3,1 m"}]},{"@type":"WebSite","@id":"https:\/\/truusk.store\/sv\/#website","url":"https:\/\/truusk.store\/sv\/","name":"TRUUSK - Hem, Tr\u00e4dg\u00e5rd & Fritid","description":"","publisher":{"@id":"https:\/\/truusk.store\/sv\/#organization"},"potentialAction":[{"@type":"SearchAction","target":{"@type":"EntryPoint","urlTemplate":"https:\/\/truusk.store\/sv\/?s={search_term_string}"},"query-input":{"@type":"PropertyValueSpecification","valueRequired":true,"valueName":"search_term_string"}}],"inLanguage":"sv-SE"},{"@type":"Organization","@id":"https:\/\/truusk.store\/sv\/#organization","name":"TRUUSK - Hem, Tr\u00e4dg\u00e5rd & Fritid","url":"https:\/\/truusk.store\/sv\/","logo":{"@type":"ImageObject","inLanguage":"sv-SE","@id":"https:\/\/truusk.store\/sv\/#\/schema\/logo\/image\/","url":"https:\/\/i0.wp.com\/truusk.store\/wp-content\/uploads\/2026\/03\/cropped-TRUUSK.png?fit=2032%2C917&ssl=1","contentUrl":"https:\/\/i0.wp.com\/truusk.store\/wp-content\/uploads\/2026\/03\/cropped-TRUUSK.png?fit=2032%2C917&ssl=1","width":2032,"height":917,"caption":"TRUUSK - Hem, Tr\u00e4dg\u00e5rd & Fritid"},"image":{"@id":"https:\/\/truusk.store\/sv\/#\/schema\/logo\/image\/"}}]}},"jetpack_sharing_enabled":true,"_links":{"self":[{"href":"https:\/\/truusk.store\/sv\/wp-json\/wp\/v2\/product\/50550","targetHints":{"allow":["GET"]}}],"collection":[{"href":"https:\/\/truusk.store\/sv\/wp-json\/wp\/v2\/product"}],"about":[{"href":"https:\/\/truusk.store\/sv\/wp-json\/wp\/v2\/types\/product"}],"wp:featuredmedia":[{"embeddable":true,"href":"https:\/\/truusk.store\/sv\/wp-json\/wp\/v2\/media\/50551"}],"wp:attachment":[{"href":"https:\/\/truusk.store\/sv\/wp-json\/wp\/v2\/media?parent=50550"}],"wp:term":[{"taxonomy":"product_brand","embeddable":true,"href":"https:\/\/truusk.store\/sv\/wp-json\/wp\/v2\/product_brand?post=50550"},{"taxonomy":"product_cat","embeddable":true,"href":"https:\/\/truusk.store\/sv\/wp-json\/wp\/v2\/product_cat?post=50550"},{"taxonomy":"product_tag","embeddable":true,"href":"https:\/\/truusk.store\/sv\/wp-json\/wp\/v2\/product_tag?post=50550"}],"curies":[{"name":"wp","href":"https:\/\/api.w.org\/{rel}","templated":true}]}}