{"id":50575,"date":"2024-02-29T23:00:08","date_gmt":"2024-02-29T22:00:08","guid":{"rendered":"https:\/\/truusk.store\/product\/hangstolsram-robust-och-vaderbestandig-inomhus-och-utomhus-upp-till-150-kg-stal-178-x-143-x-180-cm-svart\/"},"modified":"2026-03-12T09:33:14","modified_gmt":"2026-03-12T08:33:14","slug":"truusk-hangstolsram-robust-och-vaderbestandig-inomhus-och-utomhus-upp-till-150-kg-stal-178-x-143-x-180-cm-svart","status":"publish","type":"product","link":"https:\/\/truusk.store\/sv\/produkt\/truusk-hangstolsram-robust-och-vaderbestandig-inomhus-och-utomhus-upp-till-150-kg-stal-178-x-143-x-180-cm-svart\/","title":{"rendered":"TRUUSK H\u00e4ngstolsram &#8211; Robust och v\u00e4derbest\u00e4ndig &#8211; Inomhus och utomhus &#8211; Upp till 150 kg &#8211; St\u00e5l &#8211; 178 x 143 x 180 cm &#8211; Svart"},"content":{"rendered":"<p>Uppt\u00e4ck den praktiska h\u00e4ngmattsramen! Inget utrymme f\u00f6r en h\u00e4ngmatta stol? Inga problem! V\u00e5r metallram \u00e4r den idealiska l\u00f6sningen. Oavsett om det \u00e4r en balkong, tr\u00e4dg\u00e5rd, terrass eller vardagsrum \u2013 l\u00e5t vardagen blekna bort genom att f\u00f6rsiktigt sv\u00e4nga i en h\u00e4ngmatta. Robust, v\u00e4derbest\u00e4ndig och l\u00e4tt att montera. Skaffa din smarta avkopplingskamrat nu!<\/p>\n<h3>Beskrivning:<\/h3>\n<ul>\n<li>Inget l\u00e4mpligt tr\u00e4d f\u00f6r att h\u00e4nga din favoritstol? Med denna metallram \u00e4r s\u00e5dana bekymmer ett minne blott<\/li>\n<li>Tillverkad av pulverlackerad metallram, \u00e4r den v\u00e4derbest\u00e4ndig och l\u00e4mplig f\u00f6r balkonger, tr\u00e4dg\u00e5rdar, uteplatser, verandor, sovrum, vardagsrum och mycket mer<\/li>\n<li>Njut av din fritid medan du kopplar av och l\u00e5ter f\u00f6tterna dingla.<\/li>\n<li>En smart och funktionell pryl f\u00f6r dina fritidsaktiviteter<\/li>\n<\/ul>\n<h3>Teknisk data:<\/h3>\n<ul>\n<li>Svart f\u00e4rg<\/li>\n<li>Material: st\u00e5l<\/li>\n<li>\u00d6vergripande m\u00e5tt: 178L x 143W x 180H cm<\/li>\n<li>Lastkapacitet: 150 kg<\/li>\n<\/ul>\n<h3>Leveransens omfattning:<\/h3>\n<ul>\n<li>1 x h\u00e4ngmatta ram<\/li>\n<li>1 x manuell<\/li>\n<\/ul>\n","protected":false},"excerpt":{"rendered":"<p>Uppt\u00e4ck den praktiska h\u00e4ngmattsramen! Inget utrymme f\u00f6r en h\u00e4ngmatta stol? Inga problem! V\u00e5r metallram \u00e4r den idealiska l\u00f6sningen. Oavsett om&#8230;<\/p>\n","protected":false},"featured_media":50576,"template":"","meta":[],"product_brand":[],"product_cat":[453,435,450],"product_tag":[],"class_list":{"0":"post-50575","1":"product","2":"type-product","3":"status-publish","4":"has-post-thumbnail","6":"product_cat-hollywood-gungor","7":"product_cat-tradgard-och-terrass","8":"product_cat-tradgardsmobler","10":"first","11":"instock","12":"sale","13":"taxable","14":"shipping-taxable","15":"purchasable","16":"product-type-simple"},"yoast_head":"<!-- This site is optimized with the Yoast SEO plugin v25.4 - https:\/\/yoast.com\/wordpress\/plugins\/seo\/ -->\n<title>TRUUSK H\u00e4ngstolsram - Robust och v\u00e4derbest\u00e4ndig - Inomhus och utomhus - Upp till 150 kg - St\u00e5l - 178 x 143 x 180 cm - Svart - TRUUSK - Hem, Tr\u00e4dg\u00e5rd &amp; Fritid<\/title>\n<meta name=\"robots\" content=\"index, follow, max-snippet:-1, max-image-preview:large, max-video-preview:-1\" \/>\n<link rel=\"canonical\" href=\"https:\/\/truusk.store\/sv\/produkt\/truusk-hangstolsram-robust-och-vaderbestandig-inomhus-och-utomhus-upp-till-150-kg-stal-178-x-143-x-180-cm-svart\/\" \/>\n<meta property=\"og:locale\" content=\"sv_SE\" \/>\n<meta property=\"og:type\" content=\"article\" \/>\n<meta property=\"og:title\" content=\"TRUUSK H\u00e4ngstolsram - Robust och v\u00e4derbest\u00e4ndig - Inomhus och utomhus - Upp till 150 kg - St\u00e5l - 178 x 143 x 180 cm - Svart - TRUUSK - Hem, Tr\u00e4dg\u00e5rd &amp; Fritid\" \/>\n<meta property=\"og:description\" content=\"Uppt\u00e4ck den praktiska h\u00e4ngmattsramen! Inget utrymme f\u00f6r en h\u00e4ngmatta stol? Inga problem! V\u00e5r metallram \u00e4r den idealiska l\u00f6sningen. Oavsett om...\" \/>\n<meta property=\"og:url\" content=\"https:\/\/truusk.store\/sv\/produkt\/truusk-hangstolsram-robust-och-vaderbestandig-inomhus-och-utomhus-upp-till-150-kg-stal-178-x-143-x-180-cm-svart\/\" \/>\n<meta property=\"og:site_name\" content=\"TRUUSK - Hem, Tr\u00e4dg\u00e5rd &amp; Fritid\" \/>\n<meta property=\"article:modified_time\" content=\"2026-03-12T08:33:14+00:00\" \/>\n<meta property=\"og:image\" content=\"https:\/\/i0.wp.com\/truusk.se\/wp-content\/uploads\/2024\/02\/hangstolsram-robust-och-vaderbestandig-inomhus-och-utomhus-upp-till-150-kg-stal-178-x-143-x-180-cm-svart.webp?fit=800%2C800&ssl=1\" \/>\n\t<meta property=\"og:image:width\" content=\"800\" \/>\n\t<meta property=\"og:image:height\" content=\"800\" \/>\n\t<meta property=\"og:image:type\" content=\"image\/webp\" \/>\n<meta name=\"twitter:card\" content=\"summary_large_image\" \/>\n<meta name=\"twitter:label1\" content=\"Ber\u00e4knad l\u00e4stid\" \/>\n\t<meta name=\"twitter:data1\" content=\"1 minut\" \/>\n<!-- \/ Yoast SEO plugin. -->","yoast_head_json":{"title":"TRUUSK H\u00e4ngstolsram - Robust och v\u00e4derbest\u00e4ndig - Inomhus och utomhus - Upp till 150 kg - St\u00e5l - 178 x 143 x 180 cm - Svart - TRUUSK - Hem, Tr\u00e4dg\u00e5rd &amp; Fritid","robots":{"index":"index","follow":"follow","max-snippet":"max-snippet:-1","max-image-preview":"max-image-preview:large","max-video-preview":"max-video-preview:-1"},"canonical":"https:\/\/truusk.store\/sv\/produkt\/truusk-hangstolsram-robust-och-vaderbestandig-inomhus-och-utomhus-upp-till-150-kg-stal-178-x-143-x-180-cm-svart\/","og_locale":"sv_SE","og_type":"article","og_title":"TRUUSK H\u00e4ngstolsram - Robust och v\u00e4derbest\u00e4ndig - Inomhus och utomhus - Upp till 150 kg - St\u00e5l - 178 x 143 x 180 cm - Svart - TRUUSK - Hem, Tr\u00e4dg\u00e5rd &amp; Fritid","og_description":"Uppt\u00e4ck den praktiska h\u00e4ngmattsramen! Inget utrymme f\u00f6r en h\u00e4ngmatta stol? Inga problem! V\u00e5r metallram \u00e4r den idealiska l\u00f6sningen. Oavsett om...","og_url":"https:\/\/truusk.store\/sv\/produkt\/truusk-hangstolsram-robust-och-vaderbestandig-inomhus-och-utomhus-upp-till-150-kg-stal-178-x-143-x-180-cm-svart\/","og_site_name":"TRUUSK - Hem, Tr\u00e4dg\u00e5rd &amp; Fritid","article_modified_time":"2026-03-12T08:33:14+00:00","og_image":[{"width":800,"height":800,"url":"https:\/\/i0.wp.com\/truusk.se\/wp-content\/uploads\/2024\/02\/hangstolsram-robust-och-vaderbestandig-inomhus-och-utomhus-upp-till-150-kg-stal-178-x-143-x-180-cm-svart.webp?fit=800%2C800&ssl=1","type":"image\/webp"}],"twitter_card":"summary_large_image","twitter_misc":{"Ber\u00e4knad l\u00e4stid":"1 minut"},"schema":{"@context":"https:\/\/schema.org","@graph":[{"@type":"WebPage","@id":"https:\/\/truusk.store\/sv\/produkt\/truusk-hangstolsram-robust-och-vaderbestandig-inomhus-och-utomhus-upp-till-150-kg-stal-178-x-143-x-180-cm-svart\/","url":"https:\/\/truusk.store\/sv\/produkt\/truusk-hangstolsram-robust-och-vaderbestandig-inomhus-och-utomhus-upp-till-150-kg-stal-178-x-143-x-180-cm-svart\/","name":"TRUUSK H\u00e4ngstolsram - Robust och v\u00e4derbest\u00e4ndig - Inomhus och utomhus - Upp till 150 kg - St\u00e5l - 178 x 143 x 180 cm - Svart - TRUUSK - Hem, Tr\u00e4dg\u00e5rd &amp; Fritid","isPartOf":{"@id":"https:\/\/truusk.store\/sv\/#website"},"primaryImageOfPage":{"@id":"https:\/\/truusk.store\/sv\/produkt\/truusk-hangstolsram-robust-och-vaderbestandig-inomhus-och-utomhus-upp-till-150-kg-stal-178-x-143-x-180-cm-svart\/#primaryimage"},"image":{"@id":"https:\/\/truusk.store\/sv\/produkt\/truusk-hangstolsram-robust-och-vaderbestandig-inomhus-och-utomhus-upp-till-150-kg-stal-178-x-143-x-180-cm-svart\/#primaryimage"},"thumbnailUrl":"https:\/\/i0.wp.com\/truusk.store\/wp-content\/uploads\/2024\/02\/hangstolsram-robust-och-vaderbestandig-inomhus-och-utomhus-upp-till-150-kg-stal-178-x-143-x-180-cm-svart.webp?fit=800%2C800&ssl=1","datePublished":"2024-02-29T22:00:08+00:00","dateModified":"2026-03-12T08:33:14+00:00","breadcrumb":{"@id":"https:\/\/truusk.store\/sv\/produkt\/truusk-hangstolsram-robust-och-vaderbestandig-inomhus-och-utomhus-upp-till-150-kg-stal-178-x-143-x-180-cm-svart\/#breadcrumb"},"inLanguage":"sv-SE","potentialAction":[{"@type":"ReadAction","target":["https:\/\/truusk.store\/sv\/produkt\/truusk-hangstolsram-robust-och-vaderbestandig-inomhus-och-utomhus-upp-till-150-kg-stal-178-x-143-x-180-cm-svart\/"]}]},{"@type":"ImageObject","inLanguage":"sv-SE","@id":"https:\/\/truusk.store\/sv\/produkt\/truusk-hangstolsram-robust-och-vaderbestandig-inomhus-och-utomhus-upp-till-150-kg-stal-178-x-143-x-180-cm-svart\/#primaryimage","url":"https:\/\/i0.wp.com\/truusk.store\/wp-content\/uploads\/2024\/02\/hangstolsram-robust-och-vaderbestandig-inomhus-och-utomhus-upp-till-150-kg-stal-178-x-143-x-180-cm-svart.webp?fit=800%2C800&ssl=1","contentUrl":"https:\/\/i0.wp.com\/truusk.store\/wp-content\/uploads\/2024\/02\/hangstolsram-robust-och-vaderbestandig-inomhus-och-utomhus-upp-till-150-kg-stal-178-x-143-x-180-cm-svart.webp?fit=800%2C800&ssl=1","width":800,"height":800,"caption":"H\u00e4ngstolsram, Robust Och V\u00e4derbest\u00e4ndig, Inomhus Och Utomhus, Upp Till 150 Kg, St\u00e5l, 178 X 143 X 180 Cm, Svart 1"},{"@type":"BreadcrumbList","@id":"https:\/\/truusk.store\/sv\/produkt\/truusk-hangstolsram-robust-och-vaderbestandig-inomhus-och-utomhus-upp-till-150-kg-stal-178-x-143-x-180-cm-svart\/#breadcrumb","itemListElement":[{"@type":"ListItem","position":1,"name":"Home","item":"https:\/\/truusk.store\/sv\/"},{"@type":"ListItem","position":2,"name":"Shop","item":"https:\/\/truusk.store\/shop\/"},{"@type":"ListItem","position":3,"name":"TRUUSK H\u00e4ngstolsram &#8211; Robust och v\u00e4derbest\u00e4ndig &#8211; Inomhus och utomhus &#8211; Upp till 150 kg &#8211; St\u00e5l &#8211; 178 x 143 x 180 cm &#8211; Svart"}]},{"@type":"WebSite","@id":"https:\/\/truusk.store\/sv\/#website","url":"https:\/\/truusk.store\/sv\/","name":"TRUUSK - Hem, Tr\u00e4dg\u00e5rd & Fritid","description":"","publisher":{"@id":"https:\/\/truusk.store\/sv\/#organization"},"potentialAction":[{"@type":"SearchAction","target":{"@type":"EntryPoint","urlTemplate":"https:\/\/truusk.store\/sv\/?s={search_term_string}"},"query-input":{"@type":"PropertyValueSpecification","valueRequired":true,"valueName":"search_term_string"}}],"inLanguage":"sv-SE"},{"@type":"Organization","@id":"https:\/\/truusk.store\/sv\/#organization","name":"TRUUSK - Hem, Tr\u00e4dg\u00e5rd & Fritid","url":"https:\/\/truusk.store\/sv\/","logo":{"@type":"ImageObject","inLanguage":"sv-SE","@id":"https:\/\/truusk.store\/sv\/#\/schema\/logo\/image\/","url":"https:\/\/i0.wp.com\/truusk.store\/wp-content\/uploads\/2026\/03\/cropped-TRUUSK.png?fit=2032%2C917&ssl=1","contentUrl":"https:\/\/i0.wp.com\/truusk.store\/wp-content\/uploads\/2026\/03\/cropped-TRUUSK.png?fit=2032%2C917&ssl=1","width":2032,"height":917,"caption":"TRUUSK - Hem, Tr\u00e4dg\u00e5rd & Fritid"},"image":{"@id":"https:\/\/truusk.store\/sv\/#\/schema\/logo\/image\/"}}]}},"jetpack_sharing_enabled":true,"_links":{"self":[{"href":"https:\/\/truusk.store\/sv\/wp-json\/wp\/v2\/product\/50575","targetHints":{"allow":["GET"]}}],"collection":[{"href":"https:\/\/truusk.store\/sv\/wp-json\/wp\/v2\/product"}],"about":[{"href":"https:\/\/truusk.store\/sv\/wp-json\/wp\/v2\/types\/product"}],"wp:featuredmedia":[{"embeddable":true,"href":"https:\/\/truusk.store\/sv\/wp-json\/wp\/v2\/media\/50576"}],"wp:attachment":[{"href":"https:\/\/truusk.store\/sv\/wp-json\/wp\/v2\/media?parent=50575"}],"wp:term":[{"taxonomy":"product_brand","embeddable":true,"href":"https:\/\/truusk.store\/sv\/wp-json\/wp\/v2\/product_brand?post=50575"},{"taxonomy":"product_cat","embeddable":true,"href":"https:\/\/truusk.store\/sv\/wp-json\/wp\/v2\/product_cat?post=50575"},{"taxonomy":"product_tag","embeddable":true,"href":"https:\/\/truusk.store\/sv\/wp-json\/wp\/v2\/product_tag?post=50575"}],"curies":[{"name":"wp","href":"https:\/\/api.w.org\/{rel}","templated":true}]}}