{"id":50593,"date":"2024-02-29T23:20:09","date_gmt":"2024-02-29T22:20:09","guid":{"rendered":"https:\/\/truusk.store\/product\/hangmattstativ-hangmattstativ-vaderbestandig-justerbar-storlek-290-cm-x-120-cm-x-115-cm-svart\/"},"modified":"2026-03-12T09:36:32","modified_gmt":"2026-03-12T08:36:32","slug":"truusk-hangmattstativ-vaderbestandig-justerbar-storlek-290-cm-x-120-cm-x-115-cm-svart","status":"publish","type":"product","link":"https:\/\/truusk.store\/sv\/produkt\/truusk-hangmattstativ-vaderbestandig-justerbar-storlek-290-cm-x-120-cm-x-115-cm-svart\/","title":{"rendered":"TRUUSK H\u00e4ngmattstativ &#8211; V\u00e4derbest\u00e4ndig &#8211; Justerbar Storlek &#8211; 290 cm x 120 cm x 115 cm &#8211; Svart"},"content":{"rendered":"<p>Vill du ha en h\u00e4ngmatta men har inte plats att h\u00e4nga den? Med denna h\u00e4ngmatta i metall beh\u00f6ver du inte l\u00e4ngre leta efter det perfekta tr\u00e4det f\u00f6r att h\u00e4nga din favorith\u00e4ngmatta. Tillverkad av pulverlackerad metall, t\u00e5l alla v\u00e4derf\u00f6rh\u00e5llanden och passar p\u00e5 balkong, tr\u00e4dg\u00e5rd, g\u00e5rd, veranda eller andra omr\u00e5den. En smart och funktionell pryl f\u00f6r din fritid!<\/p>\n<h3>Beskrivning:<\/h3>\n<ul>\n<li>L\u00e4mplig f\u00f6r h\u00e4ngmattor upp till 330 cm l\u00e5nga<\/li>\n<li>Passar de flesta h\u00e4ngmattor inklusive brasilianska, platta, splayed och andra modeller<\/li>\n<li>Tillverkad av robust, pulverlackerad metallram<\/li>\n<li>De halkfria f\u00f6tterna f\u00f6rhindrar repor p\u00e5 golvet och ger extra stabilitet<\/li>\n<li>H\u00e4ngmattstativet med 6 h\u00e5l erbjuder justerbara positioneringsalternativ<\/li>\n<li>Med integrerade hjul och bekv\u00e4m b\u00e4rv\u00e4ska f\u00f6r enkel r\u00f6rlighet och portabilitet<\/li>\n<li>Montering kr\u00e4vs, h\u00e4ngmatta ing\u00e5r ej<\/li>\n<\/ul>\n<h3>Teknisk data:<\/h3>\n<ul>\n<li>Svart f\u00e4rg<\/li>\n<li>Material: st\u00e5l<\/li>\n<li>\u00d6vergripande m\u00e5tt: 290L x 120W x 115H cm<\/li>\n<li>L\u00e4mplig f\u00f6r h\u00e4ngmatta s\u00e4ng l\u00e4ngd: 330 cm<\/li>\n<li>Viktkapacitet: 220 kg<\/li>\n<\/ul>\n<h3>Leveransens omfattning:<\/h3>\n<ul>\n<li>1 x h\u00e4ngmatta stativ<\/li>\n<li>1 x B\u00e4rv\u00e4ska<\/li>\n<li>1 x manuell<\/li>\n<\/ul>\n","protected":false},"excerpt":{"rendered":"<p>Vill du ha en h\u00e4ngmatta men har inte plats att h\u00e4nga den? Med denna h\u00e4ngmatta i metall beh\u00f6ver du inte&#8230;<\/p>\n","protected":false},"featured_media":50594,"template":"","meta":[],"product_brand":[],"product_cat":[460,435,450],"product_tag":[],"class_list":{"0":"post-50593","1":"product","2":"type-product","3":"status-publish","4":"has-post-thumbnail","6":"product_cat-hangmattor-hangstolar","7":"product_cat-tradgard-och-terrass","8":"product_cat-tradgardsmobler","10":"first","11":"instock","12":"sale","13":"taxable","14":"shipping-taxable","15":"purchasable","16":"product-type-simple"},"yoast_head":"<!-- This site is optimized with the Yoast SEO plugin v25.4 - https:\/\/yoast.com\/wordpress\/plugins\/seo\/ -->\n<title>TRUUSK H\u00e4ngmattstativ - V\u00e4derbest\u00e4ndig - Justerbar Storlek - 290 cm x 120 cm x 115 cm - Svart - TRUUSK - Hem, Tr\u00e4dg\u00e5rd &amp; Fritid<\/title>\n<meta name=\"robots\" content=\"index, follow, max-snippet:-1, max-image-preview:large, max-video-preview:-1\" \/>\n<link rel=\"canonical\" href=\"https:\/\/truusk.store\/sv\/produkt\/truusk-hangmattstativ-vaderbestandig-justerbar-storlek-290-cm-x-120-cm-x-115-cm-svart\/\" \/>\n<meta property=\"og:locale\" content=\"sv_SE\" \/>\n<meta property=\"og:type\" content=\"article\" \/>\n<meta property=\"og:title\" content=\"TRUUSK H\u00e4ngmattstativ - V\u00e4derbest\u00e4ndig - Justerbar Storlek - 290 cm x 120 cm x 115 cm - Svart - TRUUSK - Hem, Tr\u00e4dg\u00e5rd &amp; Fritid\" \/>\n<meta property=\"og:description\" content=\"Vill du ha en h\u00e4ngmatta men har inte plats att h\u00e4nga den? Med denna h\u00e4ngmatta i metall beh\u00f6ver du inte...\" \/>\n<meta property=\"og:url\" content=\"https:\/\/truusk.store\/sv\/produkt\/truusk-hangmattstativ-vaderbestandig-justerbar-storlek-290-cm-x-120-cm-x-115-cm-svart\/\" \/>\n<meta property=\"og:site_name\" content=\"TRUUSK - Hem, Tr\u00e4dg\u00e5rd &amp; Fritid\" \/>\n<meta property=\"article:modified_time\" content=\"2026-03-12T08:36:32+00:00\" \/>\n<meta property=\"og:image\" content=\"https:\/\/i0.wp.com\/truusk.se\/wp-content\/uploads\/2024\/02\/hangmattstativ-hangmattstativ-vaderbestandig-justerbar-storlek-290-cm-x-120-cm-x-115-cm-svart.webp?fit=800%2C800&ssl=1\" \/>\n\t<meta property=\"og:image:width\" content=\"800\" \/>\n\t<meta property=\"og:image:height\" content=\"800\" \/>\n\t<meta property=\"og:image:type\" content=\"image\/webp\" \/>\n<meta name=\"twitter:card\" content=\"summary_large_image\" \/>\n<meta name=\"twitter:label1\" content=\"Ber\u00e4knad l\u00e4stid\" \/>\n\t<meta name=\"twitter:data1\" content=\"1 minut\" \/>\n<!-- \/ Yoast SEO plugin. -->","yoast_head_json":{"title":"TRUUSK H\u00e4ngmattstativ - V\u00e4derbest\u00e4ndig - Justerbar Storlek - 290 cm x 120 cm x 115 cm - Svart - TRUUSK - Hem, Tr\u00e4dg\u00e5rd &amp; Fritid","robots":{"index":"index","follow":"follow","max-snippet":"max-snippet:-1","max-image-preview":"max-image-preview:large","max-video-preview":"max-video-preview:-1"},"canonical":"https:\/\/truusk.store\/sv\/produkt\/truusk-hangmattstativ-vaderbestandig-justerbar-storlek-290-cm-x-120-cm-x-115-cm-svart\/","og_locale":"sv_SE","og_type":"article","og_title":"TRUUSK H\u00e4ngmattstativ - V\u00e4derbest\u00e4ndig - Justerbar Storlek - 290 cm x 120 cm x 115 cm - Svart - TRUUSK - Hem, Tr\u00e4dg\u00e5rd &amp; Fritid","og_description":"Vill du ha en h\u00e4ngmatta men har inte plats att h\u00e4nga den? Med denna h\u00e4ngmatta i metall beh\u00f6ver du inte...","og_url":"https:\/\/truusk.store\/sv\/produkt\/truusk-hangmattstativ-vaderbestandig-justerbar-storlek-290-cm-x-120-cm-x-115-cm-svart\/","og_site_name":"TRUUSK - Hem, Tr\u00e4dg\u00e5rd &amp; Fritid","article_modified_time":"2026-03-12T08:36:32+00:00","og_image":[{"width":800,"height":800,"url":"https:\/\/i0.wp.com\/truusk.se\/wp-content\/uploads\/2024\/02\/hangmattstativ-hangmattstativ-vaderbestandig-justerbar-storlek-290-cm-x-120-cm-x-115-cm-svart.webp?fit=800%2C800&ssl=1","type":"image\/webp"}],"twitter_card":"summary_large_image","twitter_misc":{"Ber\u00e4knad l\u00e4stid":"1 minut"},"schema":{"@context":"https:\/\/schema.org","@graph":[{"@type":"WebPage","@id":"https:\/\/truusk.store\/sv\/produkt\/truusk-hangmattstativ-vaderbestandig-justerbar-storlek-290-cm-x-120-cm-x-115-cm-svart\/","url":"https:\/\/truusk.store\/sv\/produkt\/truusk-hangmattstativ-vaderbestandig-justerbar-storlek-290-cm-x-120-cm-x-115-cm-svart\/","name":"TRUUSK H\u00e4ngmattstativ - V\u00e4derbest\u00e4ndig - Justerbar Storlek - 290 cm x 120 cm x 115 cm - Svart - TRUUSK - Hem, Tr\u00e4dg\u00e5rd &amp; Fritid","isPartOf":{"@id":"https:\/\/truusk.store\/sv\/#website"},"primaryImageOfPage":{"@id":"https:\/\/truusk.store\/sv\/produkt\/truusk-hangmattstativ-vaderbestandig-justerbar-storlek-290-cm-x-120-cm-x-115-cm-svart\/#primaryimage"},"image":{"@id":"https:\/\/truusk.store\/sv\/produkt\/truusk-hangmattstativ-vaderbestandig-justerbar-storlek-290-cm-x-120-cm-x-115-cm-svart\/#primaryimage"},"thumbnailUrl":"https:\/\/i0.wp.com\/truusk.store\/wp-content\/uploads\/2024\/02\/hangmattstativ-hangmattstativ-vaderbestandig-justerbar-storlek-290-cm-x-120-cm-x-115-cm-svart.webp?fit=800%2C800&ssl=1","datePublished":"2024-02-29T22:20:09+00:00","dateModified":"2026-03-12T08:36:32+00:00","breadcrumb":{"@id":"https:\/\/truusk.store\/sv\/produkt\/truusk-hangmattstativ-vaderbestandig-justerbar-storlek-290-cm-x-120-cm-x-115-cm-svart\/#breadcrumb"},"inLanguage":"sv-SE","potentialAction":[{"@type":"ReadAction","target":["https:\/\/truusk.store\/sv\/produkt\/truusk-hangmattstativ-vaderbestandig-justerbar-storlek-290-cm-x-120-cm-x-115-cm-svart\/"]}]},{"@type":"ImageObject","inLanguage":"sv-SE","@id":"https:\/\/truusk.store\/sv\/produkt\/truusk-hangmattstativ-vaderbestandig-justerbar-storlek-290-cm-x-120-cm-x-115-cm-svart\/#primaryimage","url":"https:\/\/i0.wp.com\/truusk.store\/wp-content\/uploads\/2024\/02\/hangmattstativ-hangmattstativ-vaderbestandig-justerbar-storlek-290-cm-x-120-cm-x-115-cm-svart.webp?fit=800%2C800&ssl=1","contentUrl":"https:\/\/i0.wp.com\/truusk.store\/wp-content\/uploads\/2024\/02\/hangmattstativ-hangmattstativ-vaderbestandig-justerbar-storlek-290-cm-x-120-cm-x-115-cm-svart.webp?fit=800%2C800&ssl=1","width":800,"height":800,"caption":"H\u00e4ngmattstativ H\u00e4ngmattstativ, V\u00e4derbest\u00e4ndig, Justerbar Storlek, 290 Cm X 120 Cm X 115 Cm, Svart 1"},{"@type":"BreadcrumbList","@id":"https:\/\/truusk.store\/sv\/produkt\/truusk-hangmattstativ-vaderbestandig-justerbar-storlek-290-cm-x-120-cm-x-115-cm-svart\/#breadcrumb","itemListElement":[{"@type":"ListItem","position":1,"name":"Home","item":"https:\/\/truusk.store\/sv\/"},{"@type":"ListItem","position":2,"name":"Shop","item":"https:\/\/truusk.store\/shop\/"},{"@type":"ListItem","position":3,"name":"TRUUSK H\u00e4ngmattstativ &#8211; V\u00e4derbest\u00e4ndig &#8211; Justerbar Storlek &#8211; 290 cm x 120 cm x 115 cm &#8211; Svart"}]},{"@type":"WebSite","@id":"https:\/\/truusk.store\/sv\/#website","url":"https:\/\/truusk.store\/sv\/","name":"TRUUSK - Hem, Tr\u00e4dg\u00e5rd & Fritid","description":"","publisher":{"@id":"https:\/\/truusk.store\/sv\/#organization"},"potentialAction":[{"@type":"SearchAction","target":{"@type":"EntryPoint","urlTemplate":"https:\/\/truusk.store\/sv\/?s={search_term_string}"},"query-input":{"@type":"PropertyValueSpecification","valueRequired":true,"valueName":"search_term_string"}}],"inLanguage":"sv-SE"},{"@type":"Organization","@id":"https:\/\/truusk.store\/sv\/#organization","name":"TRUUSK - Hem, Tr\u00e4dg\u00e5rd & Fritid","url":"https:\/\/truusk.store\/sv\/","logo":{"@type":"ImageObject","inLanguage":"sv-SE","@id":"https:\/\/truusk.store\/sv\/#\/schema\/logo\/image\/","url":"https:\/\/i0.wp.com\/truusk.store\/wp-content\/uploads\/2026\/03\/cropped-TRUUSK.png?fit=2032%2C917&ssl=1","contentUrl":"https:\/\/i0.wp.com\/truusk.store\/wp-content\/uploads\/2026\/03\/cropped-TRUUSK.png?fit=2032%2C917&ssl=1","width":2032,"height":917,"caption":"TRUUSK - Hem, Tr\u00e4dg\u00e5rd & Fritid"},"image":{"@id":"https:\/\/truusk.store\/sv\/#\/schema\/logo\/image\/"}}]}},"jetpack_sharing_enabled":true,"_links":{"self":[{"href":"https:\/\/truusk.store\/sv\/wp-json\/wp\/v2\/product\/50593","targetHints":{"allow":["GET"]}}],"collection":[{"href":"https:\/\/truusk.store\/sv\/wp-json\/wp\/v2\/product"}],"about":[{"href":"https:\/\/truusk.store\/sv\/wp-json\/wp\/v2\/types\/product"}],"wp:featuredmedia":[{"embeddable":true,"href":"https:\/\/truusk.store\/sv\/wp-json\/wp\/v2\/media\/50594"}],"wp:attachment":[{"href":"https:\/\/truusk.store\/sv\/wp-json\/wp\/v2\/media?parent=50593"}],"wp:term":[{"taxonomy":"product_brand","embeddable":true,"href":"https:\/\/truusk.store\/sv\/wp-json\/wp\/v2\/product_brand?post=50593"},{"taxonomy":"product_cat","embeddable":true,"href":"https:\/\/truusk.store\/sv\/wp-json\/wp\/v2\/product_cat?post=50593"},{"taxonomy":"product_tag","embeddable":true,"href":"https:\/\/truusk.store\/sv\/wp-json\/wp\/v2\/product_tag?post=50593"}],"curies":[{"name":"wp","href":"https:\/\/api.w.org\/{rel}","templated":true}]}}