{"id":50604,"date":"2024-02-29T23:40:08","date_gmt":"2024-02-29T22:40:08","guid":{"rendered":"https:\/\/truusk.store\/product\/solstol-hopfallbar-fallbart-ryggstod-med-mugghallare-upp-till-120-kg-68-x-186-x-48-cm-gra\/"},"modified":"2026-03-12T09:18:22","modified_gmt":"2026-03-12T08:18:22","slug":"truusk-solstol-hopfallbar-fallbart-ryggstod-med-mugghallare-upp-till-120-kg-gra","status":"publish","type":"product","link":"https:\/\/truusk.store\/sv\/produkt\/truusk-solstol-hopfallbar-fallbart-ryggstod-med-mugghallare-upp-till-120-kg-gra\/","title":{"rendered":"TRUUSK Solstol &#8211; Hopf\u00e4llbar &#8211; F\u00e4llbart Ryggst\u00f6d &#8211; Med Muggh\u00e5llare &#8211; Upp Till 120 Kg &#8211; Gr\u00e5"},"content":{"rendered":"<p>Denna hopf\u00e4llbara solstol st\u00e5r f\u00f6r njutning av ren frisk luft! Dess kompakta hopf\u00e4llbara design g\u00f6r den perfekt f\u00f6r resor, camping och avkopplande dagar p\u00e5 stranden eller poolen. Solstolens mjuka stoppning lovar extra komfort, medan den praktiska v\u00e4skan och den integrerade muggh\u00e5llaren s\u00e4kerst\u00e4ller att du har allt du beh\u00f6ver n\u00e4ra till hands. Upplev kunglig avkoppling med denna bekv\u00e4ma och eleganta tr\u00e4dg\u00e5rdsstol.<\/p>\n<h3>Beskrivning:<\/h3>\n<ul>\n<li>Lutande ryggst\u00f6d upp till ett lutande l\u00e4ge p\u00e5 170 f\u00f6r komfort och avkoppling<\/li>\n<li>Utrymmesbesparande, vikbar design<\/li>\n<li>Inkluderar b\u00e4rv\u00e4ska f\u00f6r enkel transport<\/li>\n<li>Liggytan \u00e4r gjord av andningsbart tyg och \u00e4r mjukt vadderad<\/li>\n<li>En sidficka och muggh\u00e5llare ger enkel \u00e5tkomst till drycker, tidningar, mobiltelefoner eller andra sm\u00e5saker<\/li>\n<li>L\u00e4mplig f\u00f6r park, tr\u00e4dg\u00e5rd, uteplats, poolomr\u00e5de, strand och mycket mer<\/li>\n<\/ul>\n<h3>Teknisk data:<\/h3>\n<ul>\n<li>F\u00e4rg gr\u00e5<\/li>\n<li>Material: St\u00e5l, Oxford, PP-skum<\/li>\n<li>\u00d6vergripande m\u00e5tt: 68L x 186W x 48H cm<\/li>\n<li>Vikstorlek: 104L x 27W x 16H cm<\/li>\n<li>Sitsstorlek: 68W x 190D cm<\/li>\n<li>Lastkapacitet: 120 kg<\/li>\n<\/ul>\n<h3>Leveransens omfattning:<\/h3>\n<ul>\n<li>1 x t\u00e4lts\u00e4ng;<\/li>\n<\/ul>\n","protected":false},"excerpt":{"rendered":"<p>Denna hopf\u00e4llbara solstol st\u00e5r f\u00f6r njutning av ren frisk luft! Dess kompakta hopf\u00e4llbara design g\u00f6r den perfekt f\u00f6r resor, camping&#8230;<\/p>\n","protected":false},"featured_media":50605,"template":"","meta":[],"product_brand":[],"product_cat":[451,435,450],"product_tag":[],"class_list":{"0":"post-50604","1":"product","2":"type-product","3":"status-publish","4":"has-post-thumbnail","6":"product_cat-solstolar","7":"product_cat-tradgard-och-terrass","8":"product_cat-tradgardsmobler","10":"first","11":"instock","12":"sale","13":"taxable","14":"shipping-taxable","15":"purchasable","16":"product-type-simple"},"yoast_head":"<!-- This site is optimized with the Yoast SEO plugin v25.4 - https:\/\/yoast.com\/wordpress\/plugins\/seo\/ -->\n<title>TRUUSK Solstol - Hopf\u00e4llbar - F\u00e4llbart Ryggst\u00f6d - Med Muggh\u00e5llare - Upp Till 120 Kg - Gr\u00e5 - TRUUSK - Hem, Tr\u00e4dg\u00e5rd &amp; Fritid<\/title>\n<meta name=\"robots\" content=\"index, follow, max-snippet:-1, max-image-preview:large, max-video-preview:-1\" \/>\n<link rel=\"canonical\" href=\"https:\/\/truusk.store\/sv\/produkt\/truusk-solstol-hopfallbar-fallbart-ryggstod-med-mugghallare-upp-till-120-kg-gra\/\" \/>\n<meta property=\"og:locale\" content=\"sv_SE\" \/>\n<meta property=\"og:type\" content=\"article\" \/>\n<meta property=\"og:title\" content=\"TRUUSK Solstol - Hopf\u00e4llbar - F\u00e4llbart Ryggst\u00f6d - Med Muggh\u00e5llare - Upp Till 120 Kg - Gr\u00e5 - TRUUSK - Hem, Tr\u00e4dg\u00e5rd &amp; Fritid\" \/>\n<meta property=\"og:description\" content=\"Denna hopf\u00e4llbara solstol st\u00e5r f\u00f6r njutning av ren frisk luft! Dess kompakta hopf\u00e4llbara design g\u00f6r den perfekt f\u00f6r resor, camping...\" \/>\n<meta property=\"og:url\" content=\"https:\/\/truusk.store\/sv\/produkt\/truusk-solstol-hopfallbar-fallbart-ryggstod-med-mugghallare-upp-till-120-kg-gra\/\" \/>\n<meta property=\"og:site_name\" content=\"TRUUSK - Hem, Tr\u00e4dg\u00e5rd &amp; Fritid\" \/>\n<meta property=\"article:modified_time\" content=\"2026-03-12T08:18:22+00:00\" \/>\n<meta property=\"og:image\" content=\"https:\/\/i0.wp.com\/truusk.se\/wp-content\/uploads\/2024\/02\/solstol-hopfallbar-fallbart-ryggstod-med-mugghallare-upp-till-120-kg-68-x-186-x-48-cm-gra.webp?fit=800%2C800&ssl=1\" \/>\n\t<meta property=\"og:image:width\" content=\"800\" \/>\n\t<meta property=\"og:image:height\" content=\"800\" \/>\n\t<meta property=\"og:image:type\" content=\"image\/webp\" \/>\n<meta name=\"twitter:card\" content=\"summary_large_image\" \/>\n<meta name=\"twitter:label1\" content=\"Ber\u00e4knad l\u00e4stid\" \/>\n\t<meta name=\"twitter:data1\" content=\"1 minut\" \/>\n<!-- \/ Yoast SEO plugin. -->","yoast_head_json":{"title":"TRUUSK Solstol - Hopf\u00e4llbar - F\u00e4llbart Ryggst\u00f6d - Med Muggh\u00e5llare - Upp Till 120 Kg - Gr\u00e5 - TRUUSK - Hem, Tr\u00e4dg\u00e5rd &amp; Fritid","robots":{"index":"index","follow":"follow","max-snippet":"max-snippet:-1","max-image-preview":"max-image-preview:large","max-video-preview":"max-video-preview:-1"},"canonical":"https:\/\/truusk.store\/sv\/produkt\/truusk-solstol-hopfallbar-fallbart-ryggstod-med-mugghallare-upp-till-120-kg-gra\/","og_locale":"sv_SE","og_type":"article","og_title":"TRUUSK Solstol - Hopf\u00e4llbar - F\u00e4llbart Ryggst\u00f6d - Med Muggh\u00e5llare - Upp Till 120 Kg - Gr\u00e5 - TRUUSK - Hem, Tr\u00e4dg\u00e5rd &amp; Fritid","og_description":"Denna hopf\u00e4llbara solstol st\u00e5r f\u00f6r njutning av ren frisk luft! Dess kompakta hopf\u00e4llbara design g\u00f6r den perfekt f\u00f6r resor, camping...","og_url":"https:\/\/truusk.store\/sv\/produkt\/truusk-solstol-hopfallbar-fallbart-ryggstod-med-mugghallare-upp-till-120-kg-gra\/","og_site_name":"TRUUSK - Hem, Tr\u00e4dg\u00e5rd &amp; Fritid","article_modified_time":"2026-03-12T08:18:22+00:00","og_image":[{"width":800,"height":800,"url":"https:\/\/i0.wp.com\/truusk.se\/wp-content\/uploads\/2024\/02\/solstol-hopfallbar-fallbart-ryggstod-med-mugghallare-upp-till-120-kg-68-x-186-x-48-cm-gra.webp?fit=800%2C800&ssl=1","type":"image\/webp"}],"twitter_card":"summary_large_image","twitter_misc":{"Ber\u00e4knad l\u00e4stid":"1 minut"},"schema":{"@context":"https:\/\/schema.org","@graph":[{"@type":"WebPage","@id":"https:\/\/truusk.store\/sv\/produkt\/truusk-solstol-hopfallbar-fallbart-ryggstod-med-mugghallare-upp-till-120-kg-gra\/","url":"https:\/\/truusk.store\/sv\/produkt\/truusk-solstol-hopfallbar-fallbart-ryggstod-med-mugghallare-upp-till-120-kg-gra\/","name":"TRUUSK Solstol - Hopf\u00e4llbar - F\u00e4llbart Ryggst\u00f6d - Med Muggh\u00e5llare - Upp Till 120 Kg - Gr\u00e5 - TRUUSK - Hem, Tr\u00e4dg\u00e5rd &amp; Fritid","isPartOf":{"@id":"https:\/\/truusk.store\/sv\/#website"},"primaryImageOfPage":{"@id":"https:\/\/truusk.store\/sv\/produkt\/truusk-solstol-hopfallbar-fallbart-ryggstod-med-mugghallare-upp-till-120-kg-gra\/#primaryimage"},"image":{"@id":"https:\/\/truusk.store\/sv\/produkt\/truusk-solstol-hopfallbar-fallbart-ryggstod-med-mugghallare-upp-till-120-kg-gra\/#primaryimage"},"thumbnailUrl":"https:\/\/i0.wp.com\/truusk.store\/wp-content\/uploads\/2024\/02\/solstol-hopfallbar-fallbart-ryggstod-med-mugghallare-upp-till-120-kg-68-x-186-x-48-cm-gra.webp?fit=800%2C800&ssl=1","datePublished":"2024-02-29T22:40:08+00:00","dateModified":"2026-03-12T08:18:22+00:00","breadcrumb":{"@id":"https:\/\/truusk.store\/sv\/produkt\/truusk-solstol-hopfallbar-fallbart-ryggstod-med-mugghallare-upp-till-120-kg-gra\/#breadcrumb"},"inLanguage":"sv-SE","potentialAction":[{"@type":"ReadAction","target":["https:\/\/truusk.store\/sv\/produkt\/truusk-solstol-hopfallbar-fallbart-ryggstod-med-mugghallare-upp-till-120-kg-gra\/"]}]},{"@type":"ImageObject","inLanguage":"sv-SE","@id":"https:\/\/truusk.store\/sv\/produkt\/truusk-solstol-hopfallbar-fallbart-ryggstod-med-mugghallare-upp-till-120-kg-gra\/#primaryimage","url":"https:\/\/i0.wp.com\/truusk.store\/wp-content\/uploads\/2024\/02\/solstol-hopfallbar-fallbart-ryggstod-med-mugghallare-upp-till-120-kg-68-x-186-x-48-cm-gra.webp?fit=800%2C800&ssl=1","contentUrl":"https:\/\/i0.wp.com\/truusk.store\/wp-content\/uploads\/2024\/02\/solstol-hopfallbar-fallbart-ryggstod-med-mugghallare-upp-till-120-kg-68-x-186-x-48-cm-gra.webp?fit=800%2C800&ssl=1","width":800,"height":800,"caption":"Solstol, Hopf\u00e4llbar, F\u00e4llbart Ryggst\u00f6d, Med Muggh\u00e5llare, Upp Till 120 Kg, 68 X 186 X 48 Cm, Gr\u00e5 1"},{"@type":"BreadcrumbList","@id":"https:\/\/truusk.store\/sv\/produkt\/truusk-solstol-hopfallbar-fallbart-ryggstod-med-mugghallare-upp-till-120-kg-gra\/#breadcrumb","itemListElement":[{"@type":"ListItem","position":1,"name":"Home","item":"https:\/\/truusk.store\/sv\/"},{"@type":"ListItem","position":2,"name":"Shop","item":"https:\/\/truusk.store\/shop\/"},{"@type":"ListItem","position":3,"name":"TRUUSK Solstol &#8211; Hopf\u00e4llbar &#8211; F\u00e4llbart Ryggst\u00f6d &#8211; Med Muggh\u00e5llare &#8211; Upp Till 120 Kg &#8211; Gr\u00e5"}]},{"@type":"WebSite","@id":"https:\/\/truusk.store\/sv\/#website","url":"https:\/\/truusk.store\/sv\/","name":"TRUUSK - Hem, Tr\u00e4dg\u00e5rd & Fritid","description":"","publisher":{"@id":"https:\/\/truusk.store\/sv\/#organization"},"potentialAction":[{"@type":"SearchAction","target":{"@type":"EntryPoint","urlTemplate":"https:\/\/truusk.store\/sv\/?s={search_term_string}"},"query-input":{"@type":"PropertyValueSpecification","valueRequired":true,"valueName":"search_term_string"}}],"inLanguage":"sv-SE"},{"@type":"Organization","@id":"https:\/\/truusk.store\/sv\/#organization","name":"TRUUSK - Hem, Tr\u00e4dg\u00e5rd & Fritid","url":"https:\/\/truusk.store\/sv\/","logo":{"@type":"ImageObject","inLanguage":"sv-SE","@id":"https:\/\/truusk.store\/sv\/#\/schema\/logo\/image\/","url":"https:\/\/i0.wp.com\/truusk.store\/wp-content\/uploads\/2026\/03\/cropped-TRUUSK.png?fit=2032%2C917&ssl=1","contentUrl":"https:\/\/i0.wp.com\/truusk.store\/wp-content\/uploads\/2026\/03\/cropped-TRUUSK.png?fit=2032%2C917&ssl=1","width":2032,"height":917,"caption":"TRUUSK - Hem, Tr\u00e4dg\u00e5rd & Fritid"},"image":{"@id":"https:\/\/truusk.store\/sv\/#\/schema\/logo\/image\/"}}]}},"jetpack_sharing_enabled":true,"_links":{"self":[{"href":"https:\/\/truusk.store\/sv\/wp-json\/wp\/v2\/product\/50604","targetHints":{"allow":["GET"]}}],"collection":[{"href":"https:\/\/truusk.store\/sv\/wp-json\/wp\/v2\/product"}],"about":[{"href":"https:\/\/truusk.store\/sv\/wp-json\/wp\/v2\/types\/product"}],"wp:featuredmedia":[{"embeddable":true,"href":"https:\/\/truusk.store\/sv\/wp-json\/wp\/v2\/media\/50605"}],"wp:attachment":[{"href":"https:\/\/truusk.store\/sv\/wp-json\/wp\/v2\/media?parent=50604"}],"wp:term":[{"taxonomy":"product_brand","embeddable":true,"href":"https:\/\/truusk.store\/sv\/wp-json\/wp\/v2\/product_brand?post=50604"},{"taxonomy":"product_cat","embeddable":true,"href":"https:\/\/truusk.store\/sv\/wp-json\/wp\/v2\/product_cat?post=50604"},{"taxonomy":"product_tag","embeddable":true,"href":"https:\/\/truusk.store\/sv\/wp-json\/wp\/v2\/product_tag?post=50604"}],"curies":[{"name":"wp","href":"https:\/\/api.w.org\/{rel}","templated":true}]}}