{"id":50640,"date":"2024-03-01T00:30:08","date_gmt":"2024-02-29T23:30:08","guid":{"rendered":"https:\/\/truusk.store\/product\/strandsang-hopfallbar-justerbart-ryggstod-sidficka-mjuk-stoppning-stalram-gra-142x51x40cm\/"},"modified":"2026-03-12T09:26:16","modified_gmt":"2026-03-12T08:26:16","slug":"truusk-strandsang-hopfallbar-justerbart-ryggstod-sidficka-mjuk-stoppning-stalram-gra-142x51x40cm","status":"publish","type":"product","link":"https:\/\/truusk.store\/sv\/produkt\/truusk-strandsang-hopfallbar-justerbart-ryggstod-sidficka-mjuk-stoppning-stalram-gra-142x51x40cm\/","title":{"rendered":"TRUUSK Strands\u00e4ng &#8211; Hopf\u00e4llbar &#8211; Justerbart Ryggst\u00f6d &#8211; Sidficka &#8211; Mjuk Stoppning &#8211; St\u00e5lram &#8211; Gr\u00e5 &#8211; 142x51x40cm"},"content":{"rendered":"<p>Om det \u00e4r n\u00e5got du beh\u00f6ver p\u00e5 stranden i sommar s\u00e5 \u00e4r det dessa strandstolar. De \u00e4r en riktig uppgradering till den vanliga strandhandduken eftersom de har en robust st\u00e5lram och ett bekv\u00e4mt tyg\u00f6verdrag. Strands\u00e4ngen kan snabbt f\u00e4llas upp och kommer med en b\u00e4rv\u00e4ska. Tack vare den mjuka stoppningen st\u00f6ds din kropp optimalt s\u00e5 att du kan njuta av din strandsemester bekv\u00e4mt.<\/p>\n<h3>Beskrivning:<\/h3>\n<ul>\n<li>F\u00e4lls ner till en kompakt storlek f\u00f6r enkel transport och f\u00f6rvaring<\/li>\n<li>Bakpanel med sidoficka med dragkedja f\u00f6r tidningar<\/li>\n<li>Justerbart ryggst\u00f6d<\/li>\n<li>Slitstarkt Oxford-polyester\u00f6verdrag<\/li>\n<li>Inkluderar b\u00e4rv\u00e4ska<\/li>\n<\/ul>\n<h3>Teknisk data:<\/h3>\n<ul>\n<li>F\u00e4rg gr\u00e5<\/li>\n<li>Material: st\u00e5l, polyester<\/li>\n<li>\u00d6vergripande m\u00e5tt: 142L x 51W x 40H cm<\/li>\n<li>Vikstorlek: 51L x 51W x 3,5H cm<\/li>\n<li>Sittyta: 100L x 51W cm<\/li>\n<li>Ryggst\u00f6dsm\u00e5tt: 50L x 51W cm<\/li>\n<li>Lastkapacitet: 110 kg<\/li>\n<\/ul>\n<h3>Leveransens omfattning:<\/h3>\n<ul>\n<li>2 x strandstolar<\/li>\n<li>1 x B\u00e4rv\u00e4ska<\/li>\n<li>1 x manuell<\/li>\n<\/ul>\n","protected":false},"excerpt":{"rendered":"<p>Om det \u00e4r n\u00e5got du beh\u00f6ver p\u00e5 stranden i sommar s\u00e5 \u00e4r det dessa strandstolar. De \u00e4r en riktig uppgradering&#8230;<\/p>\n","protected":false},"featured_media":50641,"template":"","meta":[],"product_brand":[],"product_cat":[451,435,450],"product_tag":[],"class_list":{"0":"post-50640","1":"product","2":"type-product","3":"status-publish","4":"has-post-thumbnail","6":"product_cat-solstolar","7":"product_cat-tradgard-och-terrass","8":"product_cat-tradgardsmobler","10":"first","11":"instock","12":"sale","13":"taxable","14":"shipping-taxable","15":"purchasable","16":"product-type-simple"},"yoast_head":"<!-- This site is optimized with the Yoast SEO plugin v25.4 - https:\/\/yoast.com\/wordpress\/plugins\/seo\/ -->\n<title>TRUUSK Strands\u00e4ng - Hopf\u00e4llbar - Justerbart Ryggst\u00f6d - Sidficka - Mjuk Stoppning - St\u00e5lram - Gr\u00e5 - 142x51x40cm - TRUUSK - Hem, Tr\u00e4dg\u00e5rd &amp; Fritid<\/title>\n<meta name=\"robots\" content=\"index, follow, max-snippet:-1, max-image-preview:large, max-video-preview:-1\" \/>\n<link rel=\"canonical\" href=\"https:\/\/truusk.store\/sv\/produkt\/truusk-strandsang-hopfallbar-justerbart-ryggstod-sidficka-mjuk-stoppning-stalram-gra-142x51x40cm\/\" \/>\n<meta property=\"og:locale\" content=\"sv_SE\" \/>\n<meta property=\"og:type\" content=\"article\" \/>\n<meta property=\"og:title\" content=\"TRUUSK Strands\u00e4ng - Hopf\u00e4llbar - Justerbart Ryggst\u00f6d - Sidficka - Mjuk Stoppning - St\u00e5lram - Gr\u00e5 - 142x51x40cm - TRUUSK - Hem, Tr\u00e4dg\u00e5rd &amp; Fritid\" \/>\n<meta property=\"og:description\" content=\"Om det \u00e4r n\u00e5got du beh\u00f6ver p\u00e5 stranden i sommar s\u00e5 \u00e4r det dessa strandstolar. De \u00e4r en riktig uppgradering...\" \/>\n<meta property=\"og:url\" content=\"https:\/\/truusk.store\/sv\/produkt\/truusk-strandsang-hopfallbar-justerbart-ryggstod-sidficka-mjuk-stoppning-stalram-gra-142x51x40cm\/\" \/>\n<meta property=\"og:site_name\" content=\"TRUUSK - Hem, Tr\u00e4dg\u00e5rd &amp; Fritid\" \/>\n<meta property=\"article:modified_time\" content=\"2026-03-12T08:26:16+00:00\" \/>\n<meta property=\"og:image\" content=\"https:\/\/i0.wp.com\/truusk.se\/wp-content\/uploads\/2024\/03\/strandsang-hopfallbar-justerbart-ryggstod-sidficka-mjuk-stoppning-stalram-gra-142x51x40cm.webp?fit=800%2C800&ssl=1\" \/>\n\t<meta property=\"og:image:width\" content=\"800\" \/>\n\t<meta property=\"og:image:height\" content=\"800\" \/>\n\t<meta property=\"og:image:type\" content=\"image\/webp\" \/>\n<meta name=\"twitter:card\" content=\"summary_large_image\" \/>\n<meta name=\"twitter:label1\" content=\"Ber\u00e4knad l\u00e4stid\" \/>\n\t<meta name=\"twitter:data1\" content=\"1 minut\" \/>\n<!-- \/ Yoast SEO plugin. -->","yoast_head_json":{"title":"TRUUSK Strands\u00e4ng - Hopf\u00e4llbar - Justerbart Ryggst\u00f6d - Sidficka - Mjuk Stoppning - St\u00e5lram - Gr\u00e5 - 142x51x40cm - TRUUSK - Hem, Tr\u00e4dg\u00e5rd &amp; Fritid","robots":{"index":"index","follow":"follow","max-snippet":"max-snippet:-1","max-image-preview":"max-image-preview:large","max-video-preview":"max-video-preview:-1"},"canonical":"https:\/\/truusk.store\/sv\/produkt\/truusk-strandsang-hopfallbar-justerbart-ryggstod-sidficka-mjuk-stoppning-stalram-gra-142x51x40cm\/","og_locale":"sv_SE","og_type":"article","og_title":"TRUUSK Strands\u00e4ng - Hopf\u00e4llbar - Justerbart Ryggst\u00f6d - Sidficka - Mjuk Stoppning - St\u00e5lram - Gr\u00e5 - 142x51x40cm - TRUUSK - Hem, Tr\u00e4dg\u00e5rd &amp; Fritid","og_description":"Om det \u00e4r n\u00e5got du beh\u00f6ver p\u00e5 stranden i sommar s\u00e5 \u00e4r det dessa strandstolar. De \u00e4r en riktig uppgradering...","og_url":"https:\/\/truusk.store\/sv\/produkt\/truusk-strandsang-hopfallbar-justerbart-ryggstod-sidficka-mjuk-stoppning-stalram-gra-142x51x40cm\/","og_site_name":"TRUUSK - Hem, Tr\u00e4dg\u00e5rd &amp; Fritid","article_modified_time":"2026-03-12T08:26:16+00:00","og_image":[{"width":800,"height":800,"url":"https:\/\/i0.wp.com\/truusk.se\/wp-content\/uploads\/2024\/03\/strandsang-hopfallbar-justerbart-ryggstod-sidficka-mjuk-stoppning-stalram-gra-142x51x40cm.webp?fit=800%2C800&ssl=1","type":"image\/webp"}],"twitter_card":"summary_large_image","twitter_misc":{"Ber\u00e4knad l\u00e4stid":"1 minut"},"schema":{"@context":"https:\/\/schema.org","@graph":[{"@type":"WebPage","@id":"https:\/\/truusk.store\/sv\/produkt\/truusk-strandsang-hopfallbar-justerbart-ryggstod-sidficka-mjuk-stoppning-stalram-gra-142x51x40cm\/","url":"https:\/\/truusk.store\/sv\/produkt\/truusk-strandsang-hopfallbar-justerbart-ryggstod-sidficka-mjuk-stoppning-stalram-gra-142x51x40cm\/","name":"TRUUSK Strands\u00e4ng - Hopf\u00e4llbar - Justerbart Ryggst\u00f6d - Sidficka - Mjuk Stoppning - St\u00e5lram - Gr\u00e5 - 142x51x40cm - TRUUSK - Hem, Tr\u00e4dg\u00e5rd &amp; Fritid","isPartOf":{"@id":"https:\/\/truusk.store\/sv\/#website"},"primaryImageOfPage":{"@id":"https:\/\/truusk.store\/sv\/produkt\/truusk-strandsang-hopfallbar-justerbart-ryggstod-sidficka-mjuk-stoppning-stalram-gra-142x51x40cm\/#primaryimage"},"image":{"@id":"https:\/\/truusk.store\/sv\/produkt\/truusk-strandsang-hopfallbar-justerbart-ryggstod-sidficka-mjuk-stoppning-stalram-gra-142x51x40cm\/#primaryimage"},"thumbnailUrl":"https:\/\/i0.wp.com\/truusk.store\/wp-content\/uploads\/2024\/03\/strandsang-hopfallbar-justerbart-ryggstod-sidficka-mjuk-stoppning-stalram-gra-142x51x40cm.webp?fit=800%2C800&ssl=1","datePublished":"2024-02-29T23:30:08+00:00","dateModified":"2026-03-12T08:26:16+00:00","breadcrumb":{"@id":"https:\/\/truusk.store\/sv\/produkt\/truusk-strandsang-hopfallbar-justerbart-ryggstod-sidficka-mjuk-stoppning-stalram-gra-142x51x40cm\/#breadcrumb"},"inLanguage":"sv-SE","potentialAction":[{"@type":"ReadAction","target":["https:\/\/truusk.store\/sv\/produkt\/truusk-strandsang-hopfallbar-justerbart-ryggstod-sidficka-mjuk-stoppning-stalram-gra-142x51x40cm\/"]}]},{"@type":"ImageObject","inLanguage":"sv-SE","@id":"https:\/\/truusk.store\/sv\/produkt\/truusk-strandsang-hopfallbar-justerbart-ryggstod-sidficka-mjuk-stoppning-stalram-gra-142x51x40cm\/#primaryimage","url":"https:\/\/i0.wp.com\/truusk.store\/wp-content\/uploads\/2024\/03\/strandsang-hopfallbar-justerbart-ryggstod-sidficka-mjuk-stoppning-stalram-gra-142x51x40cm.webp?fit=800%2C800&ssl=1","contentUrl":"https:\/\/i0.wp.com\/truusk.store\/wp-content\/uploads\/2024\/03\/strandsang-hopfallbar-justerbart-ryggstod-sidficka-mjuk-stoppning-stalram-gra-142x51x40cm.webp?fit=800%2C800&ssl=1","width":800,"height":800,"caption":"Strands\u00e4ng, Hopf\u00e4llbar, Justerbart Ryggst\u00f6d, Sidficka, Mjuk Stoppning, St\u00e5lram, Gr\u00e5, 142x51x40cm 1"},{"@type":"BreadcrumbList","@id":"https:\/\/truusk.store\/sv\/produkt\/truusk-strandsang-hopfallbar-justerbart-ryggstod-sidficka-mjuk-stoppning-stalram-gra-142x51x40cm\/#breadcrumb","itemListElement":[{"@type":"ListItem","position":1,"name":"Home","item":"https:\/\/truusk.store\/sv\/"},{"@type":"ListItem","position":2,"name":"Shop","item":"https:\/\/truusk.store\/shop\/"},{"@type":"ListItem","position":3,"name":"TRUUSK Strands\u00e4ng &#8211; Hopf\u00e4llbar &#8211; Justerbart Ryggst\u00f6d &#8211; Sidficka &#8211; Mjuk Stoppning &#8211; St\u00e5lram &#8211; Gr\u00e5 &#8211; 142x51x40cm"}]},{"@type":"WebSite","@id":"https:\/\/truusk.store\/sv\/#website","url":"https:\/\/truusk.store\/sv\/","name":"TRUUSK - Hem, Tr\u00e4dg\u00e5rd & Fritid","description":"","publisher":{"@id":"https:\/\/truusk.store\/sv\/#organization"},"potentialAction":[{"@type":"SearchAction","target":{"@type":"EntryPoint","urlTemplate":"https:\/\/truusk.store\/sv\/?s={search_term_string}"},"query-input":{"@type":"PropertyValueSpecification","valueRequired":true,"valueName":"search_term_string"}}],"inLanguage":"sv-SE"},{"@type":"Organization","@id":"https:\/\/truusk.store\/sv\/#organization","name":"TRUUSK - Hem, Tr\u00e4dg\u00e5rd & Fritid","url":"https:\/\/truusk.store\/sv\/","logo":{"@type":"ImageObject","inLanguage":"sv-SE","@id":"https:\/\/truusk.store\/sv\/#\/schema\/logo\/image\/","url":"https:\/\/i0.wp.com\/truusk.store\/wp-content\/uploads\/2026\/03\/cropped-TRUUSK.png?fit=2032%2C917&ssl=1","contentUrl":"https:\/\/i0.wp.com\/truusk.store\/wp-content\/uploads\/2026\/03\/cropped-TRUUSK.png?fit=2032%2C917&ssl=1","width":2032,"height":917,"caption":"TRUUSK - Hem, Tr\u00e4dg\u00e5rd & Fritid"},"image":{"@id":"https:\/\/truusk.store\/sv\/#\/schema\/logo\/image\/"}}]}},"jetpack_sharing_enabled":true,"_links":{"self":[{"href":"https:\/\/truusk.store\/sv\/wp-json\/wp\/v2\/product\/50640","targetHints":{"allow":["GET"]}}],"collection":[{"href":"https:\/\/truusk.store\/sv\/wp-json\/wp\/v2\/product"}],"about":[{"href":"https:\/\/truusk.store\/sv\/wp-json\/wp\/v2\/types\/product"}],"wp:featuredmedia":[{"embeddable":true,"href":"https:\/\/truusk.store\/sv\/wp-json\/wp\/v2\/media\/50641"}],"wp:attachment":[{"href":"https:\/\/truusk.store\/sv\/wp-json\/wp\/v2\/media?parent=50640"}],"wp:term":[{"taxonomy":"product_brand","embeddable":true,"href":"https:\/\/truusk.store\/sv\/wp-json\/wp\/v2\/product_brand?post=50640"},{"taxonomy":"product_cat","embeddable":true,"href":"https:\/\/truusk.store\/sv\/wp-json\/wp\/v2\/product_cat?post=50640"},{"taxonomy":"product_tag","embeddable":true,"href":"https:\/\/truusk.store\/sv\/wp-json\/wp\/v2\/product_tag?post=50640"}],"curies":[{"name":"wp","href":"https:\/\/api.w.org\/{rel}","templated":true}]}}