{"id":50746,"date":"2024-03-01T04:20:08","date_gmt":"2024-03-01T03:20:08","guid":{"rendered":"https:\/\/truusk.store\/product\/parasollstall-parasollhallare-parasollfot-vaderbestandig-51-cm-x-51-cm-x-32h-cm-svart\/"},"modified":"2026-03-12T09:20:28","modified_gmt":"2026-03-12T08:20:28","slug":"truusk-parasollstall-vaderbestandig-parasollhallare-51x51x32-cm-svart","status":"publish","type":"product","link":"https:\/\/truusk.store\/sv\/produkt\/truusk-parasollstall-vaderbestandig-parasollhallare-51x51x32-cm-svart\/","title":{"rendered":"TRUUSK Parasollst\u00e4ll &#8211; V\u00e4derbest\u00e4ndig Parasollh\u00e5llare &#8211; 51x51x32 cm &#8211; Svart"},"content":{"rendered":"<p>Njut av utomhuslivsstilen med detta attraktiva parasollst\u00e4ll. Den \u00e4r graverad med ett stilrent och enkelt m\u00f6nster som passar perfekt in i din tr\u00e4dg\u00e5rd eller uteplats. Kombinera helt enkelt ditt parasoll med ett bord och stolar f\u00f6r att skapa en oas av avkoppling. V\u00e5rt p\u00e5fyllbara parasollst\u00e4ll h\u00e5ller ditt parasoll s\u00e4kert och stabilt p\u00e5 plats.<\/p>\n<h3>Beskrivning:<\/h3>\n<ul>\n<li>Paraplyst\u00e5ngen \u00e4r l\u00e4mplig f\u00f6r tr\u00e4dg\u00e5rdsparaplyer med 32 mm, 38 mm och 48 mm<\/li>\n<li>Tillverkad av v\u00e4derbest\u00e4ndig harts och metall med en skyddande bel\u00e4ggning f\u00f6r utomhusbruk<\/li>\n<li>Med en l\u00e5sknapp p\u00e5 sidan f\u00f6r att stabilisera paraplyst\u00e5ngen<\/li>\n<li>L\u00e4mplig f\u00f6r anv\u00e4ndning i tr\u00e4dg\u00e5rden, uteplatsen, poolen eller andra utomhusomr\u00e5den<\/li>\n<li>Enkel montering kr\u00e4vs<\/li>\n<\/ul>\n<h3>Teknisk data:<\/h3>\n<ul>\n<li>Svart f\u00e4rg<\/li>\n<li>Material: harts, metall<\/li>\n<li>Nettovikt: 19 kg<\/li>\n<li>\u00d6vergripande m\u00e5tt: 51L x 51W x 32H cm<\/li>\n<li>Bottenplattans storlek: 51L x 51W x 8H cm<\/li>\n<li>St\u00e5ngstorlek: 5,7 x 25,5H cm<\/li>\n<li>L\u00e4mplig f\u00f6r paraplyst\u00e4nger: 32mm, 38mm, 48mm<\/li>\n<li>Matchande Parasol Parent SKU: X-84D-018, X-84D-032, kontakta kundtj\u00e4nst f\u00f6r produktl\u00e4nkar om du beh\u00f6ver dem<\/li>\n<li>Obs: V\u00e4nligen m\u00e4t diametern p\u00e5 din paraplyst\u00e5ng i f\u00f6rv\u00e4g f\u00f6r att s\u00e4kerst\u00e4lla att v\u00e5r bas passar bra.<\/li>\n<\/ul>\n<h3>Leveransens omfattning:<\/h3>\n<ul>\n<li>1 x Parasollst\u00e4ll<\/li>\n<li>1 x manuell<\/li>\n<\/ul>\n","protected":false},"excerpt":{"rendered":"<p>Njut av utomhuslivsstilen med detta attraktiva parasollst\u00e4ll. Den \u00e4r graverad med ett stilrent och enkelt m\u00f6nster som passar perfekt in&#8230;<\/p>\n","protected":false},"featured_media":50747,"template":"","meta":[],"product_brand":[],"product_cat":[723,472,471,435],"product_tag":[],"class_list":{"0":"post-50746","1":"product","2":"type-product","3":"status-publish","4":"has-post-thumbnail","6":"product_cat-paraplystall","7":"product_cat-parasoller","8":"product_cat-solskydd-integritetsskydd","9":"product_cat-tradgard-och-terrass","11":"first","12":"instock","13":"sale","14":"taxable","15":"shipping-taxable","16":"purchasable","17":"product-type-simple"},"yoast_head":"<!-- This site is optimized with the Yoast SEO plugin v25.4 - https:\/\/yoast.com\/wordpress\/plugins\/seo\/ -->\n<title>TRUUSK Parasollst\u00e4ll - V\u00e4derbest\u00e4ndig Parasollh\u00e5llare - 51x51x32 cm - Svart - TRUUSK - Hem, Tr\u00e4dg\u00e5rd &amp; Fritid<\/title>\n<meta name=\"robots\" content=\"index, follow, max-snippet:-1, max-image-preview:large, max-video-preview:-1\" \/>\n<link rel=\"canonical\" href=\"https:\/\/truusk.store\/sv\/produkt\/truusk-parasollstall-vaderbestandig-parasollhallare-51x51x32-cm-svart\/\" \/>\n<meta property=\"og:locale\" content=\"sv_SE\" \/>\n<meta property=\"og:type\" content=\"article\" \/>\n<meta property=\"og:title\" content=\"TRUUSK Parasollst\u00e4ll - V\u00e4derbest\u00e4ndig Parasollh\u00e5llare - 51x51x32 cm - Svart - TRUUSK - Hem, Tr\u00e4dg\u00e5rd &amp; Fritid\" \/>\n<meta property=\"og:description\" content=\"Njut av utomhuslivsstilen med detta attraktiva parasollst\u00e4ll. Den \u00e4r graverad med ett stilrent och enkelt m\u00f6nster som passar perfekt in...\" \/>\n<meta property=\"og:url\" content=\"https:\/\/truusk.store\/sv\/produkt\/truusk-parasollstall-vaderbestandig-parasollhallare-51x51x32-cm-svart\/\" \/>\n<meta property=\"og:site_name\" content=\"TRUUSK - Hem, Tr\u00e4dg\u00e5rd &amp; Fritid\" \/>\n<meta property=\"article:modified_time\" content=\"2026-03-12T08:20:28+00:00\" \/>\n<meta property=\"og:image\" content=\"https:\/\/i0.wp.com\/truusk.se\/wp-content\/uploads\/2024\/03\/parasollstall-parasollhallare-parasollfot-vaderbestandig-51-cm-x-51-cm-x-32h-cm-svart.webp?fit=800%2C800&ssl=1\" \/>\n\t<meta property=\"og:image:width\" content=\"800\" \/>\n\t<meta property=\"og:image:height\" content=\"800\" \/>\n\t<meta property=\"og:image:type\" content=\"image\/webp\" \/>\n<meta name=\"twitter:card\" content=\"summary_large_image\" \/>\n<meta name=\"twitter:label1\" content=\"Ber\u00e4knad l\u00e4stid\" \/>\n\t<meta name=\"twitter:data1\" content=\"1 minut\" \/>\n<!-- \/ Yoast SEO plugin. -->","yoast_head_json":{"title":"TRUUSK Parasollst\u00e4ll - V\u00e4derbest\u00e4ndig Parasollh\u00e5llare - 51x51x32 cm - Svart - TRUUSK - Hem, Tr\u00e4dg\u00e5rd &amp; Fritid","robots":{"index":"index","follow":"follow","max-snippet":"max-snippet:-1","max-image-preview":"max-image-preview:large","max-video-preview":"max-video-preview:-1"},"canonical":"https:\/\/truusk.store\/sv\/produkt\/truusk-parasollstall-vaderbestandig-parasollhallare-51x51x32-cm-svart\/","og_locale":"sv_SE","og_type":"article","og_title":"TRUUSK Parasollst\u00e4ll - V\u00e4derbest\u00e4ndig Parasollh\u00e5llare - 51x51x32 cm - Svart - TRUUSK - Hem, Tr\u00e4dg\u00e5rd &amp; Fritid","og_description":"Njut av utomhuslivsstilen med detta attraktiva parasollst\u00e4ll. Den \u00e4r graverad med ett stilrent och enkelt m\u00f6nster som passar perfekt in...","og_url":"https:\/\/truusk.store\/sv\/produkt\/truusk-parasollstall-vaderbestandig-parasollhallare-51x51x32-cm-svart\/","og_site_name":"TRUUSK - Hem, Tr\u00e4dg\u00e5rd &amp; Fritid","article_modified_time":"2026-03-12T08:20:28+00:00","og_image":[{"width":800,"height":800,"url":"https:\/\/i0.wp.com\/truusk.se\/wp-content\/uploads\/2024\/03\/parasollstall-parasollhallare-parasollfot-vaderbestandig-51-cm-x-51-cm-x-32h-cm-svart.webp?fit=800%2C800&ssl=1","type":"image\/webp"}],"twitter_card":"summary_large_image","twitter_misc":{"Ber\u00e4knad l\u00e4stid":"1 minut"},"schema":{"@context":"https:\/\/schema.org","@graph":[{"@type":"WebPage","@id":"https:\/\/truusk.store\/sv\/produkt\/truusk-parasollstall-vaderbestandig-parasollhallare-51x51x32-cm-svart\/","url":"https:\/\/truusk.store\/sv\/produkt\/truusk-parasollstall-vaderbestandig-parasollhallare-51x51x32-cm-svart\/","name":"TRUUSK Parasollst\u00e4ll - V\u00e4derbest\u00e4ndig Parasollh\u00e5llare - 51x51x32 cm - Svart - TRUUSK - Hem, Tr\u00e4dg\u00e5rd &amp; Fritid","isPartOf":{"@id":"https:\/\/truusk.store\/sv\/#website"},"primaryImageOfPage":{"@id":"https:\/\/truusk.store\/sv\/produkt\/truusk-parasollstall-vaderbestandig-parasollhallare-51x51x32-cm-svart\/#primaryimage"},"image":{"@id":"https:\/\/truusk.store\/sv\/produkt\/truusk-parasollstall-vaderbestandig-parasollhallare-51x51x32-cm-svart\/#primaryimage"},"thumbnailUrl":"https:\/\/i0.wp.com\/truusk.store\/wp-content\/uploads\/2024\/03\/parasollstall-parasollhallare-parasollfot-vaderbestandig-51-cm-x-51-cm-x-32h-cm-svart.webp?fit=800%2C800&ssl=1","datePublished":"2024-03-01T03:20:08+00:00","dateModified":"2026-03-12T08:20:28+00:00","breadcrumb":{"@id":"https:\/\/truusk.store\/sv\/produkt\/truusk-parasollstall-vaderbestandig-parasollhallare-51x51x32-cm-svart\/#breadcrumb"},"inLanguage":"sv-SE","potentialAction":[{"@type":"ReadAction","target":["https:\/\/truusk.store\/sv\/produkt\/truusk-parasollstall-vaderbestandig-parasollhallare-51x51x32-cm-svart\/"]}]},{"@type":"ImageObject","inLanguage":"sv-SE","@id":"https:\/\/truusk.store\/sv\/produkt\/truusk-parasollstall-vaderbestandig-parasollhallare-51x51x32-cm-svart\/#primaryimage","url":"https:\/\/i0.wp.com\/truusk.store\/wp-content\/uploads\/2024\/03\/parasollstall-parasollhallare-parasollfot-vaderbestandig-51-cm-x-51-cm-x-32h-cm-svart.webp?fit=800%2C800&ssl=1","contentUrl":"https:\/\/i0.wp.com\/truusk.store\/wp-content\/uploads\/2024\/03\/parasollstall-parasollhallare-parasollfot-vaderbestandig-51-cm-x-51-cm-x-32h-cm-svart.webp?fit=800%2C800&ssl=1","width":800,"height":800,"caption":"Parasollst\u00e4ll Parasollh\u00e5llare Parasollfot, V\u00e4derbest\u00e4ndig, 51 Cm X 51 Cm X 32H Cm, Svart 1"},{"@type":"BreadcrumbList","@id":"https:\/\/truusk.store\/sv\/produkt\/truusk-parasollstall-vaderbestandig-parasollhallare-51x51x32-cm-svart\/#breadcrumb","itemListElement":[{"@type":"ListItem","position":1,"name":"Home","item":"https:\/\/truusk.store\/sv\/"},{"@type":"ListItem","position":2,"name":"Shop","item":"https:\/\/truusk.store\/shop\/"},{"@type":"ListItem","position":3,"name":"TRUUSK Parasollst\u00e4ll &#8211; V\u00e4derbest\u00e4ndig Parasollh\u00e5llare &#8211; 51x51x32 cm &#8211; Svart"}]},{"@type":"WebSite","@id":"https:\/\/truusk.store\/sv\/#website","url":"https:\/\/truusk.store\/sv\/","name":"TRUUSK - Hem, Tr\u00e4dg\u00e5rd & Fritid","description":"","publisher":{"@id":"https:\/\/truusk.store\/sv\/#organization"},"potentialAction":[{"@type":"SearchAction","target":{"@type":"EntryPoint","urlTemplate":"https:\/\/truusk.store\/sv\/?s={search_term_string}"},"query-input":{"@type":"PropertyValueSpecification","valueRequired":true,"valueName":"search_term_string"}}],"inLanguage":"sv-SE"},{"@type":"Organization","@id":"https:\/\/truusk.store\/sv\/#organization","name":"TRUUSK - Hem, Tr\u00e4dg\u00e5rd & Fritid","url":"https:\/\/truusk.store\/sv\/","logo":{"@type":"ImageObject","inLanguage":"sv-SE","@id":"https:\/\/truusk.store\/sv\/#\/schema\/logo\/image\/","url":"https:\/\/i0.wp.com\/truusk.store\/wp-content\/uploads\/2026\/03\/cropped-TRUUSK.png?fit=2032%2C917&ssl=1","contentUrl":"https:\/\/i0.wp.com\/truusk.store\/wp-content\/uploads\/2026\/03\/cropped-TRUUSK.png?fit=2032%2C917&ssl=1","width":2032,"height":917,"caption":"TRUUSK - Hem, Tr\u00e4dg\u00e5rd & Fritid"},"image":{"@id":"https:\/\/truusk.store\/sv\/#\/schema\/logo\/image\/"}}]}},"jetpack_sharing_enabled":true,"_links":{"self":[{"href":"https:\/\/truusk.store\/sv\/wp-json\/wp\/v2\/product\/50746","targetHints":{"allow":["GET"]}}],"collection":[{"href":"https:\/\/truusk.store\/sv\/wp-json\/wp\/v2\/product"}],"about":[{"href":"https:\/\/truusk.store\/sv\/wp-json\/wp\/v2\/types\/product"}],"wp:featuredmedia":[{"embeddable":true,"href":"https:\/\/truusk.store\/sv\/wp-json\/wp\/v2\/media\/50747"}],"wp:attachment":[{"href":"https:\/\/truusk.store\/sv\/wp-json\/wp\/v2\/media?parent=50746"}],"wp:term":[{"taxonomy":"product_brand","embeddable":true,"href":"https:\/\/truusk.store\/sv\/wp-json\/wp\/v2\/product_brand?post=50746"},{"taxonomy":"product_cat","embeddable":true,"href":"https:\/\/truusk.store\/sv\/wp-json\/wp\/v2\/product_cat?post=50746"},{"taxonomy":"product_tag","embeddable":true,"href":"https:\/\/truusk.store\/sv\/wp-json\/wp\/v2\/product_tag?post=50746"}],"curies":[{"name":"wp","href":"https:\/\/api.w.org\/{rel}","templated":true}]}}