{"id":50781,"date":"2024-03-01T07:50:07","date_gmt":"2024-03-01T06:50:07","guid":{"rendered":"https:\/\/truusk.store\/product\/vandbar-utomhusmatta-vattentat-lovmonster-182x274cm-gra-vit\/"},"modified":"2026-03-12T09:36:16","modified_gmt":"2026-03-12T08:36:16","slug":"truusk-vandbar-utomhusmatta-vattentat-lovmonster-182x274cm-gra-vit","status":"publish","type":"product","link":"https:\/\/truusk.store\/sv\/produkt\/truusk-vandbar-utomhusmatta-vattentat-lovmonster-182x274cm-gra-vit\/","title":{"rendered":"TRUUSK V\u00e4ndbar Utomhusmatta &#8211; Vattent\u00e4t &#8211; L\u00f6vm\u00f6nster &#8211; 182x274cm &#8211; Gr\u00e5\/vit"},"content":{"rendered":"<p>Den vattent\u00e4ta utomhusmattan \u00e4r din idealiska, p\u00e5litliga f\u00f6ljeslagare n\u00e4r du campar, picknickar, p\u00e5 festivaler eller i din egen tr\u00e4dg\u00e5rd. Det mest mogna och vattenavvisande materialet s\u00e4kerst\u00e4ller h\u00e5llbarhet och skydd mot fukt. Tack vare sin v\u00e4ndbara design \u00e4r den extra praktisk och kan l\u00e4tt v\u00e4ndas vid behov. Mattan kommer \u00e4ven med en b\u00e4rv\u00e4ska som g\u00f6r den enkel att transportera och f\u00f6rvara.<\/p>\n<h3>Beskrivning:<\/h3>\n<ul>\n<li>Perfekt f\u00f6r camping, picknick, husbilsturer och mer<\/li>\n<li>L\u00e4tt att vika ihop och ta med \u00f6verallt<\/li>\n<li>M\u00e5ngsidig design som g\u00f6r b\u00e5da sidor anv\u00e4ndbara<\/li>\n<li>Tillverkad av slitstark polypropen med en skyddande bel\u00e4ggning f\u00f6r att motst\u00e5 solljus och skador<\/li>\n<\/ul>\n<h3>Teknisk data:<\/h3>\n<ul>\n<li>Design: blad<\/li>\n<li>F\u00e4rg: Gr\u00e5+vit<\/li>\n<li>Material: 310g\/m PP, fiberduk<\/li>\n<li>Totalstorlek: 182 x 274 cm<\/li>\n<li>Tjocklek: 0,3 cm<\/li>\n<li>B\u00e4rv\u00e4ska storlek: 39L x 37,5W x 15H cm<\/li>\n<li>Obs: Denna utomhusmatta \u00e4r inte brands\u00e4ker, h\u00e5ll den borta fr\u00e5n eld<\/li>\n<\/ul>\n<h3>Leveransens omfattning:<\/h3>\n<ul>\n<li>1 x Utomhusmatta<\/li>\n<li>1 x B\u00e4rv\u00e4ska<\/li>\n<\/ul>\n","protected":false},"excerpt":{"rendered":"<p>Den vattent\u00e4ta utomhusmattan \u00e4r din idealiska, p\u00e5litliga f\u00f6ljeslagare n\u00e4r du campar, picknickar, p\u00e5 festivaler eller i din egen tr\u00e4dg\u00e5rd. Det&#8230;<\/p>\n","protected":false},"featured_media":50782,"template":"","meta":[],"product_brand":[],"product_cat":[435,464,467],"product_tag":[],"class_list":{"0":"post-50781","1":"product","2":"type-product","3":"status-publish","4":"has-post-thumbnail","6":"product_cat-tradgard-och-terrass","7":"product_cat-tradgardsdekoration","8":"product_cat-utomhusmattor","10":"first","11":"instock","12":"sale","13":"taxable","14":"shipping-taxable","15":"purchasable","16":"product-type-simple"},"yoast_head":"<!-- This site is optimized with the Yoast SEO plugin v25.4 - https:\/\/yoast.com\/wordpress\/plugins\/seo\/ -->\n<title>TRUUSK V\u00e4ndbar Utomhusmatta - Vattent\u00e4t - L\u00f6vm\u00f6nster - 182x274cm - Gr\u00e5\/vit - TRUUSK - Hem, Tr\u00e4dg\u00e5rd &amp; Fritid<\/title>\n<meta name=\"robots\" content=\"index, follow, max-snippet:-1, max-image-preview:large, max-video-preview:-1\" \/>\n<link rel=\"canonical\" href=\"https:\/\/truusk.store\/sv\/produkt\/truusk-vandbar-utomhusmatta-vattentat-lovmonster-182x274cm-gra-vit\/\" \/>\n<meta property=\"og:locale\" content=\"sv_SE\" \/>\n<meta property=\"og:type\" content=\"article\" \/>\n<meta property=\"og:title\" content=\"TRUUSK V\u00e4ndbar Utomhusmatta - Vattent\u00e4t - L\u00f6vm\u00f6nster - 182x274cm - Gr\u00e5\/vit - TRUUSK - Hem, Tr\u00e4dg\u00e5rd &amp; Fritid\" \/>\n<meta property=\"og:description\" content=\"Den vattent\u00e4ta utomhusmattan \u00e4r din idealiska, p\u00e5litliga f\u00f6ljeslagare n\u00e4r du campar, picknickar, p\u00e5 festivaler eller i din egen tr\u00e4dg\u00e5rd. Det...\" \/>\n<meta property=\"og:url\" content=\"https:\/\/truusk.store\/sv\/produkt\/truusk-vandbar-utomhusmatta-vattentat-lovmonster-182x274cm-gra-vit\/\" \/>\n<meta property=\"og:site_name\" content=\"TRUUSK - Hem, Tr\u00e4dg\u00e5rd &amp; Fritid\" \/>\n<meta property=\"article:modified_time\" content=\"2026-03-12T08:36:16+00:00\" \/>\n<meta property=\"og:image\" content=\"https:\/\/i0.wp.com\/truusk.se\/wp-content\/uploads\/2024\/03\/vandbar-utomhusmatta-vattentat-lovmonster-182x274cm-gra-vit.webp?fit=800%2C800&ssl=1\" \/>\n\t<meta property=\"og:image:width\" content=\"800\" \/>\n\t<meta property=\"og:image:height\" content=\"800\" \/>\n\t<meta property=\"og:image:type\" content=\"image\/webp\" \/>\n<meta name=\"twitter:card\" content=\"summary_large_image\" \/>\n<meta name=\"twitter:label1\" content=\"Ber\u00e4knad l\u00e4stid\" \/>\n\t<meta name=\"twitter:data1\" content=\"1 minut\" \/>\n<!-- \/ Yoast SEO plugin. -->","yoast_head_json":{"title":"TRUUSK V\u00e4ndbar Utomhusmatta - Vattent\u00e4t - L\u00f6vm\u00f6nster - 182x274cm - Gr\u00e5\/vit - TRUUSK - Hem, Tr\u00e4dg\u00e5rd &amp; Fritid","robots":{"index":"index","follow":"follow","max-snippet":"max-snippet:-1","max-image-preview":"max-image-preview:large","max-video-preview":"max-video-preview:-1"},"canonical":"https:\/\/truusk.store\/sv\/produkt\/truusk-vandbar-utomhusmatta-vattentat-lovmonster-182x274cm-gra-vit\/","og_locale":"sv_SE","og_type":"article","og_title":"TRUUSK V\u00e4ndbar Utomhusmatta - Vattent\u00e4t - L\u00f6vm\u00f6nster - 182x274cm - Gr\u00e5\/vit - TRUUSK - Hem, Tr\u00e4dg\u00e5rd &amp; Fritid","og_description":"Den vattent\u00e4ta utomhusmattan \u00e4r din idealiska, p\u00e5litliga f\u00f6ljeslagare n\u00e4r du campar, picknickar, p\u00e5 festivaler eller i din egen tr\u00e4dg\u00e5rd. Det...","og_url":"https:\/\/truusk.store\/sv\/produkt\/truusk-vandbar-utomhusmatta-vattentat-lovmonster-182x274cm-gra-vit\/","og_site_name":"TRUUSK - Hem, Tr\u00e4dg\u00e5rd &amp; Fritid","article_modified_time":"2026-03-12T08:36:16+00:00","og_image":[{"width":800,"height":800,"url":"https:\/\/i0.wp.com\/truusk.se\/wp-content\/uploads\/2024\/03\/vandbar-utomhusmatta-vattentat-lovmonster-182x274cm-gra-vit.webp?fit=800%2C800&ssl=1","type":"image\/webp"}],"twitter_card":"summary_large_image","twitter_misc":{"Ber\u00e4knad l\u00e4stid":"1 minut"},"schema":{"@context":"https:\/\/schema.org","@graph":[{"@type":"WebPage","@id":"https:\/\/truusk.store\/sv\/produkt\/truusk-vandbar-utomhusmatta-vattentat-lovmonster-182x274cm-gra-vit\/","url":"https:\/\/truusk.store\/sv\/produkt\/truusk-vandbar-utomhusmatta-vattentat-lovmonster-182x274cm-gra-vit\/","name":"TRUUSK V\u00e4ndbar Utomhusmatta - Vattent\u00e4t - L\u00f6vm\u00f6nster - 182x274cm - Gr\u00e5\/vit - TRUUSK - Hem, Tr\u00e4dg\u00e5rd &amp; Fritid","isPartOf":{"@id":"https:\/\/truusk.store\/sv\/#website"},"primaryImageOfPage":{"@id":"https:\/\/truusk.store\/sv\/produkt\/truusk-vandbar-utomhusmatta-vattentat-lovmonster-182x274cm-gra-vit\/#primaryimage"},"image":{"@id":"https:\/\/truusk.store\/sv\/produkt\/truusk-vandbar-utomhusmatta-vattentat-lovmonster-182x274cm-gra-vit\/#primaryimage"},"thumbnailUrl":"https:\/\/i0.wp.com\/truusk.store\/wp-content\/uploads\/2024\/03\/vandbar-utomhusmatta-vattentat-lovmonster-182x274cm-gra-vit.webp?fit=800%2C800&ssl=1","datePublished":"2024-03-01T06:50:07+00:00","dateModified":"2026-03-12T08:36:16+00:00","breadcrumb":{"@id":"https:\/\/truusk.store\/sv\/produkt\/truusk-vandbar-utomhusmatta-vattentat-lovmonster-182x274cm-gra-vit\/#breadcrumb"},"inLanguage":"sv-SE","potentialAction":[{"@type":"ReadAction","target":["https:\/\/truusk.store\/sv\/produkt\/truusk-vandbar-utomhusmatta-vattentat-lovmonster-182x274cm-gra-vit\/"]}]},{"@type":"ImageObject","inLanguage":"sv-SE","@id":"https:\/\/truusk.store\/sv\/produkt\/truusk-vandbar-utomhusmatta-vattentat-lovmonster-182x274cm-gra-vit\/#primaryimage","url":"https:\/\/i0.wp.com\/truusk.store\/wp-content\/uploads\/2024\/03\/vandbar-utomhusmatta-vattentat-lovmonster-182x274cm-gra-vit.webp?fit=800%2C800&ssl=1","contentUrl":"https:\/\/i0.wp.com\/truusk.store\/wp-content\/uploads\/2024\/03\/vandbar-utomhusmatta-vattentat-lovmonster-182x274cm-gra-vit.webp?fit=800%2C800&ssl=1","width":800,"height":800,"caption":"V\u00e4ndbar Utomhusmatta, Vattent\u00e4t, L\u00f6vm\u00f6nster, 182x274cm, Gr\u00e5\/vit 1"},{"@type":"BreadcrumbList","@id":"https:\/\/truusk.store\/sv\/produkt\/truusk-vandbar-utomhusmatta-vattentat-lovmonster-182x274cm-gra-vit\/#breadcrumb","itemListElement":[{"@type":"ListItem","position":1,"name":"Home","item":"https:\/\/truusk.store\/sv\/"},{"@type":"ListItem","position":2,"name":"Shop","item":"https:\/\/truusk.store\/shop\/"},{"@type":"ListItem","position":3,"name":"TRUUSK V\u00e4ndbar Utomhusmatta &#8211; Vattent\u00e4t &#8211; L\u00f6vm\u00f6nster &#8211; 182x274cm &#8211; Gr\u00e5\/vit"}]},{"@type":"WebSite","@id":"https:\/\/truusk.store\/sv\/#website","url":"https:\/\/truusk.store\/sv\/","name":"TRUUSK - Hem, Tr\u00e4dg\u00e5rd & Fritid","description":"","publisher":{"@id":"https:\/\/truusk.store\/sv\/#organization"},"potentialAction":[{"@type":"SearchAction","target":{"@type":"EntryPoint","urlTemplate":"https:\/\/truusk.store\/sv\/?s={search_term_string}"},"query-input":{"@type":"PropertyValueSpecification","valueRequired":true,"valueName":"search_term_string"}}],"inLanguage":"sv-SE"},{"@type":"Organization","@id":"https:\/\/truusk.store\/sv\/#organization","name":"TRUUSK - Hem, Tr\u00e4dg\u00e5rd & Fritid","url":"https:\/\/truusk.store\/sv\/","logo":{"@type":"ImageObject","inLanguage":"sv-SE","@id":"https:\/\/truusk.store\/sv\/#\/schema\/logo\/image\/","url":"https:\/\/i0.wp.com\/truusk.store\/wp-content\/uploads\/2026\/03\/cropped-TRUUSK.png?fit=2032%2C917&ssl=1","contentUrl":"https:\/\/i0.wp.com\/truusk.store\/wp-content\/uploads\/2026\/03\/cropped-TRUUSK.png?fit=2032%2C917&ssl=1","width":2032,"height":917,"caption":"TRUUSK - Hem, Tr\u00e4dg\u00e5rd & Fritid"},"image":{"@id":"https:\/\/truusk.store\/sv\/#\/schema\/logo\/image\/"}}]}},"jetpack_sharing_enabled":true,"_links":{"self":[{"href":"https:\/\/truusk.store\/sv\/wp-json\/wp\/v2\/product\/50781","targetHints":{"allow":["GET"]}}],"collection":[{"href":"https:\/\/truusk.store\/sv\/wp-json\/wp\/v2\/product"}],"about":[{"href":"https:\/\/truusk.store\/sv\/wp-json\/wp\/v2\/types\/product"}],"wp:featuredmedia":[{"embeddable":true,"href":"https:\/\/truusk.store\/sv\/wp-json\/wp\/v2\/media\/50782"}],"wp:attachment":[{"href":"https:\/\/truusk.store\/sv\/wp-json\/wp\/v2\/media?parent=50781"}],"wp:term":[{"taxonomy":"product_brand","embeddable":true,"href":"https:\/\/truusk.store\/sv\/wp-json\/wp\/v2\/product_brand?post=50781"},{"taxonomy":"product_cat","embeddable":true,"href":"https:\/\/truusk.store\/sv\/wp-json\/wp\/v2\/product_cat?post=50781"},{"taxonomy":"product_tag","embeddable":true,"href":"https:\/\/truusk.store\/sv\/wp-json\/wp\/v2\/product_tag?post=50781"}],"curies":[{"name":"wp","href":"https:\/\/api.w.org\/{rel}","templated":true}]}}