{"id":50852,"date":"2024-03-02T12:20:12","date_gmt":"2024-03-02T11:20:12","guid":{"rendered":"https:\/\/truusk.store\/product\/tradgardsmobelset-4-delar-soffa-2-stolar-bord-med-glasskiva-metallram-polyrattan-antracit\/"},"modified":"2026-03-12T09:39:25","modified_gmt":"2026-03-12T08:39:25","slug":"truusk-tradgardsmobelset-4-delar-soffa-2-stolar-bord-med-glasskiva-metallram-polyrattan-antracit","status":"publish","type":"product","link":"https:\/\/truusk.store\/sv\/produkt\/truusk-tradgardsmobelset-4-delar-soffa-2-stolar-bord-med-glasskiva-metallram-polyrattan-antracit\/","title":{"rendered":"TRUUSK Tr\u00e4dg\u00e5rdsm\u00f6belset &#8211; 4 Delar &#8211; Soffa, 2 Stolar, Bord med Glasskiva &#8211; Metallram &#8211; Polyrattan &#8211; Antracit"},"content":{"rendered":"<p>Med en bekv\u00e4m soffa, tv\u00e5 f\u00e5t\u00f6ljer och ett soffbord erbjuder detta utem\u00f6bler inte bara mer komfort, utan ocks\u00e5 en karakt\u00e4rsfull elegans. Den djupa sitsformen och tjocka sittdynorna s\u00e4kerst\u00e4ller maximal komfort, medan den UV- och vattenbest\u00e4ndiga ramen i polyrattan och rostfritt st\u00e5l ger h\u00e5llbarhet och motst\u00e5ndskraft mot alla v\u00e4derf\u00f6rh\u00e5llanden. Njut av bekymmersfria timmar utomhus med familj och v\u00e4nner!<\/p>\n<h3>Beskrivning:<\/h3>\n<ul>\n<li>Soffsetet i rotting inneh\u00e5ller en 2-sits soffa, tv\u00e5 f\u00e5t\u00f6ljer och ett matchande soffbord i tr\u00e4 med glasskiva<\/li>\n<li>St\u00e5lramen med pulverlackering s\u00e4kerst\u00e4ller styrka och robusthet, medan den vattent\u00e4ta PE-rottingen ger ett klassiskt rottingutseende<\/li>\n<li>Den vattenavvisande polyestern \u00e4r f\u00e4rg\u00e4kta och andas. De bekv\u00e4ma sittdynorna kan f\u00e4stas p\u00e5 stolarna med remmar<\/li>\n<li>Justerbara f\u00f6tter ger stabilitet p\u00e5 oj\u00e4mna ytor och vackra knapps\u00f6mmar ger en sofistikerad visuell accent<\/li>\n<li>Montering kr\u00e4ver endast en person och tar cirka 40 minuter<\/li>\n<\/ul>\n<h3>Teknisk data:<\/h3>\n<ul>\n<li>F\u00e4rg: antracit, brun<\/li>\n<li>Material: PE rotting, polyester, st\u00e5l<\/li>\n<li>Soffans m\u00e5tt: 106 x 70D x 72Hcm<\/li>\n<li>Stolens m\u00e5tt: 60 x 70D x 72Hcm<\/li>\n<li>Bordsm\u00e5tt: 65L x 41,5W x 36Hcm<\/li>\n<li>Sitsstorlek: Soffa: 100W x 42Tcm<\/li>\n<li>Stol: 54W x 42Tcm<\/li>\n<li>Sitth\u00f6jd (utan dyna): 32 cm<\/li>\n<li>Ryggst\u00f6dsstorlek: Soffa: 100W x 35Lcm<\/li>\n<li>Stol: 54W x 35Lcm<\/li>\n<li>Tjocklek sittdyna: 10 cm<\/li>\n<li>Lastkapacitet: soffa: 220 kg<\/li>\n<li>Stol: 120 kg<\/li>\n<li>Bord: 25 kg<\/li>\n<\/ul>\n<h3>Leveransens omfattning:<\/h3>\n<ul>\n<li>2 x stol<\/li>\n<li>1 x soffa<\/li>\n<li>1 x bord<\/li>\n<li>3 x sittdynor<\/li>\n<li>1 x bruksanvisning<\/li>\n<\/ul>\n","protected":false},"excerpt":{"rendered":"<p>Med en bekv\u00e4m soffa, tv\u00e5 f\u00e5t\u00f6ljer och ett soffbord erbjuder detta utem\u00f6bler inte bara mer komfort, utan ocks\u00e5 en karakt\u00e4rsfull&#8230;<\/p>\n","protected":false},"featured_media":50853,"template":"","meta":[],"product_brand":[],"product_cat":[435,450,456],"product_tag":[],"class_list":{"0":"post-50852","1":"product","2":"type-product","3":"status-publish","4":"has-post-thumbnail","6":"product_cat-tradgard-och-terrass","7":"product_cat-tradgardsmobler","8":"product_cat-tradgardsmobler-set","10":"first","11":"instock","12":"sale","13":"taxable","14":"shipping-taxable","15":"purchasable","16":"product-type-simple"},"yoast_head":"<!-- This site is optimized with the Yoast SEO plugin v25.4 - https:\/\/yoast.com\/wordpress\/plugins\/seo\/ -->\n<title>TRUUSK Tr\u00e4dg\u00e5rdsm\u00f6belset - 4 Delar - Soffa, 2 Stolar, Bord med Glasskiva - Metallram - Polyrattan - Antracit - TRUUSK - Hem, Tr\u00e4dg\u00e5rd &amp; Fritid<\/title>\n<meta name=\"robots\" content=\"index, follow, max-snippet:-1, max-image-preview:large, max-video-preview:-1\" \/>\n<link rel=\"canonical\" href=\"https:\/\/truusk.store\/sv\/produkt\/truusk-tradgardsmobelset-4-delar-soffa-2-stolar-bord-med-glasskiva-metallram-polyrattan-antracit\/\" \/>\n<meta property=\"og:locale\" content=\"sv_SE\" \/>\n<meta property=\"og:type\" content=\"article\" \/>\n<meta property=\"og:title\" content=\"TRUUSK Tr\u00e4dg\u00e5rdsm\u00f6belset - 4 Delar - Soffa, 2 Stolar, Bord med Glasskiva - Metallram - Polyrattan - Antracit - TRUUSK - Hem, Tr\u00e4dg\u00e5rd &amp; Fritid\" \/>\n<meta property=\"og:description\" content=\"Med en bekv\u00e4m soffa, tv\u00e5 f\u00e5t\u00f6ljer och ett soffbord erbjuder detta utem\u00f6bler inte bara mer komfort, utan ocks\u00e5 en karakt\u00e4rsfull...\" \/>\n<meta property=\"og:url\" content=\"https:\/\/truusk.store\/sv\/produkt\/truusk-tradgardsmobelset-4-delar-soffa-2-stolar-bord-med-glasskiva-metallram-polyrattan-antracit\/\" \/>\n<meta property=\"og:site_name\" content=\"TRUUSK - Hem, Tr\u00e4dg\u00e5rd &amp; Fritid\" \/>\n<meta property=\"article:modified_time\" content=\"2026-03-12T08:39:25+00:00\" \/>\n<meta property=\"og:image\" content=\"https:\/\/i0.wp.com\/truusk.se\/wp-content\/uploads\/2024\/03\/tradgardsmobelset-4-delar-soffa-2-stolar-bord-med-glasskiva-metallram-polyrattan-antracit.webp?fit=800%2C800&ssl=1\" \/>\n\t<meta property=\"og:image:width\" content=\"800\" \/>\n\t<meta property=\"og:image:height\" content=\"800\" \/>\n\t<meta property=\"og:image:type\" content=\"image\/webp\" \/>\n<meta name=\"twitter:card\" content=\"summary_large_image\" \/>\n<meta name=\"twitter:label1\" content=\"Ber\u00e4knad l\u00e4stid\" \/>\n\t<meta name=\"twitter:data1\" content=\"1 minut\" \/>\n<!-- \/ Yoast SEO plugin. -->","yoast_head_json":{"title":"TRUUSK Tr\u00e4dg\u00e5rdsm\u00f6belset - 4 Delar - Soffa, 2 Stolar, Bord med Glasskiva - Metallram - Polyrattan - Antracit - TRUUSK - Hem, Tr\u00e4dg\u00e5rd &amp; Fritid","robots":{"index":"index","follow":"follow","max-snippet":"max-snippet:-1","max-image-preview":"max-image-preview:large","max-video-preview":"max-video-preview:-1"},"canonical":"https:\/\/truusk.store\/sv\/produkt\/truusk-tradgardsmobelset-4-delar-soffa-2-stolar-bord-med-glasskiva-metallram-polyrattan-antracit\/","og_locale":"sv_SE","og_type":"article","og_title":"TRUUSK Tr\u00e4dg\u00e5rdsm\u00f6belset - 4 Delar - Soffa, 2 Stolar, Bord med Glasskiva - Metallram - Polyrattan - Antracit - TRUUSK - Hem, Tr\u00e4dg\u00e5rd &amp; Fritid","og_description":"Med en bekv\u00e4m soffa, tv\u00e5 f\u00e5t\u00f6ljer och ett soffbord erbjuder detta utem\u00f6bler inte bara mer komfort, utan ocks\u00e5 en karakt\u00e4rsfull...","og_url":"https:\/\/truusk.store\/sv\/produkt\/truusk-tradgardsmobelset-4-delar-soffa-2-stolar-bord-med-glasskiva-metallram-polyrattan-antracit\/","og_site_name":"TRUUSK - Hem, Tr\u00e4dg\u00e5rd &amp; Fritid","article_modified_time":"2026-03-12T08:39:25+00:00","og_image":[{"width":800,"height":800,"url":"https:\/\/i0.wp.com\/truusk.se\/wp-content\/uploads\/2024\/03\/tradgardsmobelset-4-delar-soffa-2-stolar-bord-med-glasskiva-metallram-polyrattan-antracit.webp?fit=800%2C800&ssl=1","type":"image\/webp"}],"twitter_card":"summary_large_image","twitter_misc":{"Ber\u00e4knad l\u00e4stid":"1 minut"},"schema":{"@context":"https:\/\/schema.org","@graph":[{"@type":"WebPage","@id":"https:\/\/truusk.store\/sv\/produkt\/truusk-tradgardsmobelset-4-delar-soffa-2-stolar-bord-med-glasskiva-metallram-polyrattan-antracit\/","url":"https:\/\/truusk.store\/sv\/produkt\/truusk-tradgardsmobelset-4-delar-soffa-2-stolar-bord-med-glasskiva-metallram-polyrattan-antracit\/","name":"TRUUSK Tr\u00e4dg\u00e5rdsm\u00f6belset - 4 Delar - Soffa, 2 Stolar, Bord med Glasskiva - Metallram - Polyrattan - Antracit - TRUUSK - Hem, Tr\u00e4dg\u00e5rd &amp; Fritid","isPartOf":{"@id":"https:\/\/truusk.store\/sv\/#website"},"primaryImageOfPage":{"@id":"https:\/\/truusk.store\/sv\/produkt\/truusk-tradgardsmobelset-4-delar-soffa-2-stolar-bord-med-glasskiva-metallram-polyrattan-antracit\/#primaryimage"},"image":{"@id":"https:\/\/truusk.store\/sv\/produkt\/truusk-tradgardsmobelset-4-delar-soffa-2-stolar-bord-med-glasskiva-metallram-polyrattan-antracit\/#primaryimage"},"thumbnailUrl":"https:\/\/i0.wp.com\/truusk.store\/wp-content\/uploads\/2024\/03\/tradgardsmobelset-4-delar-soffa-2-stolar-bord-med-glasskiva-metallram-polyrattan-antracit.webp?fit=800%2C800&ssl=1","datePublished":"2024-03-02T11:20:12+00:00","dateModified":"2026-03-12T08:39:25+00:00","breadcrumb":{"@id":"https:\/\/truusk.store\/sv\/produkt\/truusk-tradgardsmobelset-4-delar-soffa-2-stolar-bord-med-glasskiva-metallram-polyrattan-antracit\/#breadcrumb"},"inLanguage":"sv-SE","potentialAction":[{"@type":"ReadAction","target":["https:\/\/truusk.store\/sv\/produkt\/truusk-tradgardsmobelset-4-delar-soffa-2-stolar-bord-med-glasskiva-metallram-polyrattan-antracit\/"]}]},{"@type":"ImageObject","inLanguage":"sv-SE","@id":"https:\/\/truusk.store\/sv\/produkt\/truusk-tradgardsmobelset-4-delar-soffa-2-stolar-bord-med-glasskiva-metallram-polyrattan-antracit\/#primaryimage","url":"https:\/\/i0.wp.com\/truusk.store\/wp-content\/uploads\/2024\/03\/tradgardsmobelset-4-delar-soffa-2-stolar-bord-med-glasskiva-metallram-polyrattan-antracit.webp?fit=800%2C800&ssl=1","contentUrl":"https:\/\/i0.wp.com\/truusk.store\/wp-content\/uploads\/2024\/03\/tradgardsmobelset-4-delar-soffa-2-stolar-bord-med-glasskiva-metallram-polyrattan-antracit.webp?fit=800%2C800&ssl=1","width":800,"height":800,"caption":"Tr\u00e4dg\u00e5rdsm\u00f6belset, 4 Delar, Soffa, 2 Stolar, Bord Med Glasskiva, Metallram, Polyrattan, Antracit 1"},{"@type":"BreadcrumbList","@id":"https:\/\/truusk.store\/sv\/produkt\/truusk-tradgardsmobelset-4-delar-soffa-2-stolar-bord-med-glasskiva-metallram-polyrattan-antracit\/#breadcrumb","itemListElement":[{"@type":"ListItem","position":1,"name":"Home","item":"https:\/\/truusk.store\/sv\/"},{"@type":"ListItem","position":2,"name":"Shop","item":"https:\/\/truusk.store\/shop\/"},{"@type":"ListItem","position":3,"name":"TRUUSK Tr\u00e4dg\u00e5rdsm\u00f6belset &#8211; 4 Delar &#8211; Soffa, 2 Stolar, Bord med Glasskiva &#8211; Metallram &#8211; Polyrattan &#8211; Antracit"}]},{"@type":"WebSite","@id":"https:\/\/truusk.store\/sv\/#website","url":"https:\/\/truusk.store\/sv\/","name":"TRUUSK - Hem, Tr\u00e4dg\u00e5rd & Fritid","description":"","publisher":{"@id":"https:\/\/truusk.store\/sv\/#organization"},"potentialAction":[{"@type":"SearchAction","target":{"@type":"EntryPoint","urlTemplate":"https:\/\/truusk.store\/sv\/?s={search_term_string}"},"query-input":{"@type":"PropertyValueSpecification","valueRequired":true,"valueName":"search_term_string"}}],"inLanguage":"sv-SE"},{"@type":"Organization","@id":"https:\/\/truusk.store\/sv\/#organization","name":"TRUUSK - Hem, Tr\u00e4dg\u00e5rd & Fritid","url":"https:\/\/truusk.store\/sv\/","logo":{"@type":"ImageObject","inLanguage":"sv-SE","@id":"https:\/\/truusk.store\/sv\/#\/schema\/logo\/image\/","url":"https:\/\/i0.wp.com\/truusk.store\/wp-content\/uploads\/2026\/03\/cropped-TRUUSK.png?fit=2032%2C917&ssl=1","contentUrl":"https:\/\/i0.wp.com\/truusk.store\/wp-content\/uploads\/2026\/03\/cropped-TRUUSK.png?fit=2032%2C917&ssl=1","width":2032,"height":917,"caption":"TRUUSK - Hem, Tr\u00e4dg\u00e5rd & Fritid"},"image":{"@id":"https:\/\/truusk.store\/sv\/#\/schema\/logo\/image\/"}}]}},"jetpack_sharing_enabled":true,"_links":{"self":[{"href":"https:\/\/truusk.store\/sv\/wp-json\/wp\/v2\/product\/50852","targetHints":{"allow":["GET"]}}],"collection":[{"href":"https:\/\/truusk.store\/sv\/wp-json\/wp\/v2\/product"}],"about":[{"href":"https:\/\/truusk.store\/sv\/wp-json\/wp\/v2\/types\/product"}],"wp:featuredmedia":[{"embeddable":true,"href":"https:\/\/truusk.store\/sv\/wp-json\/wp\/v2\/media\/50853"}],"wp:attachment":[{"href":"https:\/\/truusk.store\/sv\/wp-json\/wp\/v2\/media?parent=50852"}],"wp:term":[{"taxonomy":"product_brand","embeddable":true,"href":"https:\/\/truusk.store\/sv\/wp-json\/wp\/v2\/product_brand?post=50852"},{"taxonomy":"product_cat","embeddable":true,"href":"https:\/\/truusk.store\/sv\/wp-json\/wp\/v2\/product_cat?post=50852"},{"taxonomy":"product_tag","embeddable":true,"href":"https:\/\/truusk.store\/sv\/wp-json\/wp\/v2\/product_tag?post=50852"}],"curies":[{"name":"wp","href":"https:\/\/api.w.org\/{rel}","templated":true}]}}