{"id":50873,"date":"2024-03-02T12:50:11","date_gmt":"2024-03-02T11:50:11","guid":{"rendered":"https:\/\/truusk.store\/product\/hangmattsram-inklusive-hangmattsram-for-hangmatta-263-cm-x-89-cm-x-100-cm-svart-vit\/"},"modified":"2026-03-12T09:36:36","modified_gmt":"2026-03-12T08:36:36","slug":"truusk-hangmattsram-for-hangmatta-inklusive-hangmattsram-matt-263-cm-x-89-cm-x-100-cm-svart-vit","status":"publish","type":"product","link":"https:\/\/truusk.store\/sv\/produkt\/truusk-hangmattsram-for-hangmatta-inklusive-hangmattsram-matt-263-cm-x-89-cm-x-100-cm-svart-vit\/","title":{"rendered":"TRUUSK H\u00e4ngmattsram f\u00f6r H\u00e4ngmatta &#8211; Inklusive H\u00e4ngmattsram &#8211; M\u00e5tt 263 cm x 89 cm x 100 cm &#8211; Svart + Vit"},"content":{"rendered":"<p>Med detta h\u00e4ngmatta stativ kan du h\u00e4nga din h\u00e4ngmatta var som helst utan att beh\u00f6va ett tr\u00e4d. Ramen \u00e4r tillverkad av pulverlackerat st\u00e5l och \u00e4r d\u00e4rf\u00f6r extra stabil och h\u00e5llbar. Denna 2-i-1-design g\u00f6rs enkelt om till ett stativ f\u00f6r h\u00e4ngmattor och h\u00e4ngstolar. Vikbar design med b\u00e4rv\u00e4ska g\u00f6r den enkel att f\u00f6rvara och transportera. Koppla av med en nylonh\u00e4ngmatta. H\u00e4ngmattan \u00e4r s\u00e4ker, stabil och v\u00e4derbest\u00e4ndig. Den kan anv\u00e4ndas utomhus \u00e5ret runt.<\/p>\n<h3>Beskrivning:<\/h3>\n<ul>\n<li>2 i 1 h\u00e4ngmatta stativ som enkelt konverteras till ett h\u00e4ngmatta n\u00e4tst\u00e4ll och ett h\u00e4ngmatta stolsst\u00e4ll<\/li>\n<li>Solid metallram med pulverlackerad yta f\u00f6r stabilitet och dagligt bruk<\/li>\n<li>L\u00e4mplig f\u00f6r balkong, tr\u00e4dg\u00e5rd, terrass, sovrum, vardagsrum, allrum, etc<\/li>\n<li>Levereras med en b\u00e4rv\u00e4ska f\u00f6r bekv\u00e4m f\u00f6rvaring och transport<\/li>\n<li>Levereras med en h\u00e4ngmatta i nylontyg. (H\u00e4ngstol ing\u00e5r ej)<\/li>\n<li>Ingen montering kr\u00e4vs<\/li>\n<\/ul>\n<h3>Teknisk data:<\/h3>\n<ul>\n<li>F\u00e4rg: Svart+Vit<\/li>\n<li>Material: st\u00e5l, polyester<\/li>\n<li>Totala m\u00e5tt: 263L x 89W x 100Hcm<\/li>\n<li>H\u00e4ngmattans ramm\u00e5tt: 260L x 82W x 95H cm<\/li>\n<li>H\u00e4ngstolsstativ m\u00e5tt: 240L x 89W x 110H cm<\/li>\n<li>Vikbart m\u00e5tt: 127L x 20W x 16H cm<\/li>\n<li>L\u00e4mplig h\u00e4ngmatta storlek: 2,6 m (inklusive sele), storlek h\u00e4ngstol: 1,5 m<\/li>\n<li>B\u00e4rv\u00e4ska storlek: 128L x 22W x 18H cm<\/li>\n<li>Viktkapacitet: 120 kg<\/li>\n<\/ul>\n<h3>Leveransens omfattning:<\/h3>\n<ul>\n<li>1 x h\u00e4ngmatta stativ<\/li>\n<li>2 x krokar<\/li>\n<li>1 x H\u00e4ngmatta<\/li>\n<li>1 x B\u00e4rv\u00e4ska<\/li>\n<li>1 x manuell<\/li>\n<\/ul>\n","protected":false},"excerpt":{"rendered":"<p>Med detta h\u00e4ngmatta stativ kan du h\u00e4nga din h\u00e4ngmatta var som helst utan att beh\u00f6va ett tr\u00e4d. Ramen \u00e4r tillverkad&#8230;<\/p>\n","protected":false},"featured_media":50874,"template":"","meta":[],"product_brand":[],"product_cat":[460,435,450],"product_tag":[],"class_list":{"0":"post-50873","1":"product","2":"type-product","3":"status-publish","4":"has-post-thumbnail","6":"product_cat-hangmattor-hangstolar","7":"product_cat-tradgard-och-terrass","8":"product_cat-tradgardsmobler","10":"first","11":"instock","12":"sale","13":"taxable","14":"shipping-taxable","15":"purchasable","16":"product-type-simple"},"yoast_head":"<!-- This site is optimized with the Yoast SEO plugin v25.4 - https:\/\/yoast.com\/wordpress\/plugins\/seo\/ -->\n<title>TRUUSK H\u00e4ngmattsram f\u00f6r H\u00e4ngmatta - Inklusive H\u00e4ngmattsram - M\u00e5tt 263 cm x 89 cm x 100 cm - Svart + Vit - TRUUSK - Hem, Tr\u00e4dg\u00e5rd &amp; Fritid<\/title>\n<meta name=\"robots\" content=\"index, follow, max-snippet:-1, max-image-preview:large, max-video-preview:-1\" \/>\n<link rel=\"canonical\" href=\"https:\/\/truusk.store\/sv\/produkt\/truusk-hangmattsram-for-hangmatta-inklusive-hangmattsram-matt-263-cm-x-89-cm-x-100-cm-svart-vit\/\" \/>\n<meta property=\"og:locale\" content=\"sv_SE\" \/>\n<meta property=\"og:type\" content=\"article\" \/>\n<meta property=\"og:title\" content=\"TRUUSK H\u00e4ngmattsram f\u00f6r H\u00e4ngmatta - Inklusive H\u00e4ngmattsram - M\u00e5tt 263 cm x 89 cm x 100 cm - Svart + Vit - TRUUSK - Hem, Tr\u00e4dg\u00e5rd &amp; Fritid\" \/>\n<meta property=\"og:description\" content=\"Med detta h\u00e4ngmatta stativ kan du h\u00e4nga din h\u00e4ngmatta var som helst utan att beh\u00f6va ett tr\u00e4d. Ramen \u00e4r tillverkad...\" \/>\n<meta property=\"og:url\" content=\"https:\/\/truusk.store\/sv\/produkt\/truusk-hangmattsram-for-hangmatta-inklusive-hangmattsram-matt-263-cm-x-89-cm-x-100-cm-svart-vit\/\" \/>\n<meta property=\"og:site_name\" content=\"TRUUSK - Hem, Tr\u00e4dg\u00e5rd &amp; Fritid\" \/>\n<meta property=\"article:modified_time\" content=\"2026-03-12T08:36:36+00:00\" \/>\n<meta property=\"og:image\" content=\"https:\/\/i0.wp.com\/truusk.se\/wp-content\/uploads\/2024\/03\/hangmattsram-inklusive-hangmattsram-for-hangmatta-263-cm-x-89-cm-x-100-cm-svart-vit.webp?fit=800%2C800&ssl=1\" \/>\n\t<meta property=\"og:image:width\" content=\"800\" \/>\n\t<meta property=\"og:image:height\" content=\"800\" \/>\n\t<meta property=\"og:image:type\" content=\"image\/webp\" \/>\n<meta name=\"twitter:card\" content=\"summary_large_image\" \/>\n<meta name=\"twitter:label1\" content=\"Ber\u00e4knad l\u00e4stid\" \/>\n\t<meta name=\"twitter:data1\" content=\"1 minut\" \/>\n<!-- \/ Yoast SEO plugin. -->","yoast_head_json":{"title":"TRUUSK H\u00e4ngmattsram f\u00f6r H\u00e4ngmatta - Inklusive H\u00e4ngmattsram - M\u00e5tt 263 cm x 89 cm x 100 cm - Svart + Vit - TRUUSK - Hem, Tr\u00e4dg\u00e5rd &amp; Fritid","robots":{"index":"index","follow":"follow","max-snippet":"max-snippet:-1","max-image-preview":"max-image-preview:large","max-video-preview":"max-video-preview:-1"},"canonical":"https:\/\/truusk.store\/sv\/produkt\/truusk-hangmattsram-for-hangmatta-inklusive-hangmattsram-matt-263-cm-x-89-cm-x-100-cm-svart-vit\/","og_locale":"sv_SE","og_type":"article","og_title":"TRUUSK H\u00e4ngmattsram f\u00f6r H\u00e4ngmatta - Inklusive H\u00e4ngmattsram - M\u00e5tt 263 cm x 89 cm x 100 cm - Svart + Vit - TRUUSK - Hem, Tr\u00e4dg\u00e5rd &amp; Fritid","og_description":"Med detta h\u00e4ngmatta stativ kan du h\u00e4nga din h\u00e4ngmatta var som helst utan att beh\u00f6va ett tr\u00e4d. Ramen \u00e4r tillverkad...","og_url":"https:\/\/truusk.store\/sv\/produkt\/truusk-hangmattsram-for-hangmatta-inklusive-hangmattsram-matt-263-cm-x-89-cm-x-100-cm-svart-vit\/","og_site_name":"TRUUSK - Hem, Tr\u00e4dg\u00e5rd &amp; Fritid","article_modified_time":"2026-03-12T08:36:36+00:00","og_image":[{"width":800,"height":800,"url":"https:\/\/i0.wp.com\/truusk.se\/wp-content\/uploads\/2024\/03\/hangmattsram-inklusive-hangmattsram-for-hangmatta-263-cm-x-89-cm-x-100-cm-svart-vit.webp?fit=800%2C800&ssl=1","type":"image\/webp"}],"twitter_card":"summary_large_image","twitter_misc":{"Ber\u00e4knad l\u00e4stid":"1 minut"},"schema":{"@context":"https:\/\/schema.org","@graph":[{"@type":"WebPage","@id":"https:\/\/truusk.store\/sv\/produkt\/truusk-hangmattsram-for-hangmatta-inklusive-hangmattsram-matt-263-cm-x-89-cm-x-100-cm-svart-vit\/","url":"https:\/\/truusk.store\/sv\/produkt\/truusk-hangmattsram-for-hangmatta-inklusive-hangmattsram-matt-263-cm-x-89-cm-x-100-cm-svart-vit\/","name":"TRUUSK H\u00e4ngmattsram f\u00f6r H\u00e4ngmatta - Inklusive H\u00e4ngmattsram - M\u00e5tt 263 cm x 89 cm x 100 cm - Svart + Vit - TRUUSK - Hem, Tr\u00e4dg\u00e5rd &amp; Fritid","isPartOf":{"@id":"https:\/\/truusk.store\/sv\/#website"},"primaryImageOfPage":{"@id":"https:\/\/truusk.store\/sv\/produkt\/truusk-hangmattsram-for-hangmatta-inklusive-hangmattsram-matt-263-cm-x-89-cm-x-100-cm-svart-vit\/#primaryimage"},"image":{"@id":"https:\/\/truusk.store\/sv\/produkt\/truusk-hangmattsram-for-hangmatta-inklusive-hangmattsram-matt-263-cm-x-89-cm-x-100-cm-svart-vit\/#primaryimage"},"thumbnailUrl":"https:\/\/i0.wp.com\/truusk.store\/wp-content\/uploads\/2024\/03\/hangmattsram-inklusive-hangmattsram-for-hangmatta-263-cm-x-89-cm-x-100-cm-svart-vit.webp?fit=800%2C800&ssl=1","datePublished":"2024-03-02T11:50:11+00:00","dateModified":"2026-03-12T08:36:36+00:00","breadcrumb":{"@id":"https:\/\/truusk.store\/sv\/produkt\/truusk-hangmattsram-for-hangmatta-inklusive-hangmattsram-matt-263-cm-x-89-cm-x-100-cm-svart-vit\/#breadcrumb"},"inLanguage":"sv-SE","potentialAction":[{"@type":"ReadAction","target":["https:\/\/truusk.store\/sv\/produkt\/truusk-hangmattsram-for-hangmatta-inklusive-hangmattsram-matt-263-cm-x-89-cm-x-100-cm-svart-vit\/"]}]},{"@type":"ImageObject","inLanguage":"sv-SE","@id":"https:\/\/truusk.store\/sv\/produkt\/truusk-hangmattsram-for-hangmatta-inklusive-hangmattsram-matt-263-cm-x-89-cm-x-100-cm-svart-vit\/#primaryimage","url":"https:\/\/i0.wp.com\/truusk.store\/wp-content\/uploads\/2024\/03\/hangmattsram-inklusive-hangmattsram-for-hangmatta-263-cm-x-89-cm-x-100-cm-svart-vit.webp?fit=800%2C800&ssl=1","contentUrl":"https:\/\/i0.wp.com\/truusk.store\/wp-content\/uploads\/2024\/03\/hangmattsram-inklusive-hangmattsram-for-hangmatta-263-cm-x-89-cm-x-100-cm-svart-vit.webp?fit=800%2C800&ssl=1","width":800,"height":800,"caption":"H\u00e4ngmattsram Inklusive H\u00e4ngmattsram F\u00f6r H\u00e4ngmatta, 263 Cm X 89 Cm X 100 Cm, Svart + Vit 1"},{"@type":"BreadcrumbList","@id":"https:\/\/truusk.store\/sv\/produkt\/truusk-hangmattsram-for-hangmatta-inklusive-hangmattsram-matt-263-cm-x-89-cm-x-100-cm-svart-vit\/#breadcrumb","itemListElement":[{"@type":"ListItem","position":1,"name":"Home","item":"https:\/\/truusk.store\/sv\/"},{"@type":"ListItem","position":2,"name":"Shop","item":"https:\/\/truusk.store\/shop\/"},{"@type":"ListItem","position":3,"name":"TRUUSK H\u00e4ngmattsram f\u00f6r H\u00e4ngmatta &#8211; Inklusive H\u00e4ngmattsram &#8211; M\u00e5tt 263 cm x 89 cm x 100 cm &#8211; Svart + Vit"}]},{"@type":"WebSite","@id":"https:\/\/truusk.store\/sv\/#website","url":"https:\/\/truusk.store\/sv\/","name":"TRUUSK - Hem, Tr\u00e4dg\u00e5rd & Fritid","description":"","publisher":{"@id":"https:\/\/truusk.store\/sv\/#organization"},"potentialAction":[{"@type":"SearchAction","target":{"@type":"EntryPoint","urlTemplate":"https:\/\/truusk.store\/sv\/?s={search_term_string}"},"query-input":{"@type":"PropertyValueSpecification","valueRequired":true,"valueName":"search_term_string"}}],"inLanguage":"sv-SE"},{"@type":"Organization","@id":"https:\/\/truusk.store\/sv\/#organization","name":"TRUUSK - Hem, Tr\u00e4dg\u00e5rd & Fritid","url":"https:\/\/truusk.store\/sv\/","logo":{"@type":"ImageObject","inLanguage":"sv-SE","@id":"https:\/\/truusk.store\/sv\/#\/schema\/logo\/image\/","url":"https:\/\/i0.wp.com\/truusk.store\/wp-content\/uploads\/2026\/03\/cropped-TRUUSK.png?fit=2032%2C917&ssl=1","contentUrl":"https:\/\/i0.wp.com\/truusk.store\/wp-content\/uploads\/2026\/03\/cropped-TRUUSK.png?fit=2032%2C917&ssl=1","width":2032,"height":917,"caption":"TRUUSK - Hem, Tr\u00e4dg\u00e5rd & Fritid"},"image":{"@id":"https:\/\/truusk.store\/sv\/#\/schema\/logo\/image\/"}}]}},"jetpack_sharing_enabled":true,"_links":{"self":[{"href":"https:\/\/truusk.store\/sv\/wp-json\/wp\/v2\/product\/50873","targetHints":{"allow":["GET"]}}],"collection":[{"href":"https:\/\/truusk.store\/sv\/wp-json\/wp\/v2\/product"}],"about":[{"href":"https:\/\/truusk.store\/sv\/wp-json\/wp\/v2\/types\/product"}],"wp:featuredmedia":[{"embeddable":true,"href":"https:\/\/truusk.store\/sv\/wp-json\/wp\/v2\/media\/50874"}],"wp:attachment":[{"href":"https:\/\/truusk.store\/sv\/wp-json\/wp\/v2\/media?parent=50873"}],"wp:term":[{"taxonomy":"product_brand","embeddable":true,"href":"https:\/\/truusk.store\/sv\/wp-json\/wp\/v2\/product_brand?post=50873"},{"taxonomy":"product_cat","embeddable":true,"href":"https:\/\/truusk.store\/sv\/wp-json\/wp\/v2\/product_cat?post=50873"},{"taxonomy":"product_tag","embeddable":true,"href":"https:\/\/truusk.store\/sv\/wp-json\/wp\/v2\/product_tag?post=50873"}],"curies":[{"name":"wp","href":"https:\/\/api.w.org\/{rel}","templated":true}]}}