{"id":50891,"date":"2024-03-02T13:10:10","date_gmt":"2024-03-02T12:10:10","guid":{"rendered":"https:\/\/truusk.store\/product\/3-sits-hollywood-swing-tradgardsstol-gungbank-vaderbestandig-172-cm-x-110-cm-x-153-cm-svart\/"},"modified":"2026-03-12T09:38:35","modified_gmt":"2026-03-12T08:38:35","slug":"truusk-hollywood-swing-gungbank-3-sits-vaderbestandig-172-cm-x-110-cm-x-153-cm-svart","status":"publish","type":"product","link":"https:\/\/truusk.store\/sv\/produkt\/truusk-hollywood-swing-gungbank-3-sits-vaderbestandig-172-cm-x-110-cm-x-153-cm-svart\/","title":{"rendered":"TRUUSK Hollywood Swing Gungb\u00e4nk &#8211; 3-sits, V\u00e4derbest\u00e4ndig &#8211; 172 cm x 110 cm x 153 cm &#8211; Svart"},"content":{"rendered":"<p>F\u00f6rdjupa dig i ren avkoppling med v\u00e5r 3-sitsiga verandagunga! Den dekorativa designen g\u00f6r dem till ett blickf\u00e5ng i tr\u00e4dg\u00e5rden, p\u00e5 terrassen eller p\u00e5 balkongen. Robust st\u00e5lram och halkfria f\u00f6tter ger stabilitet, medan den mjukt vadderade sitsen s\u00e4kerst\u00e4ller maximal komfort. Det f\u00e4llbara takluckan skyddar mot intensivt solljus, medan den enkla monteringen m\u00f6jligg\u00f6r snabb uppst\u00e4llning utan n\u00e5gra manuella f\u00e4rdigheter. Upplev makal\u00f6s utomhusmys &#8211; din oas av avkoppling!<\/p>\n<h3>Beskrivning:<\/h3>\n<ul>\n<li>Dekorativ gunga f\u00f6r upp till 3 personer<\/li>\n<li>Perfekt f\u00f6r utomhusomr\u00e5den som tr\u00e4dg\u00e5rdar, terrasser eller balkonger<\/li>\n<li>Stabil och stabil st\u00e5lkonstruktion<\/li>\n<li>Det f\u00e4llbara taket av vattenavvisande polyester ger ett perfekt skydd mot solen<\/li>\n<li>Sits och ryggst\u00f6d \u00e4r mjukt vadderade. Detta s\u00e4kerst\u00e4ller optimal sittkomfort<\/li>\n<li>Med halkfria f\u00f6tter f\u00f6r s\u00e4kert fotf\u00e4ste<\/li>\n<li>Den gungande r\u00f6relsen \u00e4r mild och tyst<\/li>\n<li>Snabb och enkel montering<\/li>\n<\/ul>\n<h3>Teknisk data:<\/h3>\n<ul>\n<li>Material: st\u00e5l, polyester, st\u00e5l<\/li>\n<li>Svart f\u00e4rg<\/li>\n<li>\u00d6vergripande m\u00e5tt: 172L x 110W x 153H cm<\/li>\n<li>Sittyta: 132W x 48D cm<\/li>\n<li>Sitth\u00f6jd: 45 cm<\/li>\n<li>Max lastkapacitet: 200 kg<\/li>\n<\/ul>\n<h3>Leveransens omfattning:<\/h3>\n<ul>\n<li>1 x verandagunga;<\/li>\n<\/ul>\n","protected":false},"excerpt":{"rendered":"<p>F\u00f6rdjupa dig i ren avkoppling med v\u00e5r 3-sitsiga verandagunga! Den dekorativa designen g\u00f6r dem till ett blickf\u00e5ng i tr\u00e4dg\u00e5rden, p\u00e5&#8230;<\/p>\n","protected":false},"featured_media":50892,"template":"","meta":[],"product_brand":[],"product_cat":[453,435,450],"product_tag":[],"class_list":{"0":"post-50891","1":"product","2":"type-product","3":"status-publish","4":"has-post-thumbnail","6":"product_cat-hollywood-gungor","7":"product_cat-tradgard-och-terrass","8":"product_cat-tradgardsmobler","10":"first","11":"instock","12":"sale","13":"taxable","14":"shipping-taxable","15":"purchasable","16":"product-type-simple"},"yoast_head":"<!-- This site is optimized with the Yoast SEO plugin v25.4 - https:\/\/yoast.com\/wordpress\/plugins\/seo\/ -->\n<title>TRUUSK Hollywood Swing Gungb\u00e4nk - 3-sits, V\u00e4derbest\u00e4ndig - 172 cm x 110 cm x 153 cm - Svart - TRUUSK - Hem, Tr\u00e4dg\u00e5rd &amp; Fritid<\/title>\n<meta name=\"robots\" content=\"index, follow, max-snippet:-1, max-image-preview:large, max-video-preview:-1\" \/>\n<link rel=\"canonical\" href=\"https:\/\/truusk.store\/sv\/produkt\/truusk-hollywood-swing-gungbank-3-sits-vaderbestandig-172-cm-x-110-cm-x-153-cm-svart\/\" \/>\n<meta property=\"og:locale\" content=\"sv_SE\" \/>\n<meta property=\"og:type\" content=\"article\" \/>\n<meta property=\"og:title\" content=\"TRUUSK Hollywood Swing Gungb\u00e4nk - 3-sits, V\u00e4derbest\u00e4ndig - 172 cm x 110 cm x 153 cm - Svart - TRUUSK - Hem, Tr\u00e4dg\u00e5rd &amp; Fritid\" \/>\n<meta property=\"og:description\" content=\"F\u00f6rdjupa dig i ren avkoppling med v\u00e5r 3-sitsiga verandagunga! Den dekorativa designen g\u00f6r dem till ett blickf\u00e5ng i tr\u00e4dg\u00e5rden, p\u00e5...\" \/>\n<meta property=\"og:url\" content=\"https:\/\/truusk.store\/sv\/produkt\/truusk-hollywood-swing-gungbank-3-sits-vaderbestandig-172-cm-x-110-cm-x-153-cm-svart\/\" \/>\n<meta property=\"og:site_name\" content=\"TRUUSK - Hem, Tr\u00e4dg\u00e5rd &amp; Fritid\" \/>\n<meta property=\"article:modified_time\" content=\"2026-03-12T08:38:35+00:00\" \/>\n<meta property=\"og:image\" content=\"https:\/\/i0.wp.com\/truusk.se\/wp-content\/uploads\/2024\/03\/3-sits-hollywood-swing-tradgardsstol-gungbank-vaderbestandig-172-cm-x-110-cm-x-153-cm-svart-1.webp?fit=800%2C800&ssl=1\" \/>\n\t<meta property=\"og:image:width\" content=\"800\" \/>\n\t<meta property=\"og:image:height\" content=\"800\" \/>\n\t<meta property=\"og:image:type\" content=\"image\/webp\" \/>\n<meta name=\"twitter:card\" content=\"summary_large_image\" \/>\n<meta name=\"twitter:label1\" content=\"Ber\u00e4knad l\u00e4stid\" \/>\n\t<meta name=\"twitter:data1\" content=\"1 minut\" \/>\n<!-- \/ Yoast SEO plugin. -->","yoast_head_json":{"title":"TRUUSK Hollywood Swing Gungb\u00e4nk - 3-sits, V\u00e4derbest\u00e4ndig - 172 cm x 110 cm x 153 cm - Svart - TRUUSK - Hem, Tr\u00e4dg\u00e5rd &amp; Fritid","robots":{"index":"index","follow":"follow","max-snippet":"max-snippet:-1","max-image-preview":"max-image-preview:large","max-video-preview":"max-video-preview:-1"},"canonical":"https:\/\/truusk.store\/sv\/produkt\/truusk-hollywood-swing-gungbank-3-sits-vaderbestandig-172-cm-x-110-cm-x-153-cm-svart\/","og_locale":"sv_SE","og_type":"article","og_title":"TRUUSK Hollywood Swing Gungb\u00e4nk - 3-sits, V\u00e4derbest\u00e4ndig - 172 cm x 110 cm x 153 cm - Svart - TRUUSK - Hem, Tr\u00e4dg\u00e5rd &amp; Fritid","og_description":"F\u00f6rdjupa dig i ren avkoppling med v\u00e5r 3-sitsiga verandagunga! Den dekorativa designen g\u00f6r dem till ett blickf\u00e5ng i tr\u00e4dg\u00e5rden, p\u00e5...","og_url":"https:\/\/truusk.store\/sv\/produkt\/truusk-hollywood-swing-gungbank-3-sits-vaderbestandig-172-cm-x-110-cm-x-153-cm-svart\/","og_site_name":"TRUUSK - Hem, Tr\u00e4dg\u00e5rd &amp; Fritid","article_modified_time":"2026-03-12T08:38:35+00:00","og_image":[{"width":800,"height":800,"url":"https:\/\/i0.wp.com\/truusk.se\/wp-content\/uploads\/2024\/03\/3-sits-hollywood-swing-tradgardsstol-gungbank-vaderbestandig-172-cm-x-110-cm-x-153-cm-svart-1.webp?fit=800%2C800&ssl=1","type":"image\/webp"}],"twitter_card":"summary_large_image","twitter_misc":{"Ber\u00e4knad l\u00e4stid":"1 minut"},"schema":{"@context":"https:\/\/schema.org","@graph":[{"@type":"WebPage","@id":"https:\/\/truusk.store\/sv\/produkt\/truusk-hollywood-swing-gungbank-3-sits-vaderbestandig-172-cm-x-110-cm-x-153-cm-svart\/","url":"https:\/\/truusk.store\/sv\/produkt\/truusk-hollywood-swing-gungbank-3-sits-vaderbestandig-172-cm-x-110-cm-x-153-cm-svart\/","name":"TRUUSK Hollywood Swing Gungb\u00e4nk - 3-sits, V\u00e4derbest\u00e4ndig - 172 cm x 110 cm x 153 cm - Svart - TRUUSK - Hem, Tr\u00e4dg\u00e5rd &amp; Fritid","isPartOf":{"@id":"https:\/\/truusk.store\/sv\/#website"},"primaryImageOfPage":{"@id":"https:\/\/truusk.store\/sv\/produkt\/truusk-hollywood-swing-gungbank-3-sits-vaderbestandig-172-cm-x-110-cm-x-153-cm-svart\/#primaryimage"},"image":{"@id":"https:\/\/truusk.store\/sv\/produkt\/truusk-hollywood-swing-gungbank-3-sits-vaderbestandig-172-cm-x-110-cm-x-153-cm-svart\/#primaryimage"},"thumbnailUrl":"https:\/\/i0.wp.com\/truusk.store\/wp-content\/uploads\/2024\/03\/3-sits-hollywood-swing-tradgardsstol-gungbank-vaderbestandig-172-cm-x-110-cm-x-153-cm-svart-1.webp?fit=800%2C800&ssl=1","datePublished":"2024-03-02T12:10:10+00:00","dateModified":"2026-03-12T08:38:35+00:00","breadcrumb":{"@id":"https:\/\/truusk.store\/sv\/produkt\/truusk-hollywood-swing-gungbank-3-sits-vaderbestandig-172-cm-x-110-cm-x-153-cm-svart\/#breadcrumb"},"inLanguage":"sv-SE","potentialAction":[{"@type":"ReadAction","target":["https:\/\/truusk.store\/sv\/produkt\/truusk-hollywood-swing-gungbank-3-sits-vaderbestandig-172-cm-x-110-cm-x-153-cm-svart\/"]}]},{"@type":"ImageObject","inLanguage":"sv-SE","@id":"https:\/\/truusk.store\/sv\/produkt\/truusk-hollywood-swing-gungbank-3-sits-vaderbestandig-172-cm-x-110-cm-x-153-cm-svart\/#primaryimage","url":"https:\/\/i0.wp.com\/truusk.store\/wp-content\/uploads\/2024\/03\/3-sits-hollywood-swing-tradgardsstol-gungbank-vaderbestandig-172-cm-x-110-cm-x-153-cm-svart-1.webp?fit=800%2C800&ssl=1","contentUrl":"https:\/\/i0.wp.com\/truusk.store\/wp-content\/uploads\/2024\/03\/3-sits-hollywood-swing-tradgardsstol-gungbank-vaderbestandig-172-cm-x-110-cm-x-153-cm-svart-1.webp?fit=800%2C800&ssl=1","width":800,"height":800,"caption":"3-sits Hollywood Swing Tr\u00e4dg\u00e5rdsstol Gungb\u00e4nk, V\u00e4derbest\u00e4ndig, 172 Cm X 110 Cm X 153 Cm, Svart 1"},{"@type":"BreadcrumbList","@id":"https:\/\/truusk.store\/sv\/produkt\/truusk-hollywood-swing-gungbank-3-sits-vaderbestandig-172-cm-x-110-cm-x-153-cm-svart\/#breadcrumb","itemListElement":[{"@type":"ListItem","position":1,"name":"Home","item":"https:\/\/truusk.store\/sv\/"},{"@type":"ListItem","position":2,"name":"Shop","item":"https:\/\/truusk.store\/shop\/"},{"@type":"ListItem","position":3,"name":"TRUUSK Hollywood Swing Gungb\u00e4nk &#8211; 3-sits, V\u00e4derbest\u00e4ndig &#8211; 172 cm x 110 cm x 153 cm &#8211; Svart"}]},{"@type":"WebSite","@id":"https:\/\/truusk.store\/sv\/#website","url":"https:\/\/truusk.store\/sv\/","name":"TRUUSK - Hem, Tr\u00e4dg\u00e5rd & Fritid","description":"","publisher":{"@id":"https:\/\/truusk.store\/sv\/#organization"},"potentialAction":[{"@type":"SearchAction","target":{"@type":"EntryPoint","urlTemplate":"https:\/\/truusk.store\/sv\/?s={search_term_string}"},"query-input":{"@type":"PropertyValueSpecification","valueRequired":true,"valueName":"search_term_string"}}],"inLanguage":"sv-SE"},{"@type":"Organization","@id":"https:\/\/truusk.store\/sv\/#organization","name":"TRUUSK - Hem, Tr\u00e4dg\u00e5rd & Fritid","url":"https:\/\/truusk.store\/sv\/","logo":{"@type":"ImageObject","inLanguage":"sv-SE","@id":"https:\/\/truusk.store\/sv\/#\/schema\/logo\/image\/","url":"https:\/\/i0.wp.com\/truusk.store\/wp-content\/uploads\/2026\/03\/cropped-TRUUSK.png?fit=2032%2C917&ssl=1","contentUrl":"https:\/\/i0.wp.com\/truusk.store\/wp-content\/uploads\/2026\/03\/cropped-TRUUSK.png?fit=2032%2C917&ssl=1","width":2032,"height":917,"caption":"TRUUSK - Hem, Tr\u00e4dg\u00e5rd & Fritid"},"image":{"@id":"https:\/\/truusk.store\/sv\/#\/schema\/logo\/image\/"}}]}},"jetpack_sharing_enabled":true,"_links":{"self":[{"href":"https:\/\/truusk.store\/sv\/wp-json\/wp\/v2\/product\/50891","targetHints":{"allow":["GET"]}}],"collection":[{"href":"https:\/\/truusk.store\/sv\/wp-json\/wp\/v2\/product"}],"about":[{"href":"https:\/\/truusk.store\/sv\/wp-json\/wp\/v2\/types\/product"}],"wp:featuredmedia":[{"embeddable":true,"href":"https:\/\/truusk.store\/sv\/wp-json\/wp\/v2\/media\/50892"}],"wp:attachment":[{"href":"https:\/\/truusk.store\/sv\/wp-json\/wp\/v2\/media?parent=50891"}],"wp:term":[{"taxonomy":"product_brand","embeddable":true,"href":"https:\/\/truusk.store\/sv\/wp-json\/wp\/v2\/product_brand?post=50891"},{"taxonomy":"product_cat","embeddable":true,"href":"https:\/\/truusk.store\/sv\/wp-json\/wp\/v2\/product_cat?post=50891"},{"taxonomy":"product_tag","embeddable":true,"href":"https:\/\/truusk.store\/sv\/wp-json\/wp\/v2\/product_tag?post=50891"}],"curies":[{"name":"wp","href":"https:\/\/api.w.org\/{rel}","templated":true}]}}