{"id":50907,"date":"2024-03-02T13:30:09","date_gmt":"2024-03-02T12:30:09","guid":{"rendered":"https:\/\/truusk.store\/product\/hantelstall-hantelstall-2-nivaer-upp-till-70-kg-stal-98x40x35-cm-svart\/"},"modified":"2026-03-12T09:28:36","modified_gmt":"2026-03-12T08:28:36","slug":"truusk-hantelstall-2-nivaer-upp-till-70-kg-stal-svart-98x40x35-cm","status":"publish","type":"product","link":"https:\/\/truusk.store\/sv\/produkt\/truusk-hantelstall-2-nivaer-upp-till-70-kg-stal-svart-98x40x35-cm\/","title":{"rendered":"TRUUSK Hantelst\u00e4ll, 2 Niv\u00e5er, Upp Till 70 Kg &#8211; St\u00e5l &#8211; Svart &#8211; 98x40x35 Cm"},"content":{"rendered":"<p>H\u00e5ll ditt tr\u00e4ningsomr\u00e5de snyggt och organiserat med detta hantelst\u00e4ll. De tv\u00e5 hyllorna rymmer upp till 70 kg, vilket ger gott om plats att f\u00f6rvara dina hantlar snyggt. Tillverkad av massivt st\u00e5l f\u00f6r att f\u00f6rhindra vikter fr\u00e5n att falla f\u00f6r ett s\u00e4kert och snyggt tr\u00e4ningsomr\u00e5de. En v\u00e4ggmonterad l\u00f6sning som inte tar n\u00e5gon golvyta och som ger dig gott om utrymme att tr\u00e4na.<\/p>\n<h3>Beskrivning:<\/h3>\n<ul>\n<li>Sparar v\u00e4rdefull golvyta genom v\u00e4ggmontering<\/li>\n<li>Tv\u00e5 hyllplan f\u00f6r snygg f\u00f6rvaring av hantlar<\/li>\n<li>Robust st\u00e5lram f\u00f6r s\u00e4ker f\u00f6rvaring<\/li>\n<li>F\u00f6rvara enkelt hantlar, kettlebells och yogamattor<\/li>\n<li>Max lastkapacitet 70 kg, montering kr\u00e4vs<\/li>\n<\/ul>\n<h3>Teknisk data:<\/h3>\n<ul>\n<li>Svart f\u00e4rg<\/li>\n<li>Material: st\u00e5l<\/li>\n<li>M\u00e5tt: 98L x 40W x 35H cm<\/li>\n<li>Avst\u00e5nd mellan hyllorna: 36 cm<\/li>\n<li>Avst\u00e5nd mellan monteringsh\u00e5l: 95,5 cm<\/li>\n<li>Lastkapacitet: 70 kg<\/li>\n<\/ul>\n<h3>Leveransens omfattning:<\/h3>\n<ul>\n<li>1 x hantelst\u00e4ll<\/li>\n<li>Expansionsskruvar<\/li>\n<li>1 x manuell<\/li>\n<\/ul>\n","protected":false},"excerpt":{"rendered":"<p>H\u00e5ll ditt tr\u00e4ningsomr\u00e5de snyggt och organiserat med detta hantelst\u00e4ll. De tv\u00e5 hyllorna rymmer upp till 70 kg, vilket ger gott&#8230;<\/p>\n","protected":false},"featured_media":50908,"template":"","meta":[],"product_brand":[],"product_cat":[668,661,647],"product_tag":[],"class_list":{"0":"post-50907","1":"product","2":"type-product","3":"status-publish","4":"has-post-thumbnail","6":"product_cat-hantlar","7":"product_cat-kondition-styrketraning","8":"product_cat-sport-fritid","10":"first","11":"instock","12":"sale","13":"taxable","14":"shipping-taxable","15":"purchasable","16":"product-type-simple"},"yoast_head":"<!-- This site is optimized with the Yoast SEO plugin v25.4 - https:\/\/yoast.com\/wordpress\/plugins\/seo\/ -->\n<title>TRUUSK Hantelst\u00e4ll, 2 Niv\u00e5er, Upp Till 70 Kg - St\u00e5l - Svart - 98x40x35 Cm - TRUUSK - Hem, Tr\u00e4dg\u00e5rd &amp; Fritid<\/title>\n<meta name=\"robots\" content=\"index, follow, max-snippet:-1, max-image-preview:large, max-video-preview:-1\" \/>\n<link rel=\"canonical\" href=\"https:\/\/truusk.store\/sv\/produkt\/truusk-hantelstall-2-nivaer-upp-till-70-kg-stal-svart-98x40x35-cm\/\" \/>\n<meta property=\"og:locale\" content=\"sv_SE\" \/>\n<meta property=\"og:type\" content=\"article\" \/>\n<meta property=\"og:title\" content=\"TRUUSK Hantelst\u00e4ll, 2 Niv\u00e5er, Upp Till 70 Kg - St\u00e5l - Svart - 98x40x35 Cm - TRUUSK - Hem, Tr\u00e4dg\u00e5rd &amp; Fritid\" \/>\n<meta property=\"og:description\" content=\"H\u00e5ll ditt tr\u00e4ningsomr\u00e5de snyggt och organiserat med detta hantelst\u00e4ll. De tv\u00e5 hyllorna rymmer upp till 70 kg, vilket ger gott...\" \/>\n<meta property=\"og:url\" content=\"https:\/\/truusk.store\/sv\/produkt\/truusk-hantelstall-2-nivaer-upp-till-70-kg-stal-svart-98x40x35-cm\/\" \/>\n<meta property=\"og:site_name\" content=\"TRUUSK - Hem, Tr\u00e4dg\u00e5rd &amp; Fritid\" \/>\n<meta property=\"article:modified_time\" content=\"2026-03-12T08:28:36+00:00\" \/>\n<meta property=\"og:image\" content=\"https:\/\/i0.wp.com\/truusk.se\/wp-content\/uploads\/2024\/03\/hantelstall-hantelstall-2-nivaer-upp-till-70-kg-stal-98x40x35-cm-svart.webp?fit=800%2C800&ssl=1\" \/>\n\t<meta property=\"og:image:width\" content=\"800\" \/>\n\t<meta property=\"og:image:height\" content=\"800\" \/>\n\t<meta property=\"og:image:type\" content=\"image\/webp\" \/>\n<meta name=\"twitter:card\" content=\"summary_large_image\" \/>\n<meta name=\"twitter:label1\" content=\"Ber\u00e4knad l\u00e4stid\" \/>\n\t<meta name=\"twitter:data1\" content=\"1 minut\" \/>\n<!-- \/ Yoast SEO plugin. -->","yoast_head_json":{"title":"TRUUSK Hantelst\u00e4ll, 2 Niv\u00e5er, Upp Till 70 Kg - St\u00e5l - Svart - 98x40x35 Cm - TRUUSK - Hem, Tr\u00e4dg\u00e5rd &amp; Fritid","robots":{"index":"index","follow":"follow","max-snippet":"max-snippet:-1","max-image-preview":"max-image-preview:large","max-video-preview":"max-video-preview:-1"},"canonical":"https:\/\/truusk.store\/sv\/produkt\/truusk-hantelstall-2-nivaer-upp-till-70-kg-stal-svart-98x40x35-cm\/","og_locale":"sv_SE","og_type":"article","og_title":"TRUUSK Hantelst\u00e4ll, 2 Niv\u00e5er, Upp Till 70 Kg - St\u00e5l - Svart - 98x40x35 Cm - TRUUSK - Hem, Tr\u00e4dg\u00e5rd &amp; Fritid","og_description":"H\u00e5ll ditt tr\u00e4ningsomr\u00e5de snyggt och organiserat med detta hantelst\u00e4ll. De tv\u00e5 hyllorna rymmer upp till 70 kg, vilket ger gott...","og_url":"https:\/\/truusk.store\/sv\/produkt\/truusk-hantelstall-2-nivaer-upp-till-70-kg-stal-svart-98x40x35-cm\/","og_site_name":"TRUUSK - Hem, Tr\u00e4dg\u00e5rd &amp; Fritid","article_modified_time":"2026-03-12T08:28:36+00:00","og_image":[{"width":800,"height":800,"url":"https:\/\/i0.wp.com\/truusk.se\/wp-content\/uploads\/2024\/03\/hantelstall-hantelstall-2-nivaer-upp-till-70-kg-stal-98x40x35-cm-svart.webp?fit=800%2C800&ssl=1","type":"image\/webp"}],"twitter_card":"summary_large_image","twitter_misc":{"Ber\u00e4knad l\u00e4stid":"1 minut"},"schema":{"@context":"https:\/\/schema.org","@graph":[{"@type":"WebPage","@id":"https:\/\/truusk.store\/sv\/produkt\/truusk-hantelstall-2-nivaer-upp-till-70-kg-stal-svart-98x40x35-cm\/","url":"https:\/\/truusk.store\/sv\/produkt\/truusk-hantelstall-2-nivaer-upp-till-70-kg-stal-svart-98x40x35-cm\/","name":"TRUUSK Hantelst\u00e4ll, 2 Niv\u00e5er, Upp Till 70 Kg - St\u00e5l - Svart - 98x40x35 Cm - TRUUSK - Hem, Tr\u00e4dg\u00e5rd &amp; Fritid","isPartOf":{"@id":"https:\/\/truusk.store\/sv\/#website"},"primaryImageOfPage":{"@id":"https:\/\/truusk.store\/sv\/produkt\/truusk-hantelstall-2-nivaer-upp-till-70-kg-stal-svart-98x40x35-cm\/#primaryimage"},"image":{"@id":"https:\/\/truusk.store\/sv\/produkt\/truusk-hantelstall-2-nivaer-upp-till-70-kg-stal-svart-98x40x35-cm\/#primaryimage"},"thumbnailUrl":"https:\/\/i0.wp.com\/truusk.store\/wp-content\/uploads\/2024\/03\/hantelstall-hantelstall-2-nivaer-upp-till-70-kg-stal-98x40x35-cm-svart.webp?fit=800%2C800&ssl=1","datePublished":"2024-03-02T12:30:09+00:00","dateModified":"2026-03-12T08:28:36+00:00","breadcrumb":{"@id":"https:\/\/truusk.store\/sv\/produkt\/truusk-hantelstall-2-nivaer-upp-till-70-kg-stal-svart-98x40x35-cm\/#breadcrumb"},"inLanguage":"sv-SE","potentialAction":[{"@type":"ReadAction","target":["https:\/\/truusk.store\/sv\/produkt\/truusk-hantelstall-2-nivaer-upp-till-70-kg-stal-svart-98x40x35-cm\/"]}]},{"@type":"ImageObject","inLanguage":"sv-SE","@id":"https:\/\/truusk.store\/sv\/produkt\/truusk-hantelstall-2-nivaer-upp-till-70-kg-stal-svart-98x40x35-cm\/#primaryimage","url":"https:\/\/i0.wp.com\/truusk.store\/wp-content\/uploads\/2024\/03\/hantelstall-hantelstall-2-nivaer-upp-till-70-kg-stal-98x40x35-cm-svart.webp?fit=800%2C800&ssl=1","contentUrl":"https:\/\/i0.wp.com\/truusk.store\/wp-content\/uploads\/2024\/03\/hantelstall-hantelstall-2-nivaer-upp-till-70-kg-stal-98x40x35-cm-svart.webp?fit=800%2C800&ssl=1","width":800,"height":800,"caption":"Hantelst\u00e4ll, Hantelst\u00e4ll, 2 Niv\u00e5er, Upp Till 70 Kg, St\u00e5l, 98x40x35 Cm, Svart 1"},{"@type":"BreadcrumbList","@id":"https:\/\/truusk.store\/sv\/produkt\/truusk-hantelstall-2-nivaer-upp-till-70-kg-stal-svart-98x40x35-cm\/#breadcrumb","itemListElement":[{"@type":"ListItem","position":1,"name":"Home","item":"https:\/\/truusk.store\/sv\/"},{"@type":"ListItem","position":2,"name":"Shop","item":"https:\/\/truusk.store\/shop\/"},{"@type":"ListItem","position":3,"name":"TRUUSK Hantelst\u00e4ll, 2 Niv\u00e5er, Upp Till 70 Kg &#8211; St\u00e5l &#8211; Svart &#8211; 98x40x35 Cm"}]},{"@type":"WebSite","@id":"https:\/\/truusk.store\/sv\/#website","url":"https:\/\/truusk.store\/sv\/","name":"TRUUSK - Hem, Tr\u00e4dg\u00e5rd & Fritid","description":"","publisher":{"@id":"https:\/\/truusk.store\/sv\/#organization"},"potentialAction":[{"@type":"SearchAction","target":{"@type":"EntryPoint","urlTemplate":"https:\/\/truusk.store\/sv\/?s={search_term_string}"},"query-input":{"@type":"PropertyValueSpecification","valueRequired":true,"valueName":"search_term_string"}}],"inLanguage":"sv-SE"},{"@type":"Organization","@id":"https:\/\/truusk.store\/sv\/#organization","name":"TRUUSK - Hem, Tr\u00e4dg\u00e5rd & Fritid","url":"https:\/\/truusk.store\/sv\/","logo":{"@type":"ImageObject","inLanguage":"sv-SE","@id":"https:\/\/truusk.store\/sv\/#\/schema\/logo\/image\/","url":"https:\/\/i0.wp.com\/truusk.store\/wp-content\/uploads\/2026\/03\/cropped-TRUUSK.png?fit=2032%2C917&ssl=1","contentUrl":"https:\/\/i0.wp.com\/truusk.store\/wp-content\/uploads\/2026\/03\/cropped-TRUUSK.png?fit=2032%2C917&ssl=1","width":2032,"height":917,"caption":"TRUUSK - Hem, Tr\u00e4dg\u00e5rd & Fritid"},"image":{"@id":"https:\/\/truusk.store\/sv\/#\/schema\/logo\/image\/"}}]}},"jetpack_sharing_enabled":true,"_links":{"self":[{"href":"https:\/\/truusk.store\/sv\/wp-json\/wp\/v2\/product\/50907","targetHints":{"allow":["GET"]}}],"collection":[{"href":"https:\/\/truusk.store\/sv\/wp-json\/wp\/v2\/product"}],"about":[{"href":"https:\/\/truusk.store\/sv\/wp-json\/wp\/v2\/types\/product"}],"wp:featuredmedia":[{"embeddable":true,"href":"https:\/\/truusk.store\/sv\/wp-json\/wp\/v2\/media\/50908"}],"wp:attachment":[{"href":"https:\/\/truusk.store\/sv\/wp-json\/wp\/v2\/media?parent=50907"}],"wp:term":[{"taxonomy":"product_brand","embeddable":true,"href":"https:\/\/truusk.store\/sv\/wp-json\/wp\/v2\/product_brand?post=50907"},{"taxonomy":"product_cat","embeddable":true,"href":"https:\/\/truusk.store\/sv\/wp-json\/wp\/v2\/product_cat?post=50907"},{"taxonomy":"product_tag","embeddable":true,"href":"https:\/\/truusk.store\/sv\/wp-json\/wp\/v2\/product_tag?post=50907"}],"curies":[{"name":"wp","href":"https:\/\/api.w.org\/{rel}","templated":true}]}}