{"id":50943,"date":"2024-03-02T14:10:13","date_gmt":"2024-03-02T13:10:13","guid":{"rendered":"https:\/\/truusk.store\/product\/kallram-upphojd-badd-vaxtbadd-vaderbestandig-2-plan-grantra-103-x-61-x-103-cm-natur\/"},"modified":"2026-03-12T09:37:24","modified_gmt":"2026-03-12T08:37:24","slug":"truusk-upphojd-vaxtbadd-vaderbestandig-2-plan-grantra-103-x-61-x-103-cm-natur","status":"publish","type":"product","link":"https:\/\/truusk.store\/sv\/produkt\/truusk-upphojd-vaxtbadd-vaderbestandig-2-plan-grantra-103-x-61-x-103-cm-natur\/","title":{"rendered":"TRUUSK Upph\u00f6jd V\u00e4xtb\u00e4dd &#8211; V\u00e4derbest\u00e4ndig &#8211; 2 Plan &#8211; Grantr\u00e4 &#8211; 103 x 61 x 103 cm &#8211; Natur"},"content":{"rendered":"<p>Uppt\u00e4ck charmen med tr\u00e4dg\u00e5rdsarbete hemma med frukostl\u00e5dan i tr\u00e4! Den robusta designen och de mycket transparenta akrylpanelerna med \u00f6ver 90 % ljusgenomsl\u00e4pplighet g\u00f6r att dina v\u00e4xter kan frodas. Njut av m\u00e5ngsidigheten som \u00e4r anpassad till v\u00e4xternas tillv\u00e4xt i varje skede tack vare den tv\u00e5v\u00e5ningsinteri\u00f6ren och den justerbara mitthyllan i tre niv\u00e5er. Och med l\u00e4tt\u00e5tkomliga dubbeld\u00f6rrar och ett justerbart tak har tr\u00e4dg\u00e5rdssk\u00f6tseln aldrig varit enklare.<\/p>\n<h3>Beskrivning:<\/h3>\n<ul>\n<li>Den massiva tr\u00e4ramen l\u00e5ter v\u00e4xterna v\u00e4xa<\/li>\n<li>Akrylpaneler med en ljusgenomsl\u00e4pplighet p\u00e5 mer \u00e4n 90 % s\u00e4kerst\u00e4ller ljusa interi\u00f6rer<\/li>\n<li>Inv\u00e4ndiga planteringsytor i tv\u00e5 niv\u00e5er maximerar utrymmeseffektiviteten<\/li>\n<li>Justerbar mitthylla med tre h\u00f6jder f\u00f6r v\u00e4xter<\/li>\n<li>Dubbeld\u00f6rr med magnetisk st\u00e4ngning ger enkel \u00e5tkomst f\u00f6r v\u00e4xtv\u00e5rd<\/li>\n<li>Takets lutningsvinkel \u00e4r stegl\u00f6st justerbar, vilket g\u00f6r att regnvatten kan t\u00f6mmas bort n\u00e4r taket \u00e4r st\u00e4ngt<\/li>\n<li>Montering kr\u00e4vs<\/li>\n<\/ul>\n<h3>Teknisk data:<\/h3>\n<ul>\n<li>F\u00e4rg: naturligt tr\u00e4<\/li>\n<li>Material: akryl, gran<\/li>\n<li>\u00d6vergripande m\u00e5tt: 103L x 61D x 95\/103H cm<\/li>\n<li>Tr storlek: 47,5L x 83,5H cm<\/li>\n<li>Takm\u00e5tt: 102L x 62W cm<\/li>\n<li>Max \u00f6ppningsarea p\u00e5 taket: 57 cm<\/li>\n<li>Innerhyllans storlek: 97,8W x 56,8D cm<\/li>\n<li>Viktkapacitet: (golv) 60kg, (hylla) 30kg<\/li>\n<li>Vindmotst\u00e5ndsniv\u00e5: 6<\/li>\n<\/ul>\n<h3>Leveransens omfattning:<\/h3>\n<ul>\n<li>1 x kall ram<\/li>\n<li>1 x manuell<\/li>\n<\/ul>\n","protected":false},"excerpt":{"rendered":"<p>Uppt\u00e4ck charmen med tr\u00e4dg\u00e5rdsarbete hemma med frukostl\u00e5dan i tr\u00e4! Den robusta designen och de mycket transparenta akrylpanelerna med \u00f6ver 90&#8230;<\/p>\n","protected":false},"featured_media":50944,"template":"","meta":[],"product_brand":[],"product_cat":[445,435,443],"product_tag":[],"class_list":{"0":"post-50943","1":"product","2":"type-product","3":"status-publish","4":"has-post-thumbnail","6":"product_cat-kalla-ramar","7":"product_cat-tradgard-och-terrass","8":"product_cat-vaxthus-tradgardsskotsel","10":"first","11":"instock","12":"sale","13":"taxable","14":"shipping-taxable","15":"purchasable","16":"product-type-simple"},"yoast_head":"<!-- This site is optimized with the Yoast SEO plugin v25.4 - https:\/\/yoast.com\/wordpress\/plugins\/seo\/ -->\n<title>TRUUSK Upph\u00f6jd V\u00e4xtb\u00e4dd - V\u00e4derbest\u00e4ndig - 2 Plan - Grantr\u00e4 - 103 x 61 x 103 cm - Natur - TRUUSK - Hem, Tr\u00e4dg\u00e5rd &amp; Fritid<\/title>\n<meta name=\"robots\" content=\"index, follow, max-snippet:-1, max-image-preview:large, max-video-preview:-1\" \/>\n<link rel=\"canonical\" href=\"https:\/\/truusk.store\/sv\/produkt\/truusk-upphojd-vaxtbadd-vaderbestandig-2-plan-grantra-103-x-61-x-103-cm-natur\/\" \/>\n<meta property=\"og:locale\" content=\"sv_SE\" \/>\n<meta property=\"og:type\" content=\"article\" \/>\n<meta property=\"og:title\" content=\"TRUUSK Upph\u00f6jd V\u00e4xtb\u00e4dd - V\u00e4derbest\u00e4ndig - 2 Plan - Grantr\u00e4 - 103 x 61 x 103 cm - Natur - TRUUSK - Hem, Tr\u00e4dg\u00e5rd &amp; Fritid\" \/>\n<meta property=\"og:description\" content=\"Uppt\u00e4ck charmen med tr\u00e4dg\u00e5rdsarbete hemma med frukostl\u00e5dan i tr\u00e4! Den robusta designen och de mycket transparenta akrylpanelerna med \u00f6ver 90...\" \/>\n<meta property=\"og:url\" content=\"https:\/\/truusk.store\/sv\/produkt\/truusk-upphojd-vaxtbadd-vaderbestandig-2-plan-grantra-103-x-61-x-103-cm-natur\/\" \/>\n<meta property=\"og:site_name\" content=\"TRUUSK - Hem, Tr\u00e4dg\u00e5rd &amp; Fritid\" \/>\n<meta property=\"article:modified_time\" content=\"2026-03-12T08:37:24+00:00\" \/>\n<meta property=\"og:image\" content=\"https:\/\/i0.wp.com\/truusk.se\/wp-content\/uploads\/2024\/03\/kallram-upphojd-badd-vaxtbadd-vaderbestandig-2-plan-grantra-103-x-61-x-103-cm-natur.webp?fit=800%2C800&ssl=1\" \/>\n\t<meta property=\"og:image:width\" content=\"800\" \/>\n\t<meta property=\"og:image:height\" content=\"800\" \/>\n\t<meta property=\"og:image:type\" content=\"image\/webp\" \/>\n<meta name=\"twitter:card\" content=\"summary_large_image\" \/>\n<meta name=\"twitter:label1\" content=\"Ber\u00e4knad l\u00e4stid\" \/>\n\t<meta name=\"twitter:data1\" content=\"1 minut\" \/>\n<!-- \/ Yoast SEO plugin. -->","yoast_head_json":{"title":"TRUUSK Upph\u00f6jd V\u00e4xtb\u00e4dd - V\u00e4derbest\u00e4ndig - 2 Plan - Grantr\u00e4 - 103 x 61 x 103 cm - Natur - TRUUSK - Hem, Tr\u00e4dg\u00e5rd &amp; Fritid","robots":{"index":"index","follow":"follow","max-snippet":"max-snippet:-1","max-image-preview":"max-image-preview:large","max-video-preview":"max-video-preview:-1"},"canonical":"https:\/\/truusk.store\/sv\/produkt\/truusk-upphojd-vaxtbadd-vaderbestandig-2-plan-grantra-103-x-61-x-103-cm-natur\/","og_locale":"sv_SE","og_type":"article","og_title":"TRUUSK Upph\u00f6jd V\u00e4xtb\u00e4dd - V\u00e4derbest\u00e4ndig - 2 Plan - Grantr\u00e4 - 103 x 61 x 103 cm - Natur - TRUUSK - Hem, Tr\u00e4dg\u00e5rd &amp; Fritid","og_description":"Uppt\u00e4ck charmen med tr\u00e4dg\u00e5rdsarbete hemma med frukostl\u00e5dan i tr\u00e4! Den robusta designen och de mycket transparenta akrylpanelerna med \u00f6ver 90...","og_url":"https:\/\/truusk.store\/sv\/produkt\/truusk-upphojd-vaxtbadd-vaderbestandig-2-plan-grantra-103-x-61-x-103-cm-natur\/","og_site_name":"TRUUSK - Hem, Tr\u00e4dg\u00e5rd &amp; Fritid","article_modified_time":"2026-03-12T08:37:24+00:00","og_image":[{"width":800,"height":800,"url":"https:\/\/i0.wp.com\/truusk.se\/wp-content\/uploads\/2024\/03\/kallram-upphojd-badd-vaxtbadd-vaderbestandig-2-plan-grantra-103-x-61-x-103-cm-natur.webp?fit=800%2C800&ssl=1","type":"image\/webp"}],"twitter_card":"summary_large_image","twitter_misc":{"Ber\u00e4knad l\u00e4stid":"1 minut"},"schema":{"@context":"https:\/\/schema.org","@graph":[{"@type":"WebPage","@id":"https:\/\/truusk.store\/sv\/produkt\/truusk-upphojd-vaxtbadd-vaderbestandig-2-plan-grantra-103-x-61-x-103-cm-natur\/","url":"https:\/\/truusk.store\/sv\/produkt\/truusk-upphojd-vaxtbadd-vaderbestandig-2-plan-grantra-103-x-61-x-103-cm-natur\/","name":"TRUUSK Upph\u00f6jd V\u00e4xtb\u00e4dd - V\u00e4derbest\u00e4ndig - 2 Plan - Grantr\u00e4 - 103 x 61 x 103 cm - Natur - TRUUSK - Hem, Tr\u00e4dg\u00e5rd &amp; Fritid","isPartOf":{"@id":"https:\/\/truusk.store\/sv\/#website"},"primaryImageOfPage":{"@id":"https:\/\/truusk.store\/sv\/produkt\/truusk-upphojd-vaxtbadd-vaderbestandig-2-plan-grantra-103-x-61-x-103-cm-natur\/#primaryimage"},"image":{"@id":"https:\/\/truusk.store\/sv\/produkt\/truusk-upphojd-vaxtbadd-vaderbestandig-2-plan-grantra-103-x-61-x-103-cm-natur\/#primaryimage"},"thumbnailUrl":"https:\/\/i0.wp.com\/truusk.store\/wp-content\/uploads\/2024\/03\/kallram-upphojd-badd-vaxtbadd-vaderbestandig-2-plan-grantra-103-x-61-x-103-cm-natur.webp?fit=800%2C800&ssl=1","datePublished":"2024-03-02T13:10:13+00:00","dateModified":"2026-03-12T08:37:24+00:00","breadcrumb":{"@id":"https:\/\/truusk.store\/sv\/produkt\/truusk-upphojd-vaxtbadd-vaderbestandig-2-plan-grantra-103-x-61-x-103-cm-natur\/#breadcrumb"},"inLanguage":"sv-SE","potentialAction":[{"@type":"ReadAction","target":["https:\/\/truusk.store\/sv\/produkt\/truusk-upphojd-vaxtbadd-vaderbestandig-2-plan-grantra-103-x-61-x-103-cm-natur\/"]}]},{"@type":"ImageObject","inLanguage":"sv-SE","@id":"https:\/\/truusk.store\/sv\/produkt\/truusk-upphojd-vaxtbadd-vaderbestandig-2-plan-grantra-103-x-61-x-103-cm-natur\/#primaryimage","url":"https:\/\/i0.wp.com\/truusk.store\/wp-content\/uploads\/2024\/03\/kallram-upphojd-badd-vaxtbadd-vaderbestandig-2-plan-grantra-103-x-61-x-103-cm-natur.webp?fit=800%2C800&ssl=1","contentUrl":"https:\/\/i0.wp.com\/truusk.store\/wp-content\/uploads\/2024\/03\/kallram-upphojd-badd-vaxtbadd-vaderbestandig-2-plan-grantra-103-x-61-x-103-cm-natur.webp?fit=800%2C800&ssl=1","width":800,"height":800,"caption":"Kallram Upph\u00f6jd B\u00e4dd V\u00e4xtb\u00e4dd, V\u00e4derbest\u00e4ndig, 2 Plan, Grantr\u00e4, 103 X 61 X 103 Cm, Natur 1"},{"@type":"BreadcrumbList","@id":"https:\/\/truusk.store\/sv\/produkt\/truusk-upphojd-vaxtbadd-vaderbestandig-2-plan-grantra-103-x-61-x-103-cm-natur\/#breadcrumb","itemListElement":[{"@type":"ListItem","position":1,"name":"Home","item":"https:\/\/truusk.store\/sv\/"},{"@type":"ListItem","position":2,"name":"Shop","item":"https:\/\/truusk.store\/shop\/"},{"@type":"ListItem","position":3,"name":"TRUUSK Upph\u00f6jd V\u00e4xtb\u00e4dd &#8211; V\u00e4derbest\u00e4ndig &#8211; 2 Plan &#8211; Grantr\u00e4 &#8211; 103 x 61 x 103 cm &#8211; Natur"}]},{"@type":"WebSite","@id":"https:\/\/truusk.store\/sv\/#website","url":"https:\/\/truusk.store\/sv\/","name":"TRUUSK - Hem, Tr\u00e4dg\u00e5rd & Fritid","description":"","publisher":{"@id":"https:\/\/truusk.store\/sv\/#organization"},"potentialAction":[{"@type":"SearchAction","target":{"@type":"EntryPoint","urlTemplate":"https:\/\/truusk.store\/sv\/?s={search_term_string}"},"query-input":{"@type":"PropertyValueSpecification","valueRequired":true,"valueName":"search_term_string"}}],"inLanguage":"sv-SE"},{"@type":"Organization","@id":"https:\/\/truusk.store\/sv\/#organization","name":"TRUUSK - Hem, Tr\u00e4dg\u00e5rd & Fritid","url":"https:\/\/truusk.store\/sv\/","logo":{"@type":"ImageObject","inLanguage":"sv-SE","@id":"https:\/\/truusk.store\/sv\/#\/schema\/logo\/image\/","url":"https:\/\/i0.wp.com\/truusk.store\/wp-content\/uploads\/2026\/03\/cropped-TRUUSK.png?fit=2032%2C917&ssl=1","contentUrl":"https:\/\/i0.wp.com\/truusk.store\/wp-content\/uploads\/2026\/03\/cropped-TRUUSK.png?fit=2032%2C917&ssl=1","width":2032,"height":917,"caption":"TRUUSK - Hem, Tr\u00e4dg\u00e5rd & Fritid"},"image":{"@id":"https:\/\/truusk.store\/sv\/#\/schema\/logo\/image\/"}}]}},"jetpack_sharing_enabled":true,"_links":{"self":[{"href":"https:\/\/truusk.store\/sv\/wp-json\/wp\/v2\/product\/50943","targetHints":{"allow":["GET"]}}],"collection":[{"href":"https:\/\/truusk.store\/sv\/wp-json\/wp\/v2\/product"}],"about":[{"href":"https:\/\/truusk.store\/sv\/wp-json\/wp\/v2\/types\/product"}],"wp:featuredmedia":[{"embeddable":true,"href":"https:\/\/truusk.store\/sv\/wp-json\/wp\/v2\/media\/50944"}],"wp:attachment":[{"href":"https:\/\/truusk.store\/sv\/wp-json\/wp\/v2\/media?parent=50943"}],"wp:term":[{"taxonomy":"product_brand","embeddable":true,"href":"https:\/\/truusk.store\/sv\/wp-json\/wp\/v2\/product_brand?post=50943"},{"taxonomy":"product_cat","embeddable":true,"href":"https:\/\/truusk.store\/sv\/wp-json\/wp\/v2\/product_cat?post=50943"},{"taxonomy":"product_tag","embeddable":true,"href":"https:\/\/truusk.store\/sv\/wp-json\/wp\/v2\/product_tag?post=50943"}],"curies":[{"name":"wp","href":"https:\/\/api.w.org\/{rel}","templated":true}]}}