{"id":50950,"date":"2024-03-02T14:20:11","date_gmt":"2024-03-02T13:20:11","guid":{"rendered":"https:\/\/truusk.store\/product\/hundsang-utomhushundsang-vaderbestandig-upphojd-ram-106-x-76-x-94-cm-morkbla\/"},"modified":"2026-03-12T09:38:08","modified_gmt":"2026-03-12T08:38:08","slug":"truusk-utomhus-hundbadd-vaderbestandig-upphojd-ram-106-x-76-x-94-cm-morkbla","status":"publish","type":"product","link":"https:\/\/truusk.store\/sv\/produkt\/truusk-utomhus-hundbadd-vaderbestandig-upphojd-ram-106-x-76-x-94-cm-morkbla\/","title":{"rendered":"TRUUSK Utomhus Hundb\u00e4dd &#8211; V\u00e4derbest\u00e4ndig &#8211; Upph\u00f6jd ram &#8211; 106 x 76 x 94 cm &#8211; M\u00f6rkbl\u00e5"},"content":{"rendered":"<p>Sk\u00e4m bort din lilla hund med hunds\u00e4ngen, en snygg hunds\u00e4ng som erbjuder maximal komfort. Det vatten- och UV-best\u00e4ndiga tafttyget skyddar din fyrbenta v\u00e4n fr\u00e5n v\u00e4der och vind, medan det andningsbara meshskyddet h\u00e5ller honom sval och avslappnad. Den svalkande hunds\u00e4ngen \u00e4r l\u00e4mplig f\u00f6r utomhus\u00e4ventyr och den perfekta tillflyktsorten f\u00f6r din fyrbenta v\u00e4n.<\/p>\n<h3>Beskrivning:<\/h3>\n<ul>\n<li>Det vattenavvisande och UV-best\u00e4ndiga kapellet<\/li>\n<li>Andningsbart meshtyg s\u00e4kerst\u00e4ller kylande luftcirkulation<\/li>\n<li>Inkluderar \u00e5kp\u00e5se f\u00f6r bekv\u00e4m transport och f\u00f6rvaring<\/li>\n<li>Oxfordtyget \u00e4r mogen och garanterar en l\u00e5ng livsl\u00e4ngd<\/li>\n<li>Den upph\u00f6jda designen f\u00f6rb\u00e4ttrar luftcirkulationen och f\u00f6rhindrar \u00f6verhettning<\/li>\n<li>St\u00e5lramen t\u00e5l tung vikt utan att b\u00f6jas<\/li>\n<li>F\u00f6r stora hundar med en kroppsl\u00e4ngd p\u00e5 mindre \u00e4n 65 cm och en vikt p\u00e5 mindre \u00e4n 30 kg<\/li>\n<li>Enkel konstruktion<\/li>\n<\/ul>\n<h3>Teknisk data:<\/h3>\n<ul>\n<li>m\u00f6rkbl\u00e5<\/li>\n<li>Material: Oxford, st\u00e5l, andningsbart mesh, polyester<\/li>\n<li>\u00d6vergripande m\u00e5tt: 106L x 76W x 94H cm<\/li>\n<li>M\u00e5tt s\u00e4ng: 106L x 76W cm<\/li>\n<li>M\u00e5tt p\u00e5 varje n\u00e4t som andas: 20\/33\/20L x 59W cm<\/li>\n<li>F\u00f6rvaringsm\u00e5tt: 96L x 26W cm<\/li>\n<li>\u00f6ver marken: 20 cm<\/li>\n<\/ul>\n<h3>Leveransens omfattning:<\/h3>\n<ul>\n<li>1 x Pet Bed<\/li>\n<li>1 x manuell<\/li>\n<\/ul>\n","protected":false},"excerpt":{"rendered":"<p>Sk\u00e4m bort din lilla hund med hunds\u00e4ngen, en snygg hunds\u00e4ng som erbjuder maximal komfort. Det vatten- och UV-best\u00e4ndiga tafttyget skyddar&#8230;<\/p>\n","protected":false},"featured_media":50951,"template":"","meta":[],"product_brand":[],"product_cat":[576,574,573],"product_tag":[],"class_list":{"0":"post-50950","1":"product","2":"type-product","3":"status-publish","4":"has-post-thumbnail","6":"product_cat-hundsangar-hundsoffor","7":"product_cat-hundtillbehor","8":"product_cat-husdjursmaterial","10":"first","11":"instock","12":"sale","13":"taxable","14":"shipping-taxable","15":"purchasable","16":"product-type-simple"},"yoast_head":"<!-- This site is optimized with the Yoast SEO plugin v25.4 - https:\/\/yoast.com\/wordpress\/plugins\/seo\/ -->\n<title>TRUUSK Utomhus Hundb\u00e4dd - V\u00e4derbest\u00e4ndig - Upph\u00f6jd ram - 106 x 76 x 94 cm - M\u00f6rkbl\u00e5 - TRUUSK - Hem, Tr\u00e4dg\u00e5rd &amp; Fritid<\/title>\n<meta name=\"robots\" content=\"index, follow, max-snippet:-1, max-image-preview:large, max-video-preview:-1\" \/>\n<link rel=\"canonical\" href=\"https:\/\/truusk.store\/sv\/produkt\/truusk-utomhus-hundbadd-vaderbestandig-upphojd-ram-106-x-76-x-94-cm-morkbla\/\" \/>\n<meta property=\"og:locale\" content=\"sv_SE\" \/>\n<meta property=\"og:type\" content=\"article\" \/>\n<meta property=\"og:title\" content=\"TRUUSK Utomhus Hundb\u00e4dd - V\u00e4derbest\u00e4ndig - Upph\u00f6jd ram - 106 x 76 x 94 cm - M\u00f6rkbl\u00e5 - TRUUSK - Hem, Tr\u00e4dg\u00e5rd &amp; Fritid\" \/>\n<meta property=\"og:description\" content=\"Sk\u00e4m bort din lilla hund med hunds\u00e4ngen, en snygg hunds\u00e4ng som erbjuder maximal komfort. Det vatten- och UV-best\u00e4ndiga tafttyget skyddar...\" \/>\n<meta property=\"og:url\" content=\"https:\/\/truusk.store\/sv\/produkt\/truusk-utomhus-hundbadd-vaderbestandig-upphojd-ram-106-x-76-x-94-cm-morkbla\/\" \/>\n<meta property=\"og:site_name\" content=\"TRUUSK - Hem, Tr\u00e4dg\u00e5rd &amp; Fritid\" \/>\n<meta property=\"article:modified_time\" content=\"2026-03-12T08:38:08+00:00\" \/>\n<meta property=\"og:image\" content=\"https:\/\/i0.wp.com\/truusk.se\/wp-content\/uploads\/2024\/03\/hundsang-utomhushundsang-vaderbestandig-upphojd-ram-106-x-76-x-94-cm-morkbla.webp?fit=800%2C800&ssl=1\" \/>\n\t<meta property=\"og:image:width\" content=\"800\" \/>\n\t<meta property=\"og:image:height\" content=\"800\" \/>\n\t<meta property=\"og:image:type\" content=\"image\/webp\" \/>\n<meta name=\"twitter:card\" content=\"summary_large_image\" \/>\n<meta name=\"twitter:label1\" content=\"Ber\u00e4knad l\u00e4stid\" \/>\n\t<meta name=\"twitter:data1\" content=\"1 minut\" \/>\n<!-- \/ Yoast SEO plugin. -->","yoast_head_json":{"title":"TRUUSK Utomhus Hundb\u00e4dd - V\u00e4derbest\u00e4ndig - Upph\u00f6jd ram - 106 x 76 x 94 cm - M\u00f6rkbl\u00e5 - TRUUSK - Hem, Tr\u00e4dg\u00e5rd &amp; Fritid","robots":{"index":"index","follow":"follow","max-snippet":"max-snippet:-1","max-image-preview":"max-image-preview:large","max-video-preview":"max-video-preview:-1"},"canonical":"https:\/\/truusk.store\/sv\/produkt\/truusk-utomhus-hundbadd-vaderbestandig-upphojd-ram-106-x-76-x-94-cm-morkbla\/","og_locale":"sv_SE","og_type":"article","og_title":"TRUUSK Utomhus Hundb\u00e4dd - V\u00e4derbest\u00e4ndig - Upph\u00f6jd ram - 106 x 76 x 94 cm - M\u00f6rkbl\u00e5 - TRUUSK - Hem, Tr\u00e4dg\u00e5rd &amp; Fritid","og_description":"Sk\u00e4m bort din lilla hund med hunds\u00e4ngen, en snygg hunds\u00e4ng som erbjuder maximal komfort. Det vatten- och UV-best\u00e4ndiga tafttyget skyddar...","og_url":"https:\/\/truusk.store\/sv\/produkt\/truusk-utomhus-hundbadd-vaderbestandig-upphojd-ram-106-x-76-x-94-cm-morkbla\/","og_site_name":"TRUUSK - Hem, Tr\u00e4dg\u00e5rd &amp; Fritid","article_modified_time":"2026-03-12T08:38:08+00:00","og_image":[{"width":800,"height":800,"url":"https:\/\/i0.wp.com\/truusk.se\/wp-content\/uploads\/2024\/03\/hundsang-utomhushundsang-vaderbestandig-upphojd-ram-106-x-76-x-94-cm-morkbla.webp?fit=800%2C800&ssl=1","type":"image\/webp"}],"twitter_card":"summary_large_image","twitter_misc":{"Ber\u00e4knad l\u00e4stid":"1 minut"},"schema":{"@context":"https:\/\/schema.org","@graph":[{"@type":"WebPage","@id":"https:\/\/truusk.store\/sv\/produkt\/truusk-utomhus-hundbadd-vaderbestandig-upphojd-ram-106-x-76-x-94-cm-morkbla\/","url":"https:\/\/truusk.store\/sv\/produkt\/truusk-utomhus-hundbadd-vaderbestandig-upphojd-ram-106-x-76-x-94-cm-morkbla\/","name":"TRUUSK Utomhus Hundb\u00e4dd - V\u00e4derbest\u00e4ndig - Upph\u00f6jd ram - 106 x 76 x 94 cm - M\u00f6rkbl\u00e5 - TRUUSK - Hem, Tr\u00e4dg\u00e5rd &amp; Fritid","isPartOf":{"@id":"https:\/\/truusk.store\/sv\/#website"},"primaryImageOfPage":{"@id":"https:\/\/truusk.store\/sv\/produkt\/truusk-utomhus-hundbadd-vaderbestandig-upphojd-ram-106-x-76-x-94-cm-morkbla\/#primaryimage"},"image":{"@id":"https:\/\/truusk.store\/sv\/produkt\/truusk-utomhus-hundbadd-vaderbestandig-upphojd-ram-106-x-76-x-94-cm-morkbla\/#primaryimage"},"thumbnailUrl":"https:\/\/i0.wp.com\/truusk.store\/wp-content\/uploads\/2024\/03\/hundsang-utomhushundsang-vaderbestandig-upphojd-ram-106-x-76-x-94-cm-morkbla.webp?fit=800%2C800&ssl=1","datePublished":"2024-03-02T13:20:11+00:00","dateModified":"2026-03-12T08:38:08+00:00","breadcrumb":{"@id":"https:\/\/truusk.store\/sv\/produkt\/truusk-utomhus-hundbadd-vaderbestandig-upphojd-ram-106-x-76-x-94-cm-morkbla\/#breadcrumb"},"inLanguage":"sv-SE","potentialAction":[{"@type":"ReadAction","target":["https:\/\/truusk.store\/sv\/produkt\/truusk-utomhus-hundbadd-vaderbestandig-upphojd-ram-106-x-76-x-94-cm-morkbla\/"]}]},{"@type":"ImageObject","inLanguage":"sv-SE","@id":"https:\/\/truusk.store\/sv\/produkt\/truusk-utomhus-hundbadd-vaderbestandig-upphojd-ram-106-x-76-x-94-cm-morkbla\/#primaryimage","url":"https:\/\/i0.wp.com\/truusk.store\/wp-content\/uploads\/2024\/03\/hundsang-utomhushundsang-vaderbestandig-upphojd-ram-106-x-76-x-94-cm-morkbla.webp?fit=800%2C800&ssl=1","contentUrl":"https:\/\/i0.wp.com\/truusk.store\/wp-content\/uploads\/2024\/03\/hundsang-utomhushundsang-vaderbestandig-upphojd-ram-106-x-76-x-94-cm-morkbla.webp?fit=800%2C800&ssl=1","width":800,"height":800,"caption":"Hunds\u00e4ng Utomhushunds\u00e4ng, V\u00e4derbest\u00e4ndig, Upph\u00f6jd Ram, 106 X 76 X 94 Cm, M\u00f6rkbl\u00e5 1"},{"@type":"BreadcrumbList","@id":"https:\/\/truusk.store\/sv\/produkt\/truusk-utomhus-hundbadd-vaderbestandig-upphojd-ram-106-x-76-x-94-cm-morkbla\/#breadcrumb","itemListElement":[{"@type":"ListItem","position":1,"name":"Home","item":"https:\/\/truusk.store\/sv\/"},{"@type":"ListItem","position":2,"name":"Shop","item":"https:\/\/truusk.store\/shop\/"},{"@type":"ListItem","position":3,"name":"TRUUSK Utomhus Hundb\u00e4dd &#8211; V\u00e4derbest\u00e4ndig &#8211; Upph\u00f6jd ram &#8211; 106 x 76 x 94 cm &#8211; M\u00f6rkbl\u00e5"}]},{"@type":"WebSite","@id":"https:\/\/truusk.store\/sv\/#website","url":"https:\/\/truusk.store\/sv\/","name":"TRUUSK - Hem, Tr\u00e4dg\u00e5rd & Fritid","description":"","publisher":{"@id":"https:\/\/truusk.store\/sv\/#organization"},"potentialAction":[{"@type":"SearchAction","target":{"@type":"EntryPoint","urlTemplate":"https:\/\/truusk.store\/sv\/?s={search_term_string}"},"query-input":{"@type":"PropertyValueSpecification","valueRequired":true,"valueName":"search_term_string"}}],"inLanguage":"sv-SE"},{"@type":"Organization","@id":"https:\/\/truusk.store\/sv\/#organization","name":"TRUUSK - Hem, Tr\u00e4dg\u00e5rd & Fritid","url":"https:\/\/truusk.store\/sv\/","logo":{"@type":"ImageObject","inLanguage":"sv-SE","@id":"https:\/\/truusk.store\/sv\/#\/schema\/logo\/image\/","url":"https:\/\/i0.wp.com\/truusk.store\/wp-content\/uploads\/2026\/03\/cropped-TRUUSK.png?fit=2032%2C917&ssl=1","contentUrl":"https:\/\/i0.wp.com\/truusk.store\/wp-content\/uploads\/2026\/03\/cropped-TRUUSK.png?fit=2032%2C917&ssl=1","width":2032,"height":917,"caption":"TRUUSK - Hem, Tr\u00e4dg\u00e5rd & Fritid"},"image":{"@id":"https:\/\/truusk.store\/sv\/#\/schema\/logo\/image\/"}}]}},"jetpack_sharing_enabled":true,"_links":{"self":[{"href":"https:\/\/truusk.store\/sv\/wp-json\/wp\/v2\/product\/50950","targetHints":{"allow":["GET"]}}],"collection":[{"href":"https:\/\/truusk.store\/sv\/wp-json\/wp\/v2\/product"}],"about":[{"href":"https:\/\/truusk.store\/sv\/wp-json\/wp\/v2\/types\/product"}],"wp:featuredmedia":[{"embeddable":true,"href":"https:\/\/truusk.store\/sv\/wp-json\/wp\/v2\/media\/50951"}],"wp:attachment":[{"href":"https:\/\/truusk.store\/sv\/wp-json\/wp\/v2\/media?parent=50950"}],"wp:term":[{"taxonomy":"product_brand","embeddable":true,"href":"https:\/\/truusk.store\/sv\/wp-json\/wp\/v2\/product_brand?post=50950"},{"taxonomy":"product_cat","embeddable":true,"href":"https:\/\/truusk.store\/sv\/wp-json\/wp\/v2\/product_cat?post=50950"},{"taxonomy":"product_tag","embeddable":true,"href":"https:\/\/truusk.store\/sv\/wp-json\/wp\/v2\/product_tag?post=50950"}],"curies":[{"name":"wp","href":"https:\/\/api.w.org\/{rel}","templated":true}]}}