{"id":51056,"date":"2024-03-02T16:10:11","date_gmt":"2024-03-02T15:10:11","guid":{"rendered":"https:\/\/truusk.store\/product\/campingtalt-pop-up-talt-for-2-3-personer-forrum-sovplats-vattentatt-426-x-206-x-154-cm-ljusbla\/"},"modified":"2026-03-12T09:13:06","modified_gmt":"2026-03-12T08:13:06","slug":"truusk-campingtalt-pop-up-talt-for-2-3-personer-forrum-sovplats-vattentatt-426-x-206-x-154-cm-ljusbla","status":"publish","type":"product","link":"https:\/\/truusk.store\/sv\/produkt\/truusk-campingtalt-pop-up-talt-for-2-3-personer-forrum-sovplats-vattentatt-426-x-206-x-154-cm-ljusbla\/","title":{"rendered":"TRUUSK Campingt\u00e4lt &#8211; Pop-up T\u00e4lt F\u00f6r 2-3 Personer &#8211; F\u00f6rrum &amp; Sovplats &#8211; Vattent\u00e4tt &#8211; 426 X 206 X 154 Cm &#8211; Ljusbl\u00e5"},"content":{"rendered":"<p>Uppt\u00e4ck det perfekta campingt\u00e4ltet f\u00f6r sm\u00e5 familje\u00e4ventyr! V\u00e5rt t\u00e4lt rymmer upp till tre personer och \u00e4r idealiskt f\u00f6r camping, vandringssemester och festivaler. Med tv\u00e5 rum, inklusive ett f\u00f6rrum och en mysig sovdel med l\u00e5sbar d\u00f6rr, erbjuder det avskildhet och tillr\u00e4ckligt med utrymme f\u00f6r avkoppling och f\u00f6rvaring. De olika ing\u00e5ngarna s\u00e4kerst\u00e4ller mer r\u00f6relsefrihet och flexibilitet. T\u00e4ltet levereras komplett med pinnar och linor.<\/p>\n<h3>Beskrivning:<\/h3>\n<ul>\n<li>Toppkrok f\u00f6r att h\u00e4nga upp en lampa eller fl\u00e4kt<\/li>\n<li>Tv\u00e5rumsdesign: sovplats och f\u00f6rrum, perfekt f\u00f6r att koppla av och f\u00f6rvara dina saker<\/li>\n<li>F\u00f6rrummet har tv\u00e5 d\u00f6rrar, sovrummet har en d\u00f6rr<\/li>\n<li>Fyra sm\u00e5 fickor f\u00f6r att s\u00e4kert f\u00f6rvara f\u00f6rem\u00e5l i t\u00e4ltet, idealiska f\u00f6r mobiltelefoner, kort etc.<\/li>\n<li>Yttre regnskydd f\u00f6r extra skydd, markt\u00e4ckare f\u00f6r torr inredning<\/li>\n<li>N\u00e4tf\u00f6nster f\u00f6r optimal luftcirkulation<\/li>\n<li>Transportv\u00e4ska, 20 pinnar och 10 snurrrep ing\u00e5r<\/li>\n<\/ul>\n<h3>Teknisk data:<\/h3>\n<ul>\n<li>F\u00e4rg: ljusbl\u00e5<\/li>\n<li>Material: Polyester, PE, Glasfiber<\/li>\n<li>Totala m\u00e5tt: 426L x 206W x 154H cm<\/li>\n<li>Vikta m\u00e5tt: 63L x 16W x 17H cm<\/li>\n<li>Ytterd\u00f6rrens m\u00e5tt: 164L x 122W cm<\/li>\n<li>Sidom\u00e5tt: 134L x 100W cm<\/li>\n<li>M\u00e5tt bostadsyta: 200L x 176W x 150H cm<\/li>\n<li>Innert\u00e4ltets m\u00e5tt: 202L x 178W x 150H cm<\/li>\n<li>M\u00e5tt p\u00e5 p\u00e5sen f\u00f6r redskap: 24,5L x 20W cm<\/li>\n<li>F\u00f6nsterm\u00e5tt: 116L x 46W cm<\/li>\n<li>Vindt\u00e4t: Niv\u00e5 4-5 (med pinnar och slaglinor)<\/li>\n<\/ul>\n<h3>Leveransens omfattning:<\/h3>\n<ul>\n<li>1 x Campingt\u00e4lt<\/li>\n<li>20 x sill<\/li>\n<li>10 x Guyline<\/li>\n<li>1 x B\u00e4rv\u00e4ska<\/li>\n<li>1 x Instruktioner<\/li>\n<\/ul>\n","protected":false},"excerpt":{"rendered":"<p>Uppt\u00e4ck det perfekta campingt\u00e4ltet f\u00f6r sm\u00e5 familje\u00e4ventyr! V\u00e5rt t\u00e4lt rymmer upp till tre personer och \u00e4r idealiskt f\u00f6r camping, vandringssemester&#8230;<\/p>\n","protected":false},"featured_media":51057,"template":"","meta":[],"product_brand":[],"product_cat":[648,647,650],"product_tag":[],"class_list":{"0":"post-51056","1":"product","2":"type-product","3":"status-publish","4":"has-post-thumbnail","6":"product_cat-camping-tillbehor","7":"product_cat-sport-fritid","8":"product_cat-talt","10":"first","11":"instock","12":"sale","13":"taxable","14":"shipping-taxable","15":"purchasable","16":"product-type-simple"},"yoast_head":"<!-- This site is optimized with the Yoast SEO plugin v25.4 - https:\/\/yoast.com\/wordpress\/plugins\/seo\/ -->\n<title>TRUUSK Campingt\u00e4lt - Pop-up T\u00e4lt F\u00f6r 2-3 Personer - F\u00f6rrum &amp; Sovplats - Vattent\u00e4tt - 426 X 206 X 154 Cm - Ljusbl\u00e5 - TRUUSK - Hem, Tr\u00e4dg\u00e5rd &amp; Fritid<\/title>\n<meta name=\"robots\" content=\"index, follow, max-snippet:-1, max-image-preview:large, max-video-preview:-1\" \/>\n<link rel=\"canonical\" href=\"https:\/\/truusk.store\/sv\/produkt\/truusk-campingtalt-pop-up-talt-for-2-3-personer-forrum-sovplats-vattentatt-426-x-206-x-154-cm-ljusbla\/\" \/>\n<meta property=\"og:locale\" content=\"sv_SE\" \/>\n<meta property=\"og:type\" content=\"article\" \/>\n<meta property=\"og:title\" content=\"TRUUSK Campingt\u00e4lt - Pop-up T\u00e4lt F\u00f6r 2-3 Personer - F\u00f6rrum &amp; Sovplats - Vattent\u00e4tt - 426 X 206 X 154 Cm - Ljusbl\u00e5 - TRUUSK - Hem, Tr\u00e4dg\u00e5rd &amp; Fritid\" \/>\n<meta property=\"og:description\" content=\"Uppt\u00e4ck det perfekta campingt\u00e4ltet f\u00f6r sm\u00e5 familje\u00e4ventyr! V\u00e5rt t\u00e4lt rymmer upp till tre personer och \u00e4r idealiskt f\u00f6r camping, vandringssemester...\" \/>\n<meta property=\"og:url\" content=\"https:\/\/truusk.store\/sv\/produkt\/truusk-campingtalt-pop-up-talt-for-2-3-personer-forrum-sovplats-vattentatt-426-x-206-x-154-cm-ljusbla\/\" \/>\n<meta property=\"og:site_name\" content=\"TRUUSK - Hem, Tr\u00e4dg\u00e5rd &amp; Fritid\" \/>\n<meta property=\"article:modified_time\" content=\"2026-03-12T08:13:06+00:00\" \/>\n<meta property=\"og:image\" content=\"https:\/\/i0.wp.com\/truusk.se\/wp-content\/uploads\/2024\/03\/campingtalt-pop-up-talt-for-2-3-personer-forrum-sovplats-vattentatt-426-x-206-x-154-cm-ljusbla.webp?fit=800%2C800&ssl=1\" \/>\n\t<meta property=\"og:image:width\" content=\"800\" \/>\n\t<meta property=\"og:image:height\" content=\"800\" \/>\n\t<meta property=\"og:image:type\" content=\"image\/webp\" \/>\n<meta name=\"twitter:card\" content=\"summary_large_image\" \/>\n<meta name=\"twitter:label1\" content=\"Ber\u00e4knad l\u00e4stid\" \/>\n\t<meta name=\"twitter:data1\" content=\"1 minut\" \/>\n<!-- \/ Yoast SEO plugin. -->","yoast_head_json":{"title":"TRUUSK Campingt\u00e4lt - Pop-up T\u00e4lt F\u00f6r 2-3 Personer - F\u00f6rrum &amp; Sovplats - Vattent\u00e4tt - 426 X 206 X 154 Cm - Ljusbl\u00e5 - TRUUSK - Hem, Tr\u00e4dg\u00e5rd &amp; Fritid","robots":{"index":"index","follow":"follow","max-snippet":"max-snippet:-1","max-image-preview":"max-image-preview:large","max-video-preview":"max-video-preview:-1"},"canonical":"https:\/\/truusk.store\/sv\/produkt\/truusk-campingtalt-pop-up-talt-for-2-3-personer-forrum-sovplats-vattentatt-426-x-206-x-154-cm-ljusbla\/","og_locale":"sv_SE","og_type":"article","og_title":"TRUUSK Campingt\u00e4lt - Pop-up T\u00e4lt F\u00f6r 2-3 Personer - F\u00f6rrum &amp; Sovplats - Vattent\u00e4tt - 426 X 206 X 154 Cm - Ljusbl\u00e5 - TRUUSK - Hem, Tr\u00e4dg\u00e5rd &amp; Fritid","og_description":"Uppt\u00e4ck det perfekta campingt\u00e4ltet f\u00f6r sm\u00e5 familje\u00e4ventyr! V\u00e5rt t\u00e4lt rymmer upp till tre personer och \u00e4r idealiskt f\u00f6r camping, vandringssemester...","og_url":"https:\/\/truusk.store\/sv\/produkt\/truusk-campingtalt-pop-up-talt-for-2-3-personer-forrum-sovplats-vattentatt-426-x-206-x-154-cm-ljusbla\/","og_site_name":"TRUUSK - Hem, Tr\u00e4dg\u00e5rd &amp; Fritid","article_modified_time":"2026-03-12T08:13:06+00:00","og_image":[{"width":800,"height":800,"url":"https:\/\/i0.wp.com\/truusk.se\/wp-content\/uploads\/2024\/03\/campingtalt-pop-up-talt-for-2-3-personer-forrum-sovplats-vattentatt-426-x-206-x-154-cm-ljusbla.webp?fit=800%2C800&ssl=1","type":"image\/webp"}],"twitter_card":"summary_large_image","twitter_misc":{"Ber\u00e4knad l\u00e4stid":"1 minut"},"schema":{"@context":"https:\/\/schema.org","@graph":[{"@type":"WebPage","@id":"https:\/\/truusk.store\/sv\/produkt\/truusk-campingtalt-pop-up-talt-for-2-3-personer-forrum-sovplats-vattentatt-426-x-206-x-154-cm-ljusbla\/","url":"https:\/\/truusk.store\/sv\/produkt\/truusk-campingtalt-pop-up-talt-for-2-3-personer-forrum-sovplats-vattentatt-426-x-206-x-154-cm-ljusbla\/","name":"TRUUSK Campingt\u00e4lt - Pop-up T\u00e4lt F\u00f6r 2-3 Personer - F\u00f6rrum &amp; Sovplats - Vattent\u00e4tt - 426 X 206 X 154 Cm - Ljusbl\u00e5 - TRUUSK - Hem, Tr\u00e4dg\u00e5rd &amp; Fritid","isPartOf":{"@id":"https:\/\/truusk.store\/sv\/#website"},"primaryImageOfPage":{"@id":"https:\/\/truusk.store\/sv\/produkt\/truusk-campingtalt-pop-up-talt-for-2-3-personer-forrum-sovplats-vattentatt-426-x-206-x-154-cm-ljusbla\/#primaryimage"},"image":{"@id":"https:\/\/truusk.store\/sv\/produkt\/truusk-campingtalt-pop-up-talt-for-2-3-personer-forrum-sovplats-vattentatt-426-x-206-x-154-cm-ljusbla\/#primaryimage"},"thumbnailUrl":"https:\/\/i0.wp.com\/truusk.store\/wp-content\/uploads\/2024\/03\/campingtalt-pop-up-talt-for-2-3-personer-forrum-sovplats-vattentatt-426-x-206-x-154-cm-ljusbla.webp?fit=800%2C800&ssl=1","datePublished":"2024-03-02T15:10:11+00:00","dateModified":"2026-03-12T08:13:06+00:00","breadcrumb":{"@id":"https:\/\/truusk.store\/sv\/produkt\/truusk-campingtalt-pop-up-talt-for-2-3-personer-forrum-sovplats-vattentatt-426-x-206-x-154-cm-ljusbla\/#breadcrumb"},"inLanguage":"sv-SE","potentialAction":[{"@type":"ReadAction","target":["https:\/\/truusk.store\/sv\/produkt\/truusk-campingtalt-pop-up-talt-for-2-3-personer-forrum-sovplats-vattentatt-426-x-206-x-154-cm-ljusbla\/"]}]},{"@type":"ImageObject","inLanguage":"sv-SE","@id":"https:\/\/truusk.store\/sv\/produkt\/truusk-campingtalt-pop-up-talt-for-2-3-personer-forrum-sovplats-vattentatt-426-x-206-x-154-cm-ljusbla\/#primaryimage","url":"https:\/\/i0.wp.com\/truusk.store\/wp-content\/uploads\/2024\/03\/campingtalt-pop-up-talt-for-2-3-personer-forrum-sovplats-vattentatt-426-x-206-x-154-cm-ljusbla.webp?fit=800%2C800&ssl=1","contentUrl":"https:\/\/i0.wp.com\/truusk.store\/wp-content\/uploads\/2024\/03\/campingtalt-pop-up-talt-for-2-3-personer-forrum-sovplats-vattentatt-426-x-206-x-154-cm-ljusbla.webp?fit=800%2C800&ssl=1","width":800,"height":800,"caption":"Campingt\u00e4lt, Pop-up T\u00e4lt F\u00f6r 2-3 Personer, F\u00f6rrum &amp; Sovplats, Vattent\u00e4tt, 426 X 206 X 154 Cm, Ljusbl\u00e5 1"},{"@type":"BreadcrumbList","@id":"https:\/\/truusk.store\/sv\/produkt\/truusk-campingtalt-pop-up-talt-for-2-3-personer-forrum-sovplats-vattentatt-426-x-206-x-154-cm-ljusbla\/#breadcrumb","itemListElement":[{"@type":"ListItem","position":1,"name":"Home","item":"https:\/\/truusk.store\/sv\/"},{"@type":"ListItem","position":2,"name":"Shop","item":"https:\/\/truusk.store\/shop\/"},{"@type":"ListItem","position":3,"name":"TRUUSK Campingt\u00e4lt &#8211; Pop-up T\u00e4lt F\u00f6r 2-3 Personer &#8211; F\u00f6rrum &amp; Sovplats &#8211; Vattent\u00e4tt &#8211; 426 X 206 X 154 Cm &#8211; Ljusbl\u00e5"}]},{"@type":"WebSite","@id":"https:\/\/truusk.store\/sv\/#website","url":"https:\/\/truusk.store\/sv\/","name":"TRUUSK - Hem, Tr\u00e4dg\u00e5rd & Fritid","description":"","publisher":{"@id":"https:\/\/truusk.store\/sv\/#organization"},"potentialAction":[{"@type":"SearchAction","target":{"@type":"EntryPoint","urlTemplate":"https:\/\/truusk.store\/sv\/?s={search_term_string}"},"query-input":{"@type":"PropertyValueSpecification","valueRequired":true,"valueName":"search_term_string"}}],"inLanguage":"sv-SE"},{"@type":"Organization","@id":"https:\/\/truusk.store\/sv\/#organization","name":"TRUUSK - Hem, Tr\u00e4dg\u00e5rd & Fritid","url":"https:\/\/truusk.store\/sv\/","logo":{"@type":"ImageObject","inLanguage":"sv-SE","@id":"https:\/\/truusk.store\/sv\/#\/schema\/logo\/image\/","url":"https:\/\/i0.wp.com\/truusk.store\/wp-content\/uploads\/2026\/03\/cropped-TRUUSK.png?fit=2032%2C917&ssl=1","contentUrl":"https:\/\/i0.wp.com\/truusk.store\/wp-content\/uploads\/2026\/03\/cropped-TRUUSK.png?fit=2032%2C917&ssl=1","width":2032,"height":917,"caption":"TRUUSK - Hem, Tr\u00e4dg\u00e5rd & Fritid"},"image":{"@id":"https:\/\/truusk.store\/sv\/#\/schema\/logo\/image\/"}}]}},"jetpack_sharing_enabled":true,"_links":{"self":[{"href":"https:\/\/truusk.store\/sv\/wp-json\/wp\/v2\/product\/51056","targetHints":{"allow":["GET"]}}],"collection":[{"href":"https:\/\/truusk.store\/sv\/wp-json\/wp\/v2\/product"}],"about":[{"href":"https:\/\/truusk.store\/sv\/wp-json\/wp\/v2\/types\/product"}],"wp:featuredmedia":[{"embeddable":true,"href":"https:\/\/truusk.store\/sv\/wp-json\/wp\/v2\/media\/51057"}],"wp:attachment":[{"href":"https:\/\/truusk.store\/sv\/wp-json\/wp\/v2\/media?parent=51056"}],"wp:term":[{"taxonomy":"product_brand","embeddable":true,"href":"https:\/\/truusk.store\/sv\/wp-json\/wp\/v2\/product_brand?post=51056"},{"taxonomy":"product_cat","embeddable":true,"href":"https:\/\/truusk.store\/sv\/wp-json\/wp\/v2\/product_cat?post=51056"},{"taxonomy":"product_tag","embeddable":true,"href":"https:\/\/truusk.store\/sv\/wp-json\/wp\/v2\/product_tag?post=51056"}],"curies":[{"name":"wp","href":"https:\/\/api.w.org\/{rel}","templated":true}]}}