{"id":51100,"date":"2024-03-02T16:50:11","date_gmt":"2024-03-02T15:50:11","guid":{"rendered":"https:\/\/truusk.store\/product\/duschtalt-omkladningsrum-utomhus-hopfallbart-inklusive-barvaska-126-x-124-x-189-cm-morkgron\/"},"modified":"2026-03-12T09:13:25","modified_gmt":"2026-03-12T08:13:25","slug":"truusk-duschtalt-omkladningsrum-utomhus-hopfallbart-inklusive-barvaska-126-x-124-x-189-cm-morkgron","status":"publish","type":"product","link":"https:\/\/truusk.store\/sv\/produkt\/truusk-duschtalt-omkladningsrum-utomhus-hopfallbart-inklusive-barvaska-126-x-124-x-189-cm-morkgron\/","title":{"rendered":"TRUUSK Duscht\u00e4lt &#8211; Omkl\u00e4dningsrum Utomhus &#8211; Hopf\u00e4llbart &#8211; Inklusive B\u00e4rv\u00e4ska &#8211; 126 X 124 X 189 Cm &#8211; M\u00f6rkgr\u00f6n"},"content":{"rendered":"<p>Med sin snabba montering och demontering, robusta st\u00e5lst\u00f6d och pinnar samt en UV-blockerande presenning \u00e4r detta duscht\u00e4lt din p\u00e5litliga reskamrat.Det bakre n\u00e4tf\u00f6nstret och n\u00e4ttyget p\u00e5 ovansidan s\u00e4kerst\u00e4ller optimal ventilation. Det avtagbara regnskyddet och det avtagbara, l\u00e4ttst\u00e4dade golvet g\u00f6r duschning och reng\u00f6ring av t\u00e4ltet till en lek. Bra funktion: det vattent\u00e4ta golvet med dr\u00e4neringssystem.<\/p>\n<h3>Beskrivning:<\/h3>\n<ul>\n<li>Den h\u00f6ga designen \u00e4r idealisk f\u00f6r att duscha eller byta om p\u00e5 festivaler och campingresor och g\u00f6r att du kan st\u00e5 bekv\u00e4mt i t\u00e4ltet<\/li>\n<li>Robusta och flexibla st\u00e5lst\u00e4nger m\u00f6jligg\u00f6r omedelbar montering och h\u00f6g stabilitet<\/li>\n<li>En praktisk innerficka ger plats f\u00f6r f\u00f6rvaring av personliga f\u00f6rem\u00e5l<\/li>\n<li>Det v\u00e4derbest\u00e4ndiga materialet ger optimalt skydd mot vind och regn f\u00f6r en ost\u00f6rd duschupplevelse<\/li>\n<li>N\u00e4tf\u00f6nster s\u00e4kerst\u00e4ller optimal ventilation och b\u00e4ttre temperaturreglering, vilket s\u00e4kerst\u00e4ller ett behagligt klimat i t\u00e4ltet<\/li>\n<li>Krokar f\u00f6r att h\u00e4nga upp en lampa m\u00f6jligg\u00f6r s\u00e4ker belysning utan \u00f6ppna l\u00e5gor<\/li>\n<li>Den stora d\u00f6rren med dragkedja ger enkel \u00e5tkomst fr\u00e5n insidan och utsidan<\/li>\n<li>Inkluderar b\u00e4rv\u00e4ska f\u00f6r bekv\u00e4m transport och f\u00f6rvaring<\/li>\n<\/ul>\n<h3>Teknisk data:<\/h3>\n<ul>\n<li>F\u00e4rg: m\u00f6rkgr\u00f6n<\/li>\n<li>Material: polyester, st\u00e5l<\/li>\n<li>\u00d6vergripande m\u00e5tt: 126L x 124W x 189H cm<\/li>\n<li>Vikta m\u00e5tt: 60L x 60W x 7H cm<\/li>\n<li>M\u00e5tt: 138L x 77W cm<\/li>\n<li>F\u00f6nsterm\u00e5tt: 40L x 39W cm<\/li>\n<li>Vattent\u00e5lighet: 1000 ppm<\/li>\n<li>OBS: Anv\u00e4nd inte p\u00e5 regniga dagar<\/li>\n<\/ul>\n<h3>Leveransens omfattning:<\/h3>\n<ul>\n<li>1 x Duscht\u00e4lt<\/li>\n<li>8 x pinnar<\/li>\n<li>4 x sp\u00e4nnlinor<\/li>\n<li>1 x B\u00e4rv\u00e4ska<\/li>\n<\/ul>\n","protected":false},"excerpt":{"rendered":"<p>Med sin snabba montering och demontering, robusta st\u00e5lst\u00f6d och pinnar samt en UV-blockerande presenning \u00e4r detta duscht\u00e4lt din p\u00e5litliga reskamrat.Det&#8230;<\/p>\n","protected":false},"featured_media":51101,"template":"","meta":[],"product_brand":[],"product_cat":[648,647,650],"product_tag":[],"class_list":{"0":"post-51100","1":"product","2":"type-product","3":"status-publish","4":"has-post-thumbnail","6":"product_cat-camping-tillbehor","7":"product_cat-sport-fritid","8":"product_cat-talt","10":"first","11":"instock","12":"sale","13":"taxable","14":"shipping-taxable","15":"purchasable","16":"product-type-simple"},"yoast_head":"<!-- This site is optimized with the Yoast SEO plugin v25.4 - https:\/\/yoast.com\/wordpress\/plugins\/seo\/ -->\n<title>TRUUSK Duscht\u00e4lt - Omkl\u00e4dningsrum Utomhus - Hopf\u00e4llbart - Inklusive B\u00e4rv\u00e4ska - 126 X 124 X 189 Cm - M\u00f6rkgr\u00f6n - TRUUSK - Hem, Tr\u00e4dg\u00e5rd &amp; Fritid<\/title>\n<meta name=\"robots\" content=\"index, follow, max-snippet:-1, max-image-preview:large, max-video-preview:-1\" \/>\n<link rel=\"canonical\" href=\"https:\/\/truusk.store\/sv\/produkt\/truusk-duschtalt-omkladningsrum-utomhus-hopfallbart-inklusive-barvaska-126-x-124-x-189-cm-morkgron\/\" \/>\n<meta property=\"og:locale\" content=\"sv_SE\" \/>\n<meta property=\"og:type\" content=\"article\" \/>\n<meta property=\"og:title\" content=\"TRUUSK Duscht\u00e4lt - Omkl\u00e4dningsrum Utomhus - Hopf\u00e4llbart - Inklusive B\u00e4rv\u00e4ska - 126 X 124 X 189 Cm - M\u00f6rkgr\u00f6n - TRUUSK - Hem, Tr\u00e4dg\u00e5rd &amp; Fritid\" \/>\n<meta property=\"og:description\" content=\"Med sin snabba montering och demontering, robusta st\u00e5lst\u00f6d och pinnar samt en UV-blockerande presenning \u00e4r detta duscht\u00e4lt din p\u00e5litliga reskamrat.Det...\" \/>\n<meta property=\"og:url\" content=\"https:\/\/truusk.store\/sv\/produkt\/truusk-duschtalt-omkladningsrum-utomhus-hopfallbart-inklusive-barvaska-126-x-124-x-189-cm-morkgron\/\" \/>\n<meta property=\"og:site_name\" content=\"TRUUSK - Hem, Tr\u00e4dg\u00e5rd &amp; Fritid\" \/>\n<meta property=\"article:modified_time\" content=\"2026-03-12T08:13:25+00:00\" \/>\n<meta property=\"og:image\" content=\"https:\/\/i0.wp.com\/truusk.se\/wp-content\/uploads\/2024\/03\/duschtalt-omkladningsrum-utomhus-hopfallbart-inklusive-barvaska-126-x-124-x-189-cm-morkgron-1.webp?fit=800%2C800&ssl=1\" \/>\n\t<meta property=\"og:image:width\" content=\"800\" \/>\n\t<meta property=\"og:image:height\" content=\"800\" \/>\n\t<meta property=\"og:image:type\" content=\"image\/webp\" \/>\n<meta name=\"twitter:card\" content=\"summary_large_image\" \/>\n<meta name=\"twitter:label1\" content=\"Ber\u00e4knad l\u00e4stid\" \/>\n\t<meta name=\"twitter:data1\" content=\"1 minut\" \/>\n<!-- \/ Yoast SEO plugin. -->","yoast_head_json":{"title":"TRUUSK Duscht\u00e4lt - Omkl\u00e4dningsrum Utomhus - Hopf\u00e4llbart - Inklusive B\u00e4rv\u00e4ska - 126 X 124 X 189 Cm - M\u00f6rkgr\u00f6n - TRUUSK - Hem, Tr\u00e4dg\u00e5rd &amp; Fritid","robots":{"index":"index","follow":"follow","max-snippet":"max-snippet:-1","max-image-preview":"max-image-preview:large","max-video-preview":"max-video-preview:-1"},"canonical":"https:\/\/truusk.store\/sv\/produkt\/truusk-duschtalt-omkladningsrum-utomhus-hopfallbart-inklusive-barvaska-126-x-124-x-189-cm-morkgron\/","og_locale":"sv_SE","og_type":"article","og_title":"TRUUSK Duscht\u00e4lt - Omkl\u00e4dningsrum Utomhus - Hopf\u00e4llbart - Inklusive B\u00e4rv\u00e4ska - 126 X 124 X 189 Cm - M\u00f6rkgr\u00f6n - TRUUSK - Hem, Tr\u00e4dg\u00e5rd &amp; Fritid","og_description":"Med sin snabba montering och demontering, robusta st\u00e5lst\u00f6d och pinnar samt en UV-blockerande presenning \u00e4r detta duscht\u00e4lt din p\u00e5litliga reskamrat.Det...","og_url":"https:\/\/truusk.store\/sv\/produkt\/truusk-duschtalt-omkladningsrum-utomhus-hopfallbart-inklusive-barvaska-126-x-124-x-189-cm-morkgron\/","og_site_name":"TRUUSK - Hem, Tr\u00e4dg\u00e5rd &amp; Fritid","article_modified_time":"2026-03-12T08:13:25+00:00","og_image":[{"width":800,"height":800,"url":"https:\/\/i0.wp.com\/truusk.se\/wp-content\/uploads\/2024\/03\/duschtalt-omkladningsrum-utomhus-hopfallbart-inklusive-barvaska-126-x-124-x-189-cm-morkgron-1.webp?fit=800%2C800&ssl=1","type":"image\/webp"}],"twitter_card":"summary_large_image","twitter_misc":{"Ber\u00e4knad l\u00e4stid":"1 minut"},"schema":{"@context":"https:\/\/schema.org","@graph":[{"@type":"WebPage","@id":"https:\/\/truusk.store\/sv\/produkt\/truusk-duschtalt-omkladningsrum-utomhus-hopfallbart-inklusive-barvaska-126-x-124-x-189-cm-morkgron\/","url":"https:\/\/truusk.store\/sv\/produkt\/truusk-duschtalt-omkladningsrum-utomhus-hopfallbart-inklusive-barvaska-126-x-124-x-189-cm-morkgron\/","name":"TRUUSK Duscht\u00e4lt - Omkl\u00e4dningsrum Utomhus - Hopf\u00e4llbart - Inklusive B\u00e4rv\u00e4ska - 126 X 124 X 189 Cm - M\u00f6rkgr\u00f6n - TRUUSK - Hem, Tr\u00e4dg\u00e5rd &amp; Fritid","isPartOf":{"@id":"https:\/\/truusk.store\/sv\/#website"},"primaryImageOfPage":{"@id":"https:\/\/truusk.store\/sv\/produkt\/truusk-duschtalt-omkladningsrum-utomhus-hopfallbart-inklusive-barvaska-126-x-124-x-189-cm-morkgron\/#primaryimage"},"image":{"@id":"https:\/\/truusk.store\/sv\/produkt\/truusk-duschtalt-omkladningsrum-utomhus-hopfallbart-inklusive-barvaska-126-x-124-x-189-cm-morkgron\/#primaryimage"},"thumbnailUrl":"https:\/\/i0.wp.com\/truusk.store\/wp-content\/uploads\/2024\/03\/duschtalt-omkladningsrum-utomhus-hopfallbart-inklusive-barvaska-126-x-124-x-189-cm-morkgron-1.webp?fit=800%2C800&ssl=1","datePublished":"2024-03-02T15:50:11+00:00","dateModified":"2026-03-12T08:13:25+00:00","breadcrumb":{"@id":"https:\/\/truusk.store\/sv\/produkt\/truusk-duschtalt-omkladningsrum-utomhus-hopfallbart-inklusive-barvaska-126-x-124-x-189-cm-morkgron\/#breadcrumb"},"inLanguage":"sv-SE","potentialAction":[{"@type":"ReadAction","target":["https:\/\/truusk.store\/sv\/produkt\/truusk-duschtalt-omkladningsrum-utomhus-hopfallbart-inklusive-barvaska-126-x-124-x-189-cm-morkgron\/"]}]},{"@type":"ImageObject","inLanguage":"sv-SE","@id":"https:\/\/truusk.store\/sv\/produkt\/truusk-duschtalt-omkladningsrum-utomhus-hopfallbart-inklusive-barvaska-126-x-124-x-189-cm-morkgron\/#primaryimage","url":"https:\/\/i0.wp.com\/truusk.store\/wp-content\/uploads\/2024\/03\/duschtalt-omkladningsrum-utomhus-hopfallbart-inklusive-barvaska-126-x-124-x-189-cm-morkgron-1.webp?fit=800%2C800&ssl=1","contentUrl":"https:\/\/i0.wp.com\/truusk.store\/wp-content\/uploads\/2024\/03\/duschtalt-omkladningsrum-utomhus-hopfallbart-inklusive-barvaska-126-x-124-x-189-cm-morkgron-1.webp?fit=800%2C800&ssl=1","width":800,"height":800,"caption":"Duscht\u00e4lt, Omkl\u00e4dningsrum Utomhus, Hopf\u00e4llbart, Inklusive B\u00e4rv\u00e4ska, 126 X 124 X 189 Cm, M\u00f6rkgr\u00f6n 1"},{"@type":"BreadcrumbList","@id":"https:\/\/truusk.store\/sv\/produkt\/truusk-duschtalt-omkladningsrum-utomhus-hopfallbart-inklusive-barvaska-126-x-124-x-189-cm-morkgron\/#breadcrumb","itemListElement":[{"@type":"ListItem","position":1,"name":"Home","item":"https:\/\/truusk.store\/sv\/"},{"@type":"ListItem","position":2,"name":"Shop","item":"https:\/\/truusk.store\/shop\/"},{"@type":"ListItem","position":3,"name":"TRUUSK Duscht\u00e4lt &#8211; Omkl\u00e4dningsrum Utomhus &#8211; Hopf\u00e4llbart &#8211; Inklusive B\u00e4rv\u00e4ska &#8211; 126 X 124 X 189 Cm &#8211; M\u00f6rkgr\u00f6n"}]},{"@type":"WebSite","@id":"https:\/\/truusk.store\/sv\/#website","url":"https:\/\/truusk.store\/sv\/","name":"TRUUSK - Hem, Tr\u00e4dg\u00e5rd & Fritid","description":"","publisher":{"@id":"https:\/\/truusk.store\/sv\/#organization"},"potentialAction":[{"@type":"SearchAction","target":{"@type":"EntryPoint","urlTemplate":"https:\/\/truusk.store\/sv\/?s={search_term_string}"},"query-input":{"@type":"PropertyValueSpecification","valueRequired":true,"valueName":"search_term_string"}}],"inLanguage":"sv-SE"},{"@type":"Organization","@id":"https:\/\/truusk.store\/sv\/#organization","name":"TRUUSK - Hem, Tr\u00e4dg\u00e5rd & Fritid","url":"https:\/\/truusk.store\/sv\/","logo":{"@type":"ImageObject","inLanguage":"sv-SE","@id":"https:\/\/truusk.store\/sv\/#\/schema\/logo\/image\/","url":"https:\/\/i0.wp.com\/truusk.store\/wp-content\/uploads\/2026\/03\/cropped-TRUUSK.png?fit=2032%2C917&ssl=1","contentUrl":"https:\/\/i0.wp.com\/truusk.store\/wp-content\/uploads\/2026\/03\/cropped-TRUUSK.png?fit=2032%2C917&ssl=1","width":2032,"height":917,"caption":"TRUUSK - Hem, Tr\u00e4dg\u00e5rd & Fritid"},"image":{"@id":"https:\/\/truusk.store\/sv\/#\/schema\/logo\/image\/"}}]}},"jetpack_sharing_enabled":true,"_links":{"self":[{"href":"https:\/\/truusk.store\/sv\/wp-json\/wp\/v2\/product\/51100","targetHints":{"allow":["GET"]}}],"collection":[{"href":"https:\/\/truusk.store\/sv\/wp-json\/wp\/v2\/product"}],"about":[{"href":"https:\/\/truusk.store\/sv\/wp-json\/wp\/v2\/types\/product"}],"wp:featuredmedia":[{"embeddable":true,"href":"https:\/\/truusk.store\/sv\/wp-json\/wp\/v2\/media\/51101"}],"wp:attachment":[{"href":"https:\/\/truusk.store\/sv\/wp-json\/wp\/v2\/media?parent=51100"}],"wp:term":[{"taxonomy":"product_brand","embeddable":true,"href":"https:\/\/truusk.store\/sv\/wp-json\/wp\/v2\/product_brand?post=51100"},{"taxonomy":"product_cat","embeddable":true,"href":"https:\/\/truusk.store\/sv\/wp-json\/wp\/v2\/product_cat?post=51100"},{"taxonomy":"product_tag","embeddable":true,"href":"https:\/\/truusk.store\/sv\/wp-json\/wp\/v2\/product_tag?post=51100"}],"curies":[{"name":"wp","href":"https:\/\/api.w.org\/{rel}","templated":true}]}}