{"id":51110,"date":"2024-03-02T17:00:10","date_gmt":"2024-03-02T16:00:10","guid":{"rendered":"https:\/\/truusk.store\/product\/mobeloverdrag-mobeloverdrag-skyddspresenning-for-mobler-vaderbestandig-196-cm-x-196-cm-x-230-cm-svart\/"},"modified":"2026-03-12T09:38:37","modified_gmt":"2026-03-12T08:38:37","slug":"truusk-mobeloverdrag-vaderbestandig-196x196x230-cm-svart","status":"publish","type":"product","link":"https:\/\/truusk.store\/sv\/produkt\/truusk-mobeloverdrag-vaderbestandig-196x196x230-cm-svart\/","title":{"rendered":"TRUUSK M\u00f6bel\u00f6verdrag &#8211; V\u00e4derbest\u00e4ndig &#8211; 196x196x230 cm &#8211; Svart"},"content":{"rendered":"<p>Skydda din h\u00e4ngmatta utomhus med denna h\u00e4ngmatta f\u00f6r h\u00e4ngstolar. Den \u00e4r gjord av h\u00f6gdensitet 300D Oxford-tyg med en bel\u00e4ggning som skyddar mot sol, regn, vind och f\u00e5gelspillning. Den \u00e4r l\u00e4tt och l\u00e4tt att ta av och p\u00e5. Den \u00e4r utrustad med en dragkedja och en sladd som s\u00e4kerst\u00e4ller en \u00e5tsittande och s\u00e4ker passform. Skydda din gungstol fr\u00e5n skador, gungstols\u00f6verdraget hj\u00e4lper verkligen!<\/p>\n<h3>Beskrivning:<\/h3>\n<ul>\n<li>Utomhusstols\u00f6verdrag av 300D Oxford-tyg<\/li>\n<li>Med PU-bel\u00e4ggning f\u00f6r att skydda mot vatten och damm<\/li>\n<li>Elastisk f\u00e5llsn\u00f6re med v\u00e4xel f\u00f6r att justera vattent\u00e4theten<\/li>\n<li>Idealisk f\u00f6r att skydda m\u00f6bler fr\u00e5n sol, regn, vind och f\u00e5gelskador<\/li>\n<li>L\u00e4tt att ta p\u00e5 och av tack vare den smidiga dragkedjan<\/li>\n<li>Den vikbara konstruktionen m\u00f6jligg\u00f6r enkel f\u00f6rvaring<\/li>\n<li>L\u00e4tt att reng\u00f6ra med en fuktig trasa<\/li>\n<\/ul>\n<h3>Teknisk data:<\/h3>\n<ul>\n<li>Svart f\u00e4rg<\/li>\n<li>Material: Oxford tyg<\/li>\n<li>\u00d6vergripande m\u00e5tt: 196 x 230H cm<\/li>\n<li>Maxm\u00e5tt: 200 x 230H cm<\/li>\n<\/ul>\n<h3>Leveransens omfattning:<\/h3>\n<ul>\n<li>1 x H\u00e4ngstols\u00f6verdrag<\/li>\n<li>1 x manuell<\/li>\n<\/ul>\n","protected":false},"excerpt":{"rendered":"<p>Skydda din h\u00e4ngmatta utomhus med denna h\u00e4ngmatta f\u00f6r h\u00e4ngstolar. Den \u00e4r gjord av h\u00f6gdensitet 300D Oxford-tyg med en bel\u00e4ggning som&#8230;<\/p>\n","protected":false},"featured_media":51111,"template":"","meta":[],"product_brand":[],"product_cat":[460,435,450],"product_tag":[],"class_list":{"0":"post-51110","1":"product","2":"type-product","3":"status-publish","4":"has-post-thumbnail","6":"product_cat-hangmattor-hangstolar","7":"product_cat-tradgard-och-terrass","8":"product_cat-tradgardsmobler","10":"first","11":"instock","12":"sale","13":"taxable","14":"shipping-taxable","15":"purchasable","16":"product-type-simple"},"yoast_head":"<!-- This site is optimized with the Yoast SEO plugin v25.4 - https:\/\/yoast.com\/wordpress\/plugins\/seo\/ -->\n<title>TRUUSK M\u00f6bel\u00f6verdrag - V\u00e4derbest\u00e4ndig - 196x196x230 cm - Svart - TRUUSK - Hem, Tr\u00e4dg\u00e5rd &amp; Fritid<\/title>\n<meta name=\"robots\" content=\"index, follow, max-snippet:-1, max-image-preview:large, max-video-preview:-1\" \/>\n<link rel=\"canonical\" href=\"https:\/\/truusk.store\/sv\/produkt\/truusk-mobeloverdrag-vaderbestandig-196x196x230-cm-svart\/\" \/>\n<meta property=\"og:locale\" content=\"sv_SE\" \/>\n<meta property=\"og:type\" content=\"article\" \/>\n<meta property=\"og:title\" content=\"TRUUSK M\u00f6bel\u00f6verdrag - V\u00e4derbest\u00e4ndig - 196x196x230 cm - Svart - TRUUSK - Hem, Tr\u00e4dg\u00e5rd &amp; Fritid\" \/>\n<meta property=\"og:description\" content=\"Skydda din h\u00e4ngmatta utomhus med denna h\u00e4ngmatta f\u00f6r h\u00e4ngstolar. Den \u00e4r gjord av h\u00f6gdensitet 300D Oxford-tyg med en bel\u00e4ggning som...\" \/>\n<meta property=\"og:url\" content=\"https:\/\/truusk.store\/sv\/produkt\/truusk-mobeloverdrag-vaderbestandig-196x196x230-cm-svart\/\" \/>\n<meta property=\"og:site_name\" content=\"TRUUSK - Hem, Tr\u00e4dg\u00e5rd &amp; Fritid\" \/>\n<meta property=\"article:modified_time\" content=\"2026-03-12T08:38:37+00:00\" \/>\n<meta property=\"og:image\" content=\"https:\/\/i0.wp.com\/truusk.se\/wp-content\/uploads\/2024\/03\/mobeloverdrag-mobeloverdrag-skyddspresenning-for-mobler-vaderbestandig-196-cm-x-196-cm-x-230-cm-svart.webp?fit=800%2C800&ssl=1\" \/>\n\t<meta property=\"og:image:width\" content=\"800\" \/>\n\t<meta property=\"og:image:height\" content=\"800\" \/>\n\t<meta property=\"og:image:type\" content=\"image\/webp\" \/>\n<meta name=\"twitter:card\" content=\"summary_large_image\" \/>\n<meta name=\"twitter:label1\" content=\"Ber\u00e4knad l\u00e4stid\" \/>\n\t<meta name=\"twitter:data1\" content=\"1 minut\" \/>\n<!-- \/ Yoast SEO plugin. -->","yoast_head_json":{"title":"TRUUSK M\u00f6bel\u00f6verdrag - V\u00e4derbest\u00e4ndig - 196x196x230 cm - Svart - TRUUSK - Hem, Tr\u00e4dg\u00e5rd &amp; Fritid","robots":{"index":"index","follow":"follow","max-snippet":"max-snippet:-1","max-image-preview":"max-image-preview:large","max-video-preview":"max-video-preview:-1"},"canonical":"https:\/\/truusk.store\/sv\/produkt\/truusk-mobeloverdrag-vaderbestandig-196x196x230-cm-svart\/","og_locale":"sv_SE","og_type":"article","og_title":"TRUUSK M\u00f6bel\u00f6verdrag - V\u00e4derbest\u00e4ndig - 196x196x230 cm - Svart - TRUUSK - Hem, Tr\u00e4dg\u00e5rd &amp; Fritid","og_description":"Skydda din h\u00e4ngmatta utomhus med denna h\u00e4ngmatta f\u00f6r h\u00e4ngstolar. Den \u00e4r gjord av h\u00f6gdensitet 300D Oxford-tyg med en bel\u00e4ggning som...","og_url":"https:\/\/truusk.store\/sv\/produkt\/truusk-mobeloverdrag-vaderbestandig-196x196x230-cm-svart\/","og_site_name":"TRUUSK - Hem, Tr\u00e4dg\u00e5rd &amp; Fritid","article_modified_time":"2026-03-12T08:38:37+00:00","og_image":[{"width":800,"height":800,"url":"https:\/\/i0.wp.com\/truusk.se\/wp-content\/uploads\/2024\/03\/mobeloverdrag-mobeloverdrag-skyddspresenning-for-mobler-vaderbestandig-196-cm-x-196-cm-x-230-cm-svart.webp?fit=800%2C800&ssl=1","type":"image\/webp"}],"twitter_card":"summary_large_image","twitter_misc":{"Ber\u00e4knad l\u00e4stid":"1 minut"},"schema":{"@context":"https:\/\/schema.org","@graph":[{"@type":"WebPage","@id":"https:\/\/truusk.store\/sv\/produkt\/truusk-mobeloverdrag-vaderbestandig-196x196x230-cm-svart\/","url":"https:\/\/truusk.store\/sv\/produkt\/truusk-mobeloverdrag-vaderbestandig-196x196x230-cm-svart\/","name":"TRUUSK M\u00f6bel\u00f6verdrag - V\u00e4derbest\u00e4ndig - 196x196x230 cm - Svart - TRUUSK - Hem, Tr\u00e4dg\u00e5rd &amp; Fritid","isPartOf":{"@id":"https:\/\/truusk.store\/sv\/#website"},"primaryImageOfPage":{"@id":"https:\/\/truusk.store\/sv\/produkt\/truusk-mobeloverdrag-vaderbestandig-196x196x230-cm-svart\/#primaryimage"},"image":{"@id":"https:\/\/truusk.store\/sv\/produkt\/truusk-mobeloverdrag-vaderbestandig-196x196x230-cm-svart\/#primaryimage"},"thumbnailUrl":"https:\/\/i0.wp.com\/truusk.store\/wp-content\/uploads\/2024\/03\/mobeloverdrag-mobeloverdrag-skyddspresenning-for-mobler-vaderbestandig-196-cm-x-196-cm-x-230-cm-svart.webp?fit=800%2C800&ssl=1","datePublished":"2024-03-02T16:00:10+00:00","dateModified":"2026-03-12T08:38:37+00:00","breadcrumb":{"@id":"https:\/\/truusk.store\/sv\/produkt\/truusk-mobeloverdrag-vaderbestandig-196x196x230-cm-svart\/#breadcrumb"},"inLanguage":"sv-SE","potentialAction":[{"@type":"ReadAction","target":["https:\/\/truusk.store\/sv\/produkt\/truusk-mobeloverdrag-vaderbestandig-196x196x230-cm-svart\/"]}]},{"@type":"ImageObject","inLanguage":"sv-SE","@id":"https:\/\/truusk.store\/sv\/produkt\/truusk-mobeloverdrag-vaderbestandig-196x196x230-cm-svart\/#primaryimage","url":"https:\/\/i0.wp.com\/truusk.store\/wp-content\/uploads\/2024\/03\/mobeloverdrag-mobeloverdrag-skyddspresenning-for-mobler-vaderbestandig-196-cm-x-196-cm-x-230-cm-svart.webp?fit=800%2C800&ssl=1","contentUrl":"https:\/\/i0.wp.com\/truusk.store\/wp-content\/uploads\/2024\/03\/mobeloverdrag-mobeloverdrag-skyddspresenning-for-mobler-vaderbestandig-196-cm-x-196-cm-x-230-cm-svart.webp?fit=800%2C800&ssl=1","width":800,"height":800,"caption":"M\u00f6bel\u00f6verdrag M\u00f6bel\u00f6verdrag Skyddspresenning F\u00f6r M\u00f6bler, V\u00e4derbest\u00e4ndig, 196 Cm X 196 Cm X 230 Cm, Svart 1"},{"@type":"BreadcrumbList","@id":"https:\/\/truusk.store\/sv\/produkt\/truusk-mobeloverdrag-vaderbestandig-196x196x230-cm-svart\/#breadcrumb","itemListElement":[{"@type":"ListItem","position":1,"name":"Home","item":"https:\/\/truusk.store\/sv\/"},{"@type":"ListItem","position":2,"name":"Shop","item":"https:\/\/truusk.store\/shop\/"},{"@type":"ListItem","position":3,"name":"TRUUSK M\u00f6bel\u00f6verdrag &#8211; V\u00e4derbest\u00e4ndig &#8211; 196x196x230 cm &#8211; Svart"}]},{"@type":"WebSite","@id":"https:\/\/truusk.store\/sv\/#website","url":"https:\/\/truusk.store\/sv\/","name":"TRUUSK - Hem, Tr\u00e4dg\u00e5rd & Fritid","description":"","publisher":{"@id":"https:\/\/truusk.store\/sv\/#organization"},"potentialAction":[{"@type":"SearchAction","target":{"@type":"EntryPoint","urlTemplate":"https:\/\/truusk.store\/sv\/?s={search_term_string}"},"query-input":{"@type":"PropertyValueSpecification","valueRequired":true,"valueName":"search_term_string"}}],"inLanguage":"sv-SE"},{"@type":"Organization","@id":"https:\/\/truusk.store\/sv\/#organization","name":"TRUUSK - Hem, Tr\u00e4dg\u00e5rd & Fritid","url":"https:\/\/truusk.store\/sv\/","logo":{"@type":"ImageObject","inLanguage":"sv-SE","@id":"https:\/\/truusk.store\/sv\/#\/schema\/logo\/image\/","url":"https:\/\/i0.wp.com\/truusk.store\/wp-content\/uploads\/2026\/03\/cropped-TRUUSK.png?fit=2032%2C917&ssl=1","contentUrl":"https:\/\/i0.wp.com\/truusk.store\/wp-content\/uploads\/2026\/03\/cropped-TRUUSK.png?fit=2032%2C917&ssl=1","width":2032,"height":917,"caption":"TRUUSK - Hem, Tr\u00e4dg\u00e5rd & Fritid"},"image":{"@id":"https:\/\/truusk.store\/sv\/#\/schema\/logo\/image\/"}}]}},"jetpack_sharing_enabled":true,"_links":{"self":[{"href":"https:\/\/truusk.store\/sv\/wp-json\/wp\/v2\/product\/51110","targetHints":{"allow":["GET"]}}],"collection":[{"href":"https:\/\/truusk.store\/sv\/wp-json\/wp\/v2\/product"}],"about":[{"href":"https:\/\/truusk.store\/sv\/wp-json\/wp\/v2\/types\/product"}],"wp:featuredmedia":[{"embeddable":true,"href":"https:\/\/truusk.store\/sv\/wp-json\/wp\/v2\/media\/51111"}],"wp:attachment":[{"href":"https:\/\/truusk.store\/sv\/wp-json\/wp\/v2\/media?parent=51110"}],"wp:term":[{"taxonomy":"product_brand","embeddable":true,"href":"https:\/\/truusk.store\/sv\/wp-json\/wp\/v2\/product_brand?post=51110"},{"taxonomy":"product_cat","embeddable":true,"href":"https:\/\/truusk.store\/sv\/wp-json\/wp\/v2\/product_cat?post=51110"},{"taxonomy":"product_tag","embeddable":true,"href":"https:\/\/truusk.store\/sv\/wp-json\/wp\/v2\/product_tag?post=51110"}],"curies":[{"name":"wp","href":"https:\/\/api.w.org\/{rel}","templated":true}]}}