{"id":51142,"date":"2024-03-02T17:30:09","date_gmt":"2024-03-02T16:30:09","guid":{"rendered":"https:\/\/truusk.store\/product\/hammock-swing-cover-mognast-vattentat-dammtat-polyester-177-x-114-x-152-cm-gra\/"},"modified":"2026-03-12T09:37:29","modified_gmt":"2026-03-12T08:37:29","slug":"truusk-hammock-swing-cover-vattentat-och-dammtat-polyester-177-x-114-x-152-cm-gra","status":"publish","type":"product","link":"https:\/\/truusk.store\/sv\/produkt\/truusk-hammock-swing-cover-vattentat-och-dammtat-polyester-177-x-114-x-152-cm-gra\/","title":{"rendered":"TRUUSK Hammock Swing Cover &#8211; Vattent\u00e4t och Dammt\u00e4t &#8211; Polyester &#8211; 177 x 114 x 152 cm &#8211; Gr\u00e5"},"content":{"rendered":"<p>Med detta skydds\u00f6verdrag kommer elementen inte l\u00e4ngre att kunna skada din verandagunga! Oavsett om det \u00e4r regn, damm, f\u00e5gelspillning eller sol &#8211; v\u00e5rt fodral erbjuder ett p\u00e5litligt, varaktigt skydd. Den slitstarka polyesterpresenningen \u00e4r mogen och v\u00e4derbest\u00e4ndig. Det andningsbara \u00f6verdraget skyddar mot UV-str\u00e5lning och s\u00e4kerst\u00e4ller en l\u00e5ng livsl\u00e4ngd f\u00f6r din m\u00f6bel. Tack vare det s\u00e4kra f\u00e4stet med remmar kan du vara s\u00e4ker p\u00e5 att din gunga alltid f\u00f6rblir s\u00e4kert t\u00e4ckt.<\/p>\n<h3>Beskrivning:<\/h3>\n<ul>\n<li>Skyddar p\u00e5 ett tillf\u00f6rlitligt s\u00e4tt dina tr\u00e4dg\u00e5rdsm\u00f6bler fr\u00e5n vind, regn, solljus och andra v\u00e4derp\u00e5verkan<\/li>\n<li>Tillverkad av h\u00f6gkvalitativ Oxford polyester som \u00e4r slitstark och slitstark<\/li>\n<li>F\u00e4stremmarna ger skydd mot starka vindar och s\u00e4kerst\u00e4ller ett s\u00e4kert grepp<\/li>\n<li>De t\u00e4ta s\u00f6mmarna skyddar p\u00e5litligt mot vatten och smuts<\/li>\n<li>L\u00e4tt att reng\u00f6ra med en fuktig trasa eller vattenstr\u00e5le<\/li>\n<li>Det praktiska blixtl\u00e5ssystemet m\u00f6jligg\u00f6r enkel \u00f6ppning och st\u00e4ngning<\/li>\n<li>L\u00e4mplig f\u00f6r stora fyrkantiga, rektangul\u00e4ra och ovala gungor<\/li>\n<\/ul>\n<h3>Teknisk data:<\/h3>\n<ul>\n<li>Material: polyester<\/li>\n<li>M\u00e5tt: 177L x 114W x 152H cm<\/li>\n<li>Inloppsm\u00e5tt: L177 x H142 cm<\/li>\n<li>F\u00e4rg gr\u00e5<\/li>\n<\/ul>\n<h3>Leveransens omfattning:<\/h3>\n<ul>\n<li>1 x \u00f6verdrag f\u00f6r verandagungor<\/li>\n<li>1 x Monteringsanvisning<\/li>\n<\/ul>\n","protected":false},"excerpt":{"rendered":"<p>Med detta skydds\u00f6verdrag kommer elementen inte l\u00e4ngre att kunna skada din verandagunga! Oavsett om det \u00e4r regn, damm, f\u00e5gelspillning eller&#8230;<\/p>\n","protected":false},"featured_media":51143,"template":"","meta":[],"product_brand":[],"product_cat":[453,736,435,450],"product_tag":[],"class_list":{"0":"post-51142","1":"product","2":"type-product","3":"status-publish","4":"has-post-thumbnail","6":"product_cat-hollywood-gungor","7":"product_cat-omslag","8":"product_cat-tradgard-och-terrass","9":"product_cat-tradgardsmobler","11":"first","12":"instock","13":"sale","14":"taxable","15":"shipping-taxable","16":"purchasable","17":"product-type-simple"},"yoast_head":"<!-- This site is optimized with the Yoast SEO plugin v25.4 - https:\/\/yoast.com\/wordpress\/plugins\/seo\/ -->\n<title>TRUUSK Hammock Swing Cover - Vattent\u00e4t och Dammt\u00e4t - Polyester - 177 x 114 x 152 cm - Gr\u00e5 - TRUUSK - Hem, Tr\u00e4dg\u00e5rd &amp; Fritid<\/title>\n<meta name=\"robots\" content=\"index, follow, max-snippet:-1, max-image-preview:large, max-video-preview:-1\" \/>\n<link rel=\"canonical\" href=\"https:\/\/truusk.store\/sv\/produkt\/truusk-hammock-swing-cover-vattentat-och-dammtat-polyester-177-x-114-x-152-cm-gra\/\" \/>\n<meta property=\"og:locale\" content=\"sv_SE\" \/>\n<meta property=\"og:type\" content=\"article\" \/>\n<meta property=\"og:title\" content=\"TRUUSK Hammock Swing Cover - Vattent\u00e4t och Dammt\u00e4t - Polyester - 177 x 114 x 152 cm - Gr\u00e5 - TRUUSK - Hem, Tr\u00e4dg\u00e5rd &amp; Fritid\" \/>\n<meta property=\"og:description\" content=\"Med detta skydds\u00f6verdrag kommer elementen inte l\u00e4ngre att kunna skada din verandagunga! Oavsett om det \u00e4r regn, damm, f\u00e5gelspillning eller...\" \/>\n<meta property=\"og:url\" content=\"https:\/\/truusk.store\/sv\/produkt\/truusk-hammock-swing-cover-vattentat-och-dammtat-polyester-177-x-114-x-152-cm-gra\/\" \/>\n<meta property=\"og:site_name\" content=\"TRUUSK - Hem, Tr\u00e4dg\u00e5rd &amp; Fritid\" \/>\n<meta property=\"article:modified_time\" content=\"2026-03-12T08:37:29+00:00\" \/>\n<meta property=\"og:image\" content=\"https:\/\/i0.wp.com\/truusk.se\/wp-content\/uploads\/2024\/03\/hammock-swing-cover-mognast-vattentat-dammtat-polyester-177-x-114-x-152-cm-gra.webp?fit=800%2C800&ssl=1\" \/>\n\t<meta property=\"og:image:width\" content=\"800\" \/>\n\t<meta property=\"og:image:height\" content=\"800\" \/>\n\t<meta property=\"og:image:type\" content=\"image\/webp\" \/>\n<meta name=\"twitter:card\" content=\"summary_large_image\" \/>\n<meta name=\"twitter:label1\" content=\"Ber\u00e4knad l\u00e4stid\" \/>\n\t<meta name=\"twitter:data1\" content=\"1 minut\" \/>\n<!-- \/ Yoast SEO plugin. -->","yoast_head_json":{"title":"TRUUSK Hammock Swing Cover - Vattent\u00e4t och Dammt\u00e4t - Polyester - 177 x 114 x 152 cm - Gr\u00e5 - TRUUSK - Hem, Tr\u00e4dg\u00e5rd &amp; Fritid","robots":{"index":"index","follow":"follow","max-snippet":"max-snippet:-1","max-image-preview":"max-image-preview:large","max-video-preview":"max-video-preview:-1"},"canonical":"https:\/\/truusk.store\/sv\/produkt\/truusk-hammock-swing-cover-vattentat-och-dammtat-polyester-177-x-114-x-152-cm-gra\/","og_locale":"sv_SE","og_type":"article","og_title":"TRUUSK Hammock Swing Cover - Vattent\u00e4t och Dammt\u00e4t - Polyester - 177 x 114 x 152 cm - Gr\u00e5 - TRUUSK - Hem, Tr\u00e4dg\u00e5rd &amp; Fritid","og_description":"Med detta skydds\u00f6verdrag kommer elementen inte l\u00e4ngre att kunna skada din verandagunga! Oavsett om det \u00e4r regn, damm, f\u00e5gelspillning eller...","og_url":"https:\/\/truusk.store\/sv\/produkt\/truusk-hammock-swing-cover-vattentat-och-dammtat-polyester-177-x-114-x-152-cm-gra\/","og_site_name":"TRUUSK - Hem, Tr\u00e4dg\u00e5rd &amp; Fritid","article_modified_time":"2026-03-12T08:37:29+00:00","og_image":[{"width":800,"height":800,"url":"https:\/\/i0.wp.com\/truusk.se\/wp-content\/uploads\/2024\/03\/hammock-swing-cover-mognast-vattentat-dammtat-polyester-177-x-114-x-152-cm-gra.webp?fit=800%2C800&ssl=1","type":"image\/webp"}],"twitter_card":"summary_large_image","twitter_misc":{"Ber\u00e4knad l\u00e4stid":"1 minut"},"schema":{"@context":"https:\/\/schema.org","@graph":[{"@type":"WebPage","@id":"https:\/\/truusk.store\/sv\/produkt\/truusk-hammock-swing-cover-vattentat-och-dammtat-polyester-177-x-114-x-152-cm-gra\/","url":"https:\/\/truusk.store\/sv\/produkt\/truusk-hammock-swing-cover-vattentat-och-dammtat-polyester-177-x-114-x-152-cm-gra\/","name":"TRUUSK Hammock Swing Cover - Vattent\u00e4t och Dammt\u00e4t - Polyester - 177 x 114 x 152 cm - Gr\u00e5 - TRUUSK - Hem, Tr\u00e4dg\u00e5rd &amp; Fritid","isPartOf":{"@id":"https:\/\/truusk.store\/sv\/#website"},"primaryImageOfPage":{"@id":"https:\/\/truusk.store\/sv\/produkt\/truusk-hammock-swing-cover-vattentat-och-dammtat-polyester-177-x-114-x-152-cm-gra\/#primaryimage"},"image":{"@id":"https:\/\/truusk.store\/sv\/produkt\/truusk-hammock-swing-cover-vattentat-och-dammtat-polyester-177-x-114-x-152-cm-gra\/#primaryimage"},"thumbnailUrl":"https:\/\/i0.wp.com\/truusk.store\/wp-content\/uploads\/2024\/03\/hammock-swing-cover-mognast-vattentat-dammtat-polyester-177-x-114-x-152-cm-gra.webp?fit=800%2C800&ssl=1","datePublished":"2024-03-02T16:30:09+00:00","dateModified":"2026-03-12T08:37:29+00:00","breadcrumb":{"@id":"https:\/\/truusk.store\/sv\/produkt\/truusk-hammock-swing-cover-vattentat-och-dammtat-polyester-177-x-114-x-152-cm-gra\/#breadcrumb"},"inLanguage":"sv-SE","potentialAction":[{"@type":"ReadAction","target":["https:\/\/truusk.store\/sv\/produkt\/truusk-hammock-swing-cover-vattentat-och-dammtat-polyester-177-x-114-x-152-cm-gra\/"]}]},{"@type":"ImageObject","inLanguage":"sv-SE","@id":"https:\/\/truusk.store\/sv\/produkt\/truusk-hammock-swing-cover-vattentat-och-dammtat-polyester-177-x-114-x-152-cm-gra\/#primaryimage","url":"https:\/\/i0.wp.com\/truusk.store\/wp-content\/uploads\/2024\/03\/hammock-swing-cover-mognast-vattentat-dammtat-polyester-177-x-114-x-152-cm-gra.webp?fit=800%2C800&ssl=1","contentUrl":"https:\/\/i0.wp.com\/truusk.store\/wp-content\/uploads\/2024\/03\/hammock-swing-cover-mognast-vattentat-dammtat-polyester-177-x-114-x-152-cm-gra.webp?fit=800%2C800&ssl=1","width":800,"height":800,"caption":"Hammock Swing Cover, Mognast, Vattent\u00e4t, Dammt\u00e4t, Polyester, 177 X 114 X 152 Cm, Gr\u00e5 1"},{"@type":"BreadcrumbList","@id":"https:\/\/truusk.store\/sv\/produkt\/truusk-hammock-swing-cover-vattentat-och-dammtat-polyester-177-x-114-x-152-cm-gra\/#breadcrumb","itemListElement":[{"@type":"ListItem","position":1,"name":"Home","item":"https:\/\/truusk.store\/sv\/"},{"@type":"ListItem","position":2,"name":"Shop","item":"https:\/\/truusk.store\/shop\/"},{"@type":"ListItem","position":3,"name":"TRUUSK Hammock Swing Cover &#8211; Vattent\u00e4t och Dammt\u00e4t &#8211; Polyester &#8211; 177 x 114 x 152 cm &#8211; Gr\u00e5"}]},{"@type":"WebSite","@id":"https:\/\/truusk.store\/sv\/#website","url":"https:\/\/truusk.store\/sv\/","name":"TRUUSK - Hem, Tr\u00e4dg\u00e5rd & Fritid","description":"","publisher":{"@id":"https:\/\/truusk.store\/sv\/#organization"},"potentialAction":[{"@type":"SearchAction","target":{"@type":"EntryPoint","urlTemplate":"https:\/\/truusk.store\/sv\/?s={search_term_string}"},"query-input":{"@type":"PropertyValueSpecification","valueRequired":true,"valueName":"search_term_string"}}],"inLanguage":"sv-SE"},{"@type":"Organization","@id":"https:\/\/truusk.store\/sv\/#organization","name":"TRUUSK - Hem, Tr\u00e4dg\u00e5rd & Fritid","url":"https:\/\/truusk.store\/sv\/","logo":{"@type":"ImageObject","inLanguage":"sv-SE","@id":"https:\/\/truusk.store\/sv\/#\/schema\/logo\/image\/","url":"https:\/\/i0.wp.com\/truusk.store\/wp-content\/uploads\/2026\/03\/cropped-TRUUSK.png?fit=2032%2C917&ssl=1","contentUrl":"https:\/\/i0.wp.com\/truusk.store\/wp-content\/uploads\/2026\/03\/cropped-TRUUSK.png?fit=2032%2C917&ssl=1","width":2032,"height":917,"caption":"TRUUSK - Hem, Tr\u00e4dg\u00e5rd & Fritid"},"image":{"@id":"https:\/\/truusk.store\/sv\/#\/schema\/logo\/image\/"}}]}},"jetpack_sharing_enabled":true,"_links":{"self":[{"href":"https:\/\/truusk.store\/sv\/wp-json\/wp\/v2\/product\/51142","targetHints":{"allow":["GET"]}}],"collection":[{"href":"https:\/\/truusk.store\/sv\/wp-json\/wp\/v2\/product"}],"about":[{"href":"https:\/\/truusk.store\/sv\/wp-json\/wp\/v2\/types\/product"}],"wp:featuredmedia":[{"embeddable":true,"href":"https:\/\/truusk.store\/sv\/wp-json\/wp\/v2\/media\/51143"}],"wp:attachment":[{"href":"https:\/\/truusk.store\/sv\/wp-json\/wp\/v2\/media?parent=51142"}],"wp:term":[{"taxonomy":"product_brand","embeddable":true,"href":"https:\/\/truusk.store\/sv\/wp-json\/wp\/v2\/product_brand?post=51142"},{"taxonomy":"product_cat","embeddable":true,"href":"https:\/\/truusk.store\/sv\/wp-json\/wp\/v2\/product_cat?post=51142"},{"taxonomy":"product_tag","embeddable":true,"href":"https:\/\/truusk.store\/sv\/wp-json\/wp\/v2\/product_tag?post=51142"}],"curies":[{"name":"wp","href":"https:\/\/api.w.org\/{rel}","templated":true}]}}