{"id":51153,"date":"2024-03-02T17:40:11","date_gmt":"2024-03-02T16:40:11","guid":{"rendered":"https:\/\/truusk.store\/product\/2-i-1-hundvagn-hundjoggercykelvagn-2-reflexer-1-sakerhetskoppel-150-x-68-x-95-cm-gron\/"},"modified":"2026-03-12T09:37:28","modified_gmt":"2026-03-12T08:37:28","slug":"truusk-2-i-1-hundvagn-hundjoggercykelvagn-2-reflexer-1-sakerhetskoppel-150-x-68-x-95-cm-gron","status":"publish","type":"product","link":"https:\/\/truusk.store\/sv\/produkt\/truusk-2-i-1-hundvagn-hundjoggercykelvagn-2-reflexer-1-sakerhetskoppel-150-x-68-x-95-cm-gron\/","title":{"rendered":"TRUUSK 2-i-1 Hundvagn Hundjoggercykelvagn &#8211; 2 Reflexer &#8211; 1 S\u00e4kerhetskoppel &#8211; 150 x 68 x 95 cm &#8211; Gr\u00f6n"},"content":{"rendered":"<p>Med tyngden av ett djur p\u00e5 dina axlar eller rygg saktar du ner farten. Du tr\u00f6ttnar snabbare eftersom du m\u00e5ste b\u00e4ra mer. Men om du kan dra ett husdjur bakom dig p\u00e5 hjul \u00e4r du fri igen. 2-i-1 hundvagnen g\u00f6r det enkelt att transportera husdjur p\u00e5 promenader. Denna hundvagn kan \u00e4ven f\u00e4stas p\u00e5 cyklar och har s\u00e4kerhetsfunktioner som g\u00f6r att du och din fyrbente v\u00e4n syns tydligt.<\/p>\n<h3>Beskrivning:<\/h3>\n<ul>\n<li>2 i 1 design, kan anv\u00e4ndas som sl\u00e4pvagn och hundvagn f\u00f6r promenader<\/li>\n<li>Hopf\u00e4llbar f\u00f6r f\u00f6rvaring under den kalla \u00e5rstiden och f\u00f6r f\u00f6rvaring i bilen<\/li>\n<li>Vatten-, v\u00e4der- och f\u00e4rgbest\u00e4ndigt tyg f\u00f6r utomhusbruk i sol, vind och regn<\/li>\n<li>S\u00e4kerhetsflaggor och reflexer \u00e4r installerade f\u00f6r att varna andra som kommer fr\u00e5n olika h\u00e5ll<\/li>\n<li>Fram- och bakd\u00f6rrarna p\u00e5 2-i-1 hundvagnen har dragkedjor f\u00f6r enkel \u00e5tkomst<\/li>\n<li>Meshgaller framtill, ovanp\u00e5 och p\u00e5 sidorna s\u00e4kerst\u00e4ller god ventilation<\/li>\n<li>S\u00e4kerhetskoppel medf\u00f6ljer f\u00f6r att f\u00e4sta ditt husdjurs koppel<\/li>\n<li>Enkel f\u00f6rvaring tack vare snabbkopplingshjul<\/li>\n<\/ul>\n<h3>Teknisk data:<\/h3>\n<ul>\n<li>F\u00e4rg: gr\u00f6n<\/li>\n<li>Material: Oxfordduk, aluminium<\/li>\n<li>\u00d6vergripande m\u00e5tt: 150L x 68W x 95H cm<\/li>\n<li>Bilens inv\u00e4ndiga m\u00e5tt: 74L x 43W x 55H cm<\/li>\n<li>Ytterd\u00f6rrens m\u00e5tt: 44W x 48H cm<\/li>\n<li>Vikta m\u00e5tt: 94L x 68W x 39H cm (med hjul), 74L x 43W x 20H cm (utan hjul)<\/li>\n<li>Storlek p\u00e5 framhjul: 6&#8243;<\/li>\n<li>Bakhjulsstorlek: 16&#8243;<\/li>\n<li>Viktkapacitet: 30 kg<\/li>\n<li>L\u00e4mplig f\u00f6r medelstora hundar upp till 20 kg och en kroppsl\u00e4ngd p\u00e5 mindre \u00e4n 49 cm<\/li>\n<\/ul>\n<h3>Leveransens omfattning:<\/h3>\n<ul>\n<li>1 x Husdjurscykelvagn<\/li>\n<li>1 x manuell<\/li>\n<\/ul>\n","protected":false},"excerpt":{"rendered":"<p>Med tyngden av ett djur p\u00e5 dina axlar eller rygg saktar du ner farten. Du tr\u00f6ttnar snabbare eftersom du m\u00e5ste&#8230;<\/p>\n","protected":false},"featured_media":51154,"template":"","meta":[],"product_brand":[],"product_cat":[574,573,575],"product_tag":[],"class_list":{"0":"post-51153","1":"product","2":"type-product","3":"status-publish","4":"has-post-thumbnail","6":"product_cat-hundtillbehor","7":"product_cat-husdjursmaterial","8":"product_cat-identitetsbricka","10":"first","11":"instock","12":"sale","13":"taxable","14":"shipping-taxable","15":"purchasable","16":"product-type-simple"},"yoast_head":"<!-- This site is optimized with the Yoast SEO plugin v25.4 - https:\/\/yoast.com\/wordpress\/plugins\/seo\/ -->\n<title>TRUUSK 2-i-1 Hundvagn Hundjoggercykelvagn - 2 Reflexer - 1 S\u00e4kerhetskoppel - 150 x 68 x 95 cm - Gr\u00f6n - TRUUSK - Hem, Tr\u00e4dg\u00e5rd &amp; Fritid<\/title>\n<meta name=\"robots\" content=\"index, follow, max-snippet:-1, max-image-preview:large, max-video-preview:-1\" \/>\n<link rel=\"canonical\" href=\"https:\/\/truusk.store\/sv\/produkt\/truusk-2-i-1-hundvagn-hundjoggercykelvagn-2-reflexer-1-sakerhetskoppel-150-x-68-x-95-cm-gron\/\" \/>\n<meta property=\"og:locale\" content=\"sv_SE\" \/>\n<meta property=\"og:type\" content=\"article\" \/>\n<meta property=\"og:title\" content=\"TRUUSK 2-i-1 Hundvagn Hundjoggercykelvagn - 2 Reflexer - 1 S\u00e4kerhetskoppel - 150 x 68 x 95 cm - Gr\u00f6n - TRUUSK - Hem, Tr\u00e4dg\u00e5rd &amp; Fritid\" \/>\n<meta property=\"og:description\" content=\"Med tyngden av ett djur p\u00e5 dina axlar eller rygg saktar du ner farten. Du tr\u00f6ttnar snabbare eftersom du m\u00e5ste...\" \/>\n<meta property=\"og:url\" content=\"https:\/\/truusk.store\/sv\/produkt\/truusk-2-i-1-hundvagn-hundjoggercykelvagn-2-reflexer-1-sakerhetskoppel-150-x-68-x-95-cm-gron\/\" \/>\n<meta property=\"og:site_name\" content=\"TRUUSK - Hem, Tr\u00e4dg\u00e5rd &amp; Fritid\" \/>\n<meta property=\"article:modified_time\" content=\"2026-03-12T08:37:28+00:00\" \/>\n<meta property=\"og:image\" content=\"https:\/\/i0.wp.com\/truusk.se\/wp-content\/uploads\/2024\/03\/2-i-1-hundvagn-hundjoggercykelvagn-2-reflexer-1-sakerhetskoppel-150-x-68-x-95-cm-gron.webp?fit=800%2C800&ssl=1\" \/>\n\t<meta property=\"og:image:width\" content=\"800\" \/>\n\t<meta property=\"og:image:height\" content=\"800\" \/>\n\t<meta property=\"og:image:type\" content=\"image\/webp\" \/>\n<meta name=\"twitter:card\" content=\"summary_large_image\" \/>\n<meta name=\"twitter:label1\" content=\"Ber\u00e4knad l\u00e4stid\" \/>\n\t<meta name=\"twitter:data1\" content=\"1 minut\" \/>\n<!-- \/ Yoast SEO plugin. -->","yoast_head_json":{"title":"TRUUSK 2-i-1 Hundvagn Hundjoggercykelvagn - 2 Reflexer - 1 S\u00e4kerhetskoppel - 150 x 68 x 95 cm - Gr\u00f6n - TRUUSK - Hem, Tr\u00e4dg\u00e5rd &amp; Fritid","robots":{"index":"index","follow":"follow","max-snippet":"max-snippet:-1","max-image-preview":"max-image-preview:large","max-video-preview":"max-video-preview:-1"},"canonical":"https:\/\/truusk.store\/sv\/produkt\/truusk-2-i-1-hundvagn-hundjoggercykelvagn-2-reflexer-1-sakerhetskoppel-150-x-68-x-95-cm-gron\/","og_locale":"sv_SE","og_type":"article","og_title":"TRUUSK 2-i-1 Hundvagn Hundjoggercykelvagn - 2 Reflexer - 1 S\u00e4kerhetskoppel - 150 x 68 x 95 cm - Gr\u00f6n - TRUUSK - Hem, Tr\u00e4dg\u00e5rd &amp; Fritid","og_description":"Med tyngden av ett djur p\u00e5 dina axlar eller rygg saktar du ner farten. Du tr\u00f6ttnar snabbare eftersom du m\u00e5ste...","og_url":"https:\/\/truusk.store\/sv\/produkt\/truusk-2-i-1-hundvagn-hundjoggercykelvagn-2-reflexer-1-sakerhetskoppel-150-x-68-x-95-cm-gron\/","og_site_name":"TRUUSK - Hem, Tr\u00e4dg\u00e5rd &amp; Fritid","article_modified_time":"2026-03-12T08:37:28+00:00","og_image":[{"width":800,"height":800,"url":"https:\/\/i0.wp.com\/truusk.se\/wp-content\/uploads\/2024\/03\/2-i-1-hundvagn-hundjoggercykelvagn-2-reflexer-1-sakerhetskoppel-150-x-68-x-95-cm-gron.webp?fit=800%2C800&ssl=1","type":"image\/webp"}],"twitter_card":"summary_large_image","twitter_misc":{"Ber\u00e4knad l\u00e4stid":"1 minut"},"schema":{"@context":"https:\/\/schema.org","@graph":[{"@type":"WebPage","@id":"https:\/\/truusk.store\/sv\/produkt\/truusk-2-i-1-hundvagn-hundjoggercykelvagn-2-reflexer-1-sakerhetskoppel-150-x-68-x-95-cm-gron\/","url":"https:\/\/truusk.store\/sv\/produkt\/truusk-2-i-1-hundvagn-hundjoggercykelvagn-2-reflexer-1-sakerhetskoppel-150-x-68-x-95-cm-gron\/","name":"TRUUSK 2-i-1 Hundvagn Hundjoggercykelvagn - 2 Reflexer - 1 S\u00e4kerhetskoppel - 150 x 68 x 95 cm - Gr\u00f6n - TRUUSK - Hem, Tr\u00e4dg\u00e5rd &amp; Fritid","isPartOf":{"@id":"https:\/\/truusk.store\/sv\/#website"},"primaryImageOfPage":{"@id":"https:\/\/truusk.store\/sv\/produkt\/truusk-2-i-1-hundvagn-hundjoggercykelvagn-2-reflexer-1-sakerhetskoppel-150-x-68-x-95-cm-gron\/#primaryimage"},"image":{"@id":"https:\/\/truusk.store\/sv\/produkt\/truusk-2-i-1-hundvagn-hundjoggercykelvagn-2-reflexer-1-sakerhetskoppel-150-x-68-x-95-cm-gron\/#primaryimage"},"thumbnailUrl":"https:\/\/i0.wp.com\/truusk.store\/wp-content\/uploads\/2024\/03\/2-i-1-hundvagn-hundjoggercykelvagn-2-reflexer-1-sakerhetskoppel-150-x-68-x-95-cm-gron.webp?fit=800%2C800&ssl=1","datePublished":"2024-03-02T16:40:11+00:00","dateModified":"2026-03-12T08:37:28+00:00","breadcrumb":{"@id":"https:\/\/truusk.store\/sv\/produkt\/truusk-2-i-1-hundvagn-hundjoggercykelvagn-2-reflexer-1-sakerhetskoppel-150-x-68-x-95-cm-gron\/#breadcrumb"},"inLanguage":"sv-SE","potentialAction":[{"@type":"ReadAction","target":["https:\/\/truusk.store\/sv\/produkt\/truusk-2-i-1-hundvagn-hundjoggercykelvagn-2-reflexer-1-sakerhetskoppel-150-x-68-x-95-cm-gron\/"]}]},{"@type":"ImageObject","inLanguage":"sv-SE","@id":"https:\/\/truusk.store\/sv\/produkt\/truusk-2-i-1-hundvagn-hundjoggercykelvagn-2-reflexer-1-sakerhetskoppel-150-x-68-x-95-cm-gron\/#primaryimage","url":"https:\/\/i0.wp.com\/truusk.store\/wp-content\/uploads\/2024\/03\/2-i-1-hundvagn-hundjoggercykelvagn-2-reflexer-1-sakerhetskoppel-150-x-68-x-95-cm-gron.webp?fit=800%2C800&ssl=1","contentUrl":"https:\/\/i0.wp.com\/truusk.store\/wp-content\/uploads\/2024\/03\/2-i-1-hundvagn-hundjoggercykelvagn-2-reflexer-1-sakerhetskoppel-150-x-68-x-95-cm-gron.webp?fit=800%2C800&ssl=1","width":800,"height":800,"caption":"2-i-1 Hundvagn Hundjoggercykelvagn, 2 Reflexer, 1 S\u00e4kerhetskoppel, 150 X 68 X 95 Cm, Gr\u00f6n 1"},{"@type":"BreadcrumbList","@id":"https:\/\/truusk.store\/sv\/produkt\/truusk-2-i-1-hundvagn-hundjoggercykelvagn-2-reflexer-1-sakerhetskoppel-150-x-68-x-95-cm-gron\/#breadcrumb","itemListElement":[{"@type":"ListItem","position":1,"name":"Home","item":"https:\/\/truusk.store\/sv\/"},{"@type":"ListItem","position":2,"name":"Shop","item":"https:\/\/truusk.store\/shop\/"},{"@type":"ListItem","position":3,"name":"TRUUSK 2-i-1 Hundvagn Hundjoggercykelvagn &#8211; 2 Reflexer &#8211; 1 S\u00e4kerhetskoppel &#8211; 150 x 68 x 95 cm &#8211; Gr\u00f6n"}]},{"@type":"WebSite","@id":"https:\/\/truusk.store\/sv\/#website","url":"https:\/\/truusk.store\/sv\/","name":"TRUUSK - Hem, Tr\u00e4dg\u00e5rd & Fritid","description":"","publisher":{"@id":"https:\/\/truusk.store\/sv\/#organization"},"potentialAction":[{"@type":"SearchAction","target":{"@type":"EntryPoint","urlTemplate":"https:\/\/truusk.store\/sv\/?s={search_term_string}"},"query-input":{"@type":"PropertyValueSpecification","valueRequired":true,"valueName":"search_term_string"}}],"inLanguage":"sv-SE"},{"@type":"Organization","@id":"https:\/\/truusk.store\/sv\/#organization","name":"TRUUSK - Hem, Tr\u00e4dg\u00e5rd & Fritid","url":"https:\/\/truusk.store\/sv\/","logo":{"@type":"ImageObject","inLanguage":"sv-SE","@id":"https:\/\/truusk.store\/sv\/#\/schema\/logo\/image\/","url":"https:\/\/i0.wp.com\/truusk.store\/wp-content\/uploads\/2026\/03\/cropped-TRUUSK.png?fit=2032%2C917&ssl=1","contentUrl":"https:\/\/i0.wp.com\/truusk.store\/wp-content\/uploads\/2026\/03\/cropped-TRUUSK.png?fit=2032%2C917&ssl=1","width":2032,"height":917,"caption":"TRUUSK - Hem, Tr\u00e4dg\u00e5rd & Fritid"},"image":{"@id":"https:\/\/truusk.store\/sv\/#\/schema\/logo\/image\/"}}]}},"jetpack_sharing_enabled":true,"_links":{"self":[{"href":"https:\/\/truusk.store\/sv\/wp-json\/wp\/v2\/product\/51153","targetHints":{"allow":["GET"]}}],"collection":[{"href":"https:\/\/truusk.store\/sv\/wp-json\/wp\/v2\/product"}],"about":[{"href":"https:\/\/truusk.store\/sv\/wp-json\/wp\/v2\/types\/product"}],"wp:featuredmedia":[{"embeddable":true,"href":"https:\/\/truusk.store\/sv\/wp-json\/wp\/v2\/media\/51154"}],"wp:attachment":[{"href":"https:\/\/truusk.store\/sv\/wp-json\/wp\/v2\/media?parent=51153"}],"wp:term":[{"taxonomy":"product_brand","embeddable":true,"href":"https:\/\/truusk.store\/sv\/wp-json\/wp\/v2\/product_brand?post=51153"},{"taxonomy":"product_cat","embeddable":true,"href":"https:\/\/truusk.store\/sv\/wp-json\/wp\/v2\/product_cat?post=51153"},{"taxonomy":"product_tag","embeddable":true,"href":"https:\/\/truusk.store\/sv\/wp-json\/wp\/v2\/product_tag?post=51153"}],"curies":[{"name":"wp","href":"https:\/\/api.w.org\/{rel}","templated":true}]}}