{"id":51175,"date":"2024-03-02T18:00:13","date_gmt":"2024-03-02T17:00:13","guid":{"rendered":"https:\/\/truusk.store\/product\/katthus-kattkoja-kattgrotta-vaderbestandig-1-ramp-1-plattform-845x60x88-cm-gron-naturlig\/"},"modified":"2026-03-12T09:37:10","modified_gmt":"2026-03-12T08:37:10","slug":"truusk-kattkoja-med-vaderbestandig-design-1-ramp-1-plattform-845x60x88-cm-gron-naturlig","status":"publish","type":"product","link":"https:\/\/truusk.store\/sv\/produkt\/truusk-kattkoja-med-vaderbestandig-design-1-ramp-1-plattform-845x60x88-cm-gron-naturlig\/","title":{"rendered":"TRUUSK Kattkoja med V\u00e4derbest\u00e4ndig Design &#8211; 1 Ramp &#8211; 1 Plattform &#8211; 84,5x60x88 Cm &#8211; Gr\u00f6n + Naturlig"},"content":{"rendered":"<p>Skapa ett kattparadis med v\u00e5rt utekatthus! Detta f\u00f6rtrollande g\u00f6mst\u00e4lle har en h\u00e4ngbro, tv\u00e5 kattl\u00e4genheter, en dykplattform och ett sold\u00e4ck. Katthuset \u00e4r l\u00e4mpligt f\u00f6r upp till tv\u00e5 katter och har flera ing\u00e5ngs\u00f6ppningar f\u00f6r enkel \u00e5tkomst. Se dina lurviga v\u00e4nner utforska, leka och koppla av i sitt eget h\u00e4rliga utrymme.<\/p>\n<h3>Beskrivning:<\/h3>\n<ul>\n<li>En veranda, en h\u00e4ngbro, en plattform och tv\u00e5 t\u00e4ckta lounger<\/li>\n<li>Flera ing\u00e5ngar till katthyddan f\u00f6r enkel in- och utstigning<\/li>\n<li>Tr\u00e4ramkonstruktion, h\u00f6g stabilitet<\/li>\n<li>Vattenbaserad f\u00e4rg p\u00e5 sluttande asfalttak f\u00f6r att skydda mot v\u00e4der och vind<\/li>\n<li>Upph\u00f6jda grunder av kattgrottan f\u00f6rhindrar jordfuktighet<\/li>\n<li>L\u00e4mplig f\u00f6r upp till tv\u00e5 katter som vardera inte v\u00e4ger mer \u00e4n 5 kg<\/li>\n<li>Montering kr\u00e4vs<\/li>\n<\/ul>\n<h3>Teknisk data:<\/h3>\n<ul>\n<li>F\u00e4rg: Svart+Gul+Gr\u00f6n<\/li>\n<li>Material: furu, gran<\/li>\n<li>Totala m\u00e5tt: 84,5L x 60W x 88H cm<\/li>\n<li>Huvudhusets m\u00e5tt: 53L x 41W x 25H cm. 53L x 30W x 31H cm<\/li>\n<li>Entr\u00e9storlek: 15 cm. 16W x 25H cm<\/li>\n<li>Plattformsm\u00e5tt: 26L x 20W cm<\/li>\n<li>Brygga: 53L x 21W cm<\/li>\n<li>Sold\u00e4ck: 49L x 36W cm<\/li>\n<li>H\u00f6jd \u00f6ver marken: 7 cm<\/li>\n<\/ul>\n<h3>Leveransens omfattning:<\/h3>\n<ul>\n<li>1 x Katthus<\/li>\n<li>1 x manuell<\/li>\n<\/ul>\n","protected":false},"excerpt":{"rendered":"<p>Skapa ett kattparadis med v\u00e5rt utekatthus! Detta f\u00f6rtrollande g\u00f6mst\u00e4lle har en h\u00e4ngbro, tv\u00e5 kattl\u00e4genheter, en dykplattform och ett sold\u00e4ck. Katthuset&#8230;<\/p>\n","protected":false},"featured_media":51176,"template":"","meta":[],"product_brand":[],"product_cat":[573,591,588],"product_tag":[],"class_list":{"0":"post-51175","1":"product","2":"type-product","3":"status-publish","4":"has-post-thumbnail","6":"product_cat-husdjursmaterial","7":"product_cat-katthus","8":"product_cat-katttillbehor","10":"first","11":"instock","12":"sale","13":"taxable","14":"shipping-taxable","15":"purchasable","16":"product-type-simple"},"yoast_head":"<!-- This site is optimized with the Yoast SEO plugin v25.4 - https:\/\/yoast.com\/wordpress\/plugins\/seo\/ -->\n<title>TRUUSK Kattkoja med V\u00e4derbest\u00e4ndig Design - 1 Ramp - 1 Plattform - 84,5x60x88 Cm - Gr\u00f6n + Naturlig - TRUUSK - Hem, Tr\u00e4dg\u00e5rd &amp; Fritid<\/title>\n<meta name=\"robots\" content=\"index, follow, max-snippet:-1, max-image-preview:large, max-video-preview:-1\" \/>\n<link rel=\"canonical\" href=\"https:\/\/truusk.store\/sv\/produkt\/truusk-kattkoja-med-vaderbestandig-design-1-ramp-1-plattform-845x60x88-cm-gron-naturlig\/\" \/>\n<meta property=\"og:locale\" content=\"sv_SE\" \/>\n<meta property=\"og:type\" content=\"article\" \/>\n<meta property=\"og:title\" content=\"TRUUSK Kattkoja med V\u00e4derbest\u00e4ndig Design - 1 Ramp - 1 Plattform - 84,5x60x88 Cm - Gr\u00f6n + Naturlig - TRUUSK - Hem, Tr\u00e4dg\u00e5rd &amp; Fritid\" \/>\n<meta property=\"og:description\" content=\"Skapa ett kattparadis med v\u00e5rt utekatthus! Detta f\u00f6rtrollande g\u00f6mst\u00e4lle har en h\u00e4ngbro, tv\u00e5 kattl\u00e4genheter, en dykplattform och ett sold\u00e4ck. Katthuset...\" \/>\n<meta property=\"og:url\" content=\"https:\/\/truusk.store\/sv\/produkt\/truusk-kattkoja-med-vaderbestandig-design-1-ramp-1-plattform-845x60x88-cm-gron-naturlig\/\" \/>\n<meta property=\"og:site_name\" content=\"TRUUSK - Hem, Tr\u00e4dg\u00e5rd &amp; Fritid\" \/>\n<meta property=\"article:modified_time\" content=\"2026-03-12T08:37:10+00:00\" \/>\n<meta property=\"og:image\" content=\"https:\/\/i0.wp.com\/truusk.se\/wp-content\/uploads\/2024\/03\/katthus-kattkoja-kattgrotta-vaderbestandig-1-ramp-1-plattform-845x60x88-cm-gron-naturlig.webp?fit=800%2C800&ssl=1\" \/>\n\t<meta property=\"og:image:width\" content=\"800\" \/>\n\t<meta property=\"og:image:height\" content=\"800\" \/>\n\t<meta property=\"og:image:type\" content=\"image\/webp\" \/>\n<meta name=\"twitter:card\" content=\"summary_large_image\" \/>\n<meta name=\"twitter:label1\" content=\"Ber\u00e4knad l\u00e4stid\" \/>\n\t<meta name=\"twitter:data1\" content=\"1 minut\" \/>\n<!-- \/ Yoast SEO plugin. -->","yoast_head_json":{"title":"TRUUSK Kattkoja med V\u00e4derbest\u00e4ndig Design - 1 Ramp - 1 Plattform - 84,5x60x88 Cm - Gr\u00f6n + Naturlig - TRUUSK - Hem, Tr\u00e4dg\u00e5rd &amp; Fritid","robots":{"index":"index","follow":"follow","max-snippet":"max-snippet:-1","max-image-preview":"max-image-preview:large","max-video-preview":"max-video-preview:-1"},"canonical":"https:\/\/truusk.store\/sv\/produkt\/truusk-kattkoja-med-vaderbestandig-design-1-ramp-1-plattform-845x60x88-cm-gron-naturlig\/","og_locale":"sv_SE","og_type":"article","og_title":"TRUUSK Kattkoja med V\u00e4derbest\u00e4ndig Design - 1 Ramp - 1 Plattform - 84,5x60x88 Cm - Gr\u00f6n + Naturlig - TRUUSK - Hem, Tr\u00e4dg\u00e5rd &amp; Fritid","og_description":"Skapa ett kattparadis med v\u00e5rt utekatthus! Detta f\u00f6rtrollande g\u00f6mst\u00e4lle har en h\u00e4ngbro, tv\u00e5 kattl\u00e4genheter, en dykplattform och ett sold\u00e4ck. Katthuset...","og_url":"https:\/\/truusk.store\/sv\/produkt\/truusk-kattkoja-med-vaderbestandig-design-1-ramp-1-plattform-845x60x88-cm-gron-naturlig\/","og_site_name":"TRUUSK - Hem, Tr\u00e4dg\u00e5rd &amp; Fritid","article_modified_time":"2026-03-12T08:37:10+00:00","og_image":[{"width":800,"height":800,"url":"https:\/\/i0.wp.com\/truusk.se\/wp-content\/uploads\/2024\/03\/katthus-kattkoja-kattgrotta-vaderbestandig-1-ramp-1-plattform-845x60x88-cm-gron-naturlig.webp?fit=800%2C800&ssl=1","type":"image\/webp"}],"twitter_card":"summary_large_image","twitter_misc":{"Ber\u00e4knad l\u00e4stid":"1 minut"},"schema":{"@context":"https:\/\/schema.org","@graph":[{"@type":"WebPage","@id":"https:\/\/truusk.store\/sv\/produkt\/truusk-kattkoja-med-vaderbestandig-design-1-ramp-1-plattform-845x60x88-cm-gron-naturlig\/","url":"https:\/\/truusk.store\/sv\/produkt\/truusk-kattkoja-med-vaderbestandig-design-1-ramp-1-plattform-845x60x88-cm-gron-naturlig\/","name":"TRUUSK Kattkoja med V\u00e4derbest\u00e4ndig Design - 1 Ramp - 1 Plattform - 84,5x60x88 Cm - Gr\u00f6n + Naturlig - TRUUSK - Hem, Tr\u00e4dg\u00e5rd &amp; Fritid","isPartOf":{"@id":"https:\/\/truusk.store\/sv\/#website"},"primaryImageOfPage":{"@id":"https:\/\/truusk.store\/sv\/produkt\/truusk-kattkoja-med-vaderbestandig-design-1-ramp-1-plattform-845x60x88-cm-gron-naturlig\/#primaryimage"},"image":{"@id":"https:\/\/truusk.store\/sv\/produkt\/truusk-kattkoja-med-vaderbestandig-design-1-ramp-1-plattform-845x60x88-cm-gron-naturlig\/#primaryimage"},"thumbnailUrl":"https:\/\/i0.wp.com\/truusk.store\/wp-content\/uploads\/2024\/03\/katthus-kattkoja-kattgrotta-vaderbestandig-1-ramp-1-plattform-845x60x88-cm-gron-naturlig.webp?fit=800%2C800&ssl=1","datePublished":"2024-03-02T17:00:13+00:00","dateModified":"2026-03-12T08:37:10+00:00","breadcrumb":{"@id":"https:\/\/truusk.store\/sv\/produkt\/truusk-kattkoja-med-vaderbestandig-design-1-ramp-1-plattform-845x60x88-cm-gron-naturlig\/#breadcrumb"},"inLanguage":"sv-SE","potentialAction":[{"@type":"ReadAction","target":["https:\/\/truusk.store\/sv\/produkt\/truusk-kattkoja-med-vaderbestandig-design-1-ramp-1-plattform-845x60x88-cm-gron-naturlig\/"]}]},{"@type":"ImageObject","inLanguage":"sv-SE","@id":"https:\/\/truusk.store\/sv\/produkt\/truusk-kattkoja-med-vaderbestandig-design-1-ramp-1-plattform-845x60x88-cm-gron-naturlig\/#primaryimage","url":"https:\/\/i0.wp.com\/truusk.store\/wp-content\/uploads\/2024\/03\/katthus-kattkoja-kattgrotta-vaderbestandig-1-ramp-1-plattform-845x60x88-cm-gron-naturlig.webp?fit=800%2C800&ssl=1","contentUrl":"https:\/\/i0.wp.com\/truusk.store\/wp-content\/uploads\/2024\/03\/katthus-kattkoja-kattgrotta-vaderbestandig-1-ramp-1-plattform-845x60x88-cm-gron-naturlig.webp?fit=800%2C800&ssl=1","width":800,"height":800,"caption":"Katthus, Kattkoja, Kattgrotta, V\u00e4derbest\u00e4ndig, 1 Ramp, 1 Plattform, 84,5x60x88 Cm, Gr\u00f6n + Naturlig 1"},{"@type":"BreadcrumbList","@id":"https:\/\/truusk.store\/sv\/produkt\/truusk-kattkoja-med-vaderbestandig-design-1-ramp-1-plattform-845x60x88-cm-gron-naturlig\/#breadcrumb","itemListElement":[{"@type":"ListItem","position":1,"name":"Home","item":"https:\/\/truusk.store\/sv\/"},{"@type":"ListItem","position":2,"name":"Shop","item":"https:\/\/truusk.store\/shop\/"},{"@type":"ListItem","position":3,"name":"TRUUSK Kattkoja med V\u00e4derbest\u00e4ndig Design &#8211; 1 Ramp &#8211; 1 Plattform &#8211; 84,5x60x88 Cm &#8211; Gr\u00f6n + Naturlig"}]},{"@type":"WebSite","@id":"https:\/\/truusk.store\/sv\/#website","url":"https:\/\/truusk.store\/sv\/","name":"TRUUSK - Hem, Tr\u00e4dg\u00e5rd & Fritid","description":"","publisher":{"@id":"https:\/\/truusk.store\/sv\/#organization"},"potentialAction":[{"@type":"SearchAction","target":{"@type":"EntryPoint","urlTemplate":"https:\/\/truusk.store\/sv\/?s={search_term_string}"},"query-input":{"@type":"PropertyValueSpecification","valueRequired":true,"valueName":"search_term_string"}}],"inLanguage":"sv-SE"},{"@type":"Organization","@id":"https:\/\/truusk.store\/sv\/#organization","name":"TRUUSK - Hem, Tr\u00e4dg\u00e5rd & Fritid","url":"https:\/\/truusk.store\/sv\/","logo":{"@type":"ImageObject","inLanguage":"sv-SE","@id":"https:\/\/truusk.store\/sv\/#\/schema\/logo\/image\/","url":"https:\/\/i0.wp.com\/truusk.store\/wp-content\/uploads\/2026\/03\/cropped-TRUUSK.png?fit=2032%2C917&ssl=1","contentUrl":"https:\/\/i0.wp.com\/truusk.store\/wp-content\/uploads\/2026\/03\/cropped-TRUUSK.png?fit=2032%2C917&ssl=1","width":2032,"height":917,"caption":"TRUUSK - Hem, Tr\u00e4dg\u00e5rd & Fritid"},"image":{"@id":"https:\/\/truusk.store\/sv\/#\/schema\/logo\/image\/"}}]}},"jetpack_sharing_enabled":true,"_links":{"self":[{"href":"https:\/\/truusk.store\/sv\/wp-json\/wp\/v2\/product\/51175","targetHints":{"allow":["GET"]}}],"collection":[{"href":"https:\/\/truusk.store\/sv\/wp-json\/wp\/v2\/product"}],"about":[{"href":"https:\/\/truusk.store\/sv\/wp-json\/wp\/v2\/types\/product"}],"wp:featuredmedia":[{"embeddable":true,"href":"https:\/\/truusk.store\/sv\/wp-json\/wp\/v2\/media\/51176"}],"wp:attachment":[{"href":"https:\/\/truusk.store\/sv\/wp-json\/wp\/v2\/media?parent=51175"}],"wp:term":[{"taxonomy":"product_brand","embeddable":true,"href":"https:\/\/truusk.store\/sv\/wp-json\/wp\/v2\/product_brand?post=51175"},{"taxonomy":"product_cat","embeddable":true,"href":"https:\/\/truusk.store\/sv\/wp-json\/wp\/v2\/product_cat?post=51175"},{"taxonomy":"product_tag","embeddable":true,"href":"https:\/\/truusk.store\/sv\/wp-json\/wp\/v2\/product_tag?post=51175"}],"curies":[{"name":"wp","href":"https:\/\/api.w.org\/{rel}","templated":true}]}}