{"id":51182,"date":"2024-03-02T18:10:12","date_gmt":"2024-03-02T17:10:12","guid":{"rendered":"https:\/\/truusk.store\/product\/hollywood-swing-tradgard-gungbank-justerbart-soltak-200-cm-x-125-cm-x-175-cm-beige-brun\/"},"modified":"2026-03-12T09:35:35","modified_gmt":"2026-03-12T08:35:35","slug":"truusk-hollywood-gungbank-med-justerbart-soltak-200x125x175-cm-beige-brun","status":"publish","type":"product","link":"https:\/\/truusk.store\/sv\/produkt\/truusk-hollywood-gungbank-med-justerbart-soltak-200x125x175-cm-beige-brun\/","title":{"rendered":"TRUUSK Hollywood Gungb\u00e4nk med Justerbart Soltak &#8211; 200x125x175 cm &#8211; Beige\/Brun"},"content":{"rendered":"<p>Sv\u00e4ng dig igenom sommaren och njut av solen p\u00e5 den sv\u00e4ngande tr\u00e4dg\u00e5rdsgungan med kapell. Placera gungan i utomhusomr\u00e5den som en veranda, tr\u00e4dg\u00e5rd eller balkong. Den \u00e4r utrustad med ett snabbtorkande n\u00e4t och en justerbar kapell under vilken du kan sv\u00e4nga \u00e4ven n\u00e4r det regnar. F\u00f6r att undvika solbr\u00e4nna och bl\u00e4ndning kan kapellet lutas.<\/p>\n<h3>Beskrivning:<\/h3>\n<ul>\n<li>Robust, pulverlackerad st\u00e5lram med en lastkapacitet p\u00e5 360 kg och plats f\u00f6r tre vuxna<\/li>\n<li>Sitt- och ryggkuddar erbjuder h\u00f6g komfort och \u00e4r f\u00e4sta i sitsen med remmar<\/li>\n<li>Sits- och ryggkudds\u00f6verdragen kan tas bort f\u00f6r enklare reng\u00f6ring<\/li>\n<li>Ovandel som andas torkar snabbt<\/li>\n<li>Det f\u00e4llbara kapellet f\u00f6rhindrar solljus och s\u00e4kerst\u00e4ller en behaglig sittkomfort<\/li>\n<li>H\u00f6gkvalitativa fj\u00e4drar kopplar ihop gungan och s\u00e4kerst\u00e4ller mjuk, j\u00e4mn gung<\/li>\n<li>Montering kr\u00e4vs<\/li>\n<\/ul>\n<h3>Teknisk data:<\/h3>\n<ul>\n<li>F\u00e4rg: beige, brun<\/li>\n<li>Material: st\u00e5l, textline, 100% polyester, skum<\/li>\n<li>\u00d6vergripande m\u00e5tt: 200L x 125W x 175H cm<\/li>\n<li>Kapellstorlek: 195W x 115D cm<\/li>\n<li>Caps lutning: 100-120<\/li>\n<li>Sitsstorlek (utan dyna): 145W x 55D x 45H cm<\/li>\n<li>Ryggst\u00f6dsstorlek: 145W x 51H cm<\/li>\n<li>Ryggkuddens storlek: 46L x 49W x 8H cm<\/li>\n<li>Sittdynas storlek: 145L x 55W x 8H cm<\/li>\n<li>Viktkapacitet: 360 kg<\/li>\n<li>Monteringstid: 2-3 timmar<\/li>\n<li>Rekommenderat antal installat\u00f6rer: 2<\/li>\n<\/ul>\n<h3>Leveransens omfattning:<\/h3>\n<ul>\n<li>1 x Garden Gungstol<\/li>\n<li>1 x Sittdyna<\/li>\n<li>3 x ryggkuddar<\/li>\n<li>1 x Instruktioner<\/li>\n<\/ul>\n","protected":false},"excerpt":{"rendered":"<p>Sv\u00e4ng dig igenom sommaren och njut av solen p\u00e5 den sv\u00e4ngande tr\u00e4dg\u00e5rdsgungan med kapell. Placera gungan i utomhusomr\u00e5den som en&#8230;<\/p>\n","protected":false},"featured_media":51183,"template":"","meta":[],"product_brand":[],"product_cat":[453,435,450],"product_tag":[],"class_list":{"0":"post-51182","1":"product","2":"type-product","3":"status-publish","4":"has-post-thumbnail","6":"product_cat-hollywood-gungor","7":"product_cat-tradgard-och-terrass","8":"product_cat-tradgardsmobler","10":"first","11":"instock","12":"sale","13":"taxable","14":"shipping-taxable","15":"purchasable","16":"product-type-simple"},"yoast_head":"<!-- This site is optimized with the Yoast SEO plugin v25.4 - https:\/\/yoast.com\/wordpress\/plugins\/seo\/ -->\n<title>TRUUSK Hollywood Gungb\u00e4nk med Justerbart Soltak - 200x125x175 cm - Beige\/Brun - TRUUSK - Hem, Tr\u00e4dg\u00e5rd &amp; Fritid<\/title>\n<meta name=\"robots\" content=\"index, follow, max-snippet:-1, max-image-preview:large, max-video-preview:-1\" \/>\n<link rel=\"canonical\" href=\"https:\/\/truusk.store\/sv\/produkt\/truusk-hollywood-gungbank-med-justerbart-soltak-200x125x175-cm-beige-brun\/\" \/>\n<meta property=\"og:locale\" content=\"sv_SE\" \/>\n<meta property=\"og:type\" content=\"article\" \/>\n<meta property=\"og:title\" content=\"TRUUSK Hollywood Gungb\u00e4nk med Justerbart Soltak - 200x125x175 cm - Beige\/Brun - TRUUSK - Hem, Tr\u00e4dg\u00e5rd &amp; Fritid\" \/>\n<meta property=\"og:description\" content=\"Sv\u00e4ng dig igenom sommaren och njut av solen p\u00e5 den sv\u00e4ngande tr\u00e4dg\u00e5rdsgungan med kapell. Placera gungan i utomhusomr\u00e5den som en...\" \/>\n<meta property=\"og:url\" content=\"https:\/\/truusk.store\/sv\/produkt\/truusk-hollywood-gungbank-med-justerbart-soltak-200x125x175-cm-beige-brun\/\" \/>\n<meta property=\"og:site_name\" content=\"TRUUSK - Hem, Tr\u00e4dg\u00e5rd &amp; Fritid\" \/>\n<meta property=\"article:modified_time\" content=\"2026-03-12T08:35:35+00:00\" \/>\n<meta property=\"og:image\" content=\"https:\/\/i0.wp.com\/truusk.se\/wp-content\/uploads\/2024\/03\/hollywood-swing-tradgard-gungbank-justerbart-soltak-200-cm-x-125-cm-x-175-cm-beige-brun.webp?fit=800%2C800&ssl=1\" \/>\n\t<meta property=\"og:image:width\" content=\"800\" \/>\n\t<meta property=\"og:image:height\" content=\"800\" \/>\n\t<meta property=\"og:image:type\" content=\"image\/webp\" \/>\n<meta name=\"twitter:card\" content=\"summary_large_image\" \/>\n<meta name=\"twitter:label1\" content=\"Ber\u00e4knad l\u00e4stid\" \/>\n\t<meta name=\"twitter:data1\" content=\"1 minut\" \/>\n<!-- \/ Yoast SEO plugin. -->","yoast_head_json":{"title":"TRUUSK Hollywood Gungb\u00e4nk med Justerbart Soltak - 200x125x175 cm - Beige\/Brun - TRUUSK - Hem, Tr\u00e4dg\u00e5rd &amp; Fritid","robots":{"index":"index","follow":"follow","max-snippet":"max-snippet:-1","max-image-preview":"max-image-preview:large","max-video-preview":"max-video-preview:-1"},"canonical":"https:\/\/truusk.store\/sv\/produkt\/truusk-hollywood-gungbank-med-justerbart-soltak-200x125x175-cm-beige-brun\/","og_locale":"sv_SE","og_type":"article","og_title":"TRUUSK Hollywood Gungb\u00e4nk med Justerbart Soltak - 200x125x175 cm - Beige\/Brun - TRUUSK - Hem, Tr\u00e4dg\u00e5rd &amp; Fritid","og_description":"Sv\u00e4ng dig igenom sommaren och njut av solen p\u00e5 den sv\u00e4ngande tr\u00e4dg\u00e5rdsgungan med kapell. Placera gungan i utomhusomr\u00e5den som en...","og_url":"https:\/\/truusk.store\/sv\/produkt\/truusk-hollywood-gungbank-med-justerbart-soltak-200x125x175-cm-beige-brun\/","og_site_name":"TRUUSK - Hem, Tr\u00e4dg\u00e5rd &amp; Fritid","article_modified_time":"2026-03-12T08:35:35+00:00","og_image":[{"width":800,"height":800,"url":"https:\/\/i0.wp.com\/truusk.se\/wp-content\/uploads\/2024\/03\/hollywood-swing-tradgard-gungbank-justerbart-soltak-200-cm-x-125-cm-x-175-cm-beige-brun.webp?fit=800%2C800&ssl=1","type":"image\/webp"}],"twitter_card":"summary_large_image","twitter_misc":{"Ber\u00e4knad l\u00e4stid":"1 minut"},"schema":{"@context":"https:\/\/schema.org","@graph":[{"@type":"WebPage","@id":"https:\/\/truusk.store\/sv\/produkt\/truusk-hollywood-gungbank-med-justerbart-soltak-200x125x175-cm-beige-brun\/","url":"https:\/\/truusk.store\/sv\/produkt\/truusk-hollywood-gungbank-med-justerbart-soltak-200x125x175-cm-beige-brun\/","name":"TRUUSK Hollywood Gungb\u00e4nk med Justerbart Soltak - 200x125x175 cm - Beige\/Brun - TRUUSK - Hem, Tr\u00e4dg\u00e5rd &amp; Fritid","isPartOf":{"@id":"https:\/\/truusk.store\/sv\/#website"},"primaryImageOfPage":{"@id":"https:\/\/truusk.store\/sv\/produkt\/truusk-hollywood-gungbank-med-justerbart-soltak-200x125x175-cm-beige-brun\/#primaryimage"},"image":{"@id":"https:\/\/truusk.store\/sv\/produkt\/truusk-hollywood-gungbank-med-justerbart-soltak-200x125x175-cm-beige-brun\/#primaryimage"},"thumbnailUrl":"https:\/\/i0.wp.com\/truusk.store\/wp-content\/uploads\/2024\/03\/hollywood-swing-tradgard-gungbank-justerbart-soltak-200-cm-x-125-cm-x-175-cm-beige-brun.webp?fit=800%2C800&ssl=1","datePublished":"2024-03-02T17:10:12+00:00","dateModified":"2026-03-12T08:35:35+00:00","breadcrumb":{"@id":"https:\/\/truusk.store\/sv\/produkt\/truusk-hollywood-gungbank-med-justerbart-soltak-200x125x175-cm-beige-brun\/#breadcrumb"},"inLanguage":"sv-SE","potentialAction":[{"@type":"ReadAction","target":["https:\/\/truusk.store\/sv\/produkt\/truusk-hollywood-gungbank-med-justerbart-soltak-200x125x175-cm-beige-brun\/"]}]},{"@type":"ImageObject","inLanguage":"sv-SE","@id":"https:\/\/truusk.store\/sv\/produkt\/truusk-hollywood-gungbank-med-justerbart-soltak-200x125x175-cm-beige-brun\/#primaryimage","url":"https:\/\/i0.wp.com\/truusk.store\/wp-content\/uploads\/2024\/03\/hollywood-swing-tradgard-gungbank-justerbart-soltak-200-cm-x-125-cm-x-175-cm-beige-brun.webp?fit=800%2C800&ssl=1","contentUrl":"https:\/\/i0.wp.com\/truusk.store\/wp-content\/uploads\/2024\/03\/hollywood-swing-tradgard-gungbank-justerbart-soltak-200-cm-x-125-cm-x-175-cm-beige-brun.webp?fit=800%2C800&ssl=1","width":800,"height":800,"caption":"Hollywood Swing Tr\u00e4dg\u00e5rd Gungb\u00e4nk, Justerbart Soltak, 200 Cm X 125 Cm X 175 Cm, Beige + Brun 1"},{"@type":"BreadcrumbList","@id":"https:\/\/truusk.store\/sv\/produkt\/truusk-hollywood-gungbank-med-justerbart-soltak-200x125x175-cm-beige-brun\/#breadcrumb","itemListElement":[{"@type":"ListItem","position":1,"name":"Home","item":"https:\/\/truusk.store\/sv\/"},{"@type":"ListItem","position":2,"name":"Shop","item":"https:\/\/truusk.store\/shop\/"},{"@type":"ListItem","position":3,"name":"TRUUSK Hollywood Gungb\u00e4nk med Justerbart Soltak &#8211; 200x125x175 cm &#8211; Beige\/Brun"}]},{"@type":"WebSite","@id":"https:\/\/truusk.store\/sv\/#website","url":"https:\/\/truusk.store\/sv\/","name":"TRUUSK - Hem, Tr\u00e4dg\u00e5rd & Fritid","description":"","publisher":{"@id":"https:\/\/truusk.store\/sv\/#organization"},"potentialAction":[{"@type":"SearchAction","target":{"@type":"EntryPoint","urlTemplate":"https:\/\/truusk.store\/sv\/?s={search_term_string}"},"query-input":{"@type":"PropertyValueSpecification","valueRequired":true,"valueName":"search_term_string"}}],"inLanguage":"sv-SE"},{"@type":"Organization","@id":"https:\/\/truusk.store\/sv\/#organization","name":"TRUUSK - Hem, Tr\u00e4dg\u00e5rd & Fritid","url":"https:\/\/truusk.store\/sv\/","logo":{"@type":"ImageObject","inLanguage":"sv-SE","@id":"https:\/\/truusk.store\/sv\/#\/schema\/logo\/image\/","url":"https:\/\/i0.wp.com\/truusk.store\/wp-content\/uploads\/2026\/03\/cropped-TRUUSK.png?fit=2032%2C917&ssl=1","contentUrl":"https:\/\/i0.wp.com\/truusk.store\/wp-content\/uploads\/2026\/03\/cropped-TRUUSK.png?fit=2032%2C917&ssl=1","width":2032,"height":917,"caption":"TRUUSK - Hem, Tr\u00e4dg\u00e5rd & Fritid"},"image":{"@id":"https:\/\/truusk.store\/sv\/#\/schema\/logo\/image\/"}}]}},"jetpack_sharing_enabled":true,"_links":{"self":[{"href":"https:\/\/truusk.store\/sv\/wp-json\/wp\/v2\/product\/51182","targetHints":{"allow":["GET"]}}],"collection":[{"href":"https:\/\/truusk.store\/sv\/wp-json\/wp\/v2\/product"}],"about":[{"href":"https:\/\/truusk.store\/sv\/wp-json\/wp\/v2\/types\/product"}],"wp:featuredmedia":[{"embeddable":true,"href":"https:\/\/truusk.store\/sv\/wp-json\/wp\/v2\/media\/51183"}],"wp:attachment":[{"href":"https:\/\/truusk.store\/sv\/wp-json\/wp\/v2\/media?parent=51182"}],"wp:term":[{"taxonomy":"product_brand","embeddable":true,"href":"https:\/\/truusk.store\/sv\/wp-json\/wp\/v2\/product_brand?post=51182"},{"taxonomy":"product_cat","embeddable":true,"href":"https:\/\/truusk.store\/sv\/wp-json\/wp\/v2\/product_cat?post=51182"},{"taxonomy":"product_tag","embeddable":true,"href":"https:\/\/truusk.store\/sv\/wp-json\/wp\/v2\/product_tag?post=51182"}],"curies":[{"name":"wp","href":"https:\/\/api.w.org\/{rel}","templated":true}]}}