{"id":51215,"date":"2024-03-02T18:40:11","date_gmt":"2024-03-02T17:40:11","guid":{"rendered":"https:\/\/truusk.store\/product\/utomhusforvaringslada-tradgardslada-kuddlada-vaderbestandig-asfalttak-775-cm-x-88-cm-x-90-cm-morkgra\/"},"modified":"2026-03-12T09:37:25","modified_gmt":"2026-03-12T08:37:25","slug":"truusk-utomhusforvaringslada-vaderbestandig-tradgardslada-asfalttak-morkgra-775-x-88-x-90-cm","status":"publish","type":"product","link":"https:\/\/truusk.store\/sv\/produkt\/truusk-utomhusforvaringslada-vaderbestandig-tradgardslada-asfalttak-morkgra-775-x-88-x-90-cm\/","title":{"rendered":"TRUUSK Utomhusf\u00f6rvaringsl\u00e5da &#8211; V\u00e4derbest\u00e4ndig Tr\u00e4dg\u00e5rdsl\u00e5da &#8211; Asfalttak &#8211; M\u00f6rkgr\u00e5 &#8211; 77,5 x 88 x 90 cm"},"content":{"rendered":"<p>\u00c4lskar du att arbeta i tr\u00e4dg\u00e5rden eller slutf\u00f6ra utomhusprojekt men har inte plats att f\u00f6rvara dina verktyg eller material? Med denna redskapsbod kan du f\u00f6rvandla den kaotiska r\u00f6ran i tr\u00e4dg\u00e5rden till ett snyggt och v\u00e4lorganiserat f\u00f6rvaringscenter. H\u00e5ll allt snyggt s\u00e5 att du kan l\u00e4gga mer tid p\u00e5 dina tr\u00e4dg\u00e5rdsprojekt och mindre tid p\u00e5 att leta efter verktyg.<\/p>\n<h3>Beskrivning:<\/h3>\n<ul>\n<li>Idealisk f\u00f6r f\u00f6rvaring av tr\u00e4dg\u00e5rdstillbeh\u00f6r, med justerbar inv\u00e4ndig hylla<\/li>\n<li>Verktygsbodens sluttande asfalttak skyddar interi\u00f6ren fr\u00e5n l\u00e4tt till medelv\u00e4der<\/li>\n<li>Tillverkad av massivt naturligt tr\u00e4 f\u00f6r h\u00e5llbarhet<\/li>\n<li>Dubbeld\u00f6rrar med handtag<\/li>\n<li>Justerbara tr\u00e4dg\u00e5rdssk\u00e5psf\u00f6tter f\u00f6r b\u00e4ttre balans<\/li>\n<li>Installation av ett l\u00e5s f\u00f6r s\u00e4ker f\u00f6rvaring av alla verktyg (ing\u00e5r ej)<\/li>\n<li>Montering kr\u00e4vs<\/li>\n<\/ul>\n<h3>Teknisk data:<\/h3>\n<ul>\n<li>F\u00e4rg: naturligt tr\u00e4<\/li>\n<li>Material: gran<\/li>\n<li>\u00d6vergripande m\u00e5tt: 77,5L x 88W x 83\/90H cm<\/li>\n<li>Innerm\u00e5tt: 76W x 66D x 81H cm<\/li>\n<li>Enkeld\u00f6rrstorlek: 36,5W x 77,5Hcm<\/li>\n<li>Hyllstorlek: 76W x 66D cm<\/li>\n<li>Fe h\u00f6jd: 6 cm<\/li>\n<li>Viktkapacitet: 40 kg (hylla), 70 kg (golv)<\/li>\n<\/ul>\n<h3>Leveransens omfattning:<\/h3>\n<ul>\n<li>1 x Tr\u00e4dg\u00e5rdsf\u00f6rvaringssk\u00e5p<\/li>\n<li>1 x skruvsats<\/li>\n<li>1 x manuell<\/li>\n<\/ul>\n","protected":false},"excerpt":{"rendered":"<p>\u00c4lskar du att arbeta i tr\u00e4dg\u00e5rden eller slutf\u00f6ra utomhusprojekt men har inte plats att f\u00f6rvara dina verktyg eller material? Med&#8230;<\/p>\n","protected":false},"featured_media":51216,"template":"","meta":[],"product_brand":[],"product_cat":[436,435,437],"product_tag":[],"class_list":{"0":"post-51215","1":"product","2":"type-product","3":"status-publish","4":"has-post-thumbnail","6":"product_cat-bestall-i-tradgarden","7":"product_cat-tradgard-och-terrass","8":"product_cat-tradgardsskap","10":"first","11":"instock","12":"sale","13":"taxable","14":"shipping-taxable","15":"purchasable","16":"product-type-simple"},"yoast_head":"<!-- This site is optimized with the Yoast SEO plugin v25.4 - https:\/\/yoast.com\/wordpress\/plugins\/seo\/ -->\n<title>TRUUSK Utomhusf\u00f6rvaringsl\u00e5da - V\u00e4derbest\u00e4ndig Tr\u00e4dg\u00e5rdsl\u00e5da - Asfalttak - M\u00f6rkgr\u00e5 - 77,5 x 88 x 90 cm - TRUUSK - Hem, Tr\u00e4dg\u00e5rd &amp; Fritid<\/title>\n<meta name=\"robots\" content=\"index, follow, max-snippet:-1, max-image-preview:large, max-video-preview:-1\" \/>\n<link rel=\"canonical\" href=\"https:\/\/truusk.store\/sv\/produkt\/truusk-utomhusforvaringslada-vaderbestandig-tradgardslada-asfalttak-morkgra-775-x-88-x-90-cm\/\" \/>\n<meta property=\"og:locale\" content=\"sv_SE\" \/>\n<meta property=\"og:type\" content=\"article\" \/>\n<meta property=\"og:title\" content=\"TRUUSK Utomhusf\u00f6rvaringsl\u00e5da - V\u00e4derbest\u00e4ndig Tr\u00e4dg\u00e5rdsl\u00e5da - Asfalttak - M\u00f6rkgr\u00e5 - 77,5 x 88 x 90 cm - TRUUSK - Hem, Tr\u00e4dg\u00e5rd &amp; Fritid\" \/>\n<meta property=\"og:description\" content=\"\u00c4lskar du att arbeta i tr\u00e4dg\u00e5rden eller slutf\u00f6ra utomhusprojekt men har inte plats att f\u00f6rvara dina verktyg eller material? Med...\" \/>\n<meta property=\"og:url\" content=\"https:\/\/truusk.store\/sv\/produkt\/truusk-utomhusforvaringslada-vaderbestandig-tradgardslada-asfalttak-morkgra-775-x-88-x-90-cm\/\" \/>\n<meta property=\"og:site_name\" content=\"TRUUSK - Hem, Tr\u00e4dg\u00e5rd &amp; Fritid\" \/>\n<meta property=\"article:modified_time\" content=\"2026-03-12T08:37:25+00:00\" \/>\n<meta property=\"og:image\" content=\"https:\/\/i0.wp.com\/truusk.se\/wp-content\/uploads\/2024\/03\/utomhusforvaringslada-tradgardslada-kuddlada-vaderbestandig-asfalttak-775-cm-x-88-cm-x-90-cm-morkgra.webp?fit=800%2C800&ssl=1\" \/>\n\t<meta property=\"og:image:width\" content=\"800\" \/>\n\t<meta property=\"og:image:height\" content=\"800\" \/>\n\t<meta property=\"og:image:type\" content=\"image\/webp\" \/>\n<meta name=\"twitter:card\" content=\"summary_large_image\" \/>\n<meta name=\"twitter:label1\" content=\"Ber\u00e4knad l\u00e4stid\" \/>\n\t<meta name=\"twitter:data1\" content=\"1 minut\" \/>\n<!-- \/ Yoast SEO plugin. -->","yoast_head_json":{"title":"TRUUSK Utomhusf\u00f6rvaringsl\u00e5da - V\u00e4derbest\u00e4ndig Tr\u00e4dg\u00e5rdsl\u00e5da - Asfalttak - M\u00f6rkgr\u00e5 - 77,5 x 88 x 90 cm - TRUUSK - Hem, Tr\u00e4dg\u00e5rd &amp; Fritid","robots":{"index":"index","follow":"follow","max-snippet":"max-snippet:-1","max-image-preview":"max-image-preview:large","max-video-preview":"max-video-preview:-1"},"canonical":"https:\/\/truusk.store\/sv\/produkt\/truusk-utomhusforvaringslada-vaderbestandig-tradgardslada-asfalttak-morkgra-775-x-88-x-90-cm\/","og_locale":"sv_SE","og_type":"article","og_title":"TRUUSK Utomhusf\u00f6rvaringsl\u00e5da - V\u00e4derbest\u00e4ndig Tr\u00e4dg\u00e5rdsl\u00e5da - Asfalttak - M\u00f6rkgr\u00e5 - 77,5 x 88 x 90 cm - TRUUSK - Hem, Tr\u00e4dg\u00e5rd &amp; Fritid","og_description":"\u00c4lskar du att arbeta i tr\u00e4dg\u00e5rden eller slutf\u00f6ra utomhusprojekt men har inte plats att f\u00f6rvara dina verktyg eller material? Med...","og_url":"https:\/\/truusk.store\/sv\/produkt\/truusk-utomhusforvaringslada-vaderbestandig-tradgardslada-asfalttak-morkgra-775-x-88-x-90-cm\/","og_site_name":"TRUUSK - Hem, Tr\u00e4dg\u00e5rd &amp; Fritid","article_modified_time":"2026-03-12T08:37:25+00:00","og_image":[{"width":800,"height":800,"url":"https:\/\/i0.wp.com\/truusk.se\/wp-content\/uploads\/2024\/03\/utomhusforvaringslada-tradgardslada-kuddlada-vaderbestandig-asfalttak-775-cm-x-88-cm-x-90-cm-morkgra.webp?fit=800%2C800&ssl=1","type":"image\/webp"}],"twitter_card":"summary_large_image","twitter_misc":{"Ber\u00e4knad l\u00e4stid":"1 minut"},"schema":{"@context":"https:\/\/schema.org","@graph":[{"@type":"WebPage","@id":"https:\/\/truusk.store\/sv\/produkt\/truusk-utomhusforvaringslada-vaderbestandig-tradgardslada-asfalttak-morkgra-775-x-88-x-90-cm\/","url":"https:\/\/truusk.store\/sv\/produkt\/truusk-utomhusforvaringslada-vaderbestandig-tradgardslada-asfalttak-morkgra-775-x-88-x-90-cm\/","name":"TRUUSK Utomhusf\u00f6rvaringsl\u00e5da - V\u00e4derbest\u00e4ndig Tr\u00e4dg\u00e5rdsl\u00e5da - Asfalttak - M\u00f6rkgr\u00e5 - 77,5 x 88 x 90 cm - TRUUSK - Hem, Tr\u00e4dg\u00e5rd &amp; Fritid","isPartOf":{"@id":"https:\/\/truusk.store\/sv\/#website"},"primaryImageOfPage":{"@id":"https:\/\/truusk.store\/sv\/produkt\/truusk-utomhusforvaringslada-vaderbestandig-tradgardslada-asfalttak-morkgra-775-x-88-x-90-cm\/#primaryimage"},"image":{"@id":"https:\/\/truusk.store\/sv\/produkt\/truusk-utomhusforvaringslada-vaderbestandig-tradgardslada-asfalttak-morkgra-775-x-88-x-90-cm\/#primaryimage"},"thumbnailUrl":"https:\/\/i0.wp.com\/truusk.store\/wp-content\/uploads\/2024\/03\/utomhusforvaringslada-tradgardslada-kuddlada-vaderbestandig-asfalttak-775-cm-x-88-cm-x-90-cm-morkgra.webp?fit=800%2C800&ssl=1","datePublished":"2024-03-02T17:40:11+00:00","dateModified":"2026-03-12T08:37:25+00:00","breadcrumb":{"@id":"https:\/\/truusk.store\/sv\/produkt\/truusk-utomhusforvaringslada-vaderbestandig-tradgardslada-asfalttak-morkgra-775-x-88-x-90-cm\/#breadcrumb"},"inLanguage":"sv-SE","potentialAction":[{"@type":"ReadAction","target":["https:\/\/truusk.store\/sv\/produkt\/truusk-utomhusforvaringslada-vaderbestandig-tradgardslada-asfalttak-morkgra-775-x-88-x-90-cm\/"]}]},{"@type":"ImageObject","inLanguage":"sv-SE","@id":"https:\/\/truusk.store\/sv\/produkt\/truusk-utomhusforvaringslada-vaderbestandig-tradgardslada-asfalttak-morkgra-775-x-88-x-90-cm\/#primaryimage","url":"https:\/\/i0.wp.com\/truusk.store\/wp-content\/uploads\/2024\/03\/utomhusforvaringslada-tradgardslada-kuddlada-vaderbestandig-asfalttak-775-cm-x-88-cm-x-90-cm-morkgra.webp?fit=800%2C800&ssl=1","contentUrl":"https:\/\/i0.wp.com\/truusk.store\/wp-content\/uploads\/2024\/03\/utomhusforvaringslada-tradgardslada-kuddlada-vaderbestandig-asfalttak-775-cm-x-88-cm-x-90-cm-morkgra.webp?fit=800%2C800&ssl=1","width":800,"height":800,"caption":"Utomhusf\u00f6rvaringsl\u00e5da Tr\u00e4dg\u00e5rdsl\u00e5da Kuddl\u00e5da, V\u00e4derbest\u00e4ndig, Asfalttak, 77,5 Cm X 88 Cm X 90 Cm, M\u00f6rkgr\u00e5 1"},{"@type":"BreadcrumbList","@id":"https:\/\/truusk.store\/sv\/produkt\/truusk-utomhusforvaringslada-vaderbestandig-tradgardslada-asfalttak-morkgra-775-x-88-x-90-cm\/#breadcrumb","itemListElement":[{"@type":"ListItem","position":1,"name":"Home","item":"https:\/\/truusk.store\/sv\/"},{"@type":"ListItem","position":2,"name":"Shop","item":"https:\/\/truusk.store\/shop\/"},{"@type":"ListItem","position":3,"name":"TRUUSK Utomhusf\u00f6rvaringsl\u00e5da &#8211; V\u00e4derbest\u00e4ndig Tr\u00e4dg\u00e5rdsl\u00e5da &#8211; Asfalttak &#8211; M\u00f6rkgr\u00e5 &#8211; 77,5 x 88 x 90 cm"}]},{"@type":"WebSite","@id":"https:\/\/truusk.store\/sv\/#website","url":"https:\/\/truusk.store\/sv\/","name":"TRUUSK - Hem, Tr\u00e4dg\u00e5rd & Fritid","description":"","publisher":{"@id":"https:\/\/truusk.store\/sv\/#organization"},"potentialAction":[{"@type":"SearchAction","target":{"@type":"EntryPoint","urlTemplate":"https:\/\/truusk.store\/sv\/?s={search_term_string}"},"query-input":{"@type":"PropertyValueSpecification","valueRequired":true,"valueName":"search_term_string"}}],"inLanguage":"sv-SE"},{"@type":"Organization","@id":"https:\/\/truusk.store\/sv\/#organization","name":"TRUUSK - Hem, Tr\u00e4dg\u00e5rd & Fritid","url":"https:\/\/truusk.store\/sv\/","logo":{"@type":"ImageObject","inLanguage":"sv-SE","@id":"https:\/\/truusk.store\/sv\/#\/schema\/logo\/image\/","url":"https:\/\/i0.wp.com\/truusk.store\/wp-content\/uploads\/2026\/03\/cropped-TRUUSK.png?fit=2032%2C917&ssl=1","contentUrl":"https:\/\/i0.wp.com\/truusk.store\/wp-content\/uploads\/2026\/03\/cropped-TRUUSK.png?fit=2032%2C917&ssl=1","width":2032,"height":917,"caption":"TRUUSK - Hem, Tr\u00e4dg\u00e5rd & Fritid"},"image":{"@id":"https:\/\/truusk.store\/sv\/#\/schema\/logo\/image\/"}}]}},"jetpack_sharing_enabled":true,"_links":{"self":[{"href":"https:\/\/truusk.store\/sv\/wp-json\/wp\/v2\/product\/51215","targetHints":{"allow":["GET"]}}],"collection":[{"href":"https:\/\/truusk.store\/sv\/wp-json\/wp\/v2\/product"}],"about":[{"href":"https:\/\/truusk.store\/sv\/wp-json\/wp\/v2\/types\/product"}],"wp:featuredmedia":[{"embeddable":true,"href":"https:\/\/truusk.store\/sv\/wp-json\/wp\/v2\/media\/51216"}],"wp:attachment":[{"href":"https:\/\/truusk.store\/sv\/wp-json\/wp\/v2\/media?parent=51215"}],"wp:term":[{"taxonomy":"product_brand","embeddable":true,"href":"https:\/\/truusk.store\/sv\/wp-json\/wp\/v2\/product_brand?post=51215"},{"taxonomy":"product_cat","embeddable":true,"href":"https:\/\/truusk.store\/sv\/wp-json\/wp\/v2\/product_cat?post=51215"},{"taxonomy":"product_tag","embeddable":true,"href":"https:\/\/truusk.store\/sv\/wp-json\/wp\/v2\/product_tag?post=51215"}],"curies":[{"name":"wp","href":"https:\/\/api.w.org\/{rel}","templated":true}]}}