{"id":51248,"date":"2024-03-02T19:10:09","date_gmt":"2024-03-02T18:10:09","guid":{"rendered":"https:\/\/truusk.store\/product\/bankkladd-bank-sangbank-sammetslook-100-x-36-x-45-cm-gron\/"},"modified":"2026-03-12T09:26:39","modified_gmt":"2026-03-12T08:26:39","slug":"truusk-sammetslook-bankkladd-bank-sangbank-100-x-36-x-45-cm-gron","status":"publish","type":"product","link":"https:\/\/truusk.store\/sv\/produkt\/truusk-sammetslook-bankkladd-bank-sangbank-100-x-36-x-45-cm-gron\/","title":{"rendered":"TRUUSK Sammetslook B\u00e4nkkl\u00e4dd B\u00e4nk S\u00e4ngb\u00e4nk &#8211; 100 x 36 x 45 cm &#8211; Gr\u00f6n"},"content":{"rendered":"<p>Upplev ren elegans med denna b\u00e4nk, det perfekta tillskottet till ditt valda rum. Den tjockt vadderade sitsen garanterar maximal komfort. Fotkuddar skyddar ditt golv fr\u00e5n repor. Med sin gener\u00f6sa l\u00e4ngd erbjuder b\u00e4nken tillr\u00e4ckligt med utrymme att koppla av. Oavsett om det \u00e4r i sovrummet, i korridoren eller som ett elegant komplement till vardagsrummet, kombinerar s\u00e4ngb\u00e4nken harmoniskt komfort, elegans och funktionalitet f\u00f6r att f\u00f6rsk\u00f6na ditt rum.<\/p>\n<h3>Beskrivning:<\/h3>\n<ul>\n<li>M\u00e5ngsidig anv\u00e4ndning: som s\u00e4ngb\u00e4nk, korridorb\u00e4nk, f\u00f6nsterbr\u00e4da och mycket mer<\/li>\n<li>Lyxigt ovanmaterial i sammetslook med X-m\u00f6nster f\u00f6r dekoration<\/li>\n<li>Den tjocka stoppningen p\u00e5 skob\u00e4nken \u00e4r extremt bekv\u00e4m<\/li>\n<li>Stabila, pulverlackerade st\u00e5lben med skyddsdynor<\/li>\n<li>Max belastning 120kg, montering kr\u00e4vs<\/li>\n<\/ul>\n<h3>Teknisk data:<\/h3>\n<ul>\n<li>F\u00e4rg: gr\u00f6n<\/li>\n<li>Material: sammet (100% polyester), skum, st\u00e5l<\/li>\n<li>\u00d6vergripande m\u00e5tt: 100L x 36W x 45H cm<\/li>\n<li>Sitsstorlek: 100W x 36D x 45H cm<\/li>\n<li>Sitstjocklek: 13 cm<\/li>\n<li>Total viktkapacitet: 120 kg<\/li>\n<\/ul>\n<h3>Leveransens omfattning:<\/h3>\n<ul>\n<li>1 x S\u00e4ngb\u00e4nk<\/li>\n<li>1 x manuell<\/li>\n<\/ul>\n","protected":false},"excerpt":{"rendered":"<p>Upplev ren elegans med denna b\u00e4nk, det perfekta tillskottet till ditt valda rum. Den tjockt vadderade sitsen garanterar maximal komfort&#8230;.<\/p>\n","protected":false},"featured_media":51249,"template":"","meta":[],"product_brand":[],"product_cat":[485,537,540],"product_tag":[],"class_list":{"0":"post-51248","1":"product","2":"type-product","3":"status-publish","4":"has-post-thumbnail","6":"product_cat-hus-bo","7":"product_cat-sittplatser-bankar","8":"product_cat-stoppade-bankar","10":"first","11":"instock","12":"sale","13":"taxable","14":"shipping-taxable","15":"purchasable","16":"product-type-simple"},"yoast_head":"<!-- This site is optimized with the Yoast SEO plugin v25.4 - https:\/\/yoast.com\/wordpress\/plugins\/seo\/ -->\n<title>TRUUSK Sammetslook B\u00e4nkkl\u00e4dd B\u00e4nk S\u00e4ngb\u00e4nk - 100 x 36 x 45 cm - Gr\u00f6n - TRUUSK - Hem, Tr\u00e4dg\u00e5rd &amp; Fritid<\/title>\n<meta name=\"robots\" content=\"index, follow, max-snippet:-1, max-image-preview:large, max-video-preview:-1\" \/>\n<link rel=\"canonical\" href=\"https:\/\/truusk.store\/sv\/produkt\/truusk-sammetslook-bankkladd-bank-sangbank-100-x-36-x-45-cm-gron\/\" \/>\n<meta property=\"og:locale\" content=\"sv_SE\" \/>\n<meta property=\"og:type\" content=\"article\" \/>\n<meta property=\"og:title\" content=\"TRUUSK Sammetslook B\u00e4nkkl\u00e4dd B\u00e4nk S\u00e4ngb\u00e4nk - 100 x 36 x 45 cm - Gr\u00f6n - TRUUSK - Hem, Tr\u00e4dg\u00e5rd &amp; Fritid\" \/>\n<meta property=\"og:description\" content=\"Upplev ren elegans med denna b\u00e4nk, det perfekta tillskottet till ditt valda rum. Den tjockt vadderade sitsen garanterar maximal komfort....\" \/>\n<meta property=\"og:url\" content=\"https:\/\/truusk.store\/sv\/produkt\/truusk-sammetslook-bankkladd-bank-sangbank-100-x-36-x-45-cm-gron\/\" \/>\n<meta property=\"og:site_name\" content=\"TRUUSK - Hem, Tr\u00e4dg\u00e5rd &amp; Fritid\" \/>\n<meta property=\"article:modified_time\" content=\"2026-03-12T08:26:39+00:00\" \/>\n<meta property=\"og:image\" content=\"https:\/\/i0.wp.com\/truusk.se\/wp-content\/uploads\/2024\/03\/bankkladd-bank-sangbank-sammetslook-100-x-36-x-45-cm-gron.webp?fit=800%2C800&ssl=1\" \/>\n\t<meta property=\"og:image:width\" content=\"800\" \/>\n\t<meta property=\"og:image:height\" content=\"800\" \/>\n\t<meta property=\"og:image:type\" content=\"image\/webp\" \/>\n<meta name=\"twitter:card\" content=\"summary_large_image\" \/>\n<meta name=\"twitter:label1\" content=\"Ber\u00e4knad l\u00e4stid\" \/>\n\t<meta name=\"twitter:data1\" content=\"1 minut\" \/>\n<!-- \/ Yoast SEO plugin. -->","yoast_head_json":{"title":"TRUUSK Sammetslook B\u00e4nkkl\u00e4dd B\u00e4nk S\u00e4ngb\u00e4nk - 100 x 36 x 45 cm - Gr\u00f6n - TRUUSK - Hem, Tr\u00e4dg\u00e5rd &amp; Fritid","robots":{"index":"index","follow":"follow","max-snippet":"max-snippet:-1","max-image-preview":"max-image-preview:large","max-video-preview":"max-video-preview:-1"},"canonical":"https:\/\/truusk.store\/sv\/produkt\/truusk-sammetslook-bankkladd-bank-sangbank-100-x-36-x-45-cm-gron\/","og_locale":"sv_SE","og_type":"article","og_title":"TRUUSK Sammetslook B\u00e4nkkl\u00e4dd B\u00e4nk S\u00e4ngb\u00e4nk - 100 x 36 x 45 cm - Gr\u00f6n - TRUUSK - Hem, Tr\u00e4dg\u00e5rd &amp; Fritid","og_description":"Upplev ren elegans med denna b\u00e4nk, det perfekta tillskottet till ditt valda rum. Den tjockt vadderade sitsen garanterar maximal komfort....","og_url":"https:\/\/truusk.store\/sv\/produkt\/truusk-sammetslook-bankkladd-bank-sangbank-100-x-36-x-45-cm-gron\/","og_site_name":"TRUUSK - Hem, Tr\u00e4dg\u00e5rd &amp; Fritid","article_modified_time":"2026-03-12T08:26:39+00:00","og_image":[{"width":800,"height":800,"url":"https:\/\/i0.wp.com\/truusk.se\/wp-content\/uploads\/2024\/03\/bankkladd-bank-sangbank-sammetslook-100-x-36-x-45-cm-gron.webp?fit=800%2C800&ssl=1","type":"image\/webp"}],"twitter_card":"summary_large_image","twitter_misc":{"Ber\u00e4knad l\u00e4stid":"1 minut"},"schema":{"@context":"https:\/\/schema.org","@graph":[{"@type":"WebPage","@id":"https:\/\/truusk.store\/sv\/produkt\/truusk-sammetslook-bankkladd-bank-sangbank-100-x-36-x-45-cm-gron\/","url":"https:\/\/truusk.store\/sv\/produkt\/truusk-sammetslook-bankkladd-bank-sangbank-100-x-36-x-45-cm-gron\/","name":"TRUUSK Sammetslook B\u00e4nkkl\u00e4dd B\u00e4nk S\u00e4ngb\u00e4nk - 100 x 36 x 45 cm - Gr\u00f6n - TRUUSK - Hem, Tr\u00e4dg\u00e5rd &amp; Fritid","isPartOf":{"@id":"https:\/\/truusk.store\/sv\/#website"},"primaryImageOfPage":{"@id":"https:\/\/truusk.store\/sv\/produkt\/truusk-sammetslook-bankkladd-bank-sangbank-100-x-36-x-45-cm-gron\/#primaryimage"},"image":{"@id":"https:\/\/truusk.store\/sv\/produkt\/truusk-sammetslook-bankkladd-bank-sangbank-100-x-36-x-45-cm-gron\/#primaryimage"},"thumbnailUrl":"https:\/\/i0.wp.com\/truusk.store\/wp-content\/uploads\/2024\/03\/bankkladd-bank-sangbank-sammetslook-100-x-36-x-45-cm-gron.webp?fit=800%2C800&ssl=1","datePublished":"2024-03-02T18:10:09+00:00","dateModified":"2026-03-12T08:26:39+00:00","breadcrumb":{"@id":"https:\/\/truusk.store\/sv\/produkt\/truusk-sammetslook-bankkladd-bank-sangbank-100-x-36-x-45-cm-gron\/#breadcrumb"},"inLanguage":"sv-SE","potentialAction":[{"@type":"ReadAction","target":["https:\/\/truusk.store\/sv\/produkt\/truusk-sammetslook-bankkladd-bank-sangbank-100-x-36-x-45-cm-gron\/"]}]},{"@type":"ImageObject","inLanguage":"sv-SE","@id":"https:\/\/truusk.store\/sv\/produkt\/truusk-sammetslook-bankkladd-bank-sangbank-100-x-36-x-45-cm-gron\/#primaryimage","url":"https:\/\/i0.wp.com\/truusk.store\/wp-content\/uploads\/2024\/03\/bankkladd-bank-sangbank-sammetslook-100-x-36-x-45-cm-gron.webp?fit=800%2C800&ssl=1","contentUrl":"https:\/\/i0.wp.com\/truusk.store\/wp-content\/uploads\/2024\/03\/bankkladd-bank-sangbank-sammetslook-100-x-36-x-45-cm-gron.webp?fit=800%2C800&ssl=1","width":800,"height":800,"caption":"B\u00e4nkkl\u00e4dd B\u00e4nk S\u00e4ngb\u00e4nk, Sammetslook, 100 X 36 X 45 Cm, Gr\u00f6n 1"},{"@type":"BreadcrumbList","@id":"https:\/\/truusk.store\/sv\/produkt\/truusk-sammetslook-bankkladd-bank-sangbank-100-x-36-x-45-cm-gron\/#breadcrumb","itemListElement":[{"@type":"ListItem","position":1,"name":"Home","item":"https:\/\/truusk.store\/sv\/"},{"@type":"ListItem","position":2,"name":"Shop","item":"https:\/\/truusk.store\/shop\/"},{"@type":"ListItem","position":3,"name":"TRUUSK Sammetslook B\u00e4nkkl\u00e4dd B\u00e4nk S\u00e4ngb\u00e4nk &#8211; 100 x 36 x 45 cm &#8211; Gr\u00f6n"}]},{"@type":"WebSite","@id":"https:\/\/truusk.store\/sv\/#website","url":"https:\/\/truusk.store\/sv\/","name":"TRUUSK - Hem, Tr\u00e4dg\u00e5rd & Fritid","description":"","publisher":{"@id":"https:\/\/truusk.store\/sv\/#organization"},"potentialAction":[{"@type":"SearchAction","target":{"@type":"EntryPoint","urlTemplate":"https:\/\/truusk.store\/sv\/?s={search_term_string}"},"query-input":{"@type":"PropertyValueSpecification","valueRequired":true,"valueName":"search_term_string"}}],"inLanguage":"sv-SE"},{"@type":"Organization","@id":"https:\/\/truusk.store\/sv\/#organization","name":"TRUUSK - Hem, Tr\u00e4dg\u00e5rd & Fritid","url":"https:\/\/truusk.store\/sv\/","logo":{"@type":"ImageObject","inLanguage":"sv-SE","@id":"https:\/\/truusk.store\/sv\/#\/schema\/logo\/image\/","url":"https:\/\/i0.wp.com\/truusk.store\/wp-content\/uploads\/2026\/03\/cropped-TRUUSK.png?fit=2032%2C917&ssl=1","contentUrl":"https:\/\/i0.wp.com\/truusk.store\/wp-content\/uploads\/2026\/03\/cropped-TRUUSK.png?fit=2032%2C917&ssl=1","width":2032,"height":917,"caption":"TRUUSK - Hem, Tr\u00e4dg\u00e5rd & Fritid"},"image":{"@id":"https:\/\/truusk.store\/sv\/#\/schema\/logo\/image\/"}}]}},"jetpack_sharing_enabled":true,"_links":{"self":[{"href":"https:\/\/truusk.store\/sv\/wp-json\/wp\/v2\/product\/51248","targetHints":{"allow":["GET"]}}],"collection":[{"href":"https:\/\/truusk.store\/sv\/wp-json\/wp\/v2\/product"}],"about":[{"href":"https:\/\/truusk.store\/sv\/wp-json\/wp\/v2\/types\/product"}],"wp:featuredmedia":[{"embeddable":true,"href":"https:\/\/truusk.store\/sv\/wp-json\/wp\/v2\/media\/51249"}],"wp:attachment":[{"href":"https:\/\/truusk.store\/sv\/wp-json\/wp\/v2\/media?parent=51248"}],"wp:term":[{"taxonomy":"product_brand","embeddable":true,"href":"https:\/\/truusk.store\/sv\/wp-json\/wp\/v2\/product_brand?post=51248"},{"taxonomy":"product_cat","embeddable":true,"href":"https:\/\/truusk.store\/sv\/wp-json\/wp\/v2\/product_cat?post=51248"},{"taxonomy":"product_tag","embeddable":true,"href":"https:\/\/truusk.store\/sv\/wp-json\/wp\/v2\/product_tag?post=51248"}],"curies":[{"name":"wp","href":"https:\/\/api.w.org\/{rel}","templated":true}]}}