{"id":51281,"date":"2024-03-02T19:40:12","date_gmt":"2024-03-02T18:40:12","guid":{"rendered":"https:\/\/truusk.store\/product\/vaxthus-med-hylla-transparent-holje-takfonster-lasbar-dorr-akryl-traram-100x565x178-cm\/"},"modified":"2026-03-12T09:37:22","modified_gmt":"2026-03-12T08:37:22","slug":"truusk-vaxthus-med-hylla-transparent-holje-takfonster-lasbar-dorr-akryl-traram-100x565x178-cm","status":"publish","type":"product","link":"https:\/\/truusk.store\/sv\/produkt\/truusk-vaxthus-med-hylla-transparent-holje-takfonster-lasbar-dorr-akryl-traram-100x565x178-cm\/","title":{"rendered":"TRUUSK V\u00e4xthus med Hylla &#8211; Transparent H\u00f6lje &#8211; Takf\u00f6nster &#8211; L\u00e5sbar D\u00f6rr &#8211; Akryl &#8211; Tr\u00e4ram &#8211; 100&#215;56,5&#215;178 cm"},"content":{"rendered":"<p>V\u00e5r kompakta tidiga s\u00e4ng erbjuder dig den perfekta blomstrande milj\u00f6n f\u00f6r dina gr\u00f6na skyddslingar. De justerbara takf\u00f6nstren s\u00e4kerst\u00e4ller optimal ventilation, medan de justerbara hyllorna hj\u00e4lper till att placera dina v\u00e4xter flexibelt. De dubbla d\u00f6rrarna m\u00f6jligg\u00f6r enkel \u00e5tkomst samtidigt som sp\u00e4rren h\u00e5ller djurbes\u00f6kare ute. Dessutom l\u00e5ter de genomskinliga akrylpanelerna rikligt med solljus passera och h\u00e5ller samtidigt v\u00e4rmen inne i odlingsb\u00e4dden.<\/p>\n<h3>Beskrivning:<\/h3>\n<ul>\n<li>Kompakt v\u00e4xthus med parkbord, 4-v\u00e5nings hylla<\/li>\n<li>Utm\u00e4rkt ventilation tack vare f\u00e4llbara f\u00f6nster i taket<\/li>\n<li>Tre justerbara hyllor f\u00f6r optimal organisation av dina v\u00e4xter<\/li>\n<li>Komfort och s\u00e4kerhet tack vare dubbeld\u00f6rrar med l\u00e5sning<\/li>\n<li>Bra dr\u00e4nering tack vare spj\u00e4lkade designhyllor<\/li>\n<li>Upph\u00f6jd s\u00e4ng gjord av transparenta akrylpaneler lagrar v\u00e4rme och l\u00e5ter mycket ljus passera igenom<\/li>\n<li>Stark och stabil stomme av massiv gran<\/li>\n<li>Montering kr\u00e4vs<\/li>\n<\/ul>\n<h3>Teknisk data:<\/h3>\n<ul>\n<li>F\u00e4rg: Naturlig<\/li>\n<li>Material: gran, akryl<\/li>\n<li>\u00d6vergripande m\u00e5tt: 100L x 56,5W x 178H cm<\/li>\n<li>M\u00e5tt p\u00e5 takf\u00f6nster: 56L x 50W cm<\/li>\n<li>M\u00e5tt hylla: 85,8W x 49,5D cm<\/li>\n<li>M\u00e5tt p\u00e5 enkeld\u00f6rr: 41,5W x 135H cm<\/li>\n<li>Lastkapacitet: 50 kg (golv), 30 kg (varje hylla)<\/li>\n<li>Vindt\u00e4t niv\u00e5: 6<\/li>\n<li>Max \u00f6ppningsh\u00f6jd p\u00e5 takf\u00f6nstret: 190 cm<\/li>\n<\/ul>\n<h3>Leveransens omfattning:<\/h3>\n<ul>\n<li>1 x v\u00e4xthus i tr\u00e4<\/li>\n<li>1 x manuell<\/li>\n<\/ul>\n","protected":false},"excerpt":{"rendered":"<p>V\u00e5r kompakta tidiga s\u00e4ng erbjuder dig den perfekta blomstrande milj\u00f6n f\u00f6r dina gr\u00f6na skyddslingar. De justerbara takf\u00f6nstren s\u00e4kerst\u00e4ller optimal ventilation,&#8230;<\/p>\n","protected":false},"featured_media":51282,"template":"","meta":[],"product_brand":[],"product_cat":[445,435,443],"product_tag":[],"class_list":{"0":"post-51281","1":"product","2":"type-product","3":"status-publish","4":"has-post-thumbnail","6":"product_cat-kalla-ramar","7":"product_cat-tradgard-och-terrass","8":"product_cat-vaxthus-tradgardsskotsel","10":"first","11":"instock","12":"sale","13":"taxable","14":"shipping-taxable","15":"purchasable","16":"product-type-simple"},"yoast_head":"<!-- This site is optimized with the Yoast SEO plugin v25.4 - https:\/\/yoast.com\/wordpress\/plugins\/seo\/ -->\n<title>TRUUSK V\u00e4xthus med Hylla - Transparent H\u00f6lje - Takf\u00f6nster - L\u00e5sbar D\u00f6rr - Akryl - Tr\u00e4ram - 100x56,5x178 cm - TRUUSK - Hem, Tr\u00e4dg\u00e5rd &amp; Fritid<\/title>\n<meta name=\"robots\" content=\"index, follow, max-snippet:-1, max-image-preview:large, max-video-preview:-1\" \/>\n<link rel=\"canonical\" href=\"https:\/\/truusk.store\/sv\/produkt\/truusk-vaxthus-med-hylla-transparent-holje-takfonster-lasbar-dorr-akryl-traram-100x565x178-cm\/\" \/>\n<meta property=\"og:locale\" content=\"sv_SE\" \/>\n<meta property=\"og:type\" content=\"article\" \/>\n<meta property=\"og:title\" content=\"TRUUSK V\u00e4xthus med Hylla - Transparent H\u00f6lje - Takf\u00f6nster - L\u00e5sbar D\u00f6rr - Akryl - Tr\u00e4ram - 100x56,5x178 cm - TRUUSK - Hem, Tr\u00e4dg\u00e5rd &amp; Fritid\" \/>\n<meta property=\"og:description\" content=\"V\u00e5r kompakta tidiga s\u00e4ng erbjuder dig den perfekta blomstrande milj\u00f6n f\u00f6r dina gr\u00f6na skyddslingar. De justerbara takf\u00f6nstren s\u00e4kerst\u00e4ller optimal ventilation,...\" \/>\n<meta property=\"og:url\" content=\"https:\/\/truusk.store\/sv\/produkt\/truusk-vaxthus-med-hylla-transparent-holje-takfonster-lasbar-dorr-akryl-traram-100x565x178-cm\/\" \/>\n<meta property=\"og:site_name\" content=\"TRUUSK - Hem, Tr\u00e4dg\u00e5rd &amp; Fritid\" \/>\n<meta property=\"article:modified_time\" content=\"2026-03-12T08:37:22+00:00\" \/>\n<meta property=\"og:image\" content=\"https:\/\/i0.wp.com\/truusk.se\/wp-content\/uploads\/2024\/03\/vaxthus-med-hylla-transparent-holje-takfonster-lasbar-dorr-akryl-traram-100x565x178-cm.webp?fit=800%2C800&ssl=1\" \/>\n\t<meta property=\"og:image:width\" content=\"800\" \/>\n\t<meta property=\"og:image:height\" content=\"800\" \/>\n\t<meta property=\"og:image:type\" content=\"image\/webp\" \/>\n<meta name=\"twitter:card\" content=\"summary_large_image\" \/>\n<meta name=\"twitter:label1\" content=\"Ber\u00e4knad l\u00e4stid\" \/>\n\t<meta name=\"twitter:data1\" content=\"1 minut\" \/>\n<!-- \/ Yoast SEO plugin. -->","yoast_head_json":{"title":"TRUUSK V\u00e4xthus med Hylla - Transparent H\u00f6lje - Takf\u00f6nster - L\u00e5sbar D\u00f6rr - Akryl - Tr\u00e4ram - 100x56,5x178 cm - TRUUSK - Hem, Tr\u00e4dg\u00e5rd &amp; Fritid","robots":{"index":"index","follow":"follow","max-snippet":"max-snippet:-1","max-image-preview":"max-image-preview:large","max-video-preview":"max-video-preview:-1"},"canonical":"https:\/\/truusk.store\/sv\/produkt\/truusk-vaxthus-med-hylla-transparent-holje-takfonster-lasbar-dorr-akryl-traram-100x565x178-cm\/","og_locale":"sv_SE","og_type":"article","og_title":"TRUUSK V\u00e4xthus med Hylla - Transparent H\u00f6lje - Takf\u00f6nster - L\u00e5sbar D\u00f6rr - Akryl - Tr\u00e4ram - 100x56,5x178 cm - TRUUSK - Hem, Tr\u00e4dg\u00e5rd &amp; Fritid","og_description":"V\u00e5r kompakta tidiga s\u00e4ng erbjuder dig den perfekta blomstrande milj\u00f6n f\u00f6r dina gr\u00f6na skyddslingar. De justerbara takf\u00f6nstren s\u00e4kerst\u00e4ller optimal ventilation,...","og_url":"https:\/\/truusk.store\/sv\/produkt\/truusk-vaxthus-med-hylla-transparent-holje-takfonster-lasbar-dorr-akryl-traram-100x565x178-cm\/","og_site_name":"TRUUSK - Hem, Tr\u00e4dg\u00e5rd &amp; Fritid","article_modified_time":"2026-03-12T08:37:22+00:00","og_image":[{"width":800,"height":800,"url":"https:\/\/i0.wp.com\/truusk.se\/wp-content\/uploads\/2024\/03\/vaxthus-med-hylla-transparent-holje-takfonster-lasbar-dorr-akryl-traram-100x565x178-cm.webp?fit=800%2C800&ssl=1","type":"image\/webp"}],"twitter_card":"summary_large_image","twitter_misc":{"Ber\u00e4knad l\u00e4stid":"1 minut"},"schema":{"@context":"https:\/\/schema.org","@graph":[{"@type":"WebPage","@id":"https:\/\/truusk.store\/sv\/produkt\/truusk-vaxthus-med-hylla-transparent-holje-takfonster-lasbar-dorr-akryl-traram-100x565x178-cm\/","url":"https:\/\/truusk.store\/sv\/produkt\/truusk-vaxthus-med-hylla-transparent-holje-takfonster-lasbar-dorr-akryl-traram-100x565x178-cm\/","name":"TRUUSK V\u00e4xthus med Hylla - Transparent H\u00f6lje - Takf\u00f6nster - L\u00e5sbar D\u00f6rr - Akryl - Tr\u00e4ram - 100x56,5x178 cm - TRUUSK - Hem, Tr\u00e4dg\u00e5rd &amp; Fritid","isPartOf":{"@id":"https:\/\/truusk.store\/sv\/#website"},"primaryImageOfPage":{"@id":"https:\/\/truusk.store\/sv\/produkt\/truusk-vaxthus-med-hylla-transparent-holje-takfonster-lasbar-dorr-akryl-traram-100x565x178-cm\/#primaryimage"},"image":{"@id":"https:\/\/truusk.store\/sv\/produkt\/truusk-vaxthus-med-hylla-transparent-holje-takfonster-lasbar-dorr-akryl-traram-100x565x178-cm\/#primaryimage"},"thumbnailUrl":"https:\/\/i0.wp.com\/truusk.store\/wp-content\/uploads\/2024\/03\/vaxthus-med-hylla-transparent-holje-takfonster-lasbar-dorr-akryl-traram-100x565x178-cm.webp?fit=800%2C800&ssl=1","datePublished":"2024-03-02T18:40:12+00:00","dateModified":"2026-03-12T08:37:22+00:00","breadcrumb":{"@id":"https:\/\/truusk.store\/sv\/produkt\/truusk-vaxthus-med-hylla-transparent-holje-takfonster-lasbar-dorr-akryl-traram-100x565x178-cm\/#breadcrumb"},"inLanguage":"sv-SE","potentialAction":[{"@type":"ReadAction","target":["https:\/\/truusk.store\/sv\/produkt\/truusk-vaxthus-med-hylla-transparent-holje-takfonster-lasbar-dorr-akryl-traram-100x565x178-cm\/"]}]},{"@type":"ImageObject","inLanguage":"sv-SE","@id":"https:\/\/truusk.store\/sv\/produkt\/truusk-vaxthus-med-hylla-transparent-holje-takfonster-lasbar-dorr-akryl-traram-100x565x178-cm\/#primaryimage","url":"https:\/\/i0.wp.com\/truusk.store\/wp-content\/uploads\/2024\/03\/vaxthus-med-hylla-transparent-holje-takfonster-lasbar-dorr-akryl-traram-100x565x178-cm.webp?fit=800%2C800&ssl=1","contentUrl":"https:\/\/i0.wp.com\/truusk.store\/wp-content\/uploads\/2024\/03\/vaxthus-med-hylla-transparent-holje-takfonster-lasbar-dorr-akryl-traram-100x565x178-cm.webp?fit=800%2C800&ssl=1","width":800,"height":800,"caption":"V\u00e4xthus, Med Hylla, Transparent H\u00f6lje, Takf\u00f6nster, L\u00e5sbar D\u00f6rr, Akryl, Tr\u00e4ram, 100x56,5x178 Cm 1"},{"@type":"BreadcrumbList","@id":"https:\/\/truusk.store\/sv\/produkt\/truusk-vaxthus-med-hylla-transparent-holje-takfonster-lasbar-dorr-akryl-traram-100x565x178-cm\/#breadcrumb","itemListElement":[{"@type":"ListItem","position":1,"name":"Home","item":"https:\/\/truusk.store\/sv\/"},{"@type":"ListItem","position":2,"name":"Shop","item":"https:\/\/truusk.store\/shop\/"},{"@type":"ListItem","position":3,"name":"TRUUSK V\u00e4xthus med Hylla &#8211; Transparent H\u00f6lje &#8211; Takf\u00f6nster &#8211; L\u00e5sbar D\u00f6rr &#8211; Akryl &#8211; Tr\u00e4ram &#8211; 100&#215;56,5&#215;178 cm"}]},{"@type":"WebSite","@id":"https:\/\/truusk.store\/sv\/#website","url":"https:\/\/truusk.store\/sv\/","name":"TRUUSK - Hem, Tr\u00e4dg\u00e5rd & Fritid","description":"","publisher":{"@id":"https:\/\/truusk.store\/sv\/#organization"},"potentialAction":[{"@type":"SearchAction","target":{"@type":"EntryPoint","urlTemplate":"https:\/\/truusk.store\/sv\/?s={search_term_string}"},"query-input":{"@type":"PropertyValueSpecification","valueRequired":true,"valueName":"search_term_string"}}],"inLanguage":"sv-SE"},{"@type":"Organization","@id":"https:\/\/truusk.store\/sv\/#organization","name":"TRUUSK - Hem, Tr\u00e4dg\u00e5rd & Fritid","url":"https:\/\/truusk.store\/sv\/","logo":{"@type":"ImageObject","inLanguage":"sv-SE","@id":"https:\/\/truusk.store\/sv\/#\/schema\/logo\/image\/","url":"https:\/\/i0.wp.com\/truusk.store\/wp-content\/uploads\/2026\/03\/cropped-TRUUSK.png?fit=2032%2C917&ssl=1","contentUrl":"https:\/\/i0.wp.com\/truusk.store\/wp-content\/uploads\/2026\/03\/cropped-TRUUSK.png?fit=2032%2C917&ssl=1","width":2032,"height":917,"caption":"TRUUSK - Hem, Tr\u00e4dg\u00e5rd & Fritid"},"image":{"@id":"https:\/\/truusk.store\/sv\/#\/schema\/logo\/image\/"}}]}},"jetpack_sharing_enabled":true,"_links":{"self":[{"href":"https:\/\/truusk.store\/sv\/wp-json\/wp\/v2\/product\/51281","targetHints":{"allow":["GET"]}}],"collection":[{"href":"https:\/\/truusk.store\/sv\/wp-json\/wp\/v2\/product"}],"about":[{"href":"https:\/\/truusk.store\/sv\/wp-json\/wp\/v2\/types\/product"}],"wp:featuredmedia":[{"embeddable":true,"href":"https:\/\/truusk.store\/sv\/wp-json\/wp\/v2\/media\/51282"}],"wp:attachment":[{"href":"https:\/\/truusk.store\/sv\/wp-json\/wp\/v2\/media?parent=51281"}],"wp:term":[{"taxonomy":"product_brand","embeddable":true,"href":"https:\/\/truusk.store\/sv\/wp-json\/wp\/v2\/product_brand?post=51281"},{"taxonomy":"product_cat","embeddable":true,"href":"https:\/\/truusk.store\/sv\/wp-json\/wp\/v2\/product_cat?post=51281"},{"taxonomy":"product_tag","embeddable":true,"href":"https:\/\/truusk.store\/sv\/wp-json\/wp\/v2\/product_tag?post=51281"}],"curies":[{"name":"wp","href":"https:\/\/api.w.org\/{rel}","templated":true}]}}