{"id":51288,"date":"2024-03-02T19:50:11","date_gmt":"2024-03-02T18:50:11","guid":{"rendered":"https:\/\/truusk.store\/product\/basketstall-hoj-och-sankbart-mobilt-fyllbart-spricksaker-bakvagg-korghojd-182-213-m-svart\/"},"modified":"2026-03-12T09:34:26","modified_gmt":"2026-03-12T08:34:26","slug":"truusk-basketstall-hoj-och-sankbart-mobilt-fyllbart-spricksaker-bakvagg-svart-korghojd-182-213-m","status":"publish","type":"product","link":"https:\/\/truusk.store\/sv\/produkt\/truusk-basketstall-hoj-och-sankbart-mobilt-fyllbart-spricksaker-bakvagg-svart-korghojd-182-213-m\/","title":{"rendered":"TRUUSK Basketst\u00e4ll &#8211; H\u00f6j- Och S\u00e4nkbart &#8211; Mobilt &#8211; Fyllbart &#8211; Spricks\u00e4ker Bakv\u00e4gg &#8211; Svart &#8211; Korgh\u00f6jd 1,82 &#8211; 2,13 M"},"content":{"rendered":"<p>Basketl\u00e4ktaren utomhus \u00e4r en riktig tillg\u00e5ng f\u00f6r alla basketfans. Tack vare sina hjul \u00e4r den l\u00e4tt att transportera och kan placeras utomhus eller i ett gym. Du kan flexibelt anpassa korgens h\u00f6jd efter dina behov. Stativet \u00e4r v\u00e4derbest\u00e4ndigt och kan fyllas med sand eller vatten upp till en vikt p\u00e5 35 kg. Mycket praktiskt: ett integrerat bollh\u00e5l f\u00f6r f\u00f6rvaring av basketbollen.<\/p>\n<h3>Beskrivning:<\/h3>\n<ul>\n<li>Justera flexibelt h\u00f6jden p\u00e5 basketkorgen<\/li>\n<li>L\u00e4tt att flytta portabelt basketst\u00e4ll med hjul<\/li>\n<li>V\u00e4derbest\u00e4ndig och robust tack vare noggrant utvalda material<\/li>\n<li>Stabil bas som kan fyllas med vatten, sand eller b\u00e5da<\/li>\n<li>Bollen sitter s\u00e4kert p\u00e5 plats tack vare h\u00e5let i basen<\/li>\n<li>Montering kr\u00e4vs<\/li>\n<\/ul>\n<h3>Teknisk data:<\/h3>\n<ul>\n<li>Svart f\u00e4rg<\/li>\n<li>Material: st\u00e5l, PE<\/li>\n<li>M\u00e5tt p\u00e5 bakv\u00e4gg: 74W x 45H cm<\/li>\n<li>Total h\u00f6jd: 220-250H cm<\/li>\n<li>Basketkorg storlek: 39cm, 182-213H cm<\/li>\n<li>Basm\u00e5tt: 74L x 55W x 13H cm<\/li>\n<li>Hjulstorlek: 10,2 cm<\/li>\n<\/ul>\n<h3>Leveransens omfattning:<\/h3>\n<ul>\n<li>1 x basketst\u00e4ll<\/li>\n<li>1 x manuell<\/li>\n<\/ul>\n","protected":false},"excerpt":{"rendered":"<p>Basketl\u00e4ktaren utomhus \u00e4r en riktig tillg\u00e5ng f\u00f6r alla basketfans. Tack vare sina hjul \u00e4r den l\u00e4tt att transportera och kan&#8230;<\/p>\n","protected":false},"featured_media":51289,"template":"","meta":[],"product_brand":[],"product_cat":[609,617,738,616],"product_tag":[],"class_list":{"0":"post-51288","1":"product","2":"type-product","3":"status-publish","4":"has-post-thumbnail","6":"product_cat-baby-barn","7":"product_cat-barnidrott","8":"product_cat-basketstallning","9":"product_cat-utomhusleksaker","11":"first","12":"instock","13":"sale","14":"taxable","15":"shipping-taxable","16":"purchasable","17":"product-type-simple"},"yoast_head":"<!-- This site is optimized with the Yoast SEO plugin v25.4 - https:\/\/yoast.com\/wordpress\/plugins\/seo\/ -->\n<title>TRUUSK Basketst\u00e4ll - H\u00f6j- Och S\u00e4nkbart - Mobilt - Fyllbart - Spricks\u00e4ker Bakv\u00e4gg - Svart - Korgh\u00f6jd 1,82 - 2,13 M - TRUUSK - Hem, Tr\u00e4dg\u00e5rd &amp; Fritid<\/title>\n<meta name=\"robots\" content=\"index, follow, max-snippet:-1, max-image-preview:large, max-video-preview:-1\" \/>\n<link rel=\"canonical\" href=\"https:\/\/truusk.store\/sv\/produkt\/truusk-basketstall-hoj-och-sankbart-mobilt-fyllbart-spricksaker-bakvagg-svart-korghojd-182-213-m\/\" \/>\n<meta property=\"og:locale\" content=\"sv_SE\" \/>\n<meta property=\"og:type\" content=\"article\" \/>\n<meta property=\"og:title\" content=\"TRUUSK Basketst\u00e4ll - H\u00f6j- Och S\u00e4nkbart - Mobilt - Fyllbart - Spricks\u00e4ker Bakv\u00e4gg - Svart - Korgh\u00f6jd 1,82 - 2,13 M - TRUUSK - Hem, Tr\u00e4dg\u00e5rd &amp; Fritid\" \/>\n<meta property=\"og:description\" content=\"Basketl\u00e4ktaren utomhus \u00e4r en riktig tillg\u00e5ng f\u00f6r alla basketfans. Tack vare sina hjul \u00e4r den l\u00e4tt att transportera och kan...\" \/>\n<meta property=\"og:url\" content=\"https:\/\/truusk.store\/sv\/produkt\/truusk-basketstall-hoj-och-sankbart-mobilt-fyllbart-spricksaker-bakvagg-svart-korghojd-182-213-m\/\" \/>\n<meta property=\"og:site_name\" content=\"TRUUSK - Hem, Tr\u00e4dg\u00e5rd &amp; Fritid\" \/>\n<meta property=\"article:modified_time\" content=\"2026-03-12T08:34:26+00:00\" \/>\n<meta property=\"og:image\" content=\"https:\/\/i0.wp.com\/truusk.se\/wp-content\/uploads\/2024\/03\/basketstall-hoj-och-sankbart-mobilt-fyllbart-spricksaker-bakvagg-korghojd-182-213-m-svart.webp?fit=800%2C800&ssl=1\" \/>\n\t<meta property=\"og:image:width\" content=\"800\" \/>\n\t<meta property=\"og:image:height\" content=\"800\" \/>\n\t<meta property=\"og:image:type\" content=\"image\/webp\" \/>\n<meta name=\"twitter:card\" content=\"summary_large_image\" \/>\n<meta name=\"twitter:label1\" content=\"Ber\u00e4knad l\u00e4stid\" \/>\n\t<meta name=\"twitter:data1\" content=\"1 minut\" \/>\n<!-- \/ Yoast SEO plugin. -->","yoast_head_json":{"title":"TRUUSK Basketst\u00e4ll - H\u00f6j- Och S\u00e4nkbart - Mobilt - Fyllbart - Spricks\u00e4ker Bakv\u00e4gg - Svart - Korgh\u00f6jd 1,82 - 2,13 M - TRUUSK - Hem, Tr\u00e4dg\u00e5rd &amp; Fritid","robots":{"index":"index","follow":"follow","max-snippet":"max-snippet:-1","max-image-preview":"max-image-preview:large","max-video-preview":"max-video-preview:-1"},"canonical":"https:\/\/truusk.store\/sv\/produkt\/truusk-basketstall-hoj-och-sankbart-mobilt-fyllbart-spricksaker-bakvagg-svart-korghojd-182-213-m\/","og_locale":"sv_SE","og_type":"article","og_title":"TRUUSK Basketst\u00e4ll - H\u00f6j- Och S\u00e4nkbart - Mobilt - Fyllbart - Spricks\u00e4ker Bakv\u00e4gg - Svart - Korgh\u00f6jd 1,82 - 2,13 M - TRUUSK - Hem, Tr\u00e4dg\u00e5rd &amp; Fritid","og_description":"Basketl\u00e4ktaren utomhus \u00e4r en riktig tillg\u00e5ng f\u00f6r alla basketfans. Tack vare sina hjul \u00e4r den l\u00e4tt att transportera och kan...","og_url":"https:\/\/truusk.store\/sv\/produkt\/truusk-basketstall-hoj-och-sankbart-mobilt-fyllbart-spricksaker-bakvagg-svart-korghojd-182-213-m\/","og_site_name":"TRUUSK - Hem, Tr\u00e4dg\u00e5rd &amp; Fritid","article_modified_time":"2026-03-12T08:34:26+00:00","og_image":[{"width":800,"height":800,"url":"https:\/\/i0.wp.com\/truusk.se\/wp-content\/uploads\/2024\/03\/basketstall-hoj-och-sankbart-mobilt-fyllbart-spricksaker-bakvagg-korghojd-182-213-m-svart.webp?fit=800%2C800&ssl=1","type":"image\/webp"}],"twitter_card":"summary_large_image","twitter_misc":{"Ber\u00e4knad l\u00e4stid":"1 minut"},"schema":{"@context":"https:\/\/schema.org","@graph":[{"@type":"WebPage","@id":"https:\/\/truusk.store\/sv\/produkt\/truusk-basketstall-hoj-och-sankbart-mobilt-fyllbart-spricksaker-bakvagg-svart-korghojd-182-213-m\/","url":"https:\/\/truusk.store\/sv\/produkt\/truusk-basketstall-hoj-och-sankbart-mobilt-fyllbart-spricksaker-bakvagg-svart-korghojd-182-213-m\/","name":"TRUUSK Basketst\u00e4ll - H\u00f6j- Och S\u00e4nkbart - Mobilt - Fyllbart - Spricks\u00e4ker Bakv\u00e4gg - Svart - Korgh\u00f6jd 1,82 - 2,13 M - TRUUSK - Hem, Tr\u00e4dg\u00e5rd &amp; Fritid","isPartOf":{"@id":"https:\/\/truusk.store\/sv\/#website"},"primaryImageOfPage":{"@id":"https:\/\/truusk.store\/sv\/produkt\/truusk-basketstall-hoj-och-sankbart-mobilt-fyllbart-spricksaker-bakvagg-svart-korghojd-182-213-m\/#primaryimage"},"image":{"@id":"https:\/\/truusk.store\/sv\/produkt\/truusk-basketstall-hoj-och-sankbart-mobilt-fyllbart-spricksaker-bakvagg-svart-korghojd-182-213-m\/#primaryimage"},"thumbnailUrl":"https:\/\/i0.wp.com\/truusk.store\/wp-content\/uploads\/2024\/03\/basketstall-hoj-och-sankbart-mobilt-fyllbart-spricksaker-bakvagg-korghojd-182-213-m-svart.webp?fit=800%2C800&ssl=1","datePublished":"2024-03-02T18:50:11+00:00","dateModified":"2026-03-12T08:34:26+00:00","breadcrumb":{"@id":"https:\/\/truusk.store\/sv\/produkt\/truusk-basketstall-hoj-och-sankbart-mobilt-fyllbart-spricksaker-bakvagg-svart-korghojd-182-213-m\/#breadcrumb"},"inLanguage":"sv-SE","potentialAction":[{"@type":"ReadAction","target":["https:\/\/truusk.store\/sv\/produkt\/truusk-basketstall-hoj-och-sankbart-mobilt-fyllbart-spricksaker-bakvagg-svart-korghojd-182-213-m\/"]}]},{"@type":"ImageObject","inLanguage":"sv-SE","@id":"https:\/\/truusk.store\/sv\/produkt\/truusk-basketstall-hoj-och-sankbart-mobilt-fyllbart-spricksaker-bakvagg-svart-korghojd-182-213-m\/#primaryimage","url":"https:\/\/i0.wp.com\/truusk.store\/wp-content\/uploads\/2024\/03\/basketstall-hoj-och-sankbart-mobilt-fyllbart-spricksaker-bakvagg-korghojd-182-213-m-svart.webp?fit=800%2C800&ssl=1","contentUrl":"https:\/\/i0.wp.com\/truusk.store\/wp-content\/uploads\/2024\/03\/basketstall-hoj-och-sankbart-mobilt-fyllbart-spricksaker-bakvagg-korghojd-182-213-m-svart.webp?fit=800%2C800&ssl=1","width":800,"height":800,"caption":"Basketst\u00e4ll, H\u00f6j- Och S\u00e4nkbart, Mobilt, Fyllbart, Spricks\u00e4ker Bakv\u00e4gg, Korgh\u00f6jd 1,82 - 2,13 M, Svart 1"},{"@type":"BreadcrumbList","@id":"https:\/\/truusk.store\/sv\/produkt\/truusk-basketstall-hoj-och-sankbart-mobilt-fyllbart-spricksaker-bakvagg-svart-korghojd-182-213-m\/#breadcrumb","itemListElement":[{"@type":"ListItem","position":1,"name":"Home","item":"https:\/\/truusk.store\/sv\/"},{"@type":"ListItem","position":2,"name":"Shop","item":"https:\/\/truusk.store\/shop\/"},{"@type":"ListItem","position":3,"name":"TRUUSK Basketst\u00e4ll &#8211; H\u00f6j- Och S\u00e4nkbart &#8211; Mobilt &#8211; Fyllbart &#8211; Spricks\u00e4ker Bakv\u00e4gg &#8211; Svart &#8211; Korgh\u00f6jd 1,82 &#8211; 2,13 M"}]},{"@type":"WebSite","@id":"https:\/\/truusk.store\/sv\/#website","url":"https:\/\/truusk.store\/sv\/","name":"TRUUSK - Hem, Tr\u00e4dg\u00e5rd & Fritid","description":"","publisher":{"@id":"https:\/\/truusk.store\/sv\/#organization"},"potentialAction":[{"@type":"SearchAction","target":{"@type":"EntryPoint","urlTemplate":"https:\/\/truusk.store\/sv\/?s={search_term_string}"},"query-input":{"@type":"PropertyValueSpecification","valueRequired":true,"valueName":"search_term_string"}}],"inLanguage":"sv-SE"},{"@type":"Organization","@id":"https:\/\/truusk.store\/sv\/#organization","name":"TRUUSK - Hem, Tr\u00e4dg\u00e5rd & Fritid","url":"https:\/\/truusk.store\/sv\/","logo":{"@type":"ImageObject","inLanguage":"sv-SE","@id":"https:\/\/truusk.store\/sv\/#\/schema\/logo\/image\/","url":"https:\/\/i0.wp.com\/truusk.store\/wp-content\/uploads\/2026\/03\/cropped-TRUUSK.png?fit=2032%2C917&ssl=1","contentUrl":"https:\/\/i0.wp.com\/truusk.store\/wp-content\/uploads\/2026\/03\/cropped-TRUUSK.png?fit=2032%2C917&ssl=1","width":2032,"height":917,"caption":"TRUUSK - Hem, Tr\u00e4dg\u00e5rd & Fritid"},"image":{"@id":"https:\/\/truusk.store\/sv\/#\/schema\/logo\/image\/"}}]}},"jetpack_sharing_enabled":true,"_links":{"self":[{"href":"https:\/\/truusk.store\/sv\/wp-json\/wp\/v2\/product\/51288","targetHints":{"allow":["GET"]}}],"collection":[{"href":"https:\/\/truusk.store\/sv\/wp-json\/wp\/v2\/product"}],"about":[{"href":"https:\/\/truusk.store\/sv\/wp-json\/wp\/v2\/types\/product"}],"wp:featuredmedia":[{"embeddable":true,"href":"https:\/\/truusk.store\/sv\/wp-json\/wp\/v2\/media\/51289"}],"wp:attachment":[{"href":"https:\/\/truusk.store\/sv\/wp-json\/wp\/v2\/media?parent=51288"}],"wp:term":[{"taxonomy":"product_brand","embeddable":true,"href":"https:\/\/truusk.store\/sv\/wp-json\/wp\/v2\/product_brand?post=51288"},{"taxonomy":"product_cat","embeddable":true,"href":"https:\/\/truusk.store\/sv\/wp-json\/wp\/v2\/product_cat?post=51288"},{"taxonomy":"product_tag","embeddable":true,"href":"https:\/\/truusk.store\/sv\/wp-json\/wp\/v2\/product_tag?post=51288"}],"curies":[{"name":"wp","href":"https:\/\/api.w.org\/{rel}","templated":true}]}}