{"id":51299,"date":"2024-03-02T20:00:10","date_gmt":"2024-03-02T19:00:10","guid":{"rendered":"https:\/\/truusk.store\/product\/bordtennisbord-hopfallbart-mobilt-2-racketar-3-bollar-metallram-274x1525x76-cm-bla\/"},"modified":"2026-03-12T09:36:21","modified_gmt":"2026-03-12T08:36:21","slug":"truusk-hopfallbart-bordtennisbord-mobilt-och-lattanvant-2-racketar-3-bollar-metallram-274x1525x76-cm-bla","status":"publish","type":"product","link":"https:\/\/truusk.store\/sv\/produkt\/truusk-hopfallbart-bordtennisbord-mobilt-och-lattanvant-2-racketar-3-bollar-metallram-274x1525x76-cm-bla\/","title":{"rendered":"TRUUSK Hopf\u00e4llbart Bordtennisbord &#8211; Mobilt och L\u00e4ttanv\u00e4nt &#8211; 2 Racketar &#8211; 3 Bollar &#8211; Metallram &#8211; 274&#215;152,5&#215;76 cm &#8211; Bl\u00e5"},"content":{"rendered":"<p>Uppt\u00e4ck detta multifunktionella bordtennisbord &#8211; perfekt f\u00f6r proffs och amat\u00f6rer! Vikbar, platsbesparande och l\u00e4tt att f\u00f6rvara. L\u00e4tt att flytta tack vare de fyra mjukt l\u00f6pande hjulen. Ta bort n\u00e4tet f\u00f6r att f\u00f6rvandla pingisbordet till ett utomhusmatbord. Setet inneh\u00e5ller \u00e4ven tre bordtennisbollar och tv\u00e5 racketar, s\u00e5 n\u00e4r du packar upp det kan du ta en familjemedlem eller v\u00e4n och b\u00f6rja spela direkt!<\/p>\n<h3>Beskrivning:<\/h3>\n<ul>\n<li>Full storlek f\u00f6r professionella och amat\u00f6rspelare<\/li>\n<li>Kompakt hopf\u00e4llbar med l\u00e5ssystem f\u00f6r platsbesparande f\u00f6rvaring<\/li>\n<li>Fyra hjul med bromsar f\u00f6r enkel r\u00f6relse och stabilitet<\/li>\n<li>Justerbara f\u00f6tter f\u00f6r en plan spelyta och f\u00f6r att skydda mot repor<\/li>\n<li>Robust MDF- och st\u00e5lramkonstruktion f\u00f6r p\u00e5litlig lek<\/li>\n<li>L\u00e4mplig f\u00f6r inomhus- och utomhusbruk<\/li>\n<li>Komplett set med speln\u00e4t, tv\u00e5 racketar och tre bollar<\/li>\n<\/ul>\n<h3>Teknisk data:<\/h3>\n<ul>\n<li>F\u00e4rg bl\u00e5<\/li>\n<li>Material: MDF, st\u00e5l<\/li>\n<li>\u00d6vergripande m\u00e5tt: 274L x 152,5W x 76H cm<\/li>\n<li>Vikstorlek: 152,5L x 62W x 181H cm<\/li>\n<li>H\u00f6jd: 16 cm<\/li>\n<li>Bordsskivans tjocklek: 12 mm<\/li>\n<li>Hjulm\u00e5tt: 5 cm<\/li>\n<li>Lastkapacitet: 30 kg<\/li>\n<\/ul>\n<h3>Leveransens omfattning:<\/h3>\n<ul>\n<li>1 x bordtennisbord<\/li>\n<li>1 x n\u00e4t<\/li>\n<li>2 x racketar<\/li>\n<li>3 x bollar<\/li>\n<li>1 x manuell<\/li>\n<\/ul>\n","protected":false},"excerpt":{"rendered":"<p>Uppt\u00e4ck detta multifunktionella bordtennisbord &#8211; perfekt f\u00f6r proffs och amat\u00f6rer! Vikbar, platsbesparande och l\u00e4tt att f\u00f6rvara. L\u00e4tt att flytta tack&#8230;<\/p>\n","protected":false},"featured_media":51300,"template":"","meta":[],"product_brand":[],"product_cat":[656,508,647],"product_tag":[],"class_list":{"0":"post-51299","1":"product","2":"type-product","3":"status-publish","4":"has-post-thumbnail","6":"product_cat-spel-hobby","7":"product_cat-spelbord","8":"product_cat-sport-fritid","10":"first","11":"instock","12":"sale","13":"taxable","14":"shipping-taxable","15":"purchasable","16":"product-type-simple"},"yoast_head":"<!-- This site is optimized with the Yoast SEO plugin v25.4 - https:\/\/yoast.com\/wordpress\/plugins\/seo\/ -->\n<title>TRUUSK Hopf\u00e4llbart Bordtennisbord - Mobilt och L\u00e4ttanv\u00e4nt - 2 Racketar - 3 Bollar - Metallram - 274x152,5x76 cm - Bl\u00e5 - TRUUSK - Hem, Tr\u00e4dg\u00e5rd &amp; Fritid<\/title>\n<meta name=\"robots\" content=\"index, follow, max-snippet:-1, max-image-preview:large, max-video-preview:-1\" \/>\n<link rel=\"canonical\" href=\"https:\/\/truusk.store\/sv\/produkt\/truusk-hopfallbart-bordtennisbord-mobilt-och-lattanvant-2-racketar-3-bollar-metallram-274x1525x76-cm-bla\/\" \/>\n<meta property=\"og:locale\" content=\"sv_SE\" \/>\n<meta property=\"og:type\" content=\"article\" \/>\n<meta property=\"og:title\" content=\"TRUUSK Hopf\u00e4llbart Bordtennisbord - Mobilt och L\u00e4ttanv\u00e4nt - 2 Racketar - 3 Bollar - Metallram - 274x152,5x76 cm - Bl\u00e5 - TRUUSK - Hem, Tr\u00e4dg\u00e5rd &amp; Fritid\" \/>\n<meta property=\"og:description\" content=\"Uppt\u00e4ck detta multifunktionella bordtennisbord &#8211; perfekt f\u00f6r proffs och amat\u00f6rer! Vikbar, platsbesparande och l\u00e4tt att f\u00f6rvara. L\u00e4tt att flytta tack...\" \/>\n<meta property=\"og:url\" content=\"https:\/\/truusk.store\/sv\/produkt\/truusk-hopfallbart-bordtennisbord-mobilt-och-lattanvant-2-racketar-3-bollar-metallram-274x1525x76-cm-bla\/\" \/>\n<meta property=\"og:site_name\" content=\"TRUUSK - Hem, Tr\u00e4dg\u00e5rd &amp; Fritid\" \/>\n<meta property=\"article:modified_time\" content=\"2026-03-12T08:36:21+00:00\" \/>\n<meta property=\"og:image\" content=\"https:\/\/i0.wp.com\/truusk.se\/wp-content\/uploads\/2024\/03\/bordtennisbord-hopfallbart-mobilt-2-racketar-3-bollar-metallram-274x1525x76-cm-bla.webp?fit=800%2C800&ssl=1\" \/>\n\t<meta property=\"og:image:width\" content=\"800\" \/>\n\t<meta property=\"og:image:height\" content=\"800\" \/>\n\t<meta property=\"og:image:type\" content=\"image\/webp\" \/>\n<meta name=\"twitter:card\" content=\"summary_large_image\" \/>\n<meta name=\"twitter:label1\" content=\"Ber\u00e4knad l\u00e4stid\" \/>\n\t<meta name=\"twitter:data1\" content=\"1 minut\" \/>\n<!-- \/ Yoast SEO plugin. -->","yoast_head_json":{"title":"TRUUSK Hopf\u00e4llbart Bordtennisbord - Mobilt och L\u00e4ttanv\u00e4nt - 2 Racketar - 3 Bollar - Metallram - 274x152,5x76 cm - Bl\u00e5 - TRUUSK - Hem, Tr\u00e4dg\u00e5rd &amp; Fritid","robots":{"index":"index","follow":"follow","max-snippet":"max-snippet:-1","max-image-preview":"max-image-preview:large","max-video-preview":"max-video-preview:-1"},"canonical":"https:\/\/truusk.store\/sv\/produkt\/truusk-hopfallbart-bordtennisbord-mobilt-och-lattanvant-2-racketar-3-bollar-metallram-274x1525x76-cm-bla\/","og_locale":"sv_SE","og_type":"article","og_title":"TRUUSK Hopf\u00e4llbart Bordtennisbord - Mobilt och L\u00e4ttanv\u00e4nt - 2 Racketar - 3 Bollar - Metallram - 274x152,5x76 cm - Bl\u00e5 - TRUUSK - Hem, Tr\u00e4dg\u00e5rd &amp; Fritid","og_description":"Uppt\u00e4ck detta multifunktionella bordtennisbord &#8211; perfekt f\u00f6r proffs och amat\u00f6rer! Vikbar, platsbesparande och l\u00e4tt att f\u00f6rvara. L\u00e4tt att flytta tack...","og_url":"https:\/\/truusk.store\/sv\/produkt\/truusk-hopfallbart-bordtennisbord-mobilt-och-lattanvant-2-racketar-3-bollar-metallram-274x1525x76-cm-bla\/","og_site_name":"TRUUSK - Hem, Tr\u00e4dg\u00e5rd &amp; Fritid","article_modified_time":"2026-03-12T08:36:21+00:00","og_image":[{"width":800,"height":800,"url":"https:\/\/i0.wp.com\/truusk.se\/wp-content\/uploads\/2024\/03\/bordtennisbord-hopfallbart-mobilt-2-racketar-3-bollar-metallram-274x1525x76-cm-bla.webp?fit=800%2C800&ssl=1","type":"image\/webp"}],"twitter_card":"summary_large_image","twitter_misc":{"Ber\u00e4knad l\u00e4stid":"1 minut"},"schema":{"@context":"https:\/\/schema.org","@graph":[{"@type":"WebPage","@id":"https:\/\/truusk.store\/sv\/produkt\/truusk-hopfallbart-bordtennisbord-mobilt-och-lattanvant-2-racketar-3-bollar-metallram-274x1525x76-cm-bla\/","url":"https:\/\/truusk.store\/sv\/produkt\/truusk-hopfallbart-bordtennisbord-mobilt-och-lattanvant-2-racketar-3-bollar-metallram-274x1525x76-cm-bla\/","name":"TRUUSK Hopf\u00e4llbart Bordtennisbord - Mobilt och L\u00e4ttanv\u00e4nt - 2 Racketar - 3 Bollar - Metallram - 274x152,5x76 cm - Bl\u00e5 - TRUUSK - Hem, Tr\u00e4dg\u00e5rd &amp; Fritid","isPartOf":{"@id":"https:\/\/truusk.store\/sv\/#website"},"primaryImageOfPage":{"@id":"https:\/\/truusk.store\/sv\/produkt\/truusk-hopfallbart-bordtennisbord-mobilt-och-lattanvant-2-racketar-3-bollar-metallram-274x1525x76-cm-bla\/#primaryimage"},"image":{"@id":"https:\/\/truusk.store\/sv\/produkt\/truusk-hopfallbart-bordtennisbord-mobilt-och-lattanvant-2-racketar-3-bollar-metallram-274x1525x76-cm-bla\/#primaryimage"},"thumbnailUrl":"https:\/\/i0.wp.com\/truusk.store\/wp-content\/uploads\/2024\/03\/bordtennisbord-hopfallbart-mobilt-2-racketar-3-bollar-metallram-274x1525x76-cm-bla.webp?fit=800%2C800&ssl=1","datePublished":"2024-03-02T19:00:10+00:00","dateModified":"2026-03-12T08:36:21+00:00","breadcrumb":{"@id":"https:\/\/truusk.store\/sv\/produkt\/truusk-hopfallbart-bordtennisbord-mobilt-och-lattanvant-2-racketar-3-bollar-metallram-274x1525x76-cm-bla\/#breadcrumb"},"inLanguage":"sv-SE","potentialAction":[{"@type":"ReadAction","target":["https:\/\/truusk.store\/sv\/produkt\/truusk-hopfallbart-bordtennisbord-mobilt-och-lattanvant-2-racketar-3-bollar-metallram-274x1525x76-cm-bla\/"]}]},{"@type":"ImageObject","inLanguage":"sv-SE","@id":"https:\/\/truusk.store\/sv\/produkt\/truusk-hopfallbart-bordtennisbord-mobilt-och-lattanvant-2-racketar-3-bollar-metallram-274x1525x76-cm-bla\/#primaryimage","url":"https:\/\/i0.wp.com\/truusk.store\/wp-content\/uploads\/2024\/03\/bordtennisbord-hopfallbart-mobilt-2-racketar-3-bollar-metallram-274x1525x76-cm-bla.webp?fit=800%2C800&ssl=1","contentUrl":"https:\/\/i0.wp.com\/truusk.store\/wp-content\/uploads\/2024\/03\/bordtennisbord-hopfallbart-mobilt-2-racketar-3-bollar-metallram-274x1525x76-cm-bla.webp?fit=800%2C800&ssl=1","width":800,"height":800,"caption":"Bordtennisbord, Hopf\u00e4llbart, Mobilt, 2 Racketar, 3 Bollar, Metallram, 274x152,5x76 Cm, Bl\u00e5 1"},{"@type":"BreadcrumbList","@id":"https:\/\/truusk.store\/sv\/produkt\/truusk-hopfallbart-bordtennisbord-mobilt-och-lattanvant-2-racketar-3-bollar-metallram-274x1525x76-cm-bla\/#breadcrumb","itemListElement":[{"@type":"ListItem","position":1,"name":"Home","item":"https:\/\/truusk.store\/sv\/"},{"@type":"ListItem","position":2,"name":"Shop","item":"https:\/\/truusk.store\/shop\/"},{"@type":"ListItem","position":3,"name":"TRUUSK Hopf\u00e4llbart Bordtennisbord &#8211; Mobilt och L\u00e4ttanv\u00e4nt &#8211; 2 Racketar &#8211; 3 Bollar &#8211; Metallram &#8211; 274&#215;152,5&#215;76 cm &#8211; Bl\u00e5"}]},{"@type":"WebSite","@id":"https:\/\/truusk.store\/sv\/#website","url":"https:\/\/truusk.store\/sv\/","name":"TRUUSK - Hem, Tr\u00e4dg\u00e5rd & Fritid","description":"","publisher":{"@id":"https:\/\/truusk.store\/sv\/#organization"},"potentialAction":[{"@type":"SearchAction","target":{"@type":"EntryPoint","urlTemplate":"https:\/\/truusk.store\/sv\/?s={search_term_string}"},"query-input":{"@type":"PropertyValueSpecification","valueRequired":true,"valueName":"search_term_string"}}],"inLanguage":"sv-SE"},{"@type":"Organization","@id":"https:\/\/truusk.store\/sv\/#organization","name":"TRUUSK - Hem, Tr\u00e4dg\u00e5rd & Fritid","url":"https:\/\/truusk.store\/sv\/","logo":{"@type":"ImageObject","inLanguage":"sv-SE","@id":"https:\/\/truusk.store\/sv\/#\/schema\/logo\/image\/","url":"https:\/\/i0.wp.com\/truusk.store\/wp-content\/uploads\/2026\/03\/cropped-TRUUSK.png?fit=2032%2C917&ssl=1","contentUrl":"https:\/\/i0.wp.com\/truusk.store\/wp-content\/uploads\/2026\/03\/cropped-TRUUSK.png?fit=2032%2C917&ssl=1","width":2032,"height":917,"caption":"TRUUSK - Hem, Tr\u00e4dg\u00e5rd & Fritid"},"image":{"@id":"https:\/\/truusk.store\/sv\/#\/schema\/logo\/image\/"}}]}},"jetpack_sharing_enabled":true,"_links":{"self":[{"href":"https:\/\/truusk.store\/sv\/wp-json\/wp\/v2\/product\/51299","targetHints":{"allow":["GET"]}}],"collection":[{"href":"https:\/\/truusk.store\/sv\/wp-json\/wp\/v2\/product"}],"about":[{"href":"https:\/\/truusk.store\/sv\/wp-json\/wp\/v2\/types\/product"}],"wp:featuredmedia":[{"embeddable":true,"href":"https:\/\/truusk.store\/sv\/wp-json\/wp\/v2\/media\/51300"}],"wp:attachment":[{"href":"https:\/\/truusk.store\/sv\/wp-json\/wp\/v2\/media?parent=51299"}],"wp:term":[{"taxonomy":"product_brand","embeddable":true,"href":"https:\/\/truusk.store\/sv\/wp-json\/wp\/v2\/product_brand?post=51299"},{"taxonomy":"product_cat","embeddable":true,"href":"https:\/\/truusk.store\/sv\/wp-json\/wp\/v2\/product_cat?post=51299"},{"taxonomy":"product_tag","embeddable":true,"href":"https:\/\/truusk.store\/sv\/wp-json\/wp\/v2\/product_tag?post=51299"}],"curies":[{"name":"wp","href":"https:\/\/api.w.org\/{rel}","templated":true}]}}