{"id":51310,"date":"2024-03-02T20:10:11","date_gmt":"2024-03-02T19:10:11","guid":{"rendered":"https:\/\/truusk.store\/product\/skrapstolpe-katttrad-inklusive-leksaker-och-kattbadd-60-cm-x-30-cm-x-76-cm-kram-natur\/"},"modified":"2026-03-12T09:10:11","modified_gmt":"2026-03-12T08:10:11","slug":"truusk-skrapstolpe-katttrad-inklusive-leksaker-och-kattbadd-60-cm-x-30-cm-x-76-cm-kram-natur","status":"publish","type":"product","link":"https:\/\/truusk.store\/sv\/produkt\/truusk-skrapstolpe-katttrad-inklusive-leksaker-och-kattbadd-60-cm-x-30-cm-x-76-cm-kram-natur\/","title":{"rendered":"TRUUSK Skrapstolpe Katttr\u00e4d &#8211; Inklusive Leksaker Och Kattb\u00e4dd &#8211; 60 cm X 30 cm X 76 cm &#8211; Kr\u00e4m + Natur"},"content":{"rendered":"<p>En perfekt plats att leka, koppla av, kl\u00e4ttra och klia: katttr\u00e4det uppfyller alla din katts \u00f6nskem\u00e5l. Sisalstammarna och jutekudden erbjuder ett idealiskt skrapalternativ f\u00f6r att f\u00f6rhindra att m\u00f6bler beh\u00f6ver anv\u00e4ndas f\u00f6r detta \u00e4ndam\u00e5l. Kattskrapstolpens lekbollar ger n\u00f6je medan liggytan och s\u00e4ngen kl\u00e4dd med mjuk plysch ger mysiga viloplatser.<\/p>\n<h3>Beskrivning:<\/h3>\n<ul>\n<li>Lyxig multifunktionell design med skrapstolpe, sits, repmattor, s\u00e4ng och h\u00e4ngande bollar<\/li>\n<li>Skrapmattor och en sits p\u00e5 kattskrapstolpen g\u00f6r att katter kan slipa klorna.<\/li>\n<li>Interaktivt bollspel med skrapor f\u00f6r o\u00e4ndligt roligt<\/li>\n<li>Stabil sp\u00e5nskivstomme f\u00f6r robusthet och livsl\u00e4ngd, med bottenplatta f\u00f6r vertikal stabilitet<\/li>\n<li>\u00d6verdrag av mjuk och sk\u00f6n plysch<\/li>\n<li>L\u00e4mplig f\u00f6r katter som v\u00e4ger mindre \u00e4n 5 kg<\/li>\n<li>Montering kr\u00e4vs<\/li>\n<\/ul>\n<h3>Teknisk data:<\/h3>\n<ul>\n<li>F\u00e4rg: ljusbrun<\/li>\n<li>Material: sp\u00e5nskiva, plysch, sisal<\/li>\n<li>\u00d6vergripande m\u00e5tt: 60L x 30W x 76H cm<\/li>\n<li>M\u00e5tt s\u00e4ng: 34 x 7H cm<\/li>\n<li>Basm\u00e5tt: 60L x 30W cm<\/li>\n<li>Andra plattform: 45L x 30W cm. H\u00e5l: 15,5 cm<\/li>\n<li>Skrapmattans m\u00e5tt: 43L x 30W cm<\/li>\n<li>U-formade ramm\u00e5tt: 45L x 25W x 12,5H cm<\/li>\n<li>St\u00e5ngdiameter: 5,5 cm<\/li>\n<\/ul>\n<h3>Leveransens omfattning:<\/h3>\n<ul>\n<li>1 x skrapstolpe<\/li>\n<li>1 x Instruktioner<\/li>\n<\/ul>\n","protected":false},"excerpt":{"rendered":"<p>En perfekt plats att leka, koppla av, kl\u00e4ttra och klia: katttr\u00e4det uppfyller alla din katts \u00f6nskem\u00e5l. Sisalstammarna och jutekudden erbjuder&#8230;<\/p>\n","protected":false},"featured_media":51311,"template":"","meta":[],"product_brand":[],"product_cat":[573,588,589],"product_tag":[],"class_list":{"0":"post-51310","1":"product","2":"type-product","3":"status-publish","4":"has-post-thumbnail","6":"product_cat-husdjursmaterial","7":"product_cat-katttillbehor","8":"product_cat-skrapande-inlagg","10":"first","11":"instock","12":"sale","13":"taxable","14":"shipping-taxable","15":"purchasable","16":"product-type-simple"},"yoast_head":"<!-- This site is optimized with the Yoast SEO plugin v25.4 - https:\/\/yoast.com\/wordpress\/plugins\/seo\/ -->\n<title>TRUUSK Skrapstolpe Katttr\u00e4d - Inklusive Leksaker Och Kattb\u00e4dd - 60 cm X 30 cm X 76 cm - Kr\u00e4m + Natur - TRUUSK - Hem, Tr\u00e4dg\u00e5rd &amp; Fritid<\/title>\n<meta name=\"robots\" content=\"index, follow, max-snippet:-1, max-image-preview:large, max-video-preview:-1\" \/>\n<link rel=\"canonical\" href=\"https:\/\/truusk.store\/sv\/produkt\/truusk-skrapstolpe-katttrad-inklusive-leksaker-och-kattbadd-60-cm-x-30-cm-x-76-cm-kram-natur\/\" \/>\n<meta property=\"og:locale\" content=\"sv_SE\" \/>\n<meta property=\"og:type\" content=\"article\" \/>\n<meta property=\"og:title\" content=\"TRUUSK Skrapstolpe Katttr\u00e4d - Inklusive Leksaker Och Kattb\u00e4dd - 60 cm X 30 cm X 76 cm - Kr\u00e4m + Natur - TRUUSK - Hem, Tr\u00e4dg\u00e5rd &amp; Fritid\" \/>\n<meta property=\"og:description\" content=\"En perfekt plats att leka, koppla av, kl\u00e4ttra och klia: katttr\u00e4det uppfyller alla din katts \u00f6nskem\u00e5l. Sisalstammarna och jutekudden erbjuder...\" \/>\n<meta property=\"og:url\" content=\"https:\/\/truusk.store\/sv\/produkt\/truusk-skrapstolpe-katttrad-inklusive-leksaker-och-kattbadd-60-cm-x-30-cm-x-76-cm-kram-natur\/\" \/>\n<meta property=\"og:site_name\" content=\"TRUUSK - Hem, Tr\u00e4dg\u00e5rd &amp; Fritid\" \/>\n<meta property=\"article:modified_time\" content=\"2026-03-12T08:10:11+00:00\" \/>\n<meta property=\"og:image\" content=\"https:\/\/i0.wp.com\/truusk.se\/wp-content\/uploads\/2024\/03\/skrapstolpe-katttrad-inklusive-leksaker-och-kattbadd-60-cm-x-30-cm-x-76-cm-kram-natur.webp?fit=800%2C800&ssl=1\" \/>\n\t<meta property=\"og:image:width\" content=\"800\" \/>\n\t<meta property=\"og:image:height\" content=\"800\" \/>\n\t<meta property=\"og:image:type\" content=\"image\/webp\" \/>\n<meta name=\"twitter:card\" content=\"summary_large_image\" \/>\n<meta name=\"twitter:label1\" content=\"Ber\u00e4knad l\u00e4stid\" \/>\n\t<meta name=\"twitter:data1\" content=\"1 minut\" \/>\n<!-- \/ Yoast SEO plugin. -->","yoast_head_json":{"title":"TRUUSK Skrapstolpe Katttr\u00e4d - Inklusive Leksaker Och Kattb\u00e4dd - 60 cm X 30 cm X 76 cm - Kr\u00e4m + Natur - TRUUSK - Hem, Tr\u00e4dg\u00e5rd &amp; Fritid","robots":{"index":"index","follow":"follow","max-snippet":"max-snippet:-1","max-image-preview":"max-image-preview:large","max-video-preview":"max-video-preview:-1"},"canonical":"https:\/\/truusk.store\/sv\/produkt\/truusk-skrapstolpe-katttrad-inklusive-leksaker-och-kattbadd-60-cm-x-30-cm-x-76-cm-kram-natur\/","og_locale":"sv_SE","og_type":"article","og_title":"TRUUSK Skrapstolpe Katttr\u00e4d - Inklusive Leksaker Och Kattb\u00e4dd - 60 cm X 30 cm X 76 cm - Kr\u00e4m + Natur - TRUUSK - Hem, Tr\u00e4dg\u00e5rd &amp; Fritid","og_description":"En perfekt plats att leka, koppla av, kl\u00e4ttra och klia: katttr\u00e4det uppfyller alla din katts \u00f6nskem\u00e5l. Sisalstammarna och jutekudden erbjuder...","og_url":"https:\/\/truusk.store\/sv\/produkt\/truusk-skrapstolpe-katttrad-inklusive-leksaker-och-kattbadd-60-cm-x-30-cm-x-76-cm-kram-natur\/","og_site_name":"TRUUSK - Hem, Tr\u00e4dg\u00e5rd &amp; Fritid","article_modified_time":"2026-03-12T08:10:11+00:00","og_image":[{"width":800,"height":800,"url":"https:\/\/i0.wp.com\/truusk.se\/wp-content\/uploads\/2024\/03\/skrapstolpe-katttrad-inklusive-leksaker-och-kattbadd-60-cm-x-30-cm-x-76-cm-kram-natur.webp?fit=800%2C800&ssl=1","type":"image\/webp"}],"twitter_card":"summary_large_image","twitter_misc":{"Ber\u00e4knad l\u00e4stid":"1 minut"},"schema":{"@context":"https:\/\/schema.org","@graph":[{"@type":"WebPage","@id":"https:\/\/truusk.store\/sv\/produkt\/truusk-skrapstolpe-katttrad-inklusive-leksaker-och-kattbadd-60-cm-x-30-cm-x-76-cm-kram-natur\/","url":"https:\/\/truusk.store\/sv\/produkt\/truusk-skrapstolpe-katttrad-inklusive-leksaker-och-kattbadd-60-cm-x-30-cm-x-76-cm-kram-natur\/","name":"TRUUSK Skrapstolpe Katttr\u00e4d - Inklusive Leksaker Och Kattb\u00e4dd - 60 cm X 30 cm X 76 cm - Kr\u00e4m + Natur - TRUUSK - Hem, Tr\u00e4dg\u00e5rd &amp; Fritid","isPartOf":{"@id":"https:\/\/truusk.store\/sv\/#website"},"primaryImageOfPage":{"@id":"https:\/\/truusk.store\/sv\/produkt\/truusk-skrapstolpe-katttrad-inklusive-leksaker-och-kattbadd-60-cm-x-30-cm-x-76-cm-kram-natur\/#primaryimage"},"image":{"@id":"https:\/\/truusk.store\/sv\/produkt\/truusk-skrapstolpe-katttrad-inklusive-leksaker-och-kattbadd-60-cm-x-30-cm-x-76-cm-kram-natur\/#primaryimage"},"thumbnailUrl":"https:\/\/i0.wp.com\/truusk.store\/wp-content\/uploads\/2024\/03\/skrapstolpe-katttrad-inklusive-leksaker-och-kattbadd-60-cm-x-30-cm-x-76-cm-kram-natur.webp?fit=800%2C800&ssl=1","datePublished":"2024-03-02T19:10:11+00:00","dateModified":"2026-03-12T08:10:11+00:00","breadcrumb":{"@id":"https:\/\/truusk.store\/sv\/produkt\/truusk-skrapstolpe-katttrad-inklusive-leksaker-och-kattbadd-60-cm-x-30-cm-x-76-cm-kram-natur\/#breadcrumb"},"inLanguage":"sv-SE","potentialAction":[{"@type":"ReadAction","target":["https:\/\/truusk.store\/sv\/produkt\/truusk-skrapstolpe-katttrad-inklusive-leksaker-och-kattbadd-60-cm-x-30-cm-x-76-cm-kram-natur\/"]}]},{"@type":"ImageObject","inLanguage":"sv-SE","@id":"https:\/\/truusk.store\/sv\/produkt\/truusk-skrapstolpe-katttrad-inklusive-leksaker-och-kattbadd-60-cm-x-30-cm-x-76-cm-kram-natur\/#primaryimage","url":"https:\/\/i0.wp.com\/truusk.store\/wp-content\/uploads\/2024\/03\/skrapstolpe-katttrad-inklusive-leksaker-och-kattbadd-60-cm-x-30-cm-x-76-cm-kram-natur.webp?fit=800%2C800&ssl=1","contentUrl":"https:\/\/i0.wp.com\/truusk.store\/wp-content\/uploads\/2024\/03\/skrapstolpe-katttrad-inklusive-leksaker-och-kattbadd-60-cm-x-30-cm-x-76-cm-kram-natur.webp?fit=800%2C800&ssl=1","width":800,"height":800,"caption":"Skrapstolpe Katttr\u00e4d, Inklusive Leksaker Och Kattb\u00e4dd, 60 Cm X 30 Cm X 76 Cm, Kr\u00e4m + Natur 1"},{"@type":"BreadcrumbList","@id":"https:\/\/truusk.store\/sv\/produkt\/truusk-skrapstolpe-katttrad-inklusive-leksaker-och-kattbadd-60-cm-x-30-cm-x-76-cm-kram-natur\/#breadcrumb","itemListElement":[{"@type":"ListItem","position":1,"name":"Home","item":"https:\/\/truusk.store\/sv\/"},{"@type":"ListItem","position":2,"name":"Shop","item":"https:\/\/truusk.store\/shop\/"},{"@type":"ListItem","position":3,"name":"TRUUSK Skrapstolpe Katttr\u00e4d &#8211; Inklusive Leksaker Och Kattb\u00e4dd &#8211; 60 cm X 30 cm X 76 cm &#8211; Kr\u00e4m + Natur"}]},{"@type":"WebSite","@id":"https:\/\/truusk.store\/sv\/#website","url":"https:\/\/truusk.store\/sv\/","name":"TRUUSK - Hem, Tr\u00e4dg\u00e5rd & Fritid","description":"","publisher":{"@id":"https:\/\/truusk.store\/sv\/#organization"},"potentialAction":[{"@type":"SearchAction","target":{"@type":"EntryPoint","urlTemplate":"https:\/\/truusk.store\/sv\/?s={search_term_string}"},"query-input":{"@type":"PropertyValueSpecification","valueRequired":true,"valueName":"search_term_string"}}],"inLanguage":"sv-SE"},{"@type":"Organization","@id":"https:\/\/truusk.store\/sv\/#organization","name":"TRUUSK - Hem, Tr\u00e4dg\u00e5rd & Fritid","url":"https:\/\/truusk.store\/sv\/","logo":{"@type":"ImageObject","inLanguage":"sv-SE","@id":"https:\/\/truusk.store\/sv\/#\/schema\/logo\/image\/","url":"https:\/\/i0.wp.com\/truusk.store\/wp-content\/uploads\/2026\/03\/cropped-TRUUSK.png?fit=2032%2C917&ssl=1","contentUrl":"https:\/\/i0.wp.com\/truusk.store\/wp-content\/uploads\/2026\/03\/cropped-TRUUSK.png?fit=2032%2C917&ssl=1","width":2032,"height":917,"caption":"TRUUSK - Hem, Tr\u00e4dg\u00e5rd & Fritid"},"image":{"@id":"https:\/\/truusk.store\/sv\/#\/schema\/logo\/image\/"}}]}},"jetpack_sharing_enabled":true,"_links":{"self":[{"href":"https:\/\/truusk.store\/sv\/wp-json\/wp\/v2\/product\/51310","targetHints":{"allow":["GET"]}}],"collection":[{"href":"https:\/\/truusk.store\/sv\/wp-json\/wp\/v2\/product"}],"about":[{"href":"https:\/\/truusk.store\/sv\/wp-json\/wp\/v2\/types\/product"}],"wp:featuredmedia":[{"embeddable":true,"href":"https:\/\/truusk.store\/sv\/wp-json\/wp\/v2\/media\/51311"}],"wp:attachment":[{"href":"https:\/\/truusk.store\/sv\/wp-json\/wp\/v2\/media?parent=51310"}],"wp:term":[{"taxonomy":"product_brand","embeddable":true,"href":"https:\/\/truusk.store\/sv\/wp-json\/wp\/v2\/product_brand?post=51310"},{"taxonomy":"product_cat","embeddable":true,"href":"https:\/\/truusk.store\/sv\/wp-json\/wp\/v2\/product_cat?post=51310"},{"taxonomy":"product_tag","embeddable":true,"href":"https:\/\/truusk.store\/sv\/wp-json\/wp\/v2\/product_tag?post=51310"}],"curies":[{"name":"wp","href":"https:\/\/api.w.org\/{rel}","templated":true}]}}