{"id":51331,"date":"2024-03-02T20:30:10","date_gmt":"2024-03-02T19:30:10","guid":{"rendered":"https:\/\/truusk.store\/product\/matgruppsbord-med-stolar-matsalsbord-industriell-design-110-cm-x-70-cm-x-75-cm-brun\/"},"modified":"2026-03-12T09:36:41","modified_gmt":"2026-03-12T08:36:41","slug":"truusk-matgruppsbord-med-stolar-industriell-design-110-cm-x-70-cm-x-75-cm-brun","status":"publish","type":"product","link":"https:\/\/truusk.store\/sv\/produkt\/truusk-matgruppsbord-med-stolar-industriell-design-110-cm-x-70-cm-x-75-cm-brun\/","title":{"rendered":"TRUUSK Matgruppsbord med Stolar &#8211; Industriell Design &#8211; 110 cm x 70 cm x 75 cm &#8211; Brun"},"content":{"rendered":"<p>V\u00e5rt matbordsset ger en stilfull touch till din matsal och fungerar som en elegant mittpunkt f\u00f6r familjemiddagar och sammankomster med v\u00e4nner. Det rymliga rektangul\u00e4ra bordet ger plats f\u00f6r din disk, medan metallhyllan under bordet ger extra f\u00f6rvaringsutrymme. Det lilla bordet och stolarna st\u00e5r p\u00e5 solida st\u00e5lben och utstr\u00e5lar stabilitet och kvalitet. F\u00f6rdjupa dig i den perfekta blandningen av stil, kvalitet och komfort med v\u00e5ra matsalsm\u00f6bler.<\/p>\n<h3>Beskrivning:<\/h3>\n<ul>\n<li>Inkluderar ett k\u00f6ksbord med stolar, plats f\u00f6r 4 personer<\/li>\n<li>Med f\u00f6rvaringsutrymme under bordsskivan f\u00f6r enkel f\u00f6rvaring<\/li>\n<li>Kompakt design, stolar kan skjutas in under bordet f\u00f6r att spara utrymme<\/li>\n<li>Pulverlackerade st\u00e5lben p\u00e5 matsalsm\u00f6blerna f\u00f6r dagligt bruk<\/li>\n<li>Fanerade MDF-ytor f\u00f6r enkel reng\u00f6ring<\/li>\n<li>Halkskyddsmattor skyddar golvet och minskar ljudniv\u00e5n<\/li>\n<li>Perfekt f\u00f6r matsalar, k\u00f6k och d\u00e4r utrymmet \u00e4r begr\u00e4nsat<\/li>\n<li>Montering kr\u00e4vs<\/li>\n<\/ul>\n<h3>Teknisk data:<\/h3>\n<ul>\n<li>F\u00e4rg: teak<\/li>\n<li>Material: MDF, st\u00e5l<\/li>\n<li>K\u00f6ksbordsstorlek: 110L x 70W x 75H cm<\/li>\n<li>K\u00f6ksstolens storlek: 40W x 40D x 81H cm<\/li>\n<li>Hyllstorlek: 56W x 48D x 11,5H cm<\/li>\n<li>Sitsstorlek: 40W x 40D x 43,5H cm<\/li>\n<li>Viktkapacitet: 100 kg (bord), 120 kg (stol)<\/li>\n<\/ul>\n<h3>Leveransens omfattning:<\/h3>\n<ul>\n<li>1 x bord<\/li>\n<li>4 x stolar<\/li>\n<li>1 x manuell<\/li>\n<\/ul>\n","protected":false},"excerpt":{"rendered":"<p>V\u00e5rt matbordsset ger en stilfull touch till din matsal och fungerar som en elegant mittpunkt f\u00f6r familjemiddagar och sammankomster med&#8230;<\/p>\n","protected":false},"featured_media":51332,"template":"","meta":[],"product_brand":[],"product_cat":[485,512,501],"product_tag":[],"class_list":{"0":"post-51331","1":"product","2":"type-product","3":"status-publish","4":"has-post-thumbnail","6":"product_cat-hus-bo","7":"product_cat-matgrupper","8":"product_cat-tabeller","10":"first","11":"instock","12":"sale","13":"taxable","14":"shipping-taxable","15":"purchasable","16":"product-type-simple"},"yoast_head":"<!-- This site is optimized with the Yoast SEO plugin v25.4 - https:\/\/yoast.com\/wordpress\/plugins\/seo\/ -->\n<title>TRUUSK Matgruppsbord med Stolar - Industriell Design - 110 cm x 70 cm x 75 cm - Brun - TRUUSK - Hem, Tr\u00e4dg\u00e5rd &amp; Fritid<\/title>\n<meta name=\"robots\" content=\"index, follow, max-snippet:-1, max-image-preview:large, max-video-preview:-1\" \/>\n<link rel=\"canonical\" href=\"https:\/\/truusk.store\/sv\/produkt\/truusk-matgruppsbord-med-stolar-industriell-design-110-cm-x-70-cm-x-75-cm-brun\/\" \/>\n<meta property=\"og:locale\" content=\"sv_SE\" \/>\n<meta property=\"og:type\" content=\"article\" \/>\n<meta property=\"og:title\" content=\"TRUUSK Matgruppsbord med Stolar - Industriell Design - 110 cm x 70 cm x 75 cm - Brun - TRUUSK - Hem, Tr\u00e4dg\u00e5rd &amp; Fritid\" \/>\n<meta property=\"og:description\" content=\"V\u00e5rt matbordsset ger en stilfull touch till din matsal och fungerar som en elegant mittpunkt f\u00f6r familjemiddagar och sammankomster med...\" \/>\n<meta property=\"og:url\" content=\"https:\/\/truusk.store\/sv\/produkt\/truusk-matgruppsbord-med-stolar-industriell-design-110-cm-x-70-cm-x-75-cm-brun\/\" \/>\n<meta property=\"og:site_name\" content=\"TRUUSK - Hem, Tr\u00e4dg\u00e5rd &amp; Fritid\" \/>\n<meta property=\"article:modified_time\" content=\"2026-03-12T08:36:41+00:00\" \/>\n<meta property=\"og:image\" content=\"https:\/\/i0.wp.com\/truusk.se\/wp-content\/uploads\/2024\/03\/matgruppsbord-med-stolar-matsalsbord-industriell-design-110-cm-x-70-cm-x-75-cm-brun.webp?fit=800%2C800&ssl=1\" \/>\n\t<meta property=\"og:image:width\" content=\"800\" \/>\n\t<meta property=\"og:image:height\" content=\"800\" \/>\n\t<meta property=\"og:image:type\" content=\"image\/webp\" \/>\n<meta name=\"twitter:card\" content=\"summary_large_image\" \/>\n<meta name=\"twitter:label1\" content=\"Ber\u00e4knad l\u00e4stid\" \/>\n\t<meta name=\"twitter:data1\" content=\"1 minut\" \/>\n<!-- \/ Yoast SEO plugin. -->","yoast_head_json":{"title":"TRUUSK Matgruppsbord med Stolar - Industriell Design - 110 cm x 70 cm x 75 cm - Brun - TRUUSK - Hem, Tr\u00e4dg\u00e5rd &amp; Fritid","robots":{"index":"index","follow":"follow","max-snippet":"max-snippet:-1","max-image-preview":"max-image-preview:large","max-video-preview":"max-video-preview:-1"},"canonical":"https:\/\/truusk.store\/sv\/produkt\/truusk-matgruppsbord-med-stolar-industriell-design-110-cm-x-70-cm-x-75-cm-brun\/","og_locale":"sv_SE","og_type":"article","og_title":"TRUUSK Matgruppsbord med Stolar - Industriell Design - 110 cm x 70 cm x 75 cm - Brun - TRUUSK - Hem, Tr\u00e4dg\u00e5rd &amp; Fritid","og_description":"V\u00e5rt matbordsset ger en stilfull touch till din matsal och fungerar som en elegant mittpunkt f\u00f6r familjemiddagar och sammankomster med...","og_url":"https:\/\/truusk.store\/sv\/produkt\/truusk-matgruppsbord-med-stolar-industriell-design-110-cm-x-70-cm-x-75-cm-brun\/","og_site_name":"TRUUSK - Hem, Tr\u00e4dg\u00e5rd &amp; Fritid","article_modified_time":"2026-03-12T08:36:41+00:00","og_image":[{"width":800,"height":800,"url":"https:\/\/i0.wp.com\/truusk.se\/wp-content\/uploads\/2024\/03\/matgruppsbord-med-stolar-matsalsbord-industriell-design-110-cm-x-70-cm-x-75-cm-brun.webp?fit=800%2C800&ssl=1","type":"image\/webp"}],"twitter_card":"summary_large_image","twitter_misc":{"Ber\u00e4knad l\u00e4stid":"1 minut"},"schema":{"@context":"https:\/\/schema.org","@graph":[{"@type":"WebPage","@id":"https:\/\/truusk.store\/sv\/produkt\/truusk-matgruppsbord-med-stolar-industriell-design-110-cm-x-70-cm-x-75-cm-brun\/","url":"https:\/\/truusk.store\/sv\/produkt\/truusk-matgruppsbord-med-stolar-industriell-design-110-cm-x-70-cm-x-75-cm-brun\/","name":"TRUUSK Matgruppsbord med Stolar - Industriell Design - 110 cm x 70 cm x 75 cm - Brun - TRUUSK - Hem, Tr\u00e4dg\u00e5rd &amp; Fritid","isPartOf":{"@id":"https:\/\/truusk.store\/sv\/#website"},"primaryImageOfPage":{"@id":"https:\/\/truusk.store\/sv\/produkt\/truusk-matgruppsbord-med-stolar-industriell-design-110-cm-x-70-cm-x-75-cm-brun\/#primaryimage"},"image":{"@id":"https:\/\/truusk.store\/sv\/produkt\/truusk-matgruppsbord-med-stolar-industriell-design-110-cm-x-70-cm-x-75-cm-brun\/#primaryimage"},"thumbnailUrl":"https:\/\/i0.wp.com\/truusk.store\/wp-content\/uploads\/2024\/03\/matgruppsbord-med-stolar-matsalsbord-industriell-design-110-cm-x-70-cm-x-75-cm-brun.webp?fit=800%2C800&ssl=1","datePublished":"2024-03-02T19:30:10+00:00","dateModified":"2026-03-12T08:36:41+00:00","breadcrumb":{"@id":"https:\/\/truusk.store\/sv\/produkt\/truusk-matgruppsbord-med-stolar-industriell-design-110-cm-x-70-cm-x-75-cm-brun\/#breadcrumb"},"inLanguage":"sv-SE","potentialAction":[{"@type":"ReadAction","target":["https:\/\/truusk.store\/sv\/produkt\/truusk-matgruppsbord-med-stolar-industriell-design-110-cm-x-70-cm-x-75-cm-brun\/"]}]},{"@type":"ImageObject","inLanguage":"sv-SE","@id":"https:\/\/truusk.store\/sv\/produkt\/truusk-matgruppsbord-med-stolar-industriell-design-110-cm-x-70-cm-x-75-cm-brun\/#primaryimage","url":"https:\/\/i0.wp.com\/truusk.store\/wp-content\/uploads\/2024\/03\/matgruppsbord-med-stolar-matsalsbord-industriell-design-110-cm-x-70-cm-x-75-cm-brun.webp?fit=800%2C800&ssl=1","contentUrl":"https:\/\/i0.wp.com\/truusk.store\/wp-content\/uploads\/2024\/03\/matgruppsbord-med-stolar-matsalsbord-industriell-design-110-cm-x-70-cm-x-75-cm-brun.webp?fit=800%2C800&ssl=1","width":800,"height":800,"caption":"Matgruppsbord Med Stolar Matsalsbord, Industriell Design, 110 Cm X 70 Cm X 75 Cm, Brun 1"},{"@type":"BreadcrumbList","@id":"https:\/\/truusk.store\/sv\/produkt\/truusk-matgruppsbord-med-stolar-industriell-design-110-cm-x-70-cm-x-75-cm-brun\/#breadcrumb","itemListElement":[{"@type":"ListItem","position":1,"name":"Home","item":"https:\/\/truusk.store\/sv\/"},{"@type":"ListItem","position":2,"name":"Shop","item":"https:\/\/truusk.store\/shop\/"},{"@type":"ListItem","position":3,"name":"TRUUSK Matgruppsbord med Stolar &#8211; Industriell Design &#8211; 110 cm x 70 cm x 75 cm &#8211; Brun"}]},{"@type":"WebSite","@id":"https:\/\/truusk.store\/sv\/#website","url":"https:\/\/truusk.store\/sv\/","name":"TRUUSK - Hem, Tr\u00e4dg\u00e5rd & Fritid","description":"","publisher":{"@id":"https:\/\/truusk.store\/sv\/#organization"},"potentialAction":[{"@type":"SearchAction","target":{"@type":"EntryPoint","urlTemplate":"https:\/\/truusk.store\/sv\/?s={search_term_string}"},"query-input":{"@type":"PropertyValueSpecification","valueRequired":true,"valueName":"search_term_string"}}],"inLanguage":"sv-SE"},{"@type":"Organization","@id":"https:\/\/truusk.store\/sv\/#organization","name":"TRUUSK - Hem, Tr\u00e4dg\u00e5rd & Fritid","url":"https:\/\/truusk.store\/sv\/","logo":{"@type":"ImageObject","inLanguage":"sv-SE","@id":"https:\/\/truusk.store\/sv\/#\/schema\/logo\/image\/","url":"https:\/\/i0.wp.com\/truusk.store\/wp-content\/uploads\/2026\/03\/cropped-TRUUSK.png?fit=2032%2C917&ssl=1","contentUrl":"https:\/\/i0.wp.com\/truusk.store\/wp-content\/uploads\/2026\/03\/cropped-TRUUSK.png?fit=2032%2C917&ssl=1","width":2032,"height":917,"caption":"TRUUSK - Hem, Tr\u00e4dg\u00e5rd & Fritid"},"image":{"@id":"https:\/\/truusk.store\/sv\/#\/schema\/logo\/image\/"}}]}},"jetpack_sharing_enabled":true,"_links":{"self":[{"href":"https:\/\/truusk.store\/sv\/wp-json\/wp\/v2\/product\/51331","targetHints":{"allow":["GET"]}}],"collection":[{"href":"https:\/\/truusk.store\/sv\/wp-json\/wp\/v2\/product"}],"about":[{"href":"https:\/\/truusk.store\/sv\/wp-json\/wp\/v2\/types\/product"}],"wp:featuredmedia":[{"embeddable":true,"href":"https:\/\/truusk.store\/sv\/wp-json\/wp\/v2\/media\/51332"}],"wp:attachment":[{"href":"https:\/\/truusk.store\/sv\/wp-json\/wp\/v2\/media?parent=51331"}],"wp:term":[{"taxonomy":"product_brand","embeddable":true,"href":"https:\/\/truusk.store\/sv\/wp-json\/wp\/v2\/product_brand?post=51331"},{"taxonomy":"product_cat","embeddable":true,"href":"https:\/\/truusk.store\/sv\/wp-json\/wp\/v2\/product_cat?post=51331"},{"taxonomy":"product_tag","embeddable":true,"href":"https:\/\/truusk.store\/sv\/wp-json\/wp\/v2\/product_tag?post=51331"}],"curies":[{"name":"wp","href":"https:\/\/api.w.org\/{rel}","templated":true}]}}