{"id":51342,"date":"2024-03-02T20:40:11","date_gmt":"2024-03-02T19:40:11","guid":{"rendered":"https:\/\/truusk.store\/product\/sandlada-med-tak-lekhusdesign-med-leksaksset-gran-124x116x146cm-brun\/"},"modified":"2026-03-12T09:34:08","modified_gmt":"2026-03-12T08:34:08","slug":"truusk-sandlada-med-tak-lekhusdesign-inklusive-leksaksset-tillverkad-av-gran-matt-124x116x146cm-brun","status":"publish","type":"product","link":"https:\/\/truusk.store\/sv\/produkt\/truusk-sandlada-med-tak-lekhusdesign-inklusive-leksaksset-tillverkad-av-gran-matt-124x116x146cm-brun\/","title":{"rendered":"TRUUSK Sandl\u00e5da med tak &#8211; Lekhusdesign &#8211; Inklusive leksaksset &#8211; Tillverkad av gran &#8211; M\u00e5tt: 124x116x146cm &#8211; Brun"},"content":{"rendered":"<p>Med v\u00e5r fantasifulla sandl\u00e5da kan dina barn f\u00f6rdjupa sig i kreativa sandlekar i frisk luft samtidigt som de skyddas fr\u00e5n sol och duggregn. Den markfria designen s\u00e4kerst\u00e4ller att regnvatten snabbt rinner ned\u00e5t och sanden torkar snabbare. Sandl\u00e5dan har plats f\u00f6r 2 barn och upp till 113 kg sand, vilket g\u00f6r den idealisk f\u00f6r lektimmar med v\u00e4nner eller syskon. Bra extra: ett omfattande sandlekset!<\/p>\n<h3>Beskrivning:<\/h3>\n<ul>\n<li>Tillverkad av gran med en sl\u00e4t yta som s\u00e4kerst\u00e4ller en s\u00e4ker och bekv\u00e4m spelupplevelse<\/li>\n<li>Den lekfulla husdesignen stimulerar barns fantasi och uppmuntrar till kreativ lek<\/li>\n<li>Med bekv\u00e4ma s\u00e4ten f\u00f6r barn att vila och koppla av medan de leker<\/li>\n<li>Markfri konstruktion med tygfoder f\u00f6r dr\u00e4nering, luftning och justering av sanddjup f\u00f6r att s\u00e4kerst\u00e4lla en ren och anpassningsbar spelyta<\/li>\n<li>Ett v\u00e4derbest\u00e4ndigt tak ger tillf\u00f6rlitligt skydd mot sol och regn s\u00e5 att barn kan leka bekymmersfritt<\/li>\n<li>L\u00e4mplig f\u00f6r barn i \u00e5ldrarna 3 till 7 \u00e5r f\u00f6r att ge timmar av roliga och kreativa utomhusaktiviteter<\/li>\n<li>Montering kr\u00e4vs f\u00f6r att s\u00e4tta upp lekstugan snabbt och enkelt och anv\u00e4nda den omedelbart<\/li>\n<\/ul>\n<h3>Teknisk data:<\/h3>\n<ul>\n<li>F\u00e4rg: Brun+Bl\u00e5+Vit<\/li>\n<li>Material: gran<\/li>\n<li>\u00d6vergripande m\u00e5tt: 124L x 116W x 146H cm<\/li>\n<li>M\u00e5tt sandyta: 110L x 88W x 17H cm<\/li>\n<li>Sitsstorlek: 115L x 17W x 19H cm<\/li>\n<li>Kapell: 180L x 104W cm<\/li>\n<li>Sandkapacitet: 113 kg<\/li>\n<li>Lastkapacitet: 100 kg<\/li>\n<li>Rekommenderad\/kvalificerad \u00e5lder: 3-7 \u00e5r<\/li>\n<\/ul>\n<h3>Leveransens omfattning:<\/h3>\n<ul>\n<li>1 x sandl\u00e5da<\/li>\n<li>1 x manuell<\/li>\n<\/ul>\n","protected":false},"excerpt":{"rendered":"<p>Med v\u00e5r fantasifulla sandl\u00e5da kan dina barn f\u00f6rdjupa sig i kreativa sandlekar i frisk luft samtidigt som de skyddas fr\u00e5n&#8230;<\/p>\n","protected":false},"featured_media":51343,"template":"","meta":[],"product_brand":[],"product_cat":[609,620,616],"product_tag":[],"class_list":{"0":"post-51342","1":"product","2":"type-product","3":"status-publish","4":"has-post-thumbnail","6":"product_cat-baby-barn","7":"product_cat-sandlador-tillbehor","8":"product_cat-utomhusleksaker","10":"first","11":"instock","12":"sale","13":"taxable","14":"shipping-taxable","15":"purchasable","16":"product-type-simple"},"yoast_head":"<!-- This site is optimized with the Yoast SEO plugin v25.4 - https:\/\/yoast.com\/wordpress\/plugins\/seo\/ -->\n<title>TRUUSK Sandl\u00e5da med tak - Lekhusdesign - Inklusive leksaksset - Tillverkad av gran - M\u00e5tt: 124x116x146cm - Brun - TRUUSK - Hem, Tr\u00e4dg\u00e5rd &amp; Fritid<\/title>\n<meta name=\"robots\" content=\"index, follow, max-snippet:-1, max-image-preview:large, max-video-preview:-1\" \/>\n<link rel=\"canonical\" href=\"https:\/\/truusk.store\/sv\/produkt\/truusk-sandlada-med-tak-lekhusdesign-inklusive-leksaksset-tillverkad-av-gran-matt-124x116x146cm-brun\/\" \/>\n<meta property=\"og:locale\" content=\"sv_SE\" \/>\n<meta property=\"og:type\" content=\"article\" \/>\n<meta property=\"og:title\" content=\"TRUUSK Sandl\u00e5da med tak - Lekhusdesign - Inklusive leksaksset - Tillverkad av gran - M\u00e5tt: 124x116x146cm - Brun - TRUUSK - Hem, Tr\u00e4dg\u00e5rd &amp; Fritid\" \/>\n<meta property=\"og:description\" content=\"Med v\u00e5r fantasifulla sandl\u00e5da kan dina barn f\u00f6rdjupa sig i kreativa sandlekar i frisk luft samtidigt som de skyddas fr\u00e5n...\" \/>\n<meta property=\"og:url\" content=\"https:\/\/truusk.store\/sv\/produkt\/truusk-sandlada-med-tak-lekhusdesign-inklusive-leksaksset-tillverkad-av-gran-matt-124x116x146cm-brun\/\" \/>\n<meta property=\"og:site_name\" content=\"TRUUSK - Hem, Tr\u00e4dg\u00e5rd &amp; Fritid\" \/>\n<meta property=\"article:modified_time\" content=\"2026-03-12T08:34:08+00:00\" \/>\n<meta property=\"og:image\" content=\"https:\/\/i0.wp.com\/truusk.se\/wp-content\/uploads\/2024\/03\/sandlada-med-tak-lekhusdesign-med-leksaksset-gran-124x116x146cm-brun.webp?fit=800%2C800&ssl=1\" \/>\n\t<meta property=\"og:image:width\" content=\"800\" \/>\n\t<meta property=\"og:image:height\" content=\"800\" \/>\n\t<meta property=\"og:image:type\" content=\"image\/webp\" \/>\n<meta name=\"twitter:card\" content=\"summary_large_image\" \/>\n<meta name=\"twitter:label1\" content=\"Ber\u00e4knad l\u00e4stid\" \/>\n\t<meta name=\"twitter:data1\" content=\"1 minut\" \/>\n<!-- \/ Yoast SEO plugin. -->","yoast_head_json":{"title":"TRUUSK Sandl\u00e5da med tak - Lekhusdesign - Inklusive leksaksset - Tillverkad av gran - M\u00e5tt: 124x116x146cm - Brun - TRUUSK - Hem, Tr\u00e4dg\u00e5rd &amp; Fritid","robots":{"index":"index","follow":"follow","max-snippet":"max-snippet:-1","max-image-preview":"max-image-preview:large","max-video-preview":"max-video-preview:-1"},"canonical":"https:\/\/truusk.store\/sv\/produkt\/truusk-sandlada-med-tak-lekhusdesign-inklusive-leksaksset-tillverkad-av-gran-matt-124x116x146cm-brun\/","og_locale":"sv_SE","og_type":"article","og_title":"TRUUSK Sandl\u00e5da med tak - Lekhusdesign - Inklusive leksaksset - Tillverkad av gran - M\u00e5tt: 124x116x146cm - Brun - TRUUSK - Hem, Tr\u00e4dg\u00e5rd &amp; Fritid","og_description":"Med v\u00e5r fantasifulla sandl\u00e5da kan dina barn f\u00f6rdjupa sig i kreativa sandlekar i frisk luft samtidigt som de skyddas fr\u00e5n...","og_url":"https:\/\/truusk.store\/sv\/produkt\/truusk-sandlada-med-tak-lekhusdesign-inklusive-leksaksset-tillverkad-av-gran-matt-124x116x146cm-brun\/","og_site_name":"TRUUSK - Hem, Tr\u00e4dg\u00e5rd &amp; Fritid","article_modified_time":"2026-03-12T08:34:08+00:00","og_image":[{"width":800,"height":800,"url":"https:\/\/i0.wp.com\/truusk.se\/wp-content\/uploads\/2024\/03\/sandlada-med-tak-lekhusdesign-med-leksaksset-gran-124x116x146cm-brun.webp?fit=800%2C800&ssl=1","type":"image\/webp"}],"twitter_card":"summary_large_image","twitter_misc":{"Ber\u00e4knad l\u00e4stid":"1 minut"},"schema":{"@context":"https:\/\/schema.org","@graph":[{"@type":"WebPage","@id":"https:\/\/truusk.store\/sv\/produkt\/truusk-sandlada-med-tak-lekhusdesign-inklusive-leksaksset-tillverkad-av-gran-matt-124x116x146cm-brun\/","url":"https:\/\/truusk.store\/sv\/produkt\/truusk-sandlada-med-tak-lekhusdesign-inklusive-leksaksset-tillverkad-av-gran-matt-124x116x146cm-brun\/","name":"TRUUSK Sandl\u00e5da med tak - Lekhusdesign - Inklusive leksaksset - Tillverkad av gran - M\u00e5tt: 124x116x146cm - Brun - TRUUSK - Hem, Tr\u00e4dg\u00e5rd &amp; Fritid","isPartOf":{"@id":"https:\/\/truusk.store\/sv\/#website"},"primaryImageOfPage":{"@id":"https:\/\/truusk.store\/sv\/produkt\/truusk-sandlada-med-tak-lekhusdesign-inklusive-leksaksset-tillverkad-av-gran-matt-124x116x146cm-brun\/#primaryimage"},"image":{"@id":"https:\/\/truusk.store\/sv\/produkt\/truusk-sandlada-med-tak-lekhusdesign-inklusive-leksaksset-tillverkad-av-gran-matt-124x116x146cm-brun\/#primaryimage"},"thumbnailUrl":"https:\/\/i0.wp.com\/truusk.store\/wp-content\/uploads\/2024\/03\/sandlada-med-tak-lekhusdesign-med-leksaksset-gran-124x116x146cm-brun.webp?fit=800%2C800&ssl=1","datePublished":"2024-03-02T19:40:11+00:00","dateModified":"2026-03-12T08:34:08+00:00","breadcrumb":{"@id":"https:\/\/truusk.store\/sv\/produkt\/truusk-sandlada-med-tak-lekhusdesign-inklusive-leksaksset-tillverkad-av-gran-matt-124x116x146cm-brun\/#breadcrumb"},"inLanguage":"sv-SE","potentialAction":[{"@type":"ReadAction","target":["https:\/\/truusk.store\/sv\/produkt\/truusk-sandlada-med-tak-lekhusdesign-inklusive-leksaksset-tillverkad-av-gran-matt-124x116x146cm-brun\/"]}]},{"@type":"ImageObject","inLanguage":"sv-SE","@id":"https:\/\/truusk.store\/sv\/produkt\/truusk-sandlada-med-tak-lekhusdesign-inklusive-leksaksset-tillverkad-av-gran-matt-124x116x146cm-brun\/#primaryimage","url":"https:\/\/i0.wp.com\/truusk.store\/wp-content\/uploads\/2024\/03\/sandlada-med-tak-lekhusdesign-med-leksaksset-gran-124x116x146cm-brun.webp?fit=800%2C800&ssl=1","contentUrl":"https:\/\/i0.wp.com\/truusk.store\/wp-content\/uploads\/2024\/03\/sandlada-med-tak-lekhusdesign-med-leksaksset-gran-124x116x146cm-brun.webp?fit=800%2C800&ssl=1","width":800,"height":800,"caption":"Sandl\u00e5da Med Tak, Lekhusdesign, Med Leksaksset, Gran, 124x116x146cm, Brun 1"},{"@type":"BreadcrumbList","@id":"https:\/\/truusk.store\/sv\/produkt\/truusk-sandlada-med-tak-lekhusdesign-inklusive-leksaksset-tillverkad-av-gran-matt-124x116x146cm-brun\/#breadcrumb","itemListElement":[{"@type":"ListItem","position":1,"name":"Home","item":"https:\/\/truusk.store\/sv\/"},{"@type":"ListItem","position":2,"name":"Shop","item":"https:\/\/truusk.store\/shop\/"},{"@type":"ListItem","position":3,"name":"TRUUSK Sandl\u00e5da med tak &#8211; Lekhusdesign &#8211; Inklusive leksaksset &#8211; Tillverkad av gran &#8211; M\u00e5tt: 124x116x146cm &#8211; Brun"}]},{"@type":"WebSite","@id":"https:\/\/truusk.store\/sv\/#website","url":"https:\/\/truusk.store\/sv\/","name":"TRUUSK - Hem, Tr\u00e4dg\u00e5rd & Fritid","description":"","publisher":{"@id":"https:\/\/truusk.store\/sv\/#organization"},"potentialAction":[{"@type":"SearchAction","target":{"@type":"EntryPoint","urlTemplate":"https:\/\/truusk.store\/sv\/?s={search_term_string}"},"query-input":{"@type":"PropertyValueSpecification","valueRequired":true,"valueName":"search_term_string"}}],"inLanguage":"sv-SE"},{"@type":"Organization","@id":"https:\/\/truusk.store\/sv\/#organization","name":"TRUUSK - Hem, Tr\u00e4dg\u00e5rd & Fritid","url":"https:\/\/truusk.store\/sv\/","logo":{"@type":"ImageObject","inLanguage":"sv-SE","@id":"https:\/\/truusk.store\/sv\/#\/schema\/logo\/image\/","url":"https:\/\/i0.wp.com\/truusk.store\/wp-content\/uploads\/2026\/03\/cropped-TRUUSK.png?fit=2032%2C917&ssl=1","contentUrl":"https:\/\/i0.wp.com\/truusk.store\/wp-content\/uploads\/2026\/03\/cropped-TRUUSK.png?fit=2032%2C917&ssl=1","width":2032,"height":917,"caption":"TRUUSK - Hem, Tr\u00e4dg\u00e5rd & Fritid"},"image":{"@id":"https:\/\/truusk.store\/sv\/#\/schema\/logo\/image\/"}}]}},"jetpack_sharing_enabled":true,"_links":{"self":[{"href":"https:\/\/truusk.store\/sv\/wp-json\/wp\/v2\/product\/51342","targetHints":{"allow":["GET"]}}],"collection":[{"href":"https:\/\/truusk.store\/sv\/wp-json\/wp\/v2\/product"}],"about":[{"href":"https:\/\/truusk.store\/sv\/wp-json\/wp\/v2\/types\/product"}],"wp:featuredmedia":[{"embeddable":true,"href":"https:\/\/truusk.store\/sv\/wp-json\/wp\/v2\/media\/51343"}],"wp:attachment":[{"href":"https:\/\/truusk.store\/sv\/wp-json\/wp\/v2\/media?parent=51342"}],"wp:term":[{"taxonomy":"product_brand","embeddable":true,"href":"https:\/\/truusk.store\/sv\/wp-json\/wp\/v2\/product_brand?post=51342"},{"taxonomy":"product_cat","embeddable":true,"href":"https:\/\/truusk.store\/sv\/wp-json\/wp\/v2\/product_cat?post=51342"},{"taxonomy":"product_tag","embeddable":true,"href":"https:\/\/truusk.store\/sv\/wp-json\/wp\/v2\/product_tag?post=51342"}],"curies":[{"name":"wp","href":"https:\/\/api.w.org\/{rel}","templated":true}]}}