{"id":51353,"date":"2024-03-02T20:50:10","date_gmt":"2024-03-02T19:50:10","guid":{"rendered":"https:\/\/truusk.store\/product\/sandlada-med-lekkok-sple-2-vaxtlador-naturtra-154x80x60cm-gra\/"},"modified":"2026-03-12T09:34:07","modified_gmt":"2026-03-12T08:34:07","slug":"truusk-sandlada-med-lekkok-inkl-sple-2-vaxtlador-naturtra-154x80x60cm-gra","status":"publish","type":"product","link":"https:\/\/truusk.store\/sv\/produkt\/truusk-sandlada-med-lekkok-inkl-sple-2-vaxtlador-naturtra-154x80x60cm-gra\/","title":{"rendered":"TRUUSK Sandl\u00e5da med Lekk\u00f6k &#8211; Inkl. Sple, 2 V\u00e4xtl\u00e5dor &#8211; Naturtr\u00e4 &#8211; 154x80x60cm &#8211; Gr\u00e5"},"content":{"rendered":"<p>Denna sandl\u00e5da \u00e4r mer \u00e4n en sandl\u00e5da &#8211; det \u00e4r en kompakt \u00e4ventyrslekplats i din egen gr\u00f6na! Dina barn kommer att bli glada \u00f6ver denna sandl\u00e5da, speciellt om de har en passion f\u00f6r matlagningsspel, eftersom den inneh\u00e5ller ett roligt k\u00f6kselement och tv\u00e5 v\u00e4xtl\u00e5dor. Den mycket stabila ramen av naturligt tr\u00e4 garanterar s\u00e4kerhet och stabilitet i alla v\u00e4der. Tack vare det inre tygfodret dr\u00e4neras regnvatten bort fritt s\u00e5 att sanden torkar snabbare.<\/p>\n<h3>Beskrivning:<\/h3>\n<ul>\n<li>Tillverkad av sl\u00e4t gran f\u00f6r s\u00e4ker lek<\/li>\n<li>Med handfat och tv\u00e5 v\u00e4xtl\u00e5dor f\u00f6r \u00e4nnu roligare<\/li>\n<li>Har tv\u00e5 sittplatser f\u00f6r barn att vila p\u00e5<\/li>\n<li>Bottenl\u00f6s design f\u00f6r justering av dr\u00e4nering, luftning och sanddjup<\/li>\n<li>L\u00e4mplig f\u00f6r barn i \u00e5ldrarna 3-7 \u00e5r<\/li>\n<li>Montering kr\u00e4vs<\/li>\n<\/ul>\n<h3>Teknisk data:<\/h3>\n<ul>\n<li>F\u00e4rg gr\u00e5<\/li>\n<li>Material: gran<\/li>\n<li>\u00d6vergripande m\u00e5tt: 154L x 80W x 60H cm<\/li>\n<li>M\u00e5tt p\u00e5 sandyta: 77L x 108W x 20H cm<\/li>\n<li>Sitsstorlek: 80L x 20W x 22H cm<\/li>\n<li>V\u00e4xtl\u00e5da: 7,5 x 6H cm<\/li>\n<li>Mj\u00e4lk: 17L x 25W x 6,5H cm<\/li>\n<li>Sandkapacitet: 113 kg<\/li>\n<li>Lastkapacitet: 100 kg<\/li>\n<li>Rekommenderad \u00e5lder: 3-7 \u00e5r<\/li>\n<\/ul>\n<h3>Leveransens omfattning:<\/h3>\n<ul>\n<li>1 x sandl\u00e5da<\/li>\n<li>1 x manuell<\/li>\n<\/ul>\n","protected":false},"excerpt":{"rendered":"<p>Denna sandl\u00e5da \u00e4r mer \u00e4n en sandl\u00e5da &#8211; det \u00e4r en kompakt \u00e4ventyrslekplats i din egen gr\u00f6na! Dina barn kommer&#8230;<\/p>\n","protected":false},"featured_media":51354,"template":"","meta":[],"product_brand":[],"product_cat":[609,620,616],"product_tag":[],"class_list":{"0":"post-51353","1":"product","2":"type-product","3":"status-publish","4":"has-post-thumbnail","6":"product_cat-baby-barn","7":"product_cat-sandlador-tillbehor","8":"product_cat-utomhusleksaker","10":"first","11":"instock","12":"sale","13":"taxable","14":"shipping-taxable","15":"purchasable","16":"product-type-simple"},"yoast_head":"<!-- This site is optimized with the Yoast SEO plugin v25.4 - https:\/\/yoast.com\/wordpress\/plugins\/seo\/ -->\n<title>TRUUSK Sandl\u00e5da med Lekk\u00f6k - Inkl. Sple, 2 V\u00e4xtl\u00e5dor - Naturtr\u00e4 - 154x80x60cm - Gr\u00e5 - TRUUSK - Hem, Tr\u00e4dg\u00e5rd &amp; Fritid<\/title>\n<meta name=\"robots\" content=\"index, follow, max-snippet:-1, max-image-preview:large, max-video-preview:-1\" \/>\n<link rel=\"canonical\" href=\"https:\/\/truusk.store\/sv\/produkt\/truusk-sandlada-med-lekkok-inkl-sple-2-vaxtlador-naturtra-154x80x60cm-gra\/\" \/>\n<meta property=\"og:locale\" content=\"sv_SE\" \/>\n<meta property=\"og:type\" content=\"article\" \/>\n<meta property=\"og:title\" content=\"TRUUSK Sandl\u00e5da med Lekk\u00f6k - Inkl. Sple, 2 V\u00e4xtl\u00e5dor - Naturtr\u00e4 - 154x80x60cm - Gr\u00e5 - TRUUSK - Hem, Tr\u00e4dg\u00e5rd &amp; Fritid\" \/>\n<meta property=\"og:description\" content=\"Denna sandl\u00e5da \u00e4r mer \u00e4n en sandl\u00e5da &#8211; det \u00e4r en kompakt \u00e4ventyrslekplats i din egen gr\u00f6na! Dina barn kommer...\" \/>\n<meta property=\"og:url\" content=\"https:\/\/truusk.store\/sv\/produkt\/truusk-sandlada-med-lekkok-inkl-sple-2-vaxtlador-naturtra-154x80x60cm-gra\/\" \/>\n<meta property=\"og:site_name\" content=\"TRUUSK - Hem, Tr\u00e4dg\u00e5rd &amp; Fritid\" \/>\n<meta property=\"article:modified_time\" content=\"2026-03-12T08:34:07+00:00\" \/>\n<meta property=\"og:image\" content=\"https:\/\/i0.wp.com\/truusk.se\/wp-content\/uploads\/2024\/03\/sandlada-med-lekkok-sple-2-vaxtlador-naturtra-154x80x60cm-gra-1.webp?fit=800%2C800&ssl=1\" \/>\n\t<meta property=\"og:image:width\" content=\"800\" \/>\n\t<meta property=\"og:image:height\" content=\"800\" \/>\n\t<meta property=\"og:image:type\" content=\"image\/webp\" \/>\n<meta name=\"twitter:card\" content=\"summary_large_image\" \/>\n<meta name=\"twitter:label1\" content=\"Ber\u00e4knad l\u00e4stid\" \/>\n\t<meta name=\"twitter:data1\" content=\"1 minut\" \/>\n<!-- \/ Yoast SEO plugin. -->","yoast_head_json":{"title":"TRUUSK Sandl\u00e5da med Lekk\u00f6k - Inkl. Sple, 2 V\u00e4xtl\u00e5dor - Naturtr\u00e4 - 154x80x60cm - Gr\u00e5 - TRUUSK - Hem, Tr\u00e4dg\u00e5rd &amp; Fritid","robots":{"index":"index","follow":"follow","max-snippet":"max-snippet:-1","max-image-preview":"max-image-preview:large","max-video-preview":"max-video-preview:-1"},"canonical":"https:\/\/truusk.store\/sv\/produkt\/truusk-sandlada-med-lekkok-inkl-sple-2-vaxtlador-naturtra-154x80x60cm-gra\/","og_locale":"sv_SE","og_type":"article","og_title":"TRUUSK Sandl\u00e5da med Lekk\u00f6k - Inkl. Sple, 2 V\u00e4xtl\u00e5dor - Naturtr\u00e4 - 154x80x60cm - Gr\u00e5 - TRUUSK - Hem, Tr\u00e4dg\u00e5rd &amp; Fritid","og_description":"Denna sandl\u00e5da \u00e4r mer \u00e4n en sandl\u00e5da &#8211; det \u00e4r en kompakt \u00e4ventyrslekplats i din egen gr\u00f6na! Dina barn kommer...","og_url":"https:\/\/truusk.store\/sv\/produkt\/truusk-sandlada-med-lekkok-inkl-sple-2-vaxtlador-naturtra-154x80x60cm-gra\/","og_site_name":"TRUUSK - Hem, Tr\u00e4dg\u00e5rd &amp; Fritid","article_modified_time":"2026-03-12T08:34:07+00:00","og_image":[{"width":800,"height":800,"url":"https:\/\/i0.wp.com\/truusk.se\/wp-content\/uploads\/2024\/03\/sandlada-med-lekkok-sple-2-vaxtlador-naturtra-154x80x60cm-gra-1.webp?fit=800%2C800&ssl=1","type":"image\/webp"}],"twitter_card":"summary_large_image","twitter_misc":{"Ber\u00e4knad l\u00e4stid":"1 minut"},"schema":{"@context":"https:\/\/schema.org","@graph":[{"@type":"WebPage","@id":"https:\/\/truusk.store\/sv\/produkt\/truusk-sandlada-med-lekkok-inkl-sple-2-vaxtlador-naturtra-154x80x60cm-gra\/","url":"https:\/\/truusk.store\/sv\/produkt\/truusk-sandlada-med-lekkok-inkl-sple-2-vaxtlador-naturtra-154x80x60cm-gra\/","name":"TRUUSK Sandl\u00e5da med Lekk\u00f6k - Inkl. Sple, 2 V\u00e4xtl\u00e5dor - Naturtr\u00e4 - 154x80x60cm - Gr\u00e5 - TRUUSK - Hem, Tr\u00e4dg\u00e5rd &amp; Fritid","isPartOf":{"@id":"https:\/\/truusk.store\/sv\/#website"},"primaryImageOfPage":{"@id":"https:\/\/truusk.store\/sv\/produkt\/truusk-sandlada-med-lekkok-inkl-sple-2-vaxtlador-naturtra-154x80x60cm-gra\/#primaryimage"},"image":{"@id":"https:\/\/truusk.store\/sv\/produkt\/truusk-sandlada-med-lekkok-inkl-sple-2-vaxtlador-naturtra-154x80x60cm-gra\/#primaryimage"},"thumbnailUrl":"https:\/\/i0.wp.com\/truusk.store\/wp-content\/uploads\/2024\/03\/sandlada-med-lekkok-sple-2-vaxtlador-naturtra-154x80x60cm-gra-1.webp?fit=800%2C800&ssl=1","datePublished":"2024-03-02T19:50:10+00:00","dateModified":"2026-03-12T08:34:07+00:00","breadcrumb":{"@id":"https:\/\/truusk.store\/sv\/produkt\/truusk-sandlada-med-lekkok-inkl-sple-2-vaxtlador-naturtra-154x80x60cm-gra\/#breadcrumb"},"inLanguage":"sv-SE","potentialAction":[{"@type":"ReadAction","target":["https:\/\/truusk.store\/sv\/produkt\/truusk-sandlada-med-lekkok-inkl-sple-2-vaxtlador-naturtra-154x80x60cm-gra\/"]}]},{"@type":"ImageObject","inLanguage":"sv-SE","@id":"https:\/\/truusk.store\/sv\/produkt\/truusk-sandlada-med-lekkok-inkl-sple-2-vaxtlador-naturtra-154x80x60cm-gra\/#primaryimage","url":"https:\/\/i0.wp.com\/truusk.store\/wp-content\/uploads\/2024\/03\/sandlada-med-lekkok-sple-2-vaxtlador-naturtra-154x80x60cm-gra-1.webp?fit=800%2C800&ssl=1","contentUrl":"https:\/\/i0.wp.com\/truusk.store\/wp-content\/uploads\/2024\/03\/sandlada-med-lekkok-sple-2-vaxtlador-naturtra-154x80x60cm-gra-1.webp?fit=800%2C800&ssl=1","width":800,"height":800,"caption":"Sandl\u00e5da Med Lekk\u00f6k, Sple, 2 V\u00e4xtl\u00e5dor, Naturtr\u00e4, 154x80x60cm, Gr\u00e5 1"},{"@type":"BreadcrumbList","@id":"https:\/\/truusk.store\/sv\/produkt\/truusk-sandlada-med-lekkok-inkl-sple-2-vaxtlador-naturtra-154x80x60cm-gra\/#breadcrumb","itemListElement":[{"@type":"ListItem","position":1,"name":"Home","item":"https:\/\/truusk.store\/sv\/"},{"@type":"ListItem","position":2,"name":"Shop","item":"https:\/\/truusk.store\/shop\/"},{"@type":"ListItem","position":3,"name":"TRUUSK Sandl\u00e5da med Lekk\u00f6k &#8211; Inkl. Sple, 2 V\u00e4xtl\u00e5dor &#8211; Naturtr\u00e4 &#8211; 154x80x60cm &#8211; Gr\u00e5"}]},{"@type":"WebSite","@id":"https:\/\/truusk.store\/sv\/#website","url":"https:\/\/truusk.store\/sv\/","name":"TRUUSK - Hem, Tr\u00e4dg\u00e5rd & Fritid","description":"","publisher":{"@id":"https:\/\/truusk.store\/sv\/#organization"},"potentialAction":[{"@type":"SearchAction","target":{"@type":"EntryPoint","urlTemplate":"https:\/\/truusk.store\/sv\/?s={search_term_string}"},"query-input":{"@type":"PropertyValueSpecification","valueRequired":true,"valueName":"search_term_string"}}],"inLanguage":"sv-SE"},{"@type":"Organization","@id":"https:\/\/truusk.store\/sv\/#organization","name":"TRUUSK - Hem, Tr\u00e4dg\u00e5rd & Fritid","url":"https:\/\/truusk.store\/sv\/","logo":{"@type":"ImageObject","inLanguage":"sv-SE","@id":"https:\/\/truusk.store\/sv\/#\/schema\/logo\/image\/","url":"https:\/\/i0.wp.com\/truusk.store\/wp-content\/uploads\/2026\/03\/cropped-TRUUSK.png?fit=2032%2C917&ssl=1","contentUrl":"https:\/\/i0.wp.com\/truusk.store\/wp-content\/uploads\/2026\/03\/cropped-TRUUSK.png?fit=2032%2C917&ssl=1","width":2032,"height":917,"caption":"TRUUSK - Hem, Tr\u00e4dg\u00e5rd & Fritid"},"image":{"@id":"https:\/\/truusk.store\/sv\/#\/schema\/logo\/image\/"}}]}},"jetpack_sharing_enabled":true,"_links":{"self":[{"href":"https:\/\/truusk.store\/sv\/wp-json\/wp\/v2\/product\/51353","targetHints":{"allow":["GET"]}}],"collection":[{"href":"https:\/\/truusk.store\/sv\/wp-json\/wp\/v2\/product"}],"about":[{"href":"https:\/\/truusk.store\/sv\/wp-json\/wp\/v2\/types\/product"}],"wp:featuredmedia":[{"embeddable":true,"href":"https:\/\/truusk.store\/sv\/wp-json\/wp\/v2\/media\/51354"}],"wp:attachment":[{"href":"https:\/\/truusk.store\/sv\/wp-json\/wp\/v2\/media?parent=51353"}],"wp:term":[{"taxonomy":"product_brand","embeddable":true,"href":"https:\/\/truusk.store\/sv\/wp-json\/wp\/v2\/product_brand?post=51353"},{"taxonomy":"product_cat","embeddable":true,"href":"https:\/\/truusk.store\/sv\/wp-json\/wp\/v2\/product_cat?post=51353"},{"taxonomy":"product_tag","embeddable":true,"href":"https:\/\/truusk.store\/sv\/wp-json\/wp\/v2\/product_tag?post=51353"}],"curies":[{"name":"wp","href":"https:\/\/api.w.org\/{rel}","templated":true}]}}