{"id":51363,"date":"2024-03-02T21:00:11","date_gmt":"2024-03-02T20:00:11","guid":{"rendered":"https:\/\/truusk.store\/product\/skoskap-sko-byra-skostall-4-hyllor-1-skap-83-cm-x-30-cm-x-90-cm-vit\/"},"modified":"2026-03-12T09:36:41","modified_gmt":"2026-03-12T08:36:41","slug":"truusk-skohylla-med-skap-4-hyllor-forvaring-vit-83-cm-x-30-cm-x-90-cm","status":"publish","type":"product","link":"https:\/\/truusk.store\/sv\/produkt\/truusk-skohylla-med-skap-4-hyllor-forvaring-vit-83-cm-x-30-cm-x-90-cm\/","title":{"rendered":"TRUUSK Skohylla med Sk\u00e5p &#8211; 4 Hyllor &#8211; F\u00f6rvaring &#8211; Vit &#8211; 83 cm x 30 cm x 90 cm"},"content":{"rendered":"<p>Detta skosk\u00e5p \u00e4r ett sant mirakel f\u00f6r f\u00f6rvaringsutrymme. De tre hyllorna inuti rymmer upp till 12 par skor och de fyra extra facken kan anv\u00e4ndas f\u00f6r att f\u00f6rvara skoputsmaterial, tillbeh\u00f6r och tillbeh\u00f6r. Den minimalistiska designen passar m\u00e5nga inredningsstilar. Denna smarta f\u00f6rvaringsl\u00f6sning erbjuder gott om utrymme och \u00e4r d\u00e4rf\u00f6r en optimal l\u00f6sning f\u00f6r f\u00f6rvaring av skor.<\/p>\n<h3>Beskrivning:<\/h3>\n<ul>\n<li>N\u00e4stan max 12 par skor<\/li>\n<li>Minimalistisk, modern stil som passar m\u00e5nga olika hem- och kontorsmilj\u00f6er<\/li>\n<li>Robust, l\u00e4ttsk\u00f6tt och h\u00e5llbart material<\/li>\n<li>Utrustad med hylla, \u00f6ppna hyllor med 4 plan och ett sk\u00e5p som ger gott om f\u00f6rvaringsutrymme<\/li>\n<li>Den inre hyllv\u00e4ggen kan placeras i olika l\u00e4gen<\/li>\n<li>Tippskydd ger extra s\u00e4kerhet<\/li>\n<li>Montering kr\u00e4vs<\/li>\n<\/ul>\n<h3>Teknisk data:<\/h3>\n<ul>\n<li>Material: sp\u00e5nskiva, aluminiumlegering<\/li>\n<li>F\u00e4rg vit<\/li>\n<li>\u00d6vergripande m\u00e5tt: 83L x 30W x 90H cm<\/li>\n<li>Bordsskivans storlek: 79L x 28W x 81H cm<\/li>\n<li>V\u00e4nster hyllplan storlek: 55,5W x 28D x 13\/18\/18\/16H cm<\/li>\n<li>H\u00f6ger hyllstorlek: 23W x 28D x 13\/18\/18\/16H cm<\/li>\n<li>Viktkapacitet: 25 kg<\/li>\n<li>Obs: Ej l\u00e4mplig f\u00f6r skor st\u00f6rre \u00e4n 42<\/li>\n<\/ul>\n<h3>Leveransens omfattning:<\/h3>\n<ul>\n<li>1x skosk\u00e5p<\/li>\n<li>Inkluderar f\u00e4stmaterial f\u00f6r montering<\/li>\n<li>1x monteringsanvisning<\/li>\n<\/ul>\n","protected":false},"excerpt":{"rendered":"<p>Detta skosk\u00e5p \u00e4r ett sant mirakel f\u00f6r f\u00f6rvaringsutrymme. De tre hyllorna inuti rymmer upp till 12 par skor och de&#8230;<\/p>\n","protected":false},"featured_media":51364,"template":"","meta":[],"product_brand":[],"product_cat":[485,528,530],"product_tag":[],"class_list":{"0":"post-51363","1":"product","2":"type-product","3":"status-publish","4":"has-post-thumbnail","6":"product_cat-hus-bo","7":"product_cat-skap-byraer","8":"product_cat-skoskap","10":"first","11":"instock","12":"sale","13":"taxable","14":"shipping-taxable","15":"purchasable","16":"product-type-simple"},"yoast_head":"<!-- This site is optimized with the Yoast SEO plugin v25.4 - https:\/\/yoast.com\/wordpress\/plugins\/seo\/ -->\n<title>TRUUSK Skohylla med Sk\u00e5p - 4 Hyllor - F\u00f6rvaring - Vit - 83 cm x 30 cm x 90 cm - TRUUSK - Hem, Tr\u00e4dg\u00e5rd &amp; Fritid<\/title>\n<meta name=\"robots\" content=\"index, follow, max-snippet:-1, max-image-preview:large, max-video-preview:-1\" \/>\n<link rel=\"canonical\" href=\"https:\/\/truusk.store\/sv\/produkt\/truusk-skohylla-med-skap-4-hyllor-forvaring-vit-83-cm-x-30-cm-x-90-cm\/\" \/>\n<meta property=\"og:locale\" content=\"sv_SE\" \/>\n<meta property=\"og:type\" content=\"article\" \/>\n<meta property=\"og:title\" content=\"TRUUSK Skohylla med Sk\u00e5p - 4 Hyllor - F\u00f6rvaring - Vit - 83 cm x 30 cm x 90 cm - TRUUSK - Hem, Tr\u00e4dg\u00e5rd &amp; Fritid\" \/>\n<meta property=\"og:description\" content=\"Detta skosk\u00e5p \u00e4r ett sant mirakel f\u00f6r f\u00f6rvaringsutrymme. De tre hyllorna inuti rymmer upp till 12 par skor och de...\" \/>\n<meta property=\"og:url\" content=\"https:\/\/truusk.store\/sv\/produkt\/truusk-skohylla-med-skap-4-hyllor-forvaring-vit-83-cm-x-30-cm-x-90-cm\/\" \/>\n<meta property=\"og:site_name\" content=\"TRUUSK - Hem, Tr\u00e4dg\u00e5rd &amp; Fritid\" \/>\n<meta property=\"article:modified_time\" content=\"2026-03-12T08:36:41+00:00\" \/>\n<meta property=\"og:image\" content=\"https:\/\/i0.wp.com\/truusk.se\/wp-content\/uploads\/2024\/03\/skoskap-sko-byra-skostall-4-hyllor-1-skap-83-cm-x-30-cm-x-90-cm-vit-3.webp?fit=800%2C800&ssl=1\" \/>\n\t<meta property=\"og:image:width\" content=\"800\" \/>\n\t<meta property=\"og:image:height\" content=\"800\" \/>\n\t<meta property=\"og:image:type\" content=\"image\/webp\" \/>\n<meta name=\"twitter:card\" content=\"summary_large_image\" \/>\n<meta name=\"twitter:label1\" content=\"Ber\u00e4knad l\u00e4stid\" \/>\n\t<meta name=\"twitter:data1\" content=\"1 minut\" \/>\n<!-- \/ Yoast SEO plugin. -->","yoast_head_json":{"title":"TRUUSK Skohylla med Sk\u00e5p - 4 Hyllor - F\u00f6rvaring - Vit - 83 cm x 30 cm x 90 cm - TRUUSK - Hem, Tr\u00e4dg\u00e5rd &amp; Fritid","robots":{"index":"index","follow":"follow","max-snippet":"max-snippet:-1","max-image-preview":"max-image-preview:large","max-video-preview":"max-video-preview:-1"},"canonical":"https:\/\/truusk.store\/sv\/produkt\/truusk-skohylla-med-skap-4-hyllor-forvaring-vit-83-cm-x-30-cm-x-90-cm\/","og_locale":"sv_SE","og_type":"article","og_title":"TRUUSK Skohylla med Sk\u00e5p - 4 Hyllor - F\u00f6rvaring - Vit - 83 cm x 30 cm x 90 cm - TRUUSK - Hem, Tr\u00e4dg\u00e5rd &amp; Fritid","og_description":"Detta skosk\u00e5p \u00e4r ett sant mirakel f\u00f6r f\u00f6rvaringsutrymme. De tre hyllorna inuti rymmer upp till 12 par skor och de...","og_url":"https:\/\/truusk.store\/sv\/produkt\/truusk-skohylla-med-skap-4-hyllor-forvaring-vit-83-cm-x-30-cm-x-90-cm\/","og_site_name":"TRUUSK - Hem, Tr\u00e4dg\u00e5rd &amp; Fritid","article_modified_time":"2026-03-12T08:36:41+00:00","og_image":[{"width":800,"height":800,"url":"https:\/\/i0.wp.com\/truusk.se\/wp-content\/uploads\/2024\/03\/skoskap-sko-byra-skostall-4-hyllor-1-skap-83-cm-x-30-cm-x-90-cm-vit-3.webp?fit=800%2C800&ssl=1","type":"image\/webp"}],"twitter_card":"summary_large_image","twitter_misc":{"Ber\u00e4knad l\u00e4stid":"1 minut"},"schema":{"@context":"https:\/\/schema.org","@graph":[{"@type":"WebPage","@id":"https:\/\/truusk.store\/sv\/produkt\/truusk-skohylla-med-skap-4-hyllor-forvaring-vit-83-cm-x-30-cm-x-90-cm\/","url":"https:\/\/truusk.store\/sv\/produkt\/truusk-skohylla-med-skap-4-hyllor-forvaring-vit-83-cm-x-30-cm-x-90-cm\/","name":"TRUUSK Skohylla med Sk\u00e5p - 4 Hyllor - F\u00f6rvaring - Vit - 83 cm x 30 cm x 90 cm - TRUUSK - Hem, Tr\u00e4dg\u00e5rd &amp; Fritid","isPartOf":{"@id":"https:\/\/truusk.store\/sv\/#website"},"primaryImageOfPage":{"@id":"https:\/\/truusk.store\/sv\/produkt\/truusk-skohylla-med-skap-4-hyllor-forvaring-vit-83-cm-x-30-cm-x-90-cm\/#primaryimage"},"image":{"@id":"https:\/\/truusk.store\/sv\/produkt\/truusk-skohylla-med-skap-4-hyllor-forvaring-vit-83-cm-x-30-cm-x-90-cm\/#primaryimage"},"thumbnailUrl":"https:\/\/i0.wp.com\/truusk.store\/wp-content\/uploads\/2024\/03\/skoskap-sko-byra-skostall-4-hyllor-1-skap-83-cm-x-30-cm-x-90-cm-vit-3.webp?fit=800%2C800&ssl=1","datePublished":"2024-03-02T20:00:11+00:00","dateModified":"2026-03-12T08:36:41+00:00","breadcrumb":{"@id":"https:\/\/truusk.store\/sv\/produkt\/truusk-skohylla-med-skap-4-hyllor-forvaring-vit-83-cm-x-30-cm-x-90-cm\/#breadcrumb"},"inLanguage":"sv-SE","potentialAction":[{"@type":"ReadAction","target":["https:\/\/truusk.store\/sv\/produkt\/truusk-skohylla-med-skap-4-hyllor-forvaring-vit-83-cm-x-30-cm-x-90-cm\/"]}]},{"@type":"ImageObject","inLanguage":"sv-SE","@id":"https:\/\/truusk.store\/sv\/produkt\/truusk-skohylla-med-skap-4-hyllor-forvaring-vit-83-cm-x-30-cm-x-90-cm\/#primaryimage","url":"https:\/\/i0.wp.com\/truusk.store\/wp-content\/uploads\/2024\/03\/skoskap-sko-byra-skostall-4-hyllor-1-skap-83-cm-x-30-cm-x-90-cm-vit-3.webp?fit=800%2C800&ssl=1","contentUrl":"https:\/\/i0.wp.com\/truusk.store\/wp-content\/uploads\/2024\/03\/skoskap-sko-byra-skostall-4-hyllor-1-skap-83-cm-x-30-cm-x-90-cm-vit-3.webp?fit=800%2C800&ssl=1","width":800,"height":800,"caption":"Skosk\u00e5p Sko Byr\u00e5 Skost\u00e4ll, 4 Hyllor. 1 Sk\u00e5p, 83 Cm X 30 Cm X 90 Cm, Vit 1"},{"@type":"BreadcrumbList","@id":"https:\/\/truusk.store\/sv\/produkt\/truusk-skohylla-med-skap-4-hyllor-forvaring-vit-83-cm-x-30-cm-x-90-cm\/#breadcrumb","itemListElement":[{"@type":"ListItem","position":1,"name":"Home","item":"https:\/\/truusk.store\/sv\/"},{"@type":"ListItem","position":2,"name":"Shop","item":"https:\/\/truusk.store\/shop\/"},{"@type":"ListItem","position":3,"name":"TRUUSK Skohylla med Sk\u00e5p &#8211; 4 Hyllor &#8211; F\u00f6rvaring &#8211; Vit &#8211; 83 cm x 30 cm x 90 cm"}]},{"@type":"WebSite","@id":"https:\/\/truusk.store\/sv\/#website","url":"https:\/\/truusk.store\/sv\/","name":"TRUUSK - Hem, Tr\u00e4dg\u00e5rd & Fritid","description":"","publisher":{"@id":"https:\/\/truusk.store\/sv\/#organization"},"potentialAction":[{"@type":"SearchAction","target":{"@type":"EntryPoint","urlTemplate":"https:\/\/truusk.store\/sv\/?s={search_term_string}"},"query-input":{"@type":"PropertyValueSpecification","valueRequired":true,"valueName":"search_term_string"}}],"inLanguage":"sv-SE"},{"@type":"Organization","@id":"https:\/\/truusk.store\/sv\/#organization","name":"TRUUSK - Hem, Tr\u00e4dg\u00e5rd & Fritid","url":"https:\/\/truusk.store\/sv\/","logo":{"@type":"ImageObject","inLanguage":"sv-SE","@id":"https:\/\/truusk.store\/sv\/#\/schema\/logo\/image\/","url":"https:\/\/i0.wp.com\/truusk.store\/wp-content\/uploads\/2026\/03\/cropped-TRUUSK.png?fit=2032%2C917&ssl=1","contentUrl":"https:\/\/i0.wp.com\/truusk.store\/wp-content\/uploads\/2026\/03\/cropped-TRUUSK.png?fit=2032%2C917&ssl=1","width":2032,"height":917,"caption":"TRUUSK - Hem, Tr\u00e4dg\u00e5rd & Fritid"},"image":{"@id":"https:\/\/truusk.store\/sv\/#\/schema\/logo\/image\/"}}]}},"jetpack_sharing_enabled":true,"_links":{"self":[{"href":"https:\/\/truusk.store\/sv\/wp-json\/wp\/v2\/product\/51363","targetHints":{"allow":["GET"]}}],"collection":[{"href":"https:\/\/truusk.store\/sv\/wp-json\/wp\/v2\/product"}],"about":[{"href":"https:\/\/truusk.store\/sv\/wp-json\/wp\/v2\/types\/product"}],"wp:featuredmedia":[{"embeddable":true,"href":"https:\/\/truusk.store\/sv\/wp-json\/wp\/v2\/media\/51364"}],"wp:attachment":[{"href":"https:\/\/truusk.store\/sv\/wp-json\/wp\/v2\/media?parent=51363"}],"wp:term":[{"taxonomy":"product_brand","embeddable":true,"href":"https:\/\/truusk.store\/sv\/wp-json\/wp\/v2\/product_brand?post=51363"},{"taxonomy":"product_cat","embeddable":true,"href":"https:\/\/truusk.store\/sv\/wp-json\/wp\/v2\/product_cat?post=51363"},{"taxonomy":"product_tag","embeddable":true,"href":"https:\/\/truusk.store\/sv\/wp-json\/wp\/v2\/product_tag?post=51363"}],"curies":[{"name":"wp","href":"https:\/\/api.w.org\/{rel}","templated":true}]}}