{"id":51381,"date":"2024-03-02T21:20:12","date_gmt":"2024-03-02T20:20:12","guid":{"rendered":"https:\/\/truusk.store\/product\/koksskap-koksbuffeskap-lantlig-stil-2-skap-2-hyllor-70cm-x-40cm-x-170cm-vit-svart\/"},"modified":"2026-03-12T09:36:40","modified_gmt":"2026-03-12T08:36:40","slug":"truusk-koksbuffeskap-lantlig-stil-2-skap-2-hyllor-70cm-x-40cm-x-170cm-vit-svart","status":"publish","type":"product","link":"https:\/\/truusk.store\/sv\/produkt\/truusk-koksbuffeskap-lantlig-stil-2-skap-2-hyllor-70cm-x-40cm-x-170cm-vit-svart\/","title":{"rendered":"TRUUSK K\u00f6ksbuff\u00e9sk\u00e5p &#8211; Lantlig Stil &#8211; 2 Sk\u00e5p &#8211; 2 Hyllor &#8211; 70cm X 40cm X 170cm &#8211; Vit + Svart"},"content":{"rendered":"<p>Med detta f\u00f6rvaringssk\u00e5p f\u00e5r du mycket extra utrymme. F\u00f6rbi \u00e4r de dagar d\u00e5 grytor och kastruller staplades ovanp\u00e5 varandra och man var tvungen att flytta dem f\u00f6r att komma till den ena krukan p\u00e5 baksidan. Denna k\u00f6ksbuff\u00e9 ger dig det utrymme du beh\u00f6ver f\u00f6r att h\u00e5lla ordning och \u00e4nd\u00e5 ha allt l\u00e4ttillg\u00e4ngligt. Med detta buff\u00e9sk\u00e5p har du mer tid f\u00f6r matlagning och underh\u00e5llning.<\/p>\n<h3>Beskrivning:<\/h3>\n<ul>\n<li>Enkel design av vitrinsk\u00e5pet i lantlig stil med metallhandtag i antik look<\/li>\n<li>4 hyllor med vardera 5 fack ger gott om plats f\u00f6r tallrikar, kastruller, stekpannor och mat<\/li>\n<li>Det \u00f6ppna mittfacket i universalsk\u00e5pet kan anv\u00e4ndas f\u00f6r k\u00f6ksapparater som en mikrov\u00e5gsugn eller kaffemaskin<\/li>\n<li>Justerbara g\u00e5ngj\u00e4rn f\u00f6r b\u00e4ttre komfort<\/li>\n<li>\u00d6ppningen f\u00f6r kabelhantering s\u00e4kerst\u00e4ller ordning och s\u00e4kerhet<\/li>\n<li>Tippskyddsrem p\u00e5 baksidan f\u00f6rhindrar att den v\u00e4lter<\/li>\n<li>Skapar ytterligare f\u00f6rvaringsutrymme i k\u00f6k, vardagsrum och matsal<\/li>\n<li>Montering kr\u00e4vs<\/li>\n<\/ul>\n<h3>Teknisk data:<\/h3>\n<ul>\n<li>F\u00e4rg vit<\/li>\n<li>Material: sp\u00e5nskiva<\/li>\n<li>Totala m\u00e5tt: 70W x 40D x 170H cm<\/li>\n<li>\u00d6versk\u00e5psstorlek (inv\u00e4ndigt): 67W x 38,5D x 27H cm<\/li>\n<li>\u00d6ppen hylla storlek: 67W x 38,5D x 35,2Hcm<\/li>\n<li>Storlek undersk\u00e5p (inuti): 67W x 36,5D x 57Hcm<\/li>\n<li>Hyllstorlek: 67W x 36,5Tcm<\/li>\n<li>Viktkapacitet: 60 kg (totalt), 10 kg (per hylla)<\/li>\n<\/ul>\n<h3>Leveransens omfattning:<\/h3>\n<ul>\n<li>1 x K\u00f6kssk\u00e5p<\/li>\n<li>1 x manuell<\/li>\n<\/ul>\n","protected":false},"excerpt":{"rendered":"<p>Med detta f\u00f6rvaringssk\u00e5p f\u00e5r du mycket extra utrymme. F\u00f6rbi \u00e4r de dagar d\u00e5 grytor och kastruller staplades ovanp\u00e5 varandra och&#8230;<\/p>\n","protected":false},"featured_media":51382,"template":"","meta":[],"product_brand":[],"product_cat":[485,534,528],"product_tag":[],"class_list":{"0":"post-51381","1":"product","2":"type-product","3":"status-publish","4":"has-post-thumbnail","6":"product_cat-hus-bo","7":"product_cat-koksskap","8":"product_cat-skap-byraer","10":"first","11":"instock","12":"sale","13":"taxable","14":"shipping-taxable","15":"purchasable","16":"product-type-simple"},"yoast_head":"<!-- This site is optimized with the Yoast SEO plugin v25.4 - https:\/\/yoast.com\/wordpress\/plugins\/seo\/ -->\n<title>TRUUSK K\u00f6ksbuff\u00e9sk\u00e5p - Lantlig Stil - 2 Sk\u00e5p - 2 Hyllor - 70cm X 40cm X 170cm - Vit + Svart - TRUUSK - Hem, Tr\u00e4dg\u00e5rd &amp; Fritid<\/title>\n<meta name=\"robots\" content=\"index, follow, max-snippet:-1, max-image-preview:large, max-video-preview:-1\" \/>\n<link rel=\"canonical\" href=\"https:\/\/truusk.store\/sv\/produkt\/truusk-koksbuffeskap-lantlig-stil-2-skap-2-hyllor-70cm-x-40cm-x-170cm-vit-svart\/\" \/>\n<meta property=\"og:locale\" content=\"sv_SE\" \/>\n<meta property=\"og:type\" content=\"article\" \/>\n<meta property=\"og:title\" content=\"TRUUSK K\u00f6ksbuff\u00e9sk\u00e5p - Lantlig Stil - 2 Sk\u00e5p - 2 Hyllor - 70cm X 40cm X 170cm - Vit + Svart - TRUUSK - Hem, Tr\u00e4dg\u00e5rd &amp; Fritid\" \/>\n<meta property=\"og:description\" content=\"Med detta f\u00f6rvaringssk\u00e5p f\u00e5r du mycket extra utrymme. F\u00f6rbi \u00e4r de dagar d\u00e5 grytor och kastruller staplades ovanp\u00e5 varandra och...\" \/>\n<meta property=\"og:url\" content=\"https:\/\/truusk.store\/sv\/produkt\/truusk-koksbuffeskap-lantlig-stil-2-skap-2-hyllor-70cm-x-40cm-x-170cm-vit-svart\/\" \/>\n<meta property=\"og:site_name\" content=\"TRUUSK - Hem, Tr\u00e4dg\u00e5rd &amp; Fritid\" \/>\n<meta property=\"article:modified_time\" content=\"2026-03-12T08:36:40+00:00\" \/>\n<meta property=\"og:image\" content=\"https:\/\/i0.wp.com\/truusk.se\/wp-content\/uploads\/2024\/03\/koksskap-koksbuffeskap-lantlig-stil-2-skap-2-hyllor-70cm-x-40cm-x-170cm-vit-svart.webp?fit=800%2C800&ssl=1\" \/>\n\t<meta property=\"og:image:width\" content=\"800\" \/>\n\t<meta property=\"og:image:height\" content=\"800\" \/>\n\t<meta property=\"og:image:type\" content=\"image\/webp\" \/>\n<meta name=\"twitter:card\" content=\"summary_large_image\" \/>\n<meta name=\"twitter:label1\" content=\"Ber\u00e4knad l\u00e4stid\" \/>\n\t<meta name=\"twitter:data1\" content=\"1 minut\" \/>\n<!-- \/ Yoast SEO plugin. -->","yoast_head_json":{"title":"TRUUSK K\u00f6ksbuff\u00e9sk\u00e5p - Lantlig Stil - 2 Sk\u00e5p - 2 Hyllor - 70cm X 40cm X 170cm - Vit + Svart - TRUUSK - Hem, Tr\u00e4dg\u00e5rd &amp; Fritid","robots":{"index":"index","follow":"follow","max-snippet":"max-snippet:-1","max-image-preview":"max-image-preview:large","max-video-preview":"max-video-preview:-1"},"canonical":"https:\/\/truusk.store\/sv\/produkt\/truusk-koksbuffeskap-lantlig-stil-2-skap-2-hyllor-70cm-x-40cm-x-170cm-vit-svart\/","og_locale":"sv_SE","og_type":"article","og_title":"TRUUSK K\u00f6ksbuff\u00e9sk\u00e5p - Lantlig Stil - 2 Sk\u00e5p - 2 Hyllor - 70cm X 40cm X 170cm - Vit + Svart - TRUUSK - Hem, Tr\u00e4dg\u00e5rd &amp; Fritid","og_description":"Med detta f\u00f6rvaringssk\u00e5p f\u00e5r du mycket extra utrymme. F\u00f6rbi \u00e4r de dagar d\u00e5 grytor och kastruller staplades ovanp\u00e5 varandra och...","og_url":"https:\/\/truusk.store\/sv\/produkt\/truusk-koksbuffeskap-lantlig-stil-2-skap-2-hyllor-70cm-x-40cm-x-170cm-vit-svart\/","og_site_name":"TRUUSK - Hem, Tr\u00e4dg\u00e5rd &amp; Fritid","article_modified_time":"2026-03-12T08:36:40+00:00","og_image":[{"width":800,"height":800,"url":"https:\/\/i0.wp.com\/truusk.se\/wp-content\/uploads\/2024\/03\/koksskap-koksbuffeskap-lantlig-stil-2-skap-2-hyllor-70cm-x-40cm-x-170cm-vit-svart.webp?fit=800%2C800&ssl=1","type":"image\/webp"}],"twitter_card":"summary_large_image","twitter_misc":{"Ber\u00e4knad l\u00e4stid":"1 minut"},"schema":{"@context":"https:\/\/schema.org","@graph":[{"@type":"WebPage","@id":"https:\/\/truusk.store\/sv\/produkt\/truusk-koksbuffeskap-lantlig-stil-2-skap-2-hyllor-70cm-x-40cm-x-170cm-vit-svart\/","url":"https:\/\/truusk.store\/sv\/produkt\/truusk-koksbuffeskap-lantlig-stil-2-skap-2-hyllor-70cm-x-40cm-x-170cm-vit-svart\/","name":"TRUUSK K\u00f6ksbuff\u00e9sk\u00e5p - Lantlig Stil - 2 Sk\u00e5p - 2 Hyllor - 70cm X 40cm X 170cm - Vit + Svart - TRUUSK - Hem, Tr\u00e4dg\u00e5rd &amp; Fritid","isPartOf":{"@id":"https:\/\/truusk.store\/sv\/#website"},"primaryImageOfPage":{"@id":"https:\/\/truusk.store\/sv\/produkt\/truusk-koksbuffeskap-lantlig-stil-2-skap-2-hyllor-70cm-x-40cm-x-170cm-vit-svart\/#primaryimage"},"image":{"@id":"https:\/\/truusk.store\/sv\/produkt\/truusk-koksbuffeskap-lantlig-stil-2-skap-2-hyllor-70cm-x-40cm-x-170cm-vit-svart\/#primaryimage"},"thumbnailUrl":"https:\/\/i0.wp.com\/truusk.store\/wp-content\/uploads\/2024\/03\/koksskap-koksbuffeskap-lantlig-stil-2-skap-2-hyllor-70cm-x-40cm-x-170cm-vit-svart.webp?fit=800%2C800&ssl=1","datePublished":"2024-03-02T20:20:12+00:00","dateModified":"2026-03-12T08:36:40+00:00","breadcrumb":{"@id":"https:\/\/truusk.store\/sv\/produkt\/truusk-koksbuffeskap-lantlig-stil-2-skap-2-hyllor-70cm-x-40cm-x-170cm-vit-svart\/#breadcrumb"},"inLanguage":"sv-SE","potentialAction":[{"@type":"ReadAction","target":["https:\/\/truusk.store\/sv\/produkt\/truusk-koksbuffeskap-lantlig-stil-2-skap-2-hyllor-70cm-x-40cm-x-170cm-vit-svart\/"]}]},{"@type":"ImageObject","inLanguage":"sv-SE","@id":"https:\/\/truusk.store\/sv\/produkt\/truusk-koksbuffeskap-lantlig-stil-2-skap-2-hyllor-70cm-x-40cm-x-170cm-vit-svart\/#primaryimage","url":"https:\/\/i0.wp.com\/truusk.store\/wp-content\/uploads\/2024\/03\/koksskap-koksbuffeskap-lantlig-stil-2-skap-2-hyllor-70cm-x-40cm-x-170cm-vit-svart.webp?fit=800%2C800&ssl=1","contentUrl":"https:\/\/i0.wp.com\/truusk.store\/wp-content\/uploads\/2024\/03\/koksskap-koksbuffeskap-lantlig-stil-2-skap-2-hyllor-70cm-x-40cm-x-170cm-vit-svart.webp?fit=800%2C800&ssl=1","width":800,"height":800,"caption":"K\u00f6kssk\u00e5p K\u00f6ksbuff\u00e9sk\u00e5p, Lantlig Stil, 2 Sk\u00e5p, 2 Hyllor, 70cm X 40cm X 170cm Vit + Svart 1"},{"@type":"BreadcrumbList","@id":"https:\/\/truusk.store\/sv\/produkt\/truusk-koksbuffeskap-lantlig-stil-2-skap-2-hyllor-70cm-x-40cm-x-170cm-vit-svart\/#breadcrumb","itemListElement":[{"@type":"ListItem","position":1,"name":"Home","item":"https:\/\/truusk.store\/sv\/"},{"@type":"ListItem","position":2,"name":"Shop","item":"https:\/\/truusk.store\/shop\/"},{"@type":"ListItem","position":3,"name":"TRUUSK K\u00f6ksbuff\u00e9sk\u00e5p &#8211; Lantlig Stil &#8211; 2 Sk\u00e5p &#8211; 2 Hyllor &#8211; 70cm X 40cm X 170cm &#8211; Vit + Svart"}]},{"@type":"WebSite","@id":"https:\/\/truusk.store\/sv\/#website","url":"https:\/\/truusk.store\/sv\/","name":"TRUUSK - Hem, Tr\u00e4dg\u00e5rd & Fritid","description":"","publisher":{"@id":"https:\/\/truusk.store\/sv\/#organization"},"potentialAction":[{"@type":"SearchAction","target":{"@type":"EntryPoint","urlTemplate":"https:\/\/truusk.store\/sv\/?s={search_term_string}"},"query-input":{"@type":"PropertyValueSpecification","valueRequired":true,"valueName":"search_term_string"}}],"inLanguage":"sv-SE"},{"@type":"Organization","@id":"https:\/\/truusk.store\/sv\/#organization","name":"TRUUSK - Hem, Tr\u00e4dg\u00e5rd & Fritid","url":"https:\/\/truusk.store\/sv\/","logo":{"@type":"ImageObject","inLanguage":"sv-SE","@id":"https:\/\/truusk.store\/sv\/#\/schema\/logo\/image\/","url":"https:\/\/i0.wp.com\/truusk.store\/wp-content\/uploads\/2026\/03\/cropped-TRUUSK.png?fit=2032%2C917&ssl=1","contentUrl":"https:\/\/i0.wp.com\/truusk.store\/wp-content\/uploads\/2026\/03\/cropped-TRUUSK.png?fit=2032%2C917&ssl=1","width":2032,"height":917,"caption":"TRUUSK - Hem, Tr\u00e4dg\u00e5rd & Fritid"},"image":{"@id":"https:\/\/truusk.store\/sv\/#\/schema\/logo\/image\/"}}]}},"jetpack_sharing_enabled":true,"_links":{"self":[{"href":"https:\/\/truusk.store\/sv\/wp-json\/wp\/v2\/product\/51381","targetHints":{"allow":["GET"]}}],"collection":[{"href":"https:\/\/truusk.store\/sv\/wp-json\/wp\/v2\/product"}],"about":[{"href":"https:\/\/truusk.store\/sv\/wp-json\/wp\/v2\/types\/product"}],"wp:featuredmedia":[{"embeddable":true,"href":"https:\/\/truusk.store\/sv\/wp-json\/wp\/v2\/media\/51382"}],"wp:attachment":[{"href":"https:\/\/truusk.store\/sv\/wp-json\/wp\/v2\/media?parent=51381"}],"wp:term":[{"taxonomy":"product_brand","embeddable":true,"href":"https:\/\/truusk.store\/sv\/wp-json\/wp\/v2\/product_brand?post=51381"},{"taxonomy":"product_cat","embeddable":true,"href":"https:\/\/truusk.store\/sv\/wp-json\/wp\/v2\/product_cat?post=51381"},{"taxonomy":"product_tag","embeddable":true,"href":"https:\/\/truusk.store\/sv\/wp-json\/wp\/v2\/product_tag?post=51381"}],"curies":[{"name":"wp","href":"https:\/\/api.w.org\/{rel}","templated":true}]}}