{"id":51391,"date":"2024-03-02T21:30:10","date_gmt":"2024-03-02T20:30:10","guid":{"rendered":"https:\/\/truusk.store\/product\/bank-trabank-koksbank-massivt-tra-3-sits-bank-120-cm-x-33-cm-x-45-cm-natur\/"},"modified":"2026-03-12T09:38:23","modified_gmt":"2026-03-12T08:38:23","slug":"truusk-massiv-trabank-3-sits-120x33x45-cm-natur-koksbank","status":"publish","type":"product","link":"https:\/\/truusk.store\/sv\/produkt\/truusk-massiv-trabank-3-sits-120x33x45-cm-natur-koksbank\/","title":{"rendered":"TRUUSK Massiv Tr\u00e4b\u00e4nk 3-sits &#8211; 120x33x45 cm &#8211; Natur &#8211; K\u00f6ksb\u00e4nk"},"content":{"rendered":"<p>Med b\u00e4nken kan du skapa snygga sittplatser i ditt hem. Den moderna stilen \u00e4r ett bra komplement till ditt vardagsrum, hall eller matsal. B\u00e4nken \u00e4r gjord av robust furu och kommer att tj\u00e4na dig p\u00e5litligt under l\u00e5ng tid. Den rymmer upp till tv\u00e5 personer, s\u00e5 att du och dina v\u00e4nner kan sitta tillsammans vid f\u00f6nstret och chatta. Denna b\u00e4nk \u00e4r ett enkelt s\u00e4tt att l\u00e4gga till extra sittplatser till ditt hem.<\/p>\n<h3>Beskrivning:<\/h3>\n<ul>\n<li>Enkel design, perfekt f\u00f6r hallen, matsalen eller vardagsrummet<\/li>\n<li>Upp till tre personer kan sitta samtidigt<\/li>\n<li>Benen av svartlackat furu g\u00f6r b\u00e4nken stabil och rej\u00e4l<\/li>\n<li>Sitsen \u00e4r f\u00f6rseglad och d\u00e4rf\u00f6r mycket l\u00e4ttsk\u00f6tt<\/li>\n<li>Halkfria f\u00f6tter f\u00f6rhindrar repor p\u00e5 golvet<\/li>\n<li>Montering kr\u00e4vs<\/li>\n<\/ul>\n<h3>Teknisk data:<\/h3>\n<ul>\n<li>F\u00e4rg: Naturlig<\/li>\n<li>Material: furu<\/li>\n<li>\u00d6vergripande m\u00e5tt: 120L x 33W x 45H cm<\/li>\n<li>Sitsstorlek: 120W x 33D cm<\/li>\n<li>Lastkapacitet: 240 kg<\/li>\n<\/ul>\n<h3>Leveransens omfattning:<\/h3>\n<ul>\n<li>1 x b\u00e4nk<\/li>\n<li>1 x Instruktioner<\/li>\n<\/ul>\n","protected":false},"excerpt":{"rendered":"<p>Med b\u00e4nken kan du skapa snygga sittplatser i ditt hem. Den moderna stilen \u00e4r ett bra komplement till ditt vardagsrum,&#8230;<\/p>\n","protected":false},"featured_media":51392,"template":"","meta":[],"product_brand":[],"product_cat":[485,537,540],"product_tag":[],"class_list":{"0":"post-51391","1":"product","2":"type-product","3":"status-publish","4":"has-post-thumbnail","6":"product_cat-hus-bo","7":"product_cat-sittplatser-bankar","8":"product_cat-stoppade-bankar","10":"first","11":"instock","12":"sale","13":"taxable","14":"shipping-taxable","15":"purchasable","16":"product-type-simple"},"yoast_head":"<!-- This site is optimized with the Yoast SEO plugin v25.4 - https:\/\/yoast.com\/wordpress\/plugins\/seo\/ -->\n<title>TRUUSK Massiv Tr\u00e4b\u00e4nk 3-sits - 120x33x45 cm - Natur - K\u00f6ksb\u00e4nk - TRUUSK - Hem, Tr\u00e4dg\u00e5rd &amp; Fritid<\/title>\n<meta name=\"robots\" content=\"index, follow, max-snippet:-1, max-image-preview:large, max-video-preview:-1\" \/>\n<link rel=\"canonical\" href=\"https:\/\/truusk.store\/sv\/produkt\/truusk-massiv-trabank-3-sits-120x33x45-cm-natur-koksbank\/\" \/>\n<meta property=\"og:locale\" content=\"sv_SE\" \/>\n<meta property=\"og:type\" content=\"article\" \/>\n<meta property=\"og:title\" content=\"TRUUSK Massiv Tr\u00e4b\u00e4nk 3-sits - 120x33x45 cm - Natur - K\u00f6ksb\u00e4nk - TRUUSK - Hem, Tr\u00e4dg\u00e5rd &amp; Fritid\" \/>\n<meta property=\"og:description\" content=\"Med b\u00e4nken kan du skapa snygga sittplatser i ditt hem. Den moderna stilen \u00e4r ett bra komplement till ditt vardagsrum,...\" \/>\n<meta property=\"og:url\" content=\"https:\/\/truusk.store\/sv\/produkt\/truusk-massiv-trabank-3-sits-120x33x45-cm-natur-koksbank\/\" \/>\n<meta property=\"og:site_name\" content=\"TRUUSK - Hem, Tr\u00e4dg\u00e5rd &amp; Fritid\" \/>\n<meta property=\"article:modified_time\" content=\"2026-03-12T08:38:23+00:00\" \/>\n<meta property=\"og:image\" content=\"https:\/\/i0.wp.com\/truusk.se\/wp-content\/uploads\/2024\/03\/bank-trabank-koksbank-massivt-tra-3-sits-bank-120-cm-x-33-cm-x-45-cm-natur.webp?fit=800%2C800&ssl=1\" \/>\n\t<meta property=\"og:image:width\" content=\"800\" \/>\n\t<meta property=\"og:image:height\" content=\"800\" \/>\n\t<meta property=\"og:image:type\" content=\"image\/webp\" \/>\n<meta name=\"twitter:card\" content=\"summary_large_image\" \/>\n<meta name=\"twitter:label1\" content=\"Ber\u00e4knad l\u00e4stid\" \/>\n\t<meta name=\"twitter:data1\" content=\"1 minut\" \/>\n<!-- \/ Yoast SEO plugin. -->","yoast_head_json":{"title":"TRUUSK Massiv Tr\u00e4b\u00e4nk 3-sits - 120x33x45 cm - Natur - K\u00f6ksb\u00e4nk - TRUUSK - Hem, Tr\u00e4dg\u00e5rd &amp; Fritid","robots":{"index":"index","follow":"follow","max-snippet":"max-snippet:-1","max-image-preview":"max-image-preview:large","max-video-preview":"max-video-preview:-1"},"canonical":"https:\/\/truusk.store\/sv\/produkt\/truusk-massiv-trabank-3-sits-120x33x45-cm-natur-koksbank\/","og_locale":"sv_SE","og_type":"article","og_title":"TRUUSK Massiv Tr\u00e4b\u00e4nk 3-sits - 120x33x45 cm - Natur - K\u00f6ksb\u00e4nk - TRUUSK - Hem, Tr\u00e4dg\u00e5rd &amp; Fritid","og_description":"Med b\u00e4nken kan du skapa snygga sittplatser i ditt hem. Den moderna stilen \u00e4r ett bra komplement till ditt vardagsrum,...","og_url":"https:\/\/truusk.store\/sv\/produkt\/truusk-massiv-trabank-3-sits-120x33x45-cm-natur-koksbank\/","og_site_name":"TRUUSK - Hem, Tr\u00e4dg\u00e5rd &amp; Fritid","article_modified_time":"2026-03-12T08:38:23+00:00","og_image":[{"width":800,"height":800,"url":"https:\/\/i0.wp.com\/truusk.se\/wp-content\/uploads\/2024\/03\/bank-trabank-koksbank-massivt-tra-3-sits-bank-120-cm-x-33-cm-x-45-cm-natur.webp?fit=800%2C800&ssl=1","type":"image\/webp"}],"twitter_card":"summary_large_image","twitter_misc":{"Ber\u00e4knad l\u00e4stid":"1 minut"},"schema":{"@context":"https:\/\/schema.org","@graph":[{"@type":"WebPage","@id":"https:\/\/truusk.store\/sv\/produkt\/truusk-massiv-trabank-3-sits-120x33x45-cm-natur-koksbank\/","url":"https:\/\/truusk.store\/sv\/produkt\/truusk-massiv-trabank-3-sits-120x33x45-cm-natur-koksbank\/","name":"TRUUSK Massiv Tr\u00e4b\u00e4nk 3-sits - 120x33x45 cm - Natur - K\u00f6ksb\u00e4nk - TRUUSK - Hem, Tr\u00e4dg\u00e5rd &amp; Fritid","isPartOf":{"@id":"https:\/\/truusk.store\/sv\/#website"},"primaryImageOfPage":{"@id":"https:\/\/truusk.store\/sv\/produkt\/truusk-massiv-trabank-3-sits-120x33x45-cm-natur-koksbank\/#primaryimage"},"image":{"@id":"https:\/\/truusk.store\/sv\/produkt\/truusk-massiv-trabank-3-sits-120x33x45-cm-natur-koksbank\/#primaryimage"},"thumbnailUrl":"https:\/\/i0.wp.com\/truusk.store\/wp-content\/uploads\/2024\/03\/bank-trabank-koksbank-massivt-tra-3-sits-bank-120-cm-x-33-cm-x-45-cm-natur.webp?fit=800%2C800&ssl=1","datePublished":"2024-03-02T20:30:10+00:00","dateModified":"2026-03-12T08:38:23+00:00","breadcrumb":{"@id":"https:\/\/truusk.store\/sv\/produkt\/truusk-massiv-trabank-3-sits-120x33x45-cm-natur-koksbank\/#breadcrumb"},"inLanguage":"sv-SE","potentialAction":[{"@type":"ReadAction","target":["https:\/\/truusk.store\/sv\/produkt\/truusk-massiv-trabank-3-sits-120x33x45-cm-natur-koksbank\/"]}]},{"@type":"ImageObject","inLanguage":"sv-SE","@id":"https:\/\/truusk.store\/sv\/produkt\/truusk-massiv-trabank-3-sits-120x33x45-cm-natur-koksbank\/#primaryimage","url":"https:\/\/i0.wp.com\/truusk.store\/wp-content\/uploads\/2024\/03\/bank-trabank-koksbank-massivt-tra-3-sits-bank-120-cm-x-33-cm-x-45-cm-natur.webp?fit=800%2C800&ssl=1","contentUrl":"https:\/\/i0.wp.com\/truusk.store\/wp-content\/uploads\/2024\/03\/bank-trabank-koksbank-massivt-tra-3-sits-bank-120-cm-x-33-cm-x-45-cm-natur.webp?fit=800%2C800&ssl=1","width":800,"height":800,"caption":"B\u00e4nk Tr\u00e4b\u00e4nk K\u00f6ksb\u00e4nk, Massivt Tr\u00e4, 3-sits B\u00e4nk, 120 Cm X 33 Cm X 45 Cm, Natur 1"},{"@type":"BreadcrumbList","@id":"https:\/\/truusk.store\/sv\/produkt\/truusk-massiv-trabank-3-sits-120x33x45-cm-natur-koksbank\/#breadcrumb","itemListElement":[{"@type":"ListItem","position":1,"name":"Home","item":"https:\/\/truusk.store\/sv\/"},{"@type":"ListItem","position":2,"name":"Shop","item":"https:\/\/truusk.store\/shop\/"},{"@type":"ListItem","position":3,"name":"TRUUSK Massiv Tr\u00e4b\u00e4nk 3-sits &#8211; 120x33x45 cm &#8211; Natur &#8211; K\u00f6ksb\u00e4nk"}]},{"@type":"WebSite","@id":"https:\/\/truusk.store\/sv\/#website","url":"https:\/\/truusk.store\/sv\/","name":"TRUUSK - Hem, Tr\u00e4dg\u00e5rd & Fritid","description":"","publisher":{"@id":"https:\/\/truusk.store\/sv\/#organization"},"potentialAction":[{"@type":"SearchAction","target":{"@type":"EntryPoint","urlTemplate":"https:\/\/truusk.store\/sv\/?s={search_term_string}"},"query-input":{"@type":"PropertyValueSpecification","valueRequired":true,"valueName":"search_term_string"}}],"inLanguage":"sv-SE"},{"@type":"Organization","@id":"https:\/\/truusk.store\/sv\/#organization","name":"TRUUSK - Hem, Tr\u00e4dg\u00e5rd & Fritid","url":"https:\/\/truusk.store\/sv\/","logo":{"@type":"ImageObject","inLanguage":"sv-SE","@id":"https:\/\/truusk.store\/sv\/#\/schema\/logo\/image\/","url":"https:\/\/i0.wp.com\/truusk.store\/wp-content\/uploads\/2026\/03\/cropped-TRUUSK.png?fit=2032%2C917&ssl=1","contentUrl":"https:\/\/i0.wp.com\/truusk.store\/wp-content\/uploads\/2026\/03\/cropped-TRUUSK.png?fit=2032%2C917&ssl=1","width":2032,"height":917,"caption":"TRUUSK - Hem, Tr\u00e4dg\u00e5rd & Fritid"},"image":{"@id":"https:\/\/truusk.store\/sv\/#\/schema\/logo\/image\/"}}]}},"jetpack_sharing_enabled":true,"_links":{"self":[{"href":"https:\/\/truusk.store\/sv\/wp-json\/wp\/v2\/product\/51391","targetHints":{"allow":["GET"]}}],"collection":[{"href":"https:\/\/truusk.store\/sv\/wp-json\/wp\/v2\/product"}],"about":[{"href":"https:\/\/truusk.store\/sv\/wp-json\/wp\/v2\/types\/product"}],"wp:featuredmedia":[{"embeddable":true,"href":"https:\/\/truusk.store\/sv\/wp-json\/wp\/v2\/media\/51392"}],"wp:attachment":[{"href":"https:\/\/truusk.store\/sv\/wp-json\/wp\/v2\/media?parent=51391"}],"wp:term":[{"taxonomy":"product_brand","embeddable":true,"href":"https:\/\/truusk.store\/sv\/wp-json\/wp\/v2\/product_brand?post=51391"},{"taxonomy":"product_cat","embeddable":true,"href":"https:\/\/truusk.store\/sv\/wp-json\/wp\/v2\/product_cat?post=51391"},{"taxonomy":"product_tag","embeddable":true,"href":"https:\/\/truusk.store\/sv\/wp-json\/wp\/v2\/product_tag?post=51391"}],"curies":[{"name":"wp","href":"https:\/\/api.w.org\/{rel}","templated":true}]}}