{"id":51434,"date":"2024-03-02T22:10:10","date_gmt":"2024-03-02T21:10:10","guid":{"rendered":"https:\/\/truusk.store\/product\/set-med-2-matsalsstolar-accentstolar-koksstolar-retrodesign-sammetslook-50-cm-x-61-cm-x-79-cm-rosa\/"},"modified":"2026-03-12T09:17:18","modified_gmt":"2026-03-12T08:17:18","slug":"truusk-set-med-2-matsalsstolar-accentstolar-i-retrodesign-sammetslook-matt-50-cm-x-61-cm-x-79-cm-rosa","status":"publish","type":"product","link":"https:\/\/truusk.store\/sv\/produkt\/truusk-set-med-2-matsalsstolar-accentstolar-i-retrodesign-sammetslook-matt-50-cm-x-61-cm-x-79-cm-rosa\/","title":{"rendered":"TRUUSK Set med 2 Matsalsstolar &#8211; Accentstolar i Retrodesign &#8211; Sammetslook &#8211; M\u00e5tt 50 cm x 61 cm x 79 cm &#8211; Rosa"},"content":{"rendered":"<p>Ge ditt hem ett nytt utseende med dessa moderna skalstolar. Stolarna \u00e4r inte bara ett snyggt tillskott till din matsal, utan passar \u00e4ven som vardagsrumsstolar i sovrummet, kontoret, vardagsrummet och mycket mer. Luta dig tillbaka och koppla av p\u00e5 denna matstol med ett b\u00f6jt och tuftat ryggst\u00f6d. Detta moderna matstolsset kommer att l\u00e4gga till en touch av elegans till varje matsal.<\/p>\n<h3>Beskrivning:<\/h3>\n<ul>\n<li>H\u00e4r \u00e4r setet med 2 matstolar i retrodesign!<\/li>\n<li>Ovandeln i sammetslook \u00e4r sl\u00e4t och mjuk vid ber\u00f6ring, vilket g\u00f6r den bekv\u00e4m att sitta p\u00e5.<\/li>\n<li>K\u00f6ksstolens s\u00e4ten \u00e4r mjukt vadderade och erbjuder exceptionell komfort.<\/li>\n<li>St\u00e5lbenen \u00e4r stabila och s\u00e4kerst\u00e4ller ett s\u00e4kert stativ.<\/li>\n<li>De halkfria fotk\u00e5porna p\u00e5 stolsbenen f\u00f6rhindrar repor p\u00e5 golvet.<\/li>\n<li>Montering kr\u00e4vs.<\/li>\n<\/ul>\n<h3>Teknisk data:<\/h3>\n<ul>\n<li>F\u00e4rg: Rosa<\/li>\n<li>Material: sammet (100% polyester), skum, st\u00e5l<\/li>\n<li>\u00d6vergripande m\u00e5tt: 50L x 61W x 79H cm<\/li>\n<li>Sitsstorlek: 50W x 44D x 49H cm<\/li>\n<li>Ryggst\u00f6dsstorlek: 48W x 38H cm<\/li>\n<li>Viktkapacitet: 120 kg<\/li>\n<\/ul>\n<h3>Leveransens omfattning:<\/h3>\n<ul>\n<li>2 x matstolar<\/li>\n<li>1 x Instruktioner<\/li>\n<\/ul>\n","protected":false},"excerpt":{"rendered":"<p>Ge ditt hem ett nytt utseende med dessa moderna skalstolar. Stolarna \u00e4r inte bara ett snyggt tillskott till din matsal,&#8230;<\/p>\n","protected":false},"featured_media":51435,"template":"","meta":[],"product_brand":[],"product_cat":[485,518,515],"product_tag":[],"class_list":{"0":"post-51434","1":"product","2":"type-product","3":"status-publish","4":"has-post-thumbnail","6":"product_cat-hus-bo","7":"product_cat-matsalsstolar","8":"product_cat-stolar","10":"first","11":"instock","12":"sale","13":"taxable","14":"shipping-taxable","15":"purchasable","16":"product-type-simple"},"yoast_head":"<!-- This site is optimized with the Yoast SEO plugin v25.4 - https:\/\/yoast.com\/wordpress\/plugins\/seo\/ -->\n<title>TRUUSK Set med 2 Matsalsstolar - Accentstolar i Retrodesign - Sammetslook - M\u00e5tt 50 cm x 61 cm x 79 cm - Rosa - TRUUSK - Hem, Tr\u00e4dg\u00e5rd &amp; Fritid<\/title>\n<meta name=\"robots\" content=\"index, follow, max-snippet:-1, max-image-preview:large, max-video-preview:-1\" \/>\n<link rel=\"canonical\" href=\"https:\/\/truusk.store\/sv\/produkt\/truusk-set-med-2-matsalsstolar-accentstolar-i-retrodesign-sammetslook-matt-50-cm-x-61-cm-x-79-cm-rosa\/\" \/>\n<meta property=\"og:locale\" content=\"sv_SE\" \/>\n<meta property=\"og:type\" content=\"article\" \/>\n<meta property=\"og:title\" content=\"TRUUSK Set med 2 Matsalsstolar - Accentstolar i Retrodesign - Sammetslook - M\u00e5tt 50 cm x 61 cm x 79 cm - Rosa - TRUUSK - Hem, Tr\u00e4dg\u00e5rd &amp; Fritid\" \/>\n<meta property=\"og:description\" content=\"Ge ditt hem ett nytt utseende med dessa moderna skalstolar. Stolarna \u00e4r inte bara ett snyggt tillskott till din matsal,...\" \/>\n<meta property=\"og:url\" content=\"https:\/\/truusk.store\/sv\/produkt\/truusk-set-med-2-matsalsstolar-accentstolar-i-retrodesign-sammetslook-matt-50-cm-x-61-cm-x-79-cm-rosa\/\" \/>\n<meta property=\"og:site_name\" content=\"TRUUSK - Hem, Tr\u00e4dg\u00e5rd &amp; Fritid\" \/>\n<meta property=\"article:modified_time\" content=\"2026-03-12T08:17:18+00:00\" \/>\n<meta property=\"og:image\" content=\"https:\/\/i0.wp.com\/truusk.se\/wp-content\/uploads\/2024\/03\/set-med-2-matsalsstolar-accentstolar-koksstolar-retrodesign-sammetslook-50-cm-x-61-cm-x-79-cm-rosa.webp?fit=800%2C800&ssl=1\" \/>\n\t<meta property=\"og:image:width\" content=\"800\" \/>\n\t<meta property=\"og:image:height\" content=\"800\" \/>\n\t<meta property=\"og:image:type\" content=\"image\/webp\" \/>\n<meta name=\"twitter:card\" content=\"summary_large_image\" \/>\n<meta name=\"twitter:label1\" content=\"Ber\u00e4knad l\u00e4stid\" \/>\n\t<meta name=\"twitter:data1\" content=\"1 minut\" \/>\n<!-- \/ Yoast SEO plugin. -->","yoast_head_json":{"title":"TRUUSK Set med 2 Matsalsstolar - Accentstolar i Retrodesign - Sammetslook - M\u00e5tt 50 cm x 61 cm x 79 cm - Rosa - TRUUSK - Hem, Tr\u00e4dg\u00e5rd &amp; Fritid","robots":{"index":"index","follow":"follow","max-snippet":"max-snippet:-1","max-image-preview":"max-image-preview:large","max-video-preview":"max-video-preview:-1"},"canonical":"https:\/\/truusk.store\/sv\/produkt\/truusk-set-med-2-matsalsstolar-accentstolar-i-retrodesign-sammetslook-matt-50-cm-x-61-cm-x-79-cm-rosa\/","og_locale":"sv_SE","og_type":"article","og_title":"TRUUSK Set med 2 Matsalsstolar - Accentstolar i Retrodesign - Sammetslook - M\u00e5tt 50 cm x 61 cm x 79 cm - Rosa - TRUUSK - Hem, Tr\u00e4dg\u00e5rd &amp; Fritid","og_description":"Ge ditt hem ett nytt utseende med dessa moderna skalstolar. Stolarna \u00e4r inte bara ett snyggt tillskott till din matsal,...","og_url":"https:\/\/truusk.store\/sv\/produkt\/truusk-set-med-2-matsalsstolar-accentstolar-i-retrodesign-sammetslook-matt-50-cm-x-61-cm-x-79-cm-rosa\/","og_site_name":"TRUUSK - Hem, Tr\u00e4dg\u00e5rd &amp; Fritid","article_modified_time":"2026-03-12T08:17:18+00:00","og_image":[{"width":800,"height":800,"url":"https:\/\/i0.wp.com\/truusk.se\/wp-content\/uploads\/2024\/03\/set-med-2-matsalsstolar-accentstolar-koksstolar-retrodesign-sammetslook-50-cm-x-61-cm-x-79-cm-rosa.webp?fit=800%2C800&ssl=1","type":"image\/webp"}],"twitter_card":"summary_large_image","twitter_misc":{"Ber\u00e4knad l\u00e4stid":"1 minut"},"schema":{"@context":"https:\/\/schema.org","@graph":[{"@type":"WebPage","@id":"https:\/\/truusk.store\/sv\/produkt\/truusk-set-med-2-matsalsstolar-accentstolar-i-retrodesign-sammetslook-matt-50-cm-x-61-cm-x-79-cm-rosa\/","url":"https:\/\/truusk.store\/sv\/produkt\/truusk-set-med-2-matsalsstolar-accentstolar-i-retrodesign-sammetslook-matt-50-cm-x-61-cm-x-79-cm-rosa\/","name":"TRUUSK Set med 2 Matsalsstolar - Accentstolar i Retrodesign - Sammetslook - M\u00e5tt 50 cm x 61 cm x 79 cm - Rosa - TRUUSK - Hem, Tr\u00e4dg\u00e5rd &amp; Fritid","isPartOf":{"@id":"https:\/\/truusk.store\/sv\/#website"},"primaryImageOfPage":{"@id":"https:\/\/truusk.store\/sv\/produkt\/truusk-set-med-2-matsalsstolar-accentstolar-i-retrodesign-sammetslook-matt-50-cm-x-61-cm-x-79-cm-rosa\/#primaryimage"},"image":{"@id":"https:\/\/truusk.store\/sv\/produkt\/truusk-set-med-2-matsalsstolar-accentstolar-i-retrodesign-sammetslook-matt-50-cm-x-61-cm-x-79-cm-rosa\/#primaryimage"},"thumbnailUrl":"https:\/\/i0.wp.com\/truusk.store\/wp-content\/uploads\/2024\/03\/set-med-2-matsalsstolar-accentstolar-koksstolar-retrodesign-sammetslook-50-cm-x-61-cm-x-79-cm-rosa.webp?fit=800%2C800&ssl=1","datePublished":"2024-03-02T21:10:10+00:00","dateModified":"2026-03-12T08:17:18+00:00","breadcrumb":{"@id":"https:\/\/truusk.store\/sv\/produkt\/truusk-set-med-2-matsalsstolar-accentstolar-i-retrodesign-sammetslook-matt-50-cm-x-61-cm-x-79-cm-rosa\/#breadcrumb"},"inLanguage":"sv-SE","potentialAction":[{"@type":"ReadAction","target":["https:\/\/truusk.store\/sv\/produkt\/truusk-set-med-2-matsalsstolar-accentstolar-i-retrodesign-sammetslook-matt-50-cm-x-61-cm-x-79-cm-rosa\/"]}]},{"@type":"ImageObject","inLanguage":"sv-SE","@id":"https:\/\/truusk.store\/sv\/produkt\/truusk-set-med-2-matsalsstolar-accentstolar-i-retrodesign-sammetslook-matt-50-cm-x-61-cm-x-79-cm-rosa\/#primaryimage","url":"https:\/\/i0.wp.com\/truusk.store\/wp-content\/uploads\/2024\/03\/set-med-2-matsalsstolar-accentstolar-koksstolar-retrodesign-sammetslook-50-cm-x-61-cm-x-79-cm-rosa.webp?fit=800%2C800&ssl=1","contentUrl":"https:\/\/i0.wp.com\/truusk.store\/wp-content\/uploads\/2024\/03\/set-med-2-matsalsstolar-accentstolar-koksstolar-retrodesign-sammetslook-50-cm-x-61-cm-x-79-cm-rosa.webp?fit=800%2C800&ssl=1","width":800,"height":800,"caption":"Set Med 2 Matsalsstolar, Accentstolar, K\u00f6ksstolar, Retrodesign, Sammetslook, 50 Cm X 61 Cm X 79 Cm, Rosa 1"},{"@type":"BreadcrumbList","@id":"https:\/\/truusk.store\/sv\/produkt\/truusk-set-med-2-matsalsstolar-accentstolar-i-retrodesign-sammetslook-matt-50-cm-x-61-cm-x-79-cm-rosa\/#breadcrumb","itemListElement":[{"@type":"ListItem","position":1,"name":"Home","item":"https:\/\/truusk.store\/sv\/"},{"@type":"ListItem","position":2,"name":"Shop","item":"https:\/\/truusk.store\/shop\/"},{"@type":"ListItem","position":3,"name":"TRUUSK Set med 2 Matsalsstolar &#8211; Accentstolar i Retrodesign &#8211; Sammetslook &#8211; M\u00e5tt 50 cm x 61 cm x 79 cm &#8211; Rosa"}]},{"@type":"WebSite","@id":"https:\/\/truusk.store\/sv\/#website","url":"https:\/\/truusk.store\/sv\/","name":"TRUUSK - Hem, Tr\u00e4dg\u00e5rd & Fritid","description":"","publisher":{"@id":"https:\/\/truusk.store\/sv\/#organization"},"potentialAction":[{"@type":"SearchAction","target":{"@type":"EntryPoint","urlTemplate":"https:\/\/truusk.store\/sv\/?s={search_term_string}"},"query-input":{"@type":"PropertyValueSpecification","valueRequired":true,"valueName":"search_term_string"}}],"inLanguage":"sv-SE"},{"@type":"Organization","@id":"https:\/\/truusk.store\/sv\/#organization","name":"TRUUSK - Hem, Tr\u00e4dg\u00e5rd & Fritid","url":"https:\/\/truusk.store\/sv\/","logo":{"@type":"ImageObject","inLanguage":"sv-SE","@id":"https:\/\/truusk.store\/sv\/#\/schema\/logo\/image\/","url":"https:\/\/i0.wp.com\/truusk.store\/wp-content\/uploads\/2026\/03\/cropped-TRUUSK.png?fit=2032%2C917&ssl=1","contentUrl":"https:\/\/i0.wp.com\/truusk.store\/wp-content\/uploads\/2026\/03\/cropped-TRUUSK.png?fit=2032%2C917&ssl=1","width":2032,"height":917,"caption":"TRUUSK - Hem, Tr\u00e4dg\u00e5rd & Fritid"},"image":{"@id":"https:\/\/truusk.store\/sv\/#\/schema\/logo\/image\/"}}]}},"jetpack_sharing_enabled":true,"_links":{"self":[{"href":"https:\/\/truusk.store\/sv\/wp-json\/wp\/v2\/product\/51434","targetHints":{"allow":["GET"]}}],"collection":[{"href":"https:\/\/truusk.store\/sv\/wp-json\/wp\/v2\/product"}],"about":[{"href":"https:\/\/truusk.store\/sv\/wp-json\/wp\/v2\/types\/product"}],"wp:featuredmedia":[{"embeddable":true,"href":"https:\/\/truusk.store\/sv\/wp-json\/wp\/v2\/media\/51435"}],"wp:attachment":[{"href":"https:\/\/truusk.store\/sv\/wp-json\/wp\/v2\/media?parent=51434"}],"wp:term":[{"taxonomy":"product_brand","embeddable":true,"href":"https:\/\/truusk.store\/sv\/wp-json\/wp\/v2\/product_brand?post=51434"},{"taxonomy":"product_cat","embeddable":true,"href":"https:\/\/truusk.store\/sv\/wp-json\/wp\/v2\/product_cat?post=51434"},{"taxonomy":"product_tag","embeddable":true,"href":"https:\/\/truusk.store\/sv\/wp-json\/wp\/v2\/product_tag?post=51434"}],"curies":[{"name":"wp","href":"https:\/\/api.w.org\/{rel}","templated":true}]}}