{"id":51477,"date":"2024-03-02T22:50:10","date_gmt":"2024-03-02T21:50:10","guid":{"rendered":"https:\/\/truusk.store\/product\/rullbehallare-lada-behallare-behallare-1-fack-1-hylla-1-lada-40-cm-x-3-cm-x-60-cm-svart\/"},"modified":"2026-03-12T09:36:42","modified_gmt":"2026-03-12T08:36:42","slug":"truusk-rullbehallare-1-fack-1-hylla-1-lada-40-cm-x-3-cm-x-60-cm-svart","status":"publish","type":"product","link":"https:\/\/truusk.store\/sv\/produkt\/truusk-rullbehallare-1-fack-1-hylla-1-lada-40-cm-x-3-cm-x-60-cm-svart\/","title":{"rendered":"TRUUSK Rullbeh\u00e5llare &#8211; 1 Fack, 1 Hylla, 1 L\u00e5da &#8211; 40 cm x 3 cm x 60 cm &#8211; Svart"},"content":{"rendered":"<p>Denna rullande container erbjuder dig gott om f\u00f6rvaringsutrymme och f\u00f6rvaringsutrymme i ett. En \u00f6ppen hylla, 1 l\u00e5da och ett sk\u00e5p ger gott om plats f\u00f6r kontorstillbeh\u00f6r, mappar och dokument. Med sina 4 sv\u00e4ngbara hjul kan den enkelt flyttas fram och tillbaka. Oavsett om det \u00e4r f\u00f6r kontoret, arbetsrummet eller vardagsrummet &#8211; denna mobila beh\u00e5llare erbjuder gott om f\u00f6rvaringsutrymme.<\/p>\n<h3>Beskrivning:<\/h3>\n<ul>\n<li>Gott om lagringsutrymme f\u00f6r mappar, dokument och kontorsmaterial<\/li>\n<li>1 hylla, 1 l\u00e5da och 1 sk\u00e5p ger gott om plats<\/li>\n<li>2 l\u00e5dhandtag i metall f\u00f6r enkel \u00f6ppning<\/li>\n<li>4 sv\u00e4ngbara hjul f\u00f6r bekv\u00e4m transport<\/li>\n<li>Material tillverkat av slitstark plywood<\/li>\n<\/ul>\n<h3>Teknisk data:<\/h3>\n<ul>\n<li>Svart f\u00e4rg<\/li>\n<li>Material: sp\u00e5nskiva, metall<\/li>\n<li>\u00d6vergripande m\u00e5tt: 40W x 35D x 60H cm<\/li>\n<li>M\u00e5tt \u00f6versta hyllan: 36,5W x 34,5D x 7,5H cm<\/li>\n<li>L\u00e5dm\u00e5tt: 31,5W x 28D x 6,5H cm<\/li>\n<li>Sk\u00e5pets innerm\u00e5tt: 36,5W x 34,5D x 31H cm<\/li>\n<li>Lastkapacitet: 25 kg<\/li>\n<\/ul>\n<h3>Leveransens omfattning:<\/h3>\n<ul>\n<li>1 x Arkivsk\u00e5p<\/li>\n<li>1 x Instruktioner<\/li>\n<\/ul>\n","protected":false},"excerpt":{"rendered":"<p>Denna rullande container erbjuder dig gott om f\u00f6rvaringsutrymme och f\u00f6rvaringsutrymme i ett. En \u00f6ppen hylla, 1 l\u00e5da och ett sk\u00e5p&#8230;<\/p>\n","protected":false},"featured_media":51478,"template":"","meta":[],"product_brand":[],"product_cat":[533,485,528],"product_tag":[],"class_list":{"0":"post-51477","1":"product","2":"type-product","3":"status-publish","4":"has-post-thumbnail","6":"product_cat-arkivskap-rullcontainer","7":"product_cat-hus-bo","8":"product_cat-skap-byraer","10":"first","11":"instock","12":"sale","13":"taxable","14":"shipping-taxable","15":"purchasable","16":"product-type-simple"},"yoast_head":"<!-- This site is optimized with the Yoast SEO plugin v25.4 - https:\/\/yoast.com\/wordpress\/plugins\/seo\/ -->\n<title>TRUUSK Rullbeh\u00e5llare - 1 Fack, 1 Hylla, 1 L\u00e5da - 40 cm x 3 cm x 60 cm - Svart - TRUUSK - Hem, Tr\u00e4dg\u00e5rd &amp; Fritid<\/title>\n<meta name=\"robots\" content=\"index, follow, max-snippet:-1, max-image-preview:large, max-video-preview:-1\" \/>\n<link rel=\"canonical\" href=\"https:\/\/truusk.store\/sv\/produkt\/truusk-rullbehallare-1-fack-1-hylla-1-lada-40-cm-x-3-cm-x-60-cm-svart\/\" \/>\n<meta property=\"og:locale\" content=\"sv_SE\" \/>\n<meta property=\"og:type\" content=\"article\" \/>\n<meta property=\"og:title\" content=\"TRUUSK Rullbeh\u00e5llare - 1 Fack, 1 Hylla, 1 L\u00e5da - 40 cm x 3 cm x 60 cm - Svart - TRUUSK - Hem, Tr\u00e4dg\u00e5rd &amp; Fritid\" \/>\n<meta property=\"og:description\" content=\"Denna rullande container erbjuder dig gott om f\u00f6rvaringsutrymme och f\u00f6rvaringsutrymme i ett. En \u00f6ppen hylla, 1 l\u00e5da och ett sk\u00e5p...\" \/>\n<meta property=\"og:url\" content=\"https:\/\/truusk.store\/sv\/produkt\/truusk-rullbehallare-1-fack-1-hylla-1-lada-40-cm-x-3-cm-x-60-cm-svart\/\" \/>\n<meta property=\"og:site_name\" content=\"TRUUSK - Hem, Tr\u00e4dg\u00e5rd &amp; Fritid\" \/>\n<meta property=\"article:modified_time\" content=\"2026-03-12T08:36:42+00:00\" \/>\n<meta property=\"og:image\" content=\"https:\/\/i0.wp.com\/truusk.se\/wp-content\/uploads\/2024\/03\/rullbehallare-lada-behallare-behallare-1-fack-1-hylla-1-lada-40-cm-x-3-cm-x-60-cm-svart.webp?fit=800%2C800&ssl=1\" \/>\n\t<meta property=\"og:image:width\" content=\"800\" \/>\n\t<meta property=\"og:image:height\" content=\"800\" \/>\n\t<meta property=\"og:image:type\" content=\"image\/webp\" \/>\n<meta name=\"twitter:card\" content=\"summary_large_image\" \/>\n<meta name=\"twitter:label1\" content=\"Ber\u00e4knad l\u00e4stid\" \/>\n\t<meta name=\"twitter:data1\" content=\"1 minut\" \/>\n<!-- \/ Yoast SEO plugin. -->","yoast_head_json":{"title":"TRUUSK Rullbeh\u00e5llare - 1 Fack, 1 Hylla, 1 L\u00e5da - 40 cm x 3 cm x 60 cm - Svart - TRUUSK - Hem, Tr\u00e4dg\u00e5rd &amp; Fritid","robots":{"index":"index","follow":"follow","max-snippet":"max-snippet:-1","max-image-preview":"max-image-preview:large","max-video-preview":"max-video-preview:-1"},"canonical":"https:\/\/truusk.store\/sv\/produkt\/truusk-rullbehallare-1-fack-1-hylla-1-lada-40-cm-x-3-cm-x-60-cm-svart\/","og_locale":"sv_SE","og_type":"article","og_title":"TRUUSK Rullbeh\u00e5llare - 1 Fack, 1 Hylla, 1 L\u00e5da - 40 cm x 3 cm x 60 cm - Svart - TRUUSK - Hem, Tr\u00e4dg\u00e5rd &amp; Fritid","og_description":"Denna rullande container erbjuder dig gott om f\u00f6rvaringsutrymme och f\u00f6rvaringsutrymme i ett. En \u00f6ppen hylla, 1 l\u00e5da och ett sk\u00e5p...","og_url":"https:\/\/truusk.store\/sv\/produkt\/truusk-rullbehallare-1-fack-1-hylla-1-lada-40-cm-x-3-cm-x-60-cm-svart\/","og_site_name":"TRUUSK - Hem, Tr\u00e4dg\u00e5rd &amp; Fritid","article_modified_time":"2026-03-12T08:36:42+00:00","og_image":[{"width":800,"height":800,"url":"https:\/\/i0.wp.com\/truusk.se\/wp-content\/uploads\/2024\/03\/rullbehallare-lada-behallare-behallare-1-fack-1-hylla-1-lada-40-cm-x-3-cm-x-60-cm-svart.webp?fit=800%2C800&ssl=1","type":"image\/webp"}],"twitter_card":"summary_large_image","twitter_misc":{"Ber\u00e4knad l\u00e4stid":"1 minut"},"schema":{"@context":"https:\/\/schema.org","@graph":[{"@type":"WebPage","@id":"https:\/\/truusk.store\/sv\/produkt\/truusk-rullbehallare-1-fack-1-hylla-1-lada-40-cm-x-3-cm-x-60-cm-svart\/","url":"https:\/\/truusk.store\/sv\/produkt\/truusk-rullbehallare-1-fack-1-hylla-1-lada-40-cm-x-3-cm-x-60-cm-svart\/","name":"TRUUSK Rullbeh\u00e5llare - 1 Fack, 1 Hylla, 1 L\u00e5da - 40 cm x 3 cm x 60 cm - Svart - TRUUSK - Hem, Tr\u00e4dg\u00e5rd &amp; Fritid","isPartOf":{"@id":"https:\/\/truusk.store\/sv\/#website"},"primaryImageOfPage":{"@id":"https:\/\/truusk.store\/sv\/produkt\/truusk-rullbehallare-1-fack-1-hylla-1-lada-40-cm-x-3-cm-x-60-cm-svart\/#primaryimage"},"image":{"@id":"https:\/\/truusk.store\/sv\/produkt\/truusk-rullbehallare-1-fack-1-hylla-1-lada-40-cm-x-3-cm-x-60-cm-svart\/#primaryimage"},"thumbnailUrl":"https:\/\/i0.wp.com\/truusk.store\/wp-content\/uploads\/2024\/03\/rullbehallare-lada-behallare-behallare-1-fack-1-hylla-1-lada-40-cm-x-3-cm-x-60-cm-svart.webp?fit=800%2C800&ssl=1","datePublished":"2024-03-02T21:50:10+00:00","dateModified":"2026-03-12T08:36:42+00:00","breadcrumb":{"@id":"https:\/\/truusk.store\/sv\/produkt\/truusk-rullbehallare-1-fack-1-hylla-1-lada-40-cm-x-3-cm-x-60-cm-svart\/#breadcrumb"},"inLanguage":"sv-SE","potentialAction":[{"@type":"ReadAction","target":["https:\/\/truusk.store\/sv\/produkt\/truusk-rullbehallare-1-fack-1-hylla-1-lada-40-cm-x-3-cm-x-60-cm-svart\/"]}]},{"@type":"ImageObject","inLanguage":"sv-SE","@id":"https:\/\/truusk.store\/sv\/produkt\/truusk-rullbehallare-1-fack-1-hylla-1-lada-40-cm-x-3-cm-x-60-cm-svart\/#primaryimage","url":"https:\/\/i0.wp.com\/truusk.store\/wp-content\/uploads\/2024\/03\/rullbehallare-lada-behallare-behallare-1-fack-1-hylla-1-lada-40-cm-x-3-cm-x-60-cm-svart.webp?fit=800%2C800&ssl=1","contentUrl":"https:\/\/i0.wp.com\/truusk.store\/wp-content\/uploads\/2024\/03\/rullbehallare-lada-behallare-behallare-1-fack-1-hylla-1-lada-40-cm-x-3-cm-x-60-cm-svart.webp?fit=800%2C800&ssl=1","width":800,"height":800,"caption":"Rullbeh\u00e5llare L\u00e5da Beh\u00e5llare Beh\u00e5llare, 1 Fack, 1 Hylla, 1 L\u00e5da, 40 Cm X 3 Cm X 60 Cm, Svart 1"},{"@type":"BreadcrumbList","@id":"https:\/\/truusk.store\/sv\/produkt\/truusk-rullbehallare-1-fack-1-hylla-1-lada-40-cm-x-3-cm-x-60-cm-svart\/#breadcrumb","itemListElement":[{"@type":"ListItem","position":1,"name":"Home","item":"https:\/\/truusk.store\/sv\/"},{"@type":"ListItem","position":2,"name":"Shop","item":"https:\/\/truusk.store\/shop\/"},{"@type":"ListItem","position":3,"name":"TRUUSK Rullbeh\u00e5llare &#8211; 1 Fack, 1 Hylla, 1 L\u00e5da &#8211; 40 cm x 3 cm x 60 cm &#8211; Svart"}]},{"@type":"WebSite","@id":"https:\/\/truusk.store\/sv\/#website","url":"https:\/\/truusk.store\/sv\/","name":"TRUUSK - Hem, Tr\u00e4dg\u00e5rd & Fritid","description":"","publisher":{"@id":"https:\/\/truusk.store\/sv\/#organization"},"potentialAction":[{"@type":"SearchAction","target":{"@type":"EntryPoint","urlTemplate":"https:\/\/truusk.store\/sv\/?s={search_term_string}"},"query-input":{"@type":"PropertyValueSpecification","valueRequired":true,"valueName":"search_term_string"}}],"inLanguage":"sv-SE"},{"@type":"Organization","@id":"https:\/\/truusk.store\/sv\/#organization","name":"TRUUSK - Hem, Tr\u00e4dg\u00e5rd & Fritid","url":"https:\/\/truusk.store\/sv\/","logo":{"@type":"ImageObject","inLanguage":"sv-SE","@id":"https:\/\/truusk.store\/sv\/#\/schema\/logo\/image\/","url":"https:\/\/i0.wp.com\/truusk.store\/wp-content\/uploads\/2026\/03\/cropped-TRUUSK.png?fit=2032%2C917&ssl=1","contentUrl":"https:\/\/i0.wp.com\/truusk.store\/wp-content\/uploads\/2026\/03\/cropped-TRUUSK.png?fit=2032%2C917&ssl=1","width":2032,"height":917,"caption":"TRUUSK - Hem, Tr\u00e4dg\u00e5rd & Fritid"},"image":{"@id":"https:\/\/truusk.store\/sv\/#\/schema\/logo\/image\/"}}]}},"jetpack_sharing_enabled":true,"_links":{"self":[{"href":"https:\/\/truusk.store\/sv\/wp-json\/wp\/v2\/product\/51477","targetHints":{"allow":["GET"]}}],"collection":[{"href":"https:\/\/truusk.store\/sv\/wp-json\/wp\/v2\/product"}],"about":[{"href":"https:\/\/truusk.store\/sv\/wp-json\/wp\/v2\/types\/product"}],"wp:featuredmedia":[{"embeddable":true,"href":"https:\/\/truusk.store\/sv\/wp-json\/wp\/v2\/media\/51478"}],"wp:attachment":[{"href":"https:\/\/truusk.store\/sv\/wp-json\/wp\/v2\/media?parent=51477"}],"wp:term":[{"taxonomy":"product_brand","embeddable":true,"href":"https:\/\/truusk.store\/sv\/wp-json\/wp\/v2\/product_brand?post=51477"},{"taxonomy":"product_cat","embeddable":true,"href":"https:\/\/truusk.store\/sv\/wp-json\/wp\/v2\/product_cat?post=51477"},{"taxonomy":"product_tag","embeddable":true,"href":"https:\/\/truusk.store\/sv\/wp-json\/wp\/v2\/product_tag?post=51477"}],"curies":[{"name":"wp","href":"https:\/\/api.w.org\/{rel}","templated":true}]}}