{"id":51488,"date":"2024-03-02T23:00:09","date_gmt":"2024-03-02T22:00:09","guid":{"rendered":"https:\/\/truusk.store\/product\/skank-byra-2-lador-2-skap-105-cm-x-40-cm-x-76-cm-svart\/"},"modified":"2026-03-12T09:36:41","modified_gmt":"2026-03-12T08:36:41","slug":"truusk-skank-byra-2-lador-2-skap-105-cm-x-40-cm-x-76-cm-svart","status":"publish","type":"product","link":"https:\/\/truusk.store\/sv\/produkt\/truusk-skank-byra-2-lador-2-skap-105-cm-x-40-cm-x-76-cm-svart\/","title":{"rendered":"TRUUSK Sk\u00e4nk Byr\u00e5 &#8211; 2 L\u00e5dor &#8211; 2 Sk\u00e5p &#8211; 105 cm x 40 cm x 76 cm &#8211; Svart"},"content":{"rendered":"<p>Med detta f\u00f6rvaringssk\u00e5p kan du snabbt skapa det n\u00f6dv\u00e4ndiga f\u00f6rvaringsutrymmet och ordning. Den enkla designen g\u00f6r detta f\u00f6rvaringssk\u00e5p till ett subtilt och diskret blickf\u00e5ng i ditt hem. Samtidigt erbjuder sidosk\u00e5pet och l\u00e5dorna gott om f\u00f6rvaringsutrymme f\u00f6r dina dagliga tillbeh\u00f6r och redskap. Du kan designa ditt hem individuellt med den justerbara hyllan som anpassar sig efter dina behov.<\/p>\n<h3>Beskrivning:<\/h3>\n<ul>\n<li>Idealisk f\u00f6r att lagra filer, dokument, b\u00f6cker och mycket mer<\/li>\n<li>L\u00e4mplig f\u00f6r vardagsrum, matsalar, sovrum och studier<\/li>\n<li>Med tv\u00e5 l\u00e5dor, tv\u00e5 sk\u00e5psd\u00f6rrar och gott om f\u00f6rvaringsutrymme<\/li>\n<li>Utdragbara hyllor i f\u00f6rvaringssk\u00e5pet f\u00f6r individuell f\u00f6rvaring<\/li>\n<li>Tryck-klicka d\u00f6rrar p\u00e5 sidosk\u00e5pet f\u00f6r mer bekv\u00e4mlighet<\/li>\n<li>Slitstark sp\u00e5nskiva<\/li>\n<li>Med tippskydd<\/li>\n<li>Max belastning 50 kg<\/li>\n<li>Montering kr\u00e4vs<\/li>\n<\/ul>\n<h3>Teknisk data:<\/h3>\n<ul>\n<li>Svart f\u00e4rg<\/li>\n<li>Material: sp\u00e5nskiva<\/li>\n<li>\u00d6vergripande m\u00e5tt: 79W x 36D x 74H cm<\/li>\n<li>L\u00e5dans innerm\u00e5tt: 31,5W x 28,5D x 6H cm<\/li>\n<li>Liten sk\u00e5pd\u00f6rr storlek: 37,6W x 40,9H cm<\/li>\n<li>Storlek p\u00e5 den stora sk\u00e5pd\u00f6rren: 37,6W x 68,7H cm<\/li>\n<li>Lastkapacitet: 50 kg (totalt), 5 kg (varje l\u00e5da)<\/li>\n<\/ul>\n<h3>Leveransens omfattning:<\/h3>\n<ul>\n<li>1 x st\u00e5ende sk\u00e5p<\/li>\n<li>1 x Monteringsanvisning<\/li>\n<\/ul>\n","protected":false},"excerpt":{"rendered":"<p>Med detta f\u00f6rvaringssk\u00e5p kan du snabbt skapa det n\u00f6dv\u00e4ndiga f\u00f6rvaringsutrymmet och ordning. Den enkla designen g\u00f6r detta f\u00f6rvaringssk\u00e5p till ett&#8230;<\/p>\n","protected":false},"featured_media":51489,"template":"","meta":[],"product_brand":[],"product_cat":[531,485,528],"product_tag":[],"class_list":{"0":"post-51488","1":"product","2":"type-product","3":"status-publish","4":"has-post-thumbnail","6":"product_cat-byraer","7":"product_cat-hus-bo","8":"product_cat-skap-byraer","10":"first","11":"instock","12":"sale","13":"taxable","14":"shipping-taxable","15":"purchasable","16":"product-type-simple"},"yoast_head":"<!-- This site is optimized with the Yoast SEO plugin v25.4 - https:\/\/yoast.com\/wordpress\/plugins\/seo\/ -->\n<title>TRUUSK Sk\u00e4nk Byr\u00e5 - 2 L\u00e5dor - 2 Sk\u00e5p - 105 cm x 40 cm x 76 cm - Svart - TRUUSK - Hem, Tr\u00e4dg\u00e5rd &amp; Fritid<\/title>\n<meta name=\"robots\" content=\"index, follow, max-snippet:-1, max-image-preview:large, max-video-preview:-1\" \/>\n<link rel=\"canonical\" href=\"https:\/\/truusk.store\/sv\/produkt\/truusk-skank-byra-2-lador-2-skap-105-cm-x-40-cm-x-76-cm-svart\/\" \/>\n<meta property=\"og:locale\" content=\"sv_SE\" \/>\n<meta property=\"og:type\" content=\"article\" \/>\n<meta property=\"og:title\" content=\"TRUUSK Sk\u00e4nk Byr\u00e5 - 2 L\u00e5dor - 2 Sk\u00e5p - 105 cm x 40 cm x 76 cm - Svart - TRUUSK - Hem, Tr\u00e4dg\u00e5rd &amp; Fritid\" \/>\n<meta property=\"og:description\" content=\"Med detta f\u00f6rvaringssk\u00e5p kan du snabbt skapa det n\u00f6dv\u00e4ndiga f\u00f6rvaringsutrymmet och ordning. Den enkla designen g\u00f6r detta f\u00f6rvaringssk\u00e5p till ett...\" \/>\n<meta property=\"og:url\" content=\"https:\/\/truusk.store\/sv\/produkt\/truusk-skank-byra-2-lador-2-skap-105-cm-x-40-cm-x-76-cm-svart\/\" \/>\n<meta property=\"og:site_name\" content=\"TRUUSK - Hem, Tr\u00e4dg\u00e5rd &amp; Fritid\" \/>\n<meta property=\"article:modified_time\" content=\"2026-03-12T08:36:41+00:00\" \/>\n<meta property=\"og:image\" content=\"https:\/\/i0.wp.com\/truusk.se\/wp-content\/uploads\/2024\/03\/skank-byra-2-lador-2-skap-105-cm-x-40-cm-x-76-cm-svart.webp?fit=800%2C800&ssl=1\" \/>\n\t<meta property=\"og:image:width\" content=\"800\" \/>\n\t<meta property=\"og:image:height\" content=\"800\" \/>\n\t<meta property=\"og:image:type\" content=\"image\/webp\" \/>\n<meta name=\"twitter:card\" content=\"summary_large_image\" \/>\n<meta name=\"twitter:label1\" content=\"Ber\u00e4knad l\u00e4stid\" \/>\n\t<meta name=\"twitter:data1\" content=\"1 minut\" \/>\n<!-- \/ Yoast SEO plugin. -->","yoast_head_json":{"title":"TRUUSK Sk\u00e4nk Byr\u00e5 - 2 L\u00e5dor - 2 Sk\u00e5p - 105 cm x 40 cm x 76 cm - Svart - TRUUSK - Hem, Tr\u00e4dg\u00e5rd &amp; Fritid","robots":{"index":"index","follow":"follow","max-snippet":"max-snippet:-1","max-image-preview":"max-image-preview:large","max-video-preview":"max-video-preview:-1"},"canonical":"https:\/\/truusk.store\/sv\/produkt\/truusk-skank-byra-2-lador-2-skap-105-cm-x-40-cm-x-76-cm-svart\/","og_locale":"sv_SE","og_type":"article","og_title":"TRUUSK Sk\u00e4nk Byr\u00e5 - 2 L\u00e5dor - 2 Sk\u00e5p - 105 cm x 40 cm x 76 cm - Svart - TRUUSK - Hem, Tr\u00e4dg\u00e5rd &amp; Fritid","og_description":"Med detta f\u00f6rvaringssk\u00e5p kan du snabbt skapa det n\u00f6dv\u00e4ndiga f\u00f6rvaringsutrymmet och ordning. Den enkla designen g\u00f6r detta f\u00f6rvaringssk\u00e5p till ett...","og_url":"https:\/\/truusk.store\/sv\/produkt\/truusk-skank-byra-2-lador-2-skap-105-cm-x-40-cm-x-76-cm-svart\/","og_site_name":"TRUUSK - Hem, Tr\u00e4dg\u00e5rd &amp; Fritid","article_modified_time":"2026-03-12T08:36:41+00:00","og_image":[{"width":800,"height":800,"url":"https:\/\/i0.wp.com\/truusk.se\/wp-content\/uploads\/2024\/03\/skank-byra-2-lador-2-skap-105-cm-x-40-cm-x-76-cm-svart.webp?fit=800%2C800&ssl=1","type":"image\/webp"}],"twitter_card":"summary_large_image","twitter_misc":{"Ber\u00e4knad l\u00e4stid":"1 minut"},"schema":{"@context":"https:\/\/schema.org","@graph":[{"@type":"WebPage","@id":"https:\/\/truusk.store\/sv\/produkt\/truusk-skank-byra-2-lador-2-skap-105-cm-x-40-cm-x-76-cm-svart\/","url":"https:\/\/truusk.store\/sv\/produkt\/truusk-skank-byra-2-lador-2-skap-105-cm-x-40-cm-x-76-cm-svart\/","name":"TRUUSK Sk\u00e4nk Byr\u00e5 - 2 L\u00e5dor - 2 Sk\u00e5p - 105 cm x 40 cm x 76 cm - Svart - TRUUSK - Hem, Tr\u00e4dg\u00e5rd &amp; Fritid","isPartOf":{"@id":"https:\/\/truusk.store\/sv\/#website"},"primaryImageOfPage":{"@id":"https:\/\/truusk.store\/sv\/produkt\/truusk-skank-byra-2-lador-2-skap-105-cm-x-40-cm-x-76-cm-svart\/#primaryimage"},"image":{"@id":"https:\/\/truusk.store\/sv\/produkt\/truusk-skank-byra-2-lador-2-skap-105-cm-x-40-cm-x-76-cm-svart\/#primaryimage"},"thumbnailUrl":"https:\/\/i0.wp.com\/truusk.store\/wp-content\/uploads\/2024\/03\/skank-byra-2-lador-2-skap-105-cm-x-40-cm-x-76-cm-svart.webp?fit=800%2C800&ssl=1","datePublished":"2024-03-02T22:00:09+00:00","dateModified":"2026-03-12T08:36:41+00:00","breadcrumb":{"@id":"https:\/\/truusk.store\/sv\/produkt\/truusk-skank-byra-2-lador-2-skap-105-cm-x-40-cm-x-76-cm-svart\/#breadcrumb"},"inLanguage":"sv-SE","potentialAction":[{"@type":"ReadAction","target":["https:\/\/truusk.store\/sv\/produkt\/truusk-skank-byra-2-lador-2-skap-105-cm-x-40-cm-x-76-cm-svart\/"]}]},{"@type":"ImageObject","inLanguage":"sv-SE","@id":"https:\/\/truusk.store\/sv\/produkt\/truusk-skank-byra-2-lador-2-skap-105-cm-x-40-cm-x-76-cm-svart\/#primaryimage","url":"https:\/\/i0.wp.com\/truusk.store\/wp-content\/uploads\/2024\/03\/skank-byra-2-lador-2-skap-105-cm-x-40-cm-x-76-cm-svart.webp?fit=800%2C800&ssl=1","contentUrl":"https:\/\/i0.wp.com\/truusk.store\/wp-content\/uploads\/2024\/03\/skank-byra-2-lador-2-skap-105-cm-x-40-cm-x-76-cm-svart.webp?fit=800%2C800&ssl=1","width":800,"height":800,"caption":"Sk\u00e4nk Byr\u00e5, 2 L\u00e5dor, 2 Sk\u00e5p, 105 Cm X 40 Cm X 76 Cm, Svart 1"},{"@type":"BreadcrumbList","@id":"https:\/\/truusk.store\/sv\/produkt\/truusk-skank-byra-2-lador-2-skap-105-cm-x-40-cm-x-76-cm-svart\/#breadcrumb","itemListElement":[{"@type":"ListItem","position":1,"name":"Home","item":"https:\/\/truusk.store\/sv\/"},{"@type":"ListItem","position":2,"name":"Shop","item":"https:\/\/truusk.store\/shop\/"},{"@type":"ListItem","position":3,"name":"TRUUSK Sk\u00e4nk Byr\u00e5 &#8211; 2 L\u00e5dor &#8211; 2 Sk\u00e5p &#8211; 105 cm x 40 cm x 76 cm &#8211; Svart"}]},{"@type":"WebSite","@id":"https:\/\/truusk.store\/sv\/#website","url":"https:\/\/truusk.store\/sv\/","name":"TRUUSK - Hem, Tr\u00e4dg\u00e5rd & Fritid","description":"","publisher":{"@id":"https:\/\/truusk.store\/sv\/#organization"},"potentialAction":[{"@type":"SearchAction","target":{"@type":"EntryPoint","urlTemplate":"https:\/\/truusk.store\/sv\/?s={search_term_string}"},"query-input":{"@type":"PropertyValueSpecification","valueRequired":true,"valueName":"search_term_string"}}],"inLanguage":"sv-SE"},{"@type":"Organization","@id":"https:\/\/truusk.store\/sv\/#organization","name":"TRUUSK - Hem, Tr\u00e4dg\u00e5rd & Fritid","url":"https:\/\/truusk.store\/sv\/","logo":{"@type":"ImageObject","inLanguage":"sv-SE","@id":"https:\/\/truusk.store\/sv\/#\/schema\/logo\/image\/","url":"https:\/\/i0.wp.com\/truusk.store\/wp-content\/uploads\/2026\/03\/cropped-TRUUSK.png?fit=2032%2C917&ssl=1","contentUrl":"https:\/\/i0.wp.com\/truusk.store\/wp-content\/uploads\/2026\/03\/cropped-TRUUSK.png?fit=2032%2C917&ssl=1","width":2032,"height":917,"caption":"TRUUSK - Hem, Tr\u00e4dg\u00e5rd & Fritid"},"image":{"@id":"https:\/\/truusk.store\/sv\/#\/schema\/logo\/image\/"}}]}},"jetpack_sharing_enabled":true,"_links":{"self":[{"href":"https:\/\/truusk.store\/sv\/wp-json\/wp\/v2\/product\/51488","targetHints":{"allow":["GET"]}}],"collection":[{"href":"https:\/\/truusk.store\/sv\/wp-json\/wp\/v2\/product"}],"about":[{"href":"https:\/\/truusk.store\/sv\/wp-json\/wp\/v2\/types\/product"}],"wp:featuredmedia":[{"embeddable":true,"href":"https:\/\/truusk.store\/sv\/wp-json\/wp\/v2\/media\/51489"}],"wp:attachment":[{"href":"https:\/\/truusk.store\/sv\/wp-json\/wp\/v2\/media?parent=51488"}],"wp:term":[{"taxonomy":"product_brand","embeddable":true,"href":"https:\/\/truusk.store\/sv\/wp-json\/wp\/v2\/product_brand?post=51488"},{"taxonomy":"product_cat","embeddable":true,"href":"https:\/\/truusk.store\/sv\/wp-json\/wp\/v2\/product_cat?post=51488"},{"taxonomy":"product_tag","embeddable":true,"href":"https:\/\/truusk.store\/sv\/wp-json\/wp\/v2\/product_tag?post=51488"}],"curies":[{"name":"wp","href":"https:\/\/api.w.org\/{rel}","templated":true}]}}