{"id":51520,"date":"2024-03-02T23:30:09","date_gmt":"2024-03-02T22:30:09","guid":{"rendered":"https:\/\/truusk.store\/product\/upphojd-badd-med-spalje-vaxtlada-med-spalje-oppen-botten-vaderbestandig-61-cm-x-61-cm-x-140-cm-gron\/"},"modified":"2026-03-12T09:35:31","modified_gmt":"2026-03-12T08:35:31","slug":"truusk-upphojd-badd-med-spalje-vaxtlada-med-spalje-oppen-botten-vaderbestandig-61-cm-x-61-cm-x-140-cm-gron","status":"publish","type":"product","link":"https:\/\/truusk.store\/sv\/produkt\/truusk-upphojd-badd-med-spalje-vaxtlada-med-spalje-oppen-botten-vaderbestandig-61-cm-x-61-cm-x-140-cm-gron\/","title":{"rendered":"TRUUSK Upph\u00f6jd B\u00e4dd Med Spalj\u00e9 &#8211; V\u00e4xtl\u00e5da Med Spalj\u00e9 &#8211; \u00f6ppen Botten &#8211; V\u00e4derbest\u00e4ndig &#8211; 61 cm x 61 cm x 140 cm &#8211; Gr\u00f6n"},"content":{"rendered":"<p>Oavsett om det g\u00e4ller vinrankor eller kl\u00e4tterv\u00e4xter, med tomatspalj\u00e9n och den medf\u00f6ljande h\u00f6jdb\u00e4dden f\u00f6r balkongen, f\u00e5r varje kl\u00e4tterv\u00e4xt till sitt b\u00e4sta. Den justerbara burdesignen g\u00f6r att v\u00e4xter av alla storlekar och former kan rymmas. Lyft dina v\u00e4xter \u00f6ver ogr\u00e4s och vilda djur. Den \u00f6ppna botten av den upph\u00f6jda \u00f6rtb\u00e4dden f\u00f6rhindrar vattenf\u00f6rs\u00e4mring och g\u00f6r att r\u00f6tterna v\u00e4xer s\u00e4rskilt bra.<\/p>\n<h3>Beskrivning:<\/h3>\n<ul>\n<li>Mycket utrymme att v\u00e4xa, spalj\u00e9 f\u00f6r kl\u00e4tterv\u00e4xter<\/li>\n<li>Upph\u00f6jd b\u00e4dd f\u00f6r att h\u00e5lla ogr\u00e4s ute och undvika vattenf\u00f6rs\u00e4mring<\/li>\n<li>H\u00f6jden p\u00e5 tomatburen kan justeras<\/li>\n<li>H\u00e5ller ogr\u00e4s ute och ger bra dr\u00e4nering med \u00f6ppen jord<\/li>\n<li>Tillverkad av tjockt, varmf\u00f6rzinkat och pulverlackerat st\u00e5l som inte deformeras eller deformeras<\/li>\n<li>Den platta kanten f\u00f6rhindrar fingerskador<\/li>\n<li>Anv\u00e4nd denna rabatt f\u00f6r att plantera tomater, plantor, sm\u00e5 tr\u00e4d, frukt, gr\u00f6nsaker och potatis<\/li>\n<li>L\u00e4tt att montera<\/li>\n<\/ul>\n<h3>Teknisk data:<\/h3>\n<ul>\n<li>F\u00e4rg: gr\u00f6n<\/li>\n<li>Material: st\u00e5l, galvaniserat st\u00e5l<\/li>\n<li>\u00d6vergripande m\u00e5tt: 61L x 61W x 140H cm<\/li>\n<li>M\u00e5tt f\u00f6r upph\u00f6jd s\u00e4ng: 61W x 61D x 30H cm<\/li>\n<li>Spalj\u00e9m\u00e5tt: 49W x 49D x 140H cm<\/li>\n<li>Planteringsyta storlek: 59W x 59D x 30H cm<\/li>\n<\/ul>\n<h3>Leveransens omfattning:<\/h3>\n<ul>\n<li>1 x upph\u00f6jd s\u00e4ng<\/li>\n<li>1 x tomatbur<\/li>\n<li>12 x plastdel<\/li>\n<li>1 x manuell<\/li>\n<\/ul>\n","protected":false},"excerpt":{"rendered":"<p>Oavsett om det g\u00e4ller vinrankor eller kl\u00e4tterv\u00e4xter, med tomatspalj\u00e9n och den medf\u00f6ljande h\u00f6jdb\u00e4dden f\u00f6r balkongen, f\u00e5r varje kl\u00e4tterv\u00e4xt till sitt&#8230;<\/p>\n","protected":false},"featured_media":51521,"template":"","meta":[],"product_brand":[],"product_cat":[445,435,443],"product_tag":[],"class_list":{"0":"post-51520","1":"product","2":"type-product","3":"status-publish","4":"has-post-thumbnail","6":"product_cat-kalla-ramar","7":"product_cat-tradgard-och-terrass","8":"product_cat-vaxthus-tradgardsskotsel","10":"first","11":"instock","12":"sale","13":"taxable","14":"shipping-taxable","15":"purchasable","16":"product-type-simple"},"yoast_head":"<!-- This site is optimized with the Yoast SEO plugin v25.4 - https:\/\/yoast.com\/wordpress\/plugins\/seo\/ -->\n<title>TRUUSK Upph\u00f6jd B\u00e4dd Med Spalj\u00e9 - V\u00e4xtl\u00e5da Med Spalj\u00e9 - \u00f6ppen Botten - V\u00e4derbest\u00e4ndig - 61 cm x 61 cm x 140 cm - Gr\u00f6n - TRUUSK - Hem, Tr\u00e4dg\u00e5rd &amp; Fritid<\/title>\n<meta name=\"robots\" content=\"index, follow, max-snippet:-1, max-image-preview:large, max-video-preview:-1\" \/>\n<link rel=\"canonical\" href=\"https:\/\/truusk.store\/sv\/produkt\/truusk-upphojd-badd-med-spalje-vaxtlada-med-spalje-oppen-botten-vaderbestandig-61-cm-x-61-cm-x-140-cm-gron\/\" \/>\n<meta property=\"og:locale\" content=\"sv_SE\" \/>\n<meta property=\"og:type\" content=\"article\" \/>\n<meta property=\"og:title\" content=\"TRUUSK Upph\u00f6jd B\u00e4dd Med Spalj\u00e9 - V\u00e4xtl\u00e5da Med Spalj\u00e9 - \u00f6ppen Botten - V\u00e4derbest\u00e4ndig - 61 cm x 61 cm x 140 cm - Gr\u00f6n - TRUUSK - Hem, Tr\u00e4dg\u00e5rd &amp; Fritid\" \/>\n<meta property=\"og:description\" content=\"Oavsett om det g\u00e4ller vinrankor eller kl\u00e4tterv\u00e4xter, med tomatspalj\u00e9n och den medf\u00f6ljande h\u00f6jdb\u00e4dden f\u00f6r balkongen, f\u00e5r varje kl\u00e4tterv\u00e4xt till sitt...\" \/>\n<meta property=\"og:url\" content=\"https:\/\/truusk.store\/sv\/produkt\/truusk-upphojd-badd-med-spalje-vaxtlada-med-spalje-oppen-botten-vaderbestandig-61-cm-x-61-cm-x-140-cm-gron\/\" \/>\n<meta property=\"og:site_name\" content=\"TRUUSK - Hem, Tr\u00e4dg\u00e5rd &amp; Fritid\" \/>\n<meta property=\"article:modified_time\" content=\"2026-03-12T08:35:31+00:00\" \/>\n<meta property=\"og:image\" content=\"https:\/\/i0.wp.com\/truusk.se\/wp-content\/uploads\/2024\/03\/upphojd-badd-med-spalje-vaxtlada-med-spalje-oppen-botten-vaderbestandig-61-cm-x-61-cm-x-140-cm-gron.webp?fit=800%2C800&ssl=1\" \/>\n\t<meta property=\"og:image:width\" content=\"800\" \/>\n\t<meta property=\"og:image:height\" content=\"800\" \/>\n\t<meta property=\"og:image:type\" content=\"image\/webp\" \/>\n<meta name=\"twitter:card\" content=\"summary_large_image\" \/>\n<meta name=\"twitter:label1\" content=\"Ber\u00e4knad l\u00e4stid\" \/>\n\t<meta name=\"twitter:data1\" content=\"1 minut\" \/>\n<!-- \/ Yoast SEO plugin. -->","yoast_head_json":{"title":"TRUUSK Upph\u00f6jd B\u00e4dd Med Spalj\u00e9 - V\u00e4xtl\u00e5da Med Spalj\u00e9 - \u00f6ppen Botten - V\u00e4derbest\u00e4ndig - 61 cm x 61 cm x 140 cm - Gr\u00f6n - TRUUSK - Hem, Tr\u00e4dg\u00e5rd &amp; Fritid","robots":{"index":"index","follow":"follow","max-snippet":"max-snippet:-1","max-image-preview":"max-image-preview:large","max-video-preview":"max-video-preview:-1"},"canonical":"https:\/\/truusk.store\/sv\/produkt\/truusk-upphojd-badd-med-spalje-vaxtlada-med-spalje-oppen-botten-vaderbestandig-61-cm-x-61-cm-x-140-cm-gron\/","og_locale":"sv_SE","og_type":"article","og_title":"TRUUSK Upph\u00f6jd B\u00e4dd Med Spalj\u00e9 - V\u00e4xtl\u00e5da Med Spalj\u00e9 - \u00f6ppen Botten - V\u00e4derbest\u00e4ndig - 61 cm x 61 cm x 140 cm - Gr\u00f6n - TRUUSK - Hem, Tr\u00e4dg\u00e5rd &amp; Fritid","og_description":"Oavsett om det g\u00e4ller vinrankor eller kl\u00e4tterv\u00e4xter, med tomatspalj\u00e9n och den medf\u00f6ljande h\u00f6jdb\u00e4dden f\u00f6r balkongen, f\u00e5r varje kl\u00e4tterv\u00e4xt till sitt...","og_url":"https:\/\/truusk.store\/sv\/produkt\/truusk-upphojd-badd-med-spalje-vaxtlada-med-spalje-oppen-botten-vaderbestandig-61-cm-x-61-cm-x-140-cm-gron\/","og_site_name":"TRUUSK - Hem, Tr\u00e4dg\u00e5rd &amp; Fritid","article_modified_time":"2026-03-12T08:35:31+00:00","og_image":[{"width":800,"height":800,"url":"https:\/\/i0.wp.com\/truusk.se\/wp-content\/uploads\/2024\/03\/upphojd-badd-med-spalje-vaxtlada-med-spalje-oppen-botten-vaderbestandig-61-cm-x-61-cm-x-140-cm-gron.webp?fit=800%2C800&ssl=1","type":"image\/webp"}],"twitter_card":"summary_large_image","twitter_misc":{"Ber\u00e4knad l\u00e4stid":"1 minut"},"schema":{"@context":"https:\/\/schema.org","@graph":[{"@type":"WebPage","@id":"https:\/\/truusk.store\/sv\/produkt\/truusk-upphojd-badd-med-spalje-vaxtlada-med-spalje-oppen-botten-vaderbestandig-61-cm-x-61-cm-x-140-cm-gron\/","url":"https:\/\/truusk.store\/sv\/produkt\/truusk-upphojd-badd-med-spalje-vaxtlada-med-spalje-oppen-botten-vaderbestandig-61-cm-x-61-cm-x-140-cm-gron\/","name":"TRUUSK Upph\u00f6jd B\u00e4dd Med Spalj\u00e9 - V\u00e4xtl\u00e5da Med Spalj\u00e9 - \u00f6ppen Botten - V\u00e4derbest\u00e4ndig - 61 cm x 61 cm x 140 cm - Gr\u00f6n - TRUUSK - Hem, Tr\u00e4dg\u00e5rd &amp; Fritid","isPartOf":{"@id":"https:\/\/truusk.store\/sv\/#website"},"primaryImageOfPage":{"@id":"https:\/\/truusk.store\/sv\/produkt\/truusk-upphojd-badd-med-spalje-vaxtlada-med-spalje-oppen-botten-vaderbestandig-61-cm-x-61-cm-x-140-cm-gron\/#primaryimage"},"image":{"@id":"https:\/\/truusk.store\/sv\/produkt\/truusk-upphojd-badd-med-spalje-vaxtlada-med-spalje-oppen-botten-vaderbestandig-61-cm-x-61-cm-x-140-cm-gron\/#primaryimage"},"thumbnailUrl":"https:\/\/i0.wp.com\/truusk.store\/wp-content\/uploads\/2024\/03\/upphojd-badd-med-spalje-vaxtlada-med-spalje-oppen-botten-vaderbestandig-61-cm-x-61-cm-x-140-cm-gron.webp?fit=800%2C800&ssl=1","datePublished":"2024-03-02T22:30:09+00:00","dateModified":"2026-03-12T08:35:31+00:00","breadcrumb":{"@id":"https:\/\/truusk.store\/sv\/produkt\/truusk-upphojd-badd-med-spalje-vaxtlada-med-spalje-oppen-botten-vaderbestandig-61-cm-x-61-cm-x-140-cm-gron\/#breadcrumb"},"inLanguage":"sv-SE","potentialAction":[{"@type":"ReadAction","target":["https:\/\/truusk.store\/sv\/produkt\/truusk-upphojd-badd-med-spalje-vaxtlada-med-spalje-oppen-botten-vaderbestandig-61-cm-x-61-cm-x-140-cm-gron\/"]}]},{"@type":"ImageObject","inLanguage":"sv-SE","@id":"https:\/\/truusk.store\/sv\/produkt\/truusk-upphojd-badd-med-spalje-vaxtlada-med-spalje-oppen-botten-vaderbestandig-61-cm-x-61-cm-x-140-cm-gron\/#primaryimage","url":"https:\/\/i0.wp.com\/truusk.store\/wp-content\/uploads\/2024\/03\/upphojd-badd-med-spalje-vaxtlada-med-spalje-oppen-botten-vaderbestandig-61-cm-x-61-cm-x-140-cm-gron.webp?fit=800%2C800&ssl=1","contentUrl":"https:\/\/i0.wp.com\/truusk.store\/wp-content\/uploads\/2024\/03\/upphojd-badd-med-spalje-vaxtlada-med-spalje-oppen-botten-vaderbestandig-61-cm-x-61-cm-x-140-cm-gron.webp?fit=800%2C800&ssl=1","width":800,"height":800,"caption":"Upph\u00f6jd B\u00e4dd Med Spalj\u00e9, V\u00e4xtl\u00e5da Med Spalj\u00e9, \u00f6ppen Botten, V\u00e4derbest\u00e4ndig, 61 Cm X 61 Cm X 140 Cm, Gr\u00f6n 1"},{"@type":"BreadcrumbList","@id":"https:\/\/truusk.store\/sv\/produkt\/truusk-upphojd-badd-med-spalje-vaxtlada-med-spalje-oppen-botten-vaderbestandig-61-cm-x-61-cm-x-140-cm-gron\/#breadcrumb","itemListElement":[{"@type":"ListItem","position":1,"name":"Home","item":"https:\/\/truusk.store\/sv\/"},{"@type":"ListItem","position":2,"name":"Shop","item":"https:\/\/truusk.store\/shop\/"},{"@type":"ListItem","position":3,"name":"TRUUSK Upph\u00f6jd B\u00e4dd Med Spalj\u00e9 &#8211; V\u00e4xtl\u00e5da Med Spalj\u00e9 &#8211; \u00f6ppen Botten &#8211; V\u00e4derbest\u00e4ndig &#8211; 61 cm x 61 cm x 140 cm &#8211; Gr\u00f6n"}]},{"@type":"WebSite","@id":"https:\/\/truusk.store\/sv\/#website","url":"https:\/\/truusk.store\/sv\/","name":"TRUUSK - Hem, Tr\u00e4dg\u00e5rd & Fritid","description":"","publisher":{"@id":"https:\/\/truusk.store\/sv\/#organization"},"potentialAction":[{"@type":"SearchAction","target":{"@type":"EntryPoint","urlTemplate":"https:\/\/truusk.store\/sv\/?s={search_term_string}"},"query-input":{"@type":"PropertyValueSpecification","valueRequired":true,"valueName":"search_term_string"}}],"inLanguage":"sv-SE"},{"@type":"Organization","@id":"https:\/\/truusk.store\/sv\/#organization","name":"TRUUSK - Hem, Tr\u00e4dg\u00e5rd & Fritid","url":"https:\/\/truusk.store\/sv\/","logo":{"@type":"ImageObject","inLanguage":"sv-SE","@id":"https:\/\/truusk.store\/sv\/#\/schema\/logo\/image\/","url":"https:\/\/i0.wp.com\/truusk.store\/wp-content\/uploads\/2026\/03\/cropped-TRUUSK.png?fit=2032%2C917&ssl=1","contentUrl":"https:\/\/i0.wp.com\/truusk.store\/wp-content\/uploads\/2026\/03\/cropped-TRUUSK.png?fit=2032%2C917&ssl=1","width":2032,"height":917,"caption":"TRUUSK - Hem, Tr\u00e4dg\u00e5rd & Fritid"},"image":{"@id":"https:\/\/truusk.store\/sv\/#\/schema\/logo\/image\/"}}]}},"jetpack_sharing_enabled":true,"_links":{"self":[{"href":"https:\/\/truusk.store\/sv\/wp-json\/wp\/v2\/product\/51520","targetHints":{"allow":["GET"]}}],"collection":[{"href":"https:\/\/truusk.store\/sv\/wp-json\/wp\/v2\/product"}],"about":[{"href":"https:\/\/truusk.store\/sv\/wp-json\/wp\/v2\/types\/product"}],"wp:featuredmedia":[{"embeddable":true,"href":"https:\/\/truusk.store\/sv\/wp-json\/wp\/v2\/media\/51521"}],"wp:attachment":[{"href":"https:\/\/truusk.store\/sv\/wp-json\/wp\/v2\/media?parent=51520"}],"wp:term":[{"taxonomy":"product_brand","embeddable":true,"href":"https:\/\/truusk.store\/sv\/wp-json\/wp\/v2\/product_brand?post=51520"},{"taxonomy":"product_cat","embeddable":true,"href":"https:\/\/truusk.store\/sv\/wp-json\/wp\/v2\/product_cat?post=51520"},{"taxonomy":"product_tag","embeddable":true,"href":"https:\/\/truusk.store\/sv\/wp-json\/wp\/v2\/product_tag?post=51520"}],"curies":[{"name":"wp","href":"https:\/\/api.w.org\/{rel}","templated":true}]}}