{"id":51531,"date":"2024-03-02T23:40:10","date_gmt":"2024-03-02T22:40:10","guid":{"rendered":"https:\/\/truusk.store\/product\/sandlada-piratskeppsdesign-med-lekkoksset-solskydd-naturligt-tra-180-x-103-x-1445-cm\/"},"modified":"2026-03-12T09:34:08","modified_gmt":"2026-03-12T08:34:08","slug":"truusk-sandlada-i-piratskeppsdesign-med-lekkoksset-solskydd-naturligt-tra-180-x-103-x-1445-cm","status":"publish","type":"product","link":"https:\/\/truusk.store\/sv\/produkt\/truusk-sandlada-i-piratskeppsdesign-med-lekkoksset-solskydd-naturligt-tra-180-x-103-x-1445-cm\/","title":{"rendered":"TRUUSK Sandl\u00e5da i Piratskeppsdesign &#8211; Med Lekk\u00f6ksset &#8211; Solskydd &#8211; Naturligt Tr\u00e4 &#8211; 180 x 103 x 144,5 cm"},"content":{"rendered":"<p>Hiss piratflaggan, g\u00e5 ombord p\u00e5 den h\u00e4r slupen! S\u00e5 h\u00e4r kan en eftermiddag med lekar i din tr\u00e4dg\u00e5rd snart l\u00e5ta, f\u00f6r den h\u00e4r sandl\u00e5dan \u00e4r ett riktigt piratskepp, med ett roder och ett g\u00f6mst\u00e4lle f\u00f6r skatter (eller sandleksaker). Ett rymligt k\u00f6kslekset \u00e4r ocks\u00e5 integrerat, f\u00f6r vad vore ett piratskepp utan en caboose?! Formen trogen \u00e4r &#8221;skeppet&#8221; tillverkat av naturligt tr\u00e4, som \u00e4r v\u00e4derbest\u00e4ndigt och s\u00e4kert f\u00f6r barn. Slutligen erbjuder det praktiska taket skydd mot sol och regn.<\/p>\n<h3>Beskrivning:<\/h3>\n<ul>\n<li>Tillverkad av gran med en sl\u00e4t yta f\u00f6r s\u00e4ker och bekv\u00e4m lek<\/li>\n<li>Piratskeppsdesignen stimulerar fantasin och ger timmar av n\u00f6je<\/li>\n<li>Soltaket ger skugga varma dagar och skyddar mot skadlig UV-str\u00e5lning<\/li>\n<li>Med lekk\u00f6ksset f\u00f6r att uppmuntra barns kreativitet<\/li>\n<li>Utrustad med bekv\u00e4ma s\u00e4ten f\u00f6r barn att vila och underh\u00e5lla<\/li>\n<li>Bottenfri design f\u00f6r optimal dr\u00e4nering, ventilation och individuell justering av sanddjup<\/li>\n<li>L\u00e4mplig f\u00f6r barn i \u00e5ldrarna 3 till 7 \u00e5r<\/li>\n<li>Montering kr\u00e4vs, tydliga instruktioner medf\u00f6ljer<\/li>\n<\/ul>\n<h3>Teknisk data:<\/h3>\n<ul>\n<li>F\u00e4rg: naturligt tr\u00e4<\/li>\n<li>Material: gran<\/li>\n<li>\u00d6vergripande m\u00e5tt: 180L x 103W x 144,5H cm<\/li>\n<li>M\u00e5tt p\u00e5 sandyta: 90L x 100W x 8H cm<\/li>\n<li>Sitsstorlek: 124L x 8,5W x 10,5H cm<\/li>\n<li>Kapellh\u00f6jd: 112H cm<\/li>\n<li>Sandkapacitet: 0,7 m\/110 kg<\/li>\n<li>Lastkapacitet: 50 kg (vardera sidan)<\/li>\n<li>Rekommenderad \u00e5lder: 3-7 \u00e5r<\/li>\n<li>Kvalificerad \u00e5lder: 3-7 \u00e5r<\/li>\n<\/ul>\n<h3>Leveransens omfattning:<\/h3>\n<ul>\n<li>1 x sandl\u00e5da<\/li>\n<li>1 x manuell<\/li>\n<\/ul>\n","protected":false},"excerpt":{"rendered":"<p>Hiss piratflaggan, g\u00e5 ombord p\u00e5 den h\u00e4r slupen! S\u00e5 h\u00e4r kan en eftermiddag med lekar i din tr\u00e4dg\u00e5rd snart l\u00e5ta,&#8230;<\/p>\n","protected":false},"featured_media":51532,"template":"","meta":[],"product_brand":[],"product_cat":[609,620,616],"product_tag":[],"class_list":{"0":"post-51531","1":"product","2":"type-product","3":"status-publish","4":"has-post-thumbnail","6":"product_cat-baby-barn","7":"product_cat-sandlador-tillbehor","8":"product_cat-utomhusleksaker","10":"first","11":"instock","12":"sale","13":"taxable","14":"shipping-taxable","15":"purchasable","16":"product-type-simple"},"yoast_head":"<!-- This site is optimized with the Yoast SEO plugin v25.4 - https:\/\/yoast.com\/wordpress\/plugins\/seo\/ -->\n<title>TRUUSK Sandl\u00e5da i Piratskeppsdesign - Med Lekk\u00f6ksset - Solskydd - Naturligt Tr\u00e4 - 180 x 103 x 144,5 cm - TRUUSK - Hem, Tr\u00e4dg\u00e5rd &amp; Fritid<\/title>\n<meta name=\"robots\" content=\"index, follow, max-snippet:-1, max-image-preview:large, max-video-preview:-1\" \/>\n<link rel=\"canonical\" href=\"https:\/\/truusk.store\/sv\/produkt\/truusk-sandlada-i-piratskeppsdesign-med-lekkoksset-solskydd-naturligt-tra-180-x-103-x-1445-cm\/\" \/>\n<meta property=\"og:locale\" content=\"sv_SE\" \/>\n<meta property=\"og:type\" content=\"article\" \/>\n<meta property=\"og:title\" content=\"TRUUSK Sandl\u00e5da i Piratskeppsdesign - Med Lekk\u00f6ksset - Solskydd - Naturligt Tr\u00e4 - 180 x 103 x 144,5 cm - TRUUSK - Hem, Tr\u00e4dg\u00e5rd &amp; Fritid\" \/>\n<meta property=\"og:description\" content=\"Hiss piratflaggan, g\u00e5 ombord p\u00e5 den h\u00e4r slupen! S\u00e5 h\u00e4r kan en eftermiddag med lekar i din tr\u00e4dg\u00e5rd snart l\u00e5ta,...\" \/>\n<meta property=\"og:url\" content=\"https:\/\/truusk.store\/sv\/produkt\/truusk-sandlada-i-piratskeppsdesign-med-lekkoksset-solskydd-naturligt-tra-180-x-103-x-1445-cm\/\" \/>\n<meta property=\"og:site_name\" content=\"TRUUSK - Hem, Tr\u00e4dg\u00e5rd &amp; Fritid\" \/>\n<meta property=\"article:modified_time\" content=\"2026-03-12T08:34:08+00:00\" \/>\n<meta property=\"og:image\" content=\"https:\/\/i0.wp.com\/truusk.se\/wp-content\/uploads\/2024\/03\/sandlada-piratskeppsdesign-med-lekkoksset-solskydd-naturligt-tra-180-x-103-x-1445-cm.webp?fit=800%2C800&ssl=1\" \/>\n\t<meta property=\"og:image:width\" content=\"800\" \/>\n\t<meta property=\"og:image:height\" content=\"800\" \/>\n\t<meta property=\"og:image:type\" content=\"image\/webp\" \/>\n<meta name=\"twitter:card\" content=\"summary_large_image\" \/>\n<meta name=\"twitter:label1\" content=\"Ber\u00e4knad l\u00e4stid\" \/>\n\t<meta name=\"twitter:data1\" content=\"1 minut\" \/>\n<!-- \/ Yoast SEO plugin. -->","yoast_head_json":{"title":"TRUUSK Sandl\u00e5da i Piratskeppsdesign - Med Lekk\u00f6ksset - Solskydd - Naturligt Tr\u00e4 - 180 x 103 x 144,5 cm - TRUUSK - Hem, Tr\u00e4dg\u00e5rd &amp; Fritid","robots":{"index":"index","follow":"follow","max-snippet":"max-snippet:-1","max-image-preview":"max-image-preview:large","max-video-preview":"max-video-preview:-1"},"canonical":"https:\/\/truusk.store\/sv\/produkt\/truusk-sandlada-i-piratskeppsdesign-med-lekkoksset-solskydd-naturligt-tra-180-x-103-x-1445-cm\/","og_locale":"sv_SE","og_type":"article","og_title":"TRUUSK Sandl\u00e5da i Piratskeppsdesign - Med Lekk\u00f6ksset - Solskydd - Naturligt Tr\u00e4 - 180 x 103 x 144,5 cm - TRUUSK - Hem, Tr\u00e4dg\u00e5rd &amp; Fritid","og_description":"Hiss piratflaggan, g\u00e5 ombord p\u00e5 den h\u00e4r slupen! S\u00e5 h\u00e4r kan en eftermiddag med lekar i din tr\u00e4dg\u00e5rd snart l\u00e5ta,...","og_url":"https:\/\/truusk.store\/sv\/produkt\/truusk-sandlada-i-piratskeppsdesign-med-lekkoksset-solskydd-naturligt-tra-180-x-103-x-1445-cm\/","og_site_name":"TRUUSK - Hem, Tr\u00e4dg\u00e5rd &amp; Fritid","article_modified_time":"2026-03-12T08:34:08+00:00","og_image":[{"width":800,"height":800,"url":"https:\/\/i0.wp.com\/truusk.se\/wp-content\/uploads\/2024\/03\/sandlada-piratskeppsdesign-med-lekkoksset-solskydd-naturligt-tra-180-x-103-x-1445-cm.webp?fit=800%2C800&ssl=1","type":"image\/webp"}],"twitter_card":"summary_large_image","twitter_misc":{"Ber\u00e4knad l\u00e4stid":"1 minut"},"schema":{"@context":"https:\/\/schema.org","@graph":[{"@type":"WebPage","@id":"https:\/\/truusk.store\/sv\/produkt\/truusk-sandlada-i-piratskeppsdesign-med-lekkoksset-solskydd-naturligt-tra-180-x-103-x-1445-cm\/","url":"https:\/\/truusk.store\/sv\/produkt\/truusk-sandlada-i-piratskeppsdesign-med-lekkoksset-solskydd-naturligt-tra-180-x-103-x-1445-cm\/","name":"TRUUSK Sandl\u00e5da i Piratskeppsdesign - Med Lekk\u00f6ksset - Solskydd - Naturligt Tr\u00e4 - 180 x 103 x 144,5 cm - TRUUSK - Hem, Tr\u00e4dg\u00e5rd &amp; Fritid","isPartOf":{"@id":"https:\/\/truusk.store\/sv\/#website"},"primaryImageOfPage":{"@id":"https:\/\/truusk.store\/sv\/produkt\/truusk-sandlada-i-piratskeppsdesign-med-lekkoksset-solskydd-naturligt-tra-180-x-103-x-1445-cm\/#primaryimage"},"image":{"@id":"https:\/\/truusk.store\/sv\/produkt\/truusk-sandlada-i-piratskeppsdesign-med-lekkoksset-solskydd-naturligt-tra-180-x-103-x-1445-cm\/#primaryimage"},"thumbnailUrl":"https:\/\/i0.wp.com\/truusk.store\/wp-content\/uploads\/2024\/03\/sandlada-piratskeppsdesign-med-lekkoksset-solskydd-naturligt-tra-180-x-103-x-1445-cm.webp?fit=800%2C800&ssl=1","datePublished":"2024-03-02T22:40:10+00:00","dateModified":"2026-03-12T08:34:08+00:00","breadcrumb":{"@id":"https:\/\/truusk.store\/sv\/produkt\/truusk-sandlada-i-piratskeppsdesign-med-lekkoksset-solskydd-naturligt-tra-180-x-103-x-1445-cm\/#breadcrumb"},"inLanguage":"sv-SE","potentialAction":[{"@type":"ReadAction","target":["https:\/\/truusk.store\/sv\/produkt\/truusk-sandlada-i-piratskeppsdesign-med-lekkoksset-solskydd-naturligt-tra-180-x-103-x-1445-cm\/"]}]},{"@type":"ImageObject","inLanguage":"sv-SE","@id":"https:\/\/truusk.store\/sv\/produkt\/truusk-sandlada-i-piratskeppsdesign-med-lekkoksset-solskydd-naturligt-tra-180-x-103-x-1445-cm\/#primaryimage","url":"https:\/\/i0.wp.com\/truusk.store\/wp-content\/uploads\/2024\/03\/sandlada-piratskeppsdesign-med-lekkoksset-solskydd-naturligt-tra-180-x-103-x-1445-cm.webp?fit=800%2C800&ssl=1","contentUrl":"https:\/\/i0.wp.com\/truusk.store\/wp-content\/uploads\/2024\/03\/sandlada-piratskeppsdesign-med-lekkoksset-solskydd-naturligt-tra-180-x-103-x-1445-cm.webp?fit=800%2C800&ssl=1","width":800,"height":800,"caption":"Sandl\u00e5da, Piratskeppsdesign, Med Lekk\u00f6ksset, Solskydd, Naturligt Tr\u00e4, 180 X 103 X 144,5 Cm 1"},{"@type":"BreadcrumbList","@id":"https:\/\/truusk.store\/sv\/produkt\/truusk-sandlada-i-piratskeppsdesign-med-lekkoksset-solskydd-naturligt-tra-180-x-103-x-1445-cm\/#breadcrumb","itemListElement":[{"@type":"ListItem","position":1,"name":"Home","item":"https:\/\/truusk.store\/sv\/"},{"@type":"ListItem","position":2,"name":"Shop","item":"https:\/\/truusk.store\/shop\/"},{"@type":"ListItem","position":3,"name":"TRUUSK Sandl\u00e5da i Piratskeppsdesign &#8211; Med Lekk\u00f6ksset &#8211; Solskydd &#8211; Naturligt Tr\u00e4 &#8211; 180 x 103 x 144,5 cm"}]},{"@type":"WebSite","@id":"https:\/\/truusk.store\/sv\/#website","url":"https:\/\/truusk.store\/sv\/","name":"TRUUSK - Hem, Tr\u00e4dg\u00e5rd & Fritid","description":"","publisher":{"@id":"https:\/\/truusk.store\/sv\/#organization"},"potentialAction":[{"@type":"SearchAction","target":{"@type":"EntryPoint","urlTemplate":"https:\/\/truusk.store\/sv\/?s={search_term_string}"},"query-input":{"@type":"PropertyValueSpecification","valueRequired":true,"valueName":"search_term_string"}}],"inLanguage":"sv-SE"},{"@type":"Organization","@id":"https:\/\/truusk.store\/sv\/#organization","name":"TRUUSK - Hem, Tr\u00e4dg\u00e5rd & Fritid","url":"https:\/\/truusk.store\/sv\/","logo":{"@type":"ImageObject","inLanguage":"sv-SE","@id":"https:\/\/truusk.store\/sv\/#\/schema\/logo\/image\/","url":"https:\/\/i0.wp.com\/truusk.store\/wp-content\/uploads\/2026\/03\/cropped-TRUUSK.png?fit=2032%2C917&ssl=1","contentUrl":"https:\/\/i0.wp.com\/truusk.store\/wp-content\/uploads\/2026\/03\/cropped-TRUUSK.png?fit=2032%2C917&ssl=1","width":2032,"height":917,"caption":"TRUUSK - Hem, Tr\u00e4dg\u00e5rd & Fritid"},"image":{"@id":"https:\/\/truusk.store\/sv\/#\/schema\/logo\/image\/"}}]}},"jetpack_sharing_enabled":true,"_links":{"self":[{"href":"https:\/\/truusk.store\/sv\/wp-json\/wp\/v2\/product\/51531","targetHints":{"allow":["GET"]}}],"collection":[{"href":"https:\/\/truusk.store\/sv\/wp-json\/wp\/v2\/product"}],"about":[{"href":"https:\/\/truusk.store\/sv\/wp-json\/wp\/v2\/types\/product"}],"wp:featuredmedia":[{"embeddable":true,"href":"https:\/\/truusk.store\/sv\/wp-json\/wp\/v2\/media\/51532"}],"wp:attachment":[{"href":"https:\/\/truusk.store\/sv\/wp-json\/wp\/v2\/media?parent=51531"}],"wp:term":[{"taxonomy":"product_brand","embeddable":true,"href":"https:\/\/truusk.store\/sv\/wp-json\/wp\/v2\/product_brand?post=51531"},{"taxonomy":"product_cat","embeddable":true,"href":"https:\/\/truusk.store\/sv\/wp-json\/wp\/v2\/product_cat?post=51531"},{"taxonomy":"product_tag","embeddable":true,"href":"https:\/\/truusk.store\/sv\/wp-json\/wp\/v2\/product_tag?post=51531"}],"curies":[{"name":"wp","href":"https:\/\/api.w.org\/{rel}","templated":true}]}}