{"id":51596,"date":"2024-03-08T04:00:10","date_gmt":"2024-03-08T03:00:10","guid":{"rendered":"https:\/\/truusk.store\/product\/tradgardsparaply-fribarande-paraply-lysdioder-solcellsmodul-vaderbestandig-inklusive-skyddsoverdrag-290-x-260-cm-morkbla\/"},"modified":"2026-03-12T09:34:24","modified_gmt":"2026-03-12T08:34:24","slug":"truusk-tradgardsparaply-med-led-lampor-solcellsdriven-vaderbestandig-skyddsoverdrag-290-x-260-cm-morkbla","status":"publish","type":"product","link":"https:\/\/truusk.store\/sv\/produkt\/truusk-tradgardsparaply-med-led-lampor-solcellsdriven-vaderbestandig-skyddsoverdrag-290-x-260-cm-morkbla\/","title":{"rendered":"TRUUSK Tr\u00e4dg\u00e5rdsparaply med LED-lampor &#8211; Solcellsdriven &#8211; V\u00e4derbest\u00e4ndig &#8211; Skydds\u00f6verdrag &#8211; 290 x 260 cm &#8211; M\u00f6rkbl\u00e5"},"content":{"rendered":"<p>Detta sofistikerade tr\u00e4dg\u00e5rdsparaply ger inte bara massor av skugga, utan f\u00f6rvandlar ocks\u00e5 natt till dag! De integrerade solcellslysdioderna ger atmosf\u00e4risk belysning i upp till 5 timmar efter bara 4 timmars laddning. Njut av fri sikt, utan en distraherande paraplyst\u00e5ng i mitten. Den robusta st\u00e5lmasten och st\u00f6ttorna s\u00e4kerst\u00e4ller ett stabilt stativ, medan ventilationstaket s\u00e4kerst\u00e4ller optimal vindstabilitet. Inkluderar skydds\u00f6verdrag f\u00f6r perfekt skydd n\u00e4r den inte anv\u00e4nds.<\/p>\n<h3>Beskrivning:<\/h3>\n<ul>\n<li>Offset design s\u00e4kerst\u00e4ller en klar sikt utan en st\u00f6rande mast<\/li>\n<li>Bekv\u00e4m handvev m\u00f6jligg\u00f6r enkel \u00f6ppning och st\u00e4ngning utomhus<\/li>\n<li>F\u00e4stremmarna ger skydd mot starka vindar och s\u00e4kerst\u00e4ller ett s\u00e4kert grepp<\/li>\n<li>Solar LED-lampor skapar en f\u00f6rtrollande atmosf\u00e4r p\u00e5 natten: 4 timmars laddning f\u00f6r 5 timmars belysning<\/li>\n<li>Ventilations\u00f6ppningar minskar vindmotst\u00e5ndet och \u00f6kar stabiliteten<\/li>\n<li>Skyddet skyddar mot damm och regn n\u00e4r paraplyet inte anv\u00e4nds<\/li>\n<li>Inkluderar korsfot f\u00f6r stabil och s\u00e4ker installation<\/li>\n<li>Kr\u00e4ver montering<\/li>\n<\/ul>\n<h3>Teknisk data:<\/h3>\n<ul>\n<li>m\u00f6rkbl\u00e5<\/li>\n<li>Material: st\u00e5l, polyester<\/li>\n<li>Totala m\u00e5tt: 290 x 260H cm<\/li>\n<li>Korsbas: 90L x 90W x 4,5H cm<\/li>\n<li>Solpanel: 12 x 3,5T cm<\/li>\n<li>Solpanelseffekt: 0,8W<\/li>\n<li>Batteri: 600mAh\/1,2V<\/li>\n<li>ETT MEDDELANDE:<\/li>\n<li>1. Kr\u00e4ver 55-60 kg vikt (ing\u00e5r ej). Till\u00e4mplig paraplyvikt: 84D-021, v\u00e4nligen kontakta oss f\u00f6r detaljerad produktinformation vid behov<\/li>\n<li>2. Anv\u00e4nd inte paraplyet i extremt v\u00e4der (stark vind, kraftigt regn, sn\u00f6)<\/li>\n<\/ul>\n<h3>Leveransens omfattning:<\/h3>\n<ul>\n<li>1 x Parasoll<\/li>\n<li>1 x lock<\/li>\n<li>1 x manuell<\/li>\n<\/ul>\n","protected":false},"excerpt":{"rendered":"<p>Detta sofistikerade tr\u00e4dg\u00e5rdsparaply ger inte bara massor av skugga, utan f\u00f6rvandlar ocks\u00e5 natt till dag! De integrerade solcellslysdioderna ger atmosf\u00e4risk&#8230;<\/p>\n","protected":false},"featured_media":51597,"template":"","meta":[],"product_brand":[],"product_cat":[472,471,435],"product_tag":[],"class_list":{"0":"post-51596","1":"product","2":"type-product","3":"status-publish","4":"has-post-thumbnail","6":"product_cat-parasoller","7":"product_cat-solskydd-integritetsskydd","8":"product_cat-tradgard-och-terrass","10":"first","11":"instock","12":"sale","13":"taxable","14":"shipping-taxable","15":"purchasable","16":"product-type-simple"},"yoast_head":"<!-- This site is optimized with the Yoast SEO plugin v25.4 - https:\/\/yoast.com\/wordpress\/plugins\/seo\/ -->\n<title>TRUUSK Tr\u00e4dg\u00e5rdsparaply med LED-lampor - Solcellsdriven - V\u00e4derbest\u00e4ndig - Skydds\u00f6verdrag - 290 x 260 cm - M\u00f6rkbl\u00e5 - TRUUSK - Hem, Tr\u00e4dg\u00e5rd &amp; Fritid<\/title>\n<meta name=\"robots\" content=\"index, follow, max-snippet:-1, max-image-preview:large, max-video-preview:-1\" \/>\n<link rel=\"canonical\" href=\"https:\/\/truusk.store\/sv\/produkt\/truusk-tradgardsparaply-med-led-lampor-solcellsdriven-vaderbestandig-skyddsoverdrag-290-x-260-cm-morkbla\/\" \/>\n<meta property=\"og:locale\" content=\"sv_SE\" \/>\n<meta property=\"og:type\" content=\"article\" \/>\n<meta property=\"og:title\" content=\"TRUUSK Tr\u00e4dg\u00e5rdsparaply med LED-lampor - Solcellsdriven - V\u00e4derbest\u00e4ndig - Skydds\u00f6verdrag - 290 x 260 cm - M\u00f6rkbl\u00e5 - TRUUSK - Hem, Tr\u00e4dg\u00e5rd &amp; Fritid\" \/>\n<meta property=\"og:description\" content=\"Detta sofistikerade tr\u00e4dg\u00e5rdsparaply ger inte bara massor av skugga, utan f\u00f6rvandlar ocks\u00e5 natt till dag! De integrerade solcellslysdioderna ger atmosf\u00e4risk...\" \/>\n<meta property=\"og:url\" content=\"https:\/\/truusk.store\/sv\/produkt\/truusk-tradgardsparaply-med-led-lampor-solcellsdriven-vaderbestandig-skyddsoverdrag-290-x-260-cm-morkbla\/\" \/>\n<meta property=\"og:site_name\" content=\"TRUUSK - Hem, Tr\u00e4dg\u00e5rd &amp; Fritid\" \/>\n<meta property=\"article:modified_time\" content=\"2026-03-12T08:34:24+00:00\" \/>\n<meta property=\"og:image\" content=\"https:\/\/i0.wp.com\/truusk.se\/wp-content\/uploads\/2024\/03\/tradgardsparaply-fribarande-paraply-lysdioder-solcellsmodul-vaderbestandig-inklusive-skyddsoverdrag-290-x-260-cm-morkbla.webp?fit=800%2C800&ssl=1\" \/>\n\t<meta property=\"og:image:width\" content=\"800\" \/>\n\t<meta property=\"og:image:height\" content=\"800\" \/>\n\t<meta property=\"og:image:type\" content=\"image\/webp\" \/>\n<meta name=\"twitter:card\" content=\"summary_large_image\" \/>\n<meta name=\"twitter:label1\" content=\"Ber\u00e4knad l\u00e4stid\" \/>\n\t<meta name=\"twitter:data1\" content=\"1 minut\" \/>\n<!-- \/ Yoast SEO plugin. -->","yoast_head_json":{"title":"TRUUSK Tr\u00e4dg\u00e5rdsparaply med LED-lampor - Solcellsdriven - V\u00e4derbest\u00e4ndig - Skydds\u00f6verdrag - 290 x 260 cm - M\u00f6rkbl\u00e5 - TRUUSK - Hem, Tr\u00e4dg\u00e5rd &amp; Fritid","robots":{"index":"index","follow":"follow","max-snippet":"max-snippet:-1","max-image-preview":"max-image-preview:large","max-video-preview":"max-video-preview:-1"},"canonical":"https:\/\/truusk.store\/sv\/produkt\/truusk-tradgardsparaply-med-led-lampor-solcellsdriven-vaderbestandig-skyddsoverdrag-290-x-260-cm-morkbla\/","og_locale":"sv_SE","og_type":"article","og_title":"TRUUSK Tr\u00e4dg\u00e5rdsparaply med LED-lampor - Solcellsdriven - V\u00e4derbest\u00e4ndig - Skydds\u00f6verdrag - 290 x 260 cm - M\u00f6rkbl\u00e5 - TRUUSK - Hem, Tr\u00e4dg\u00e5rd &amp; Fritid","og_description":"Detta sofistikerade tr\u00e4dg\u00e5rdsparaply ger inte bara massor av skugga, utan f\u00f6rvandlar ocks\u00e5 natt till dag! De integrerade solcellslysdioderna ger atmosf\u00e4risk...","og_url":"https:\/\/truusk.store\/sv\/produkt\/truusk-tradgardsparaply-med-led-lampor-solcellsdriven-vaderbestandig-skyddsoverdrag-290-x-260-cm-morkbla\/","og_site_name":"TRUUSK - Hem, Tr\u00e4dg\u00e5rd &amp; Fritid","article_modified_time":"2026-03-12T08:34:24+00:00","og_image":[{"width":800,"height":800,"url":"https:\/\/i0.wp.com\/truusk.se\/wp-content\/uploads\/2024\/03\/tradgardsparaply-fribarande-paraply-lysdioder-solcellsmodul-vaderbestandig-inklusive-skyddsoverdrag-290-x-260-cm-morkbla.webp?fit=800%2C800&ssl=1","type":"image\/webp"}],"twitter_card":"summary_large_image","twitter_misc":{"Ber\u00e4knad l\u00e4stid":"1 minut"},"schema":{"@context":"https:\/\/schema.org","@graph":[{"@type":"WebPage","@id":"https:\/\/truusk.store\/sv\/produkt\/truusk-tradgardsparaply-med-led-lampor-solcellsdriven-vaderbestandig-skyddsoverdrag-290-x-260-cm-morkbla\/","url":"https:\/\/truusk.store\/sv\/produkt\/truusk-tradgardsparaply-med-led-lampor-solcellsdriven-vaderbestandig-skyddsoverdrag-290-x-260-cm-morkbla\/","name":"TRUUSK Tr\u00e4dg\u00e5rdsparaply med LED-lampor - Solcellsdriven - V\u00e4derbest\u00e4ndig - Skydds\u00f6verdrag - 290 x 260 cm - M\u00f6rkbl\u00e5 - TRUUSK - Hem, Tr\u00e4dg\u00e5rd &amp; Fritid","isPartOf":{"@id":"https:\/\/truusk.store\/sv\/#website"},"primaryImageOfPage":{"@id":"https:\/\/truusk.store\/sv\/produkt\/truusk-tradgardsparaply-med-led-lampor-solcellsdriven-vaderbestandig-skyddsoverdrag-290-x-260-cm-morkbla\/#primaryimage"},"image":{"@id":"https:\/\/truusk.store\/sv\/produkt\/truusk-tradgardsparaply-med-led-lampor-solcellsdriven-vaderbestandig-skyddsoverdrag-290-x-260-cm-morkbla\/#primaryimage"},"thumbnailUrl":"https:\/\/i0.wp.com\/truusk.store\/wp-content\/uploads\/2024\/03\/tradgardsparaply-fribarande-paraply-lysdioder-solcellsmodul-vaderbestandig-inklusive-skyddsoverdrag-290-x-260-cm-morkbla.webp?fit=800%2C800&ssl=1","datePublished":"2024-03-08T03:00:10+00:00","dateModified":"2026-03-12T08:34:24+00:00","breadcrumb":{"@id":"https:\/\/truusk.store\/sv\/produkt\/truusk-tradgardsparaply-med-led-lampor-solcellsdriven-vaderbestandig-skyddsoverdrag-290-x-260-cm-morkbla\/#breadcrumb"},"inLanguage":"sv-SE","potentialAction":[{"@type":"ReadAction","target":["https:\/\/truusk.store\/sv\/produkt\/truusk-tradgardsparaply-med-led-lampor-solcellsdriven-vaderbestandig-skyddsoverdrag-290-x-260-cm-morkbla\/"]}]},{"@type":"ImageObject","inLanguage":"sv-SE","@id":"https:\/\/truusk.store\/sv\/produkt\/truusk-tradgardsparaply-med-led-lampor-solcellsdriven-vaderbestandig-skyddsoverdrag-290-x-260-cm-morkbla\/#primaryimage","url":"https:\/\/i0.wp.com\/truusk.store\/wp-content\/uploads\/2024\/03\/tradgardsparaply-fribarande-paraply-lysdioder-solcellsmodul-vaderbestandig-inklusive-skyddsoverdrag-290-x-260-cm-morkbla.webp?fit=800%2C800&ssl=1","contentUrl":"https:\/\/i0.wp.com\/truusk.store\/wp-content\/uploads\/2024\/03\/tradgardsparaply-fribarande-paraply-lysdioder-solcellsmodul-vaderbestandig-inklusive-skyddsoverdrag-290-x-260-cm-morkbla.webp?fit=800%2C800&ssl=1","width":800,"height":800,"caption":"Tr\u00e4dg\u00e5rdsparaply, Frib\u00e4rande Paraply, Lysdioder, Solcellsmodul, V\u00e4derbest\u00e4ndig, Inklusive Skydds\u00f6verdrag, 290 X 260 Cm, M\u00f6rkbl\u00e5 1"},{"@type":"BreadcrumbList","@id":"https:\/\/truusk.store\/sv\/produkt\/truusk-tradgardsparaply-med-led-lampor-solcellsdriven-vaderbestandig-skyddsoverdrag-290-x-260-cm-morkbla\/#breadcrumb","itemListElement":[{"@type":"ListItem","position":1,"name":"Home","item":"https:\/\/truusk.store\/sv\/"},{"@type":"ListItem","position":2,"name":"Shop","item":"https:\/\/truusk.store\/shop\/"},{"@type":"ListItem","position":3,"name":"TRUUSK Tr\u00e4dg\u00e5rdsparaply med LED-lampor &#8211; Solcellsdriven &#8211; V\u00e4derbest\u00e4ndig &#8211; Skydds\u00f6verdrag &#8211; 290 x 260 cm &#8211; M\u00f6rkbl\u00e5"}]},{"@type":"WebSite","@id":"https:\/\/truusk.store\/sv\/#website","url":"https:\/\/truusk.store\/sv\/","name":"TRUUSK - Hem, Tr\u00e4dg\u00e5rd & Fritid","description":"","publisher":{"@id":"https:\/\/truusk.store\/sv\/#organization"},"potentialAction":[{"@type":"SearchAction","target":{"@type":"EntryPoint","urlTemplate":"https:\/\/truusk.store\/sv\/?s={search_term_string}"},"query-input":{"@type":"PropertyValueSpecification","valueRequired":true,"valueName":"search_term_string"}}],"inLanguage":"sv-SE"},{"@type":"Organization","@id":"https:\/\/truusk.store\/sv\/#organization","name":"TRUUSK - Hem, Tr\u00e4dg\u00e5rd & Fritid","url":"https:\/\/truusk.store\/sv\/","logo":{"@type":"ImageObject","inLanguage":"sv-SE","@id":"https:\/\/truusk.store\/sv\/#\/schema\/logo\/image\/","url":"https:\/\/i0.wp.com\/truusk.store\/wp-content\/uploads\/2026\/03\/cropped-TRUUSK.png?fit=2032%2C917&ssl=1","contentUrl":"https:\/\/i0.wp.com\/truusk.store\/wp-content\/uploads\/2026\/03\/cropped-TRUUSK.png?fit=2032%2C917&ssl=1","width":2032,"height":917,"caption":"TRUUSK - Hem, Tr\u00e4dg\u00e5rd & Fritid"},"image":{"@id":"https:\/\/truusk.store\/sv\/#\/schema\/logo\/image\/"}}]}},"jetpack_sharing_enabled":true,"_links":{"self":[{"href":"https:\/\/truusk.store\/sv\/wp-json\/wp\/v2\/product\/51596","targetHints":{"allow":["GET"]}}],"collection":[{"href":"https:\/\/truusk.store\/sv\/wp-json\/wp\/v2\/product"}],"about":[{"href":"https:\/\/truusk.store\/sv\/wp-json\/wp\/v2\/types\/product"}],"wp:featuredmedia":[{"embeddable":true,"href":"https:\/\/truusk.store\/sv\/wp-json\/wp\/v2\/media\/51597"}],"wp:attachment":[{"href":"https:\/\/truusk.store\/sv\/wp-json\/wp\/v2\/media?parent=51596"}],"wp:term":[{"taxonomy":"product_brand","embeddable":true,"href":"https:\/\/truusk.store\/sv\/wp-json\/wp\/v2\/product_brand?post=51596"},{"taxonomy":"product_cat","embeddable":true,"href":"https:\/\/truusk.store\/sv\/wp-json\/wp\/v2\/product_cat?post=51596"},{"taxonomy":"product_tag","embeddable":true,"href":"https:\/\/truusk.store\/sv\/wp-json\/wp\/v2\/product_tag?post=51596"}],"curies":[{"name":"wp","href":"https:\/\/api.w.org\/{rel}","templated":true}]}}