{"id":51614,"date":"2024-03-08T04:20:09","date_gmt":"2024-03-08T03:20:09","guid":{"rendered":"https:\/\/truusk.store\/product\/serveringsvagn-koksvagn-2-vaningar-4-flaskhallare-inomhus-utomhus-natur-svart\/"},"modified":"2026-03-12T09:37:32","modified_gmt":"2026-03-12T08:37:32","slug":"truusk-serveringsvagn-och-koksvagn-2-vaningar-4-flaskhallare-inomhus-utomhus-natur-svart","status":"publish","type":"product","link":"https:\/\/truusk.store\/sv\/produkt\/truusk-serveringsvagn-och-koksvagn-2-vaningar-4-flaskhallare-inomhus-utomhus-natur-svart\/","title":{"rendered":"TRUUSK Serveringsvagn och K\u00f6ksvagn &#8211; 2 V\u00e5ningar &#8211; 4 Flaskh\u00e5llare &#8211; Inomhus\/Utomhus &#8211; Natur\/Svart"},"content":{"rendered":"<p>Uppt\u00e4ck den perfekta f\u00f6ljeslagaren f\u00f6r din n\u00e4sta tr\u00e4dg\u00e5rdsfest eller mysiga vardagsrumskv\u00e4llar &#8211; v\u00e5r m\u00e5ngsidiga serveringsvagn! Med gott om f\u00f6rvaringsutrymme, praktiska metallkorgar och fack f\u00f6r flaskor eller glas, har du allt inom r\u00e4ckh\u00e5ll. Tack vare tr\u00e4hjulen och sidohandtaget \u00e4r den l\u00e4tt att flytta. Den robusta st\u00e5lramen och v\u00e4derbest\u00e4ndiga grantr\u00e4et g\u00f6r den till den perfekta f\u00f6ljeslagaren f\u00f6r inomhus- och utomhusbruk. Komfort har aldrig varit snyggare!<\/p>\n<h3>Beskrivning:<\/h3>\n<ul>\n<li>M\u00e5ngsidig f\u00f6r inomhus- och utomhusbruk<\/li>\n<li>Med 2 hyllor, 2 korgar och 4 flaskh\u00e5llare<\/li>\n<li>L\u00e4tt att flytta tack vare 2 hjul och sidohandtag<\/li>\n<li>Robust ram av lackerat grantr\u00e4 f\u00f6r enkel reng\u00f6ring<\/li>\n<li>Enkel montering kr\u00e4vs<\/li>\n<\/ul>\n<h3>Teknisk data:<\/h3>\n<ul>\n<li>F\u00e4rg: Natur, Svart<\/li>\n<li>Material: gran, st\u00e5l<\/li>\n<li>\u00d6vergripande m\u00e5tt: 97,5L x 65W x 81H cm<\/li>\n<li>\u00d6vre hylla: 88L x 61W x 1,2H cm<\/li>\n<li>Nedre hylla: 88L x 59W x 1,2H cm<\/li>\n<li>Korgstorlek: 20L x 12,5W x 8H cm<\/li>\n<li>Lastkapacitet: 50 kg (varje hylla)<\/li>\n<\/ul>\n<h3>Leveransens omfattning:<\/h3>\n<ul>\n<li>1 x barvagn utomhus<\/li>\n<li>1 x manuell<\/li>\n<\/ul>\n","protected":false},"excerpt":{"rendered":"<p>Uppt\u00e4ck den perfekta f\u00f6ljeslagaren f\u00f6r din n\u00e4sta tr\u00e4dg\u00e5rdsfest eller mysiga vardagsrumskv\u00e4llar &#8211; v\u00e5r m\u00e5ngsidiga serveringsvagn! Med gott om f\u00f6rvaringsutrymme, praktiska&#8230;<\/p>\n","protected":false},"featured_media":51615,"template":"","meta":[],"product_brand":[],"product_cat":[485,503,501],"product_tag":[],"class_list":{"0":"post-51614","1":"product","2":"type-product","3":"status-publish","4":"has-post-thumbnail","6":"product_cat-hus-bo","7":"product_cat-serveringsvagn","8":"product_cat-tabeller","10":"first","11":"instock","12":"sale","13":"taxable","14":"shipping-taxable","15":"purchasable","16":"product-type-simple"},"yoast_head":"<!-- This site is optimized with the Yoast SEO plugin v25.4 - https:\/\/yoast.com\/wordpress\/plugins\/seo\/ -->\n<title>TRUUSK Serveringsvagn och K\u00f6ksvagn - 2 V\u00e5ningar - 4 Flaskh\u00e5llare - Inomhus\/Utomhus - Natur\/Svart - TRUUSK - Hem, Tr\u00e4dg\u00e5rd &amp; Fritid<\/title>\n<meta name=\"robots\" content=\"index, follow, max-snippet:-1, max-image-preview:large, max-video-preview:-1\" \/>\n<link rel=\"canonical\" href=\"https:\/\/truusk.store\/sv\/produkt\/truusk-serveringsvagn-och-koksvagn-2-vaningar-4-flaskhallare-inomhus-utomhus-natur-svart\/\" \/>\n<meta property=\"og:locale\" content=\"sv_SE\" \/>\n<meta property=\"og:type\" content=\"article\" \/>\n<meta property=\"og:title\" content=\"TRUUSK Serveringsvagn och K\u00f6ksvagn - 2 V\u00e5ningar - 4 Flaskh\u00e5llare - Inomhus\/Utomhus - Natur\/Svart - TRUUSK - Hem, Tr\u00e4dg\u00e5rd &amp; Fritid\" \/>\n<meta property=\"og:description\" content=\"Uppt\u00e4ck den perfekta f\u00f6ljeslagaren f\u00f6r din n\u00e4sta tr\u00e4dg\u00e5rdsfest eller mysiga vardagsrumskv\u00e4llar &#8211; v\u00e5r m\u00e5ngsidiga serveringsvagn! Med gott om f\u00f6rvaringsutrymme, praktiska...\" \/>\n<meta property=\"og:url\" content=\"https:\/\/truusk.store\/sv\/produkt\/truusk-serveringsvagn-och-koksvagn-2-vaningar-4-flaskhallare-inomhus-utomhus-natur-svart\/\" \/>\n<meta property=\"og:site_name\" content=\"TRUUSK - Hem, Tr\u00e4dg\u00e5rd &amp; Fritid\" \/>\n<meta property=\"article:modified_time\" content=\"2026-03-12T08:37:32+00:00\" \/>\n<meta property=\"og:image\" content=\"https:\/\/i0.wp.com\/truusk.se\/wp-content\/uploads\/2024\/03\/serveringsvagn-koksvagn-2-vaningar-4-flaskhallare-inomhus-utomhus-natur-svart.webp?fit=800%2C800&ssl=1\" \/>\n\t<meta property=\"og:image:width\" content=\"800\" \/>\n\t<meta property=\"og:image:height\" content=\"800\" \/>\n\t<meta property=\"og:image:type\" content=\"image\/webp\" \/>\n<meta name=\"twitter:card\" content=\"summary_large_image\" \/>\n<meta name=\"twitter:label1\" content=\"Ber\u00e4knad l\u00e4stid\" \/>\n\t<meta name=\"twitter:data1\" content=\"1 minut\" \/>\n<!-- \/ Yoast SEO plugin. -->","yoast_head_json":{"title":"TRUUSK Serveringsvagn och K\u00f6ksvagn - 2 V\u00e5ningar - 4 Flaskh\u00e5llare - Inomhus\/Utomhus - Natur\/Svart - TRUUSK - Hem, Tr\u00e4dg\u00e5rd &amp; Fritid","robots":{"index":"index","follow":"follow","max-snippet":"max-snippet:-1","max-image-preview":"max-image-preview:large","max-video-preview":"max-video-preview:-1"},"canonical":"https:\/\/truusk.store\/sv\/produkt\/truusk-serveringsvagn-och-koksvagn-2-vaningar-4-flaskhallare-inomhus-utomhus-natur-svart\/","og_locale":"sv_SE","og_type":"article","og_title":"TRUUSK Serveringsvagn och K\u00f6ksvagn - 2 V\u00e5ningar - 4 Flaskh\u00e5llare - Inomhus\/Utomhus - Natur\/Svart - TRUUSK - Hem, Tr\u00e4dg\u00e5rd &amp; Fritid","og_description":"Uppt\u00e4ck den perfekta f\u00f6ljeslagaren f\u00f6r din n\u00e4sta tr\u00e4dg\u00e5rdsfest eller mysiga vardagsrumskv\u00e4llar &#8211; v\u00e5r m\u00e5ngsidiga serveringsvagn! Med gott om f\u00f6rvaringsutrymme, praktiska...","og_url":"https:\/\/truusk.store\/sv\/produkt\/truusk-serveringsvagn-och-koksvagn-2-vaningar-4-flaskhallare-inomhus-utomhus-natur-svart\/","og_site_name":"TRUUSK - Hem, Tr\u00e4dg\u00e5rd &amp; Fritid","article_modified_time":"2026-03-12T08:37:32+00:00","og_image":[{"width":800,"height":800,"url":"https:\/\/i0.wp.com\/truusk.se\/wp-content\/uploads\/2024\/03\/serveringsvagn-koksvagn-2-vaningar-4-flaskhallare-inomhus-utomhus-natur-svart.webp?fit=800%2C800&ssl=1","type":"image\/webp"}],"twitter_card":"summary_large_image","twitter_misc":{"Ber\u00e4knad l\u00e4stid":"1 minut"},"schema":{"@context":"https:\/\/schema.org","@graph":[{"@type":"WebPage","@id":"https:\/\/truusk.store\/sv\/produkt\/truusk-serveringsvagn-och-koksvagn-2-vaningar-4-flaskhallare-inomhus-utomhus-natur-svart\/","url":"https:\/\/truusk.store\/sv\/produkt\/truusk-serveringsvagn-och-koksvagn-2-vaningar-4-flaskhallare-inomhus-utomhus-natur-svart\/","name":"TRUUSK Serveringsvagn och K\u00f6ksvagn - 2 V\u00e5ningar - 4 Flaskh\u00e5llare - Inomhus\/Utomhus - Natur\/Svart - TRUUSK - Hem, Tr\u00e4dg\u00e5rd &amp; Fritid","isPartOf":{"@id":"https:\/\/truusk.store\/sv\/#website"},"primaryImageOfPage":{"@id":"https:\/\/truusk.store\/sv\/produkt\/truusk-serveringsvagn-och-koksvagn-2-vaningar-4-flaskhallare-inomhus-utomhus-natur-svart\/#primaryimage"},"image":{"@id":"https:\/\/truusk.store\/sv\/produkt\/truusk-serveringsvagn-och-koksvagn-2-vaningar-4-flaskhallare-inomhus-utomhus-natur-svart\/#primaryimage"},"thumbnailUrl":"https:\/\/i0.wp.com\/truusk.store\/wp-content\/uploads\/2024\/03\/serveringsvagn-koksvagn-2-vaningar-4-flaskhallare-inomhus-utomhus-natur-svart.webp?fit=800%2C800&ssl=1","datePublished":"2024-03-08T03:20:09+00:00","dateModified":"2026-03-12T08:37:32+00:00","breadcrumb":{"@id":"https:\/\/truusk.store\/sv\/produkt\/truusk-serveringsvagn-och-koksvagn-2-vaningar-4-flaskhallare-inomhus-utomhus-natur-svart\/#breadcrumb"},"inLanguage":"sv-SE","potentialAction":[{"@type":"ReadAction","target":["https:\/\/truusk.store\/sv\/produkt\/truusk-serveringsvagn-och-koksvagn-2-vaningar-4-flaskhallare-inomhus-utomhus-natur-svart\/"]}]},{"@type":"ImageObject","inLanguage":"sv-SE","@id":"https:\/\/truusk.store\/sv\/produkt\/truusk-serveringsvagn-och-koksvagn-2-vaningar-4-flaskhallare-inomhus-utomhus-natur-svart\/#primaryimage","url":"https:\/\/i0.wp.com\/truusk.store\/wp-content\/uploads\/2024\/03\/serveringsvagn-koksvagn-2-vaningar-4-flaskhallare-inomhus-utomhus-natur-svart.webp?fit=800%2C800&ssl=1","contentUrl":"https:\/\/i0.wp.com\/truusk.store\/wp-content\/uploads\/2024\/03\/serveringsvagn-koksvagn-2-vaningar-4-flaskhallare-inomhus-utomhus-natur-svart.webp?fit=800%2C800&ssl=1","width":800,"height":800,"caption":"Serveringsvagn, K\u00f6ksvagn, 2 V\u00e5ningar, 4 Flaskh\u00e5llare, Inomhus\/utomhus, Natur\/svart 1"},{"@type":"BreadcrumbList","@id":"https:\/\/truusk.store\/sv\/produkt\/truusk-serveringsvagn-och-koksvagn-2-vaningar-4-flaskhallare-inomhus-utomhus-natur-svart\/#breadcrumb","itemListElement":[{"@type":"ListItem","position":1,"name":"Home","item":"https:\/\/truusk.store\/sv\/"},{"@type":"ListItem","position":2,"name":"Shop","item":"https:\/\/truusk.store\/shop\/"},{"@type":"ListItem","position":3,"name":"TRUUSK Serveringsvagn och K\u00f6ksvagn &#8211; 2 V\u00e5ningar &#8211; 4 Flaskh\u00e5llare &#8211; Inomhus\/Utomhus &#8211; Natur\/Svart"}]},{"@type":"WebSite","@id":"https:\/\/truusk.store\/sv\/#website","url":"https:\/\/truusk.store\/sv\/","name":"TRUUSK - Hem, Tr\u00e4dg\u00e5rd & Fritid","description":"","publisher":{"@id":"https:\/\/truusk.store\/sv\/#organization"},"potentialAction":[{"@type":"SearchAction","target":{"@type":"EntryPoint","urlTemplate":"https:\/\/truusk.store\/sv\/?s={search_term_string}"},"query-input":{"@type":"PropertyValueSpecification","valueRequired":true,"valueName":"search_term_string"}}],"inLanguage":"sv-SE"},{"@type":"Organization","@id":"https:\/\/truusk.store\/sv\/#organization","name":"TRUUSK - Hem, Tr\u00e4dg\u00e5rd & Fritid","url":"https:\/\/truusk.store\/sv\/","logo":{"@type":"ImageObject","inLanguage":"sv-SE","@id":"https:\/\/truusk.store\/sv\/#\/schema\/logo\/image\/","url":"https:\/\/i0.wp.com\/truusk.store\/wp-content\/uploads\/2026\/03\/cropped-TRUUSK.png?fit=2032%2C917&ssl=1","contentUrl":"https:\/\/i0.wp.com\/truusk.store\/wp-content\/uploads\/2026\/03\/cropped-TRUUSK.png?fit=2032%2C917&ssl=1","width":2032,"height":917,"caption":"TRUUSK - Hem, Tr\u00e4dg\u00e5rd & Fritid"},"image":{"@id":"https:\/\/truusk.store\/sv\/#\/schema\/logo\/image\/"}}]}},"jetpack_sharing_enabled":true,"_links":{"self":[{"href":"https:\/\/truusk.store\/sv\/wp-json\/wp\/v2\/product\/51614","targetHints":{"allow":["GET"]}}],"collection":[{"href":"https:\/\/truusk.store\/sv\/wp-json\/wp\/v2\/product"}],"about":[{"href":"https:\/\/truusk.store\/sv\/wp-json\/wp\/v2\/types\/product"}],"wp:featuredmedia":[{"embeddable":true,"href":"https:\/\/truusk.store\/sv\/wp-json\/wp\/v2\/media\/51615"}],"wp:attachment":[{"href":"https:\/\/truusk.store\/sv\/wp-json\/wp\/v2\/media?parent=51614"}],"wp:term":[{"taxonomy":"product_brand","embeddable":true,"href":"https:\/\/truusk.store\/sv\/wp-json\/wp\/v2\/product_brand?post=51614"},{"taxonomy":"product_cat","embeddable":true,"href":"https:\/\/truusk.store\/sv\/wp-json\/wp\/v2\/product_cat?post=51614"},{"taxonomy":"product_tag","embeddable":true,"href":"https:\/\/truusk.store\/sv\/wp-json\/wp\/v2\/product_tag?post=51614"}],"curies":[{"name":"wp","href":"https:\/\/api.w.org\/{rel}","templated":true}]}}