{"id":51653,"date":"2024-03-08T05:03:00","date_gmt":"2024-03-08T04:03:00","guid":{"rendered":"https:\/\/truusk.store\/product\/bistroset-balkongmobelset-balkongmobel-boho-stil-vaderbestandig-78-x-68-x-95-cm-svart\/"},"modified":"2026-03-12T09:35:18","modified_gmt":"2026-03-12T08:35:18","slug":"truusk-balkongmobelset-boho-stil-vaderbestandig-78-x-68-x-95-cm-svart","status":"publish","type":"product","link":"https:\/\/truusk.store\/sv\/produkt\/truusk-balkongmobelset-boho-stil-vaderbestandig-78-x-68-x-95-cm-svart\/","title":{"rendered":"TRUUSK Balkongm\u00f6belset &#8211; Boho-stil &#8211; V\u00e4derbest\u00e4ndig &#8211; 78 x 68 x 95 cm &#8211; Svart"},"content":{"rendered":"<p>Koppla av utomhus med detta charmiga bistroset i rotting, som \u00e4r ett underbart tillskott till vilken tr\u00e4dg\u00e5rd, balkong eller uteplats som helst. De tv\u00e5 charmiga stolarna har en unik ryggst\u00f6dsdesign och \u00e4r utrustade med bekv\u00e4ma sitt- och ryggdynor. Kombinerat med ett elegant runt soffbord med en skiva i h\u00e4rdat glas lovar detta tr\u00e4dg\u00e5rdsset mysiga eftermiddagar i solen.<\/p>\n<h3>Beskrivning:<\/h3>\n<ul>\n<li>Setet i tre delar best\u00e5r av tv\u00e5 f\u00e5t\u00f6ljer och ett soffbord<\/li>\n<li>Fj\u00e4rilsryggst\u00f6det ger bekv\u00e4mt st\u00f6d under l\u00e5nga perioder av sittande<\/li>\n<li>Vadderade kuddar ger extra komfort medan du kopplar av<\/li>\n<li>Galvaniserad st\u00e5lram och PE-rotting s\u00e4kerst\u00e4ller h\u00e5llbarhet och stil<\/li>\n<li>Den ih\u00e5liga designen ger en elegant touch till tr\u00e4dg\u00e5rdsdekorationen<\/li>\n<li>Halkfria fotkuddar s\u00e4kerst\u00e4ller s\u00e4kert fotf\u00e4ste p\u00e5 olika ytor<\/li>\n<\/ul>\n<h3>Teknisk data:<\/h3>\n<ul>\n<li>F\u00e4rg: Naturligt tr\u00e4+svart<\/li>\n<li>Material: st\u00e5lr\u00f6r, PE-rotting, polyester, h\u00e4rdat glas<\/li>\n<li>Stolens m\u00e5tt: 78L x 68W x 95H cm<\/li>\n<li>Bordsm\u00e5tt: 50L x 50W x 40H cm<\/li>\n<li>Sitsstorlek: 68W x 55D cm<\/li>\n<li>Sitth\u00f6jd: 38,5 cm<\/li>\n<li>Ryggkudde: 60L x 40\/69B x 3H cm<\/li>\n<li>Sittdyna: 45L x 40\/44W x 3H cm<\/li>\n<li>Stolens viktkapacitet: 120 kg<\/li>\n<li>Bordets viktkapacitet: 30 kg<\/li>\n<\/ul>\n<h3>Leveransens omfattning:<\/h3>\n<ul>\n<li>2 x stol<\/li>\n<li>1 x Soffbord<\/li>\n<li>2 x sittdynor<\/li>\n<li>2 x ryggkuddar<\/li>\n<li>1 x manuell<\/li>\n<\/ul>\n","protected":false},"excerpt":{"rendered":"<p>Koppla av utomhus med detta charmiga bistroset i rotting, som \u00e4r ett underbart tillskott till vilken tr\u00e4dg\u00e5rd, balkong eller uteplats&#8230;<\/p>\n","protected":false},"featured_media":51654,"template":"","meta":[],"product_brand":[],"product_cat":[435,450,456],"product_tag":[],"class_list":{"0":"post-51653","1":"product","2":"type-product","3":"status-publish","4":"has-post-thumbnail","6":"product_cat-tradgard-och-terrass","7":"product_cat-tradgardsmobler","8":"product_cat-tradgardsmobler-set","10":"first","11":"instock","12":"sale","13":"taxable","14":"shipping-taxable","15":"purchasable","16":"product-type-simple"},"yoast_head":"<!-- This site is optimized with the Yoast SEO plugin v25.4 - https:\/\/yoast.com\/wordpress\/plugins\/seo\/ -->\n<title>TRUUSK Balkongm\u00f6belset - Boho-stil - V\u00e4derbest\u00e4ndig - 78 x 68 x 95 cm - Svart - TRUUSK - Hem, Tr\u00e4dg\u00e5rd &amp; Fritid<\/title>\n<meta name=\"robots\" content=\"index, follow, max-snippet:-1, max-image-preview:large, max-video-preview:-1\" \/>\n<link rel=\"canonical\" href=\"https:\/\/truusk.store\/sv\/produkt\/truusk-balkongmobelset-boho-stil-vaderbestandig-78-x-68-x-95-cm-svart\/\" \/>\n<meta property=\"og:locale\" content=\"sv_SE\" \/>\n<meta property=\"og:type\" content=\"article\" \/>\n<meta property=\"og:title\" content=\"TRUUSK Balkongm\u00f6belset - Boho-stil - V\u00e4derbest\u00e4ndig - 78 x 68 x 95 cm - Svart - TRUUSK - Hem, Tr\u00e4dg\u00e5rd &amp; Fritid\" \/>\n<meta property=\"og:description\" content=\"Koppla av utomhus med detta charmiga bistroset i rotting, som \u00e4r ett underbart tillskott till vilken tr\u00e4dg\u00e5rd, balkong eller uteplats...\" \/>\n<meta property=\"og:url\" content=\"https:\/\/truusk.store\/sv\/produkt\/truusk-balkongmobelset-boho-stil-vaderbestandig-78-x-68-x-95-cm-svart\/\" \/>\n<meta property=\"og:site_name\" content=\"TRUUSK - Hem, Tr\u00e4dg\u00e5rd &amp; Fritid\" \/>\n<meta property=\"article:modified_time\" content=\"2026-03-12T08:35:18+00:00\" \/>\n<meta property=\"og:image\" content=\"https:\/\/i0.wp.com\/truusk.se\/wp-content\/uploads\/2024\/03\/bistroset-balkongmobelset-balkongmobel-boho-stil-vaderbestandig-78-x-68-x-95-cm-svart.webp?fit=800%2C800&ssl=1\" \/>\n\t<meta property=\"og:image:width\" content=\"800\" \/>\n\t<meta property=\"og:image:height\" content=\"800\" \/>\n\t<meta property=\"og:image:type\" content=\"image\/webp\" \/>\n<meta name=\"twitter:card\" content=\"summary_large_image\" \/>\n<meta name=\"twitter:label1\" content=\"Ber\u00e4knad l\u00e4stid\" \/>\n\t<meta name=\"twitter:data1\" content=\"1 minut\" \/>\n<!-- \/ Yoast SEO plugin. -->","yoast_head_json":{"title":"TRUUSK Balkongm\u00f6belset - Boho-stil - V\u00e4derbest\u00e4ndig - 78 x 68 x 95 cm - Svart - TRUUSK - Hem, Tr\u00e4dg\u00e5rd &amp; Fritid","robots":{"index":"index","follow":"follow","max-snippet":"max-snippet:-1","max-image-preview":"max-image-preview:large","max-video-preview":"max-video-preview:-1"},"canonical":"https:\/\/truusk.store\/sv\/produkt\/truusk-balkongmobelset-boho-stil-vaderbestandig-78-x-68-x-95-cm-svart\/","og_locale":"sv_SE","og_type":"article","og_title":"TRUUSK Balkongm\u00f6belset - Boho-stil - V\u00e4derbest\u00e4ndig - 78 x 68 x 95 cm - Svart - TRUUSK - Hem, Tr\u00e4dg\u00e5rd &amp; Fritid","og_description":"Koppla av utomhus med detta charmiga bistroset i rotting, som \u00e4r ett underbart tillskott till vilken tr\u00e4dg\u00e5rd, balkong eller uteplats...","og_url":"https:\/\/truusk.store\/sv\/produkt\/truusk-balkongmobelset-boho-stil-vaderbestandig-78-x-68-x-95-cm-svart\/","og_site_name":"TRUUSK - Hem, Tr\u00e4dg\u00e5rd &amp; Fritid","article_modified_time":"2026-03-12T08:35:18+00:00","og_image":[{"width":800,"height":800,"url":"https:\/\/i0.wp.com\/truusk.se\/wp-content\/uploads\/2024\/03\/bistroset-balkongmobelset-balkongmobel-boho-stil-vaderbestandig-78-x-68-x-95-cm-svart.webp?fit=800%2C800&ssl=1","type":"image\/webp"}],"twitter_card":"summary_large_image","twitter_misc":{"Ber\u00e4knad l\u00e4stid":"1 minut"},"schema":{"@context":"https:\/\/schema.org","@graph":[{"@type":"WebPage","@id":"https:\/\/truusk.store\/sv\/produkt\/truusk-balkongmobelset-boho-stil-vaderbestandig-78-x-68-x-95-cm-svart\/","url":"https:\/\/truusk.store\/sv\/produkt\/truusk-balkongmobelset-boho-stil-vaderbestandig-78-x-68-x-95-cm-svart\/","name":"TRUUSK Balkongm\u00f6belset - Boho-stil - V\u00e4derbest\u00e4ndig - 78 x 68 x 95 cm - Svart - TRUUSK - Hem, Tr\u00e4dg\u00e5rd &amp; Fritid","isPartOf":{"@id":"https:\/\/truusk.store\/sv\/#website"},"primaryImageOfPage":{"@id":"https:\/\/truusk.store\/sv\/produkt\/truusk-balkongmobelset-boho-stil-vaderbestandig-78-x-68-x-95-cm-svart\/#primaryimage"},"image":{"@id":"https:\/\/truusk.store\/sv\/produkt\/truusk-balkongmobelset-boho-stil-vaderbestandig-78-x-68-x-95-cm-svart\/#primaryimage"},"thumbnailUrl":"https:\/\/i0.wp.com\/truusk.store\/wp-content\/uploads\/2024\/03\/bistroset-balkongmobelset-balkongmobel-boho-stil-vaderbestandig-78-x-68-x-95-cm-svart.webp?fit=800%2C800&ssl=1","datePublished":"2024-03-08T04:03:00+00:00","dateModified":"2026-03-12T08:35:18+00:00","breadcrumb":{"@id":"https:\/\/truusk.store\/sv\/produkt\/truusk-balkongmobelset-boho-stil-vaderbestandig-78-x-68-x-95-cm-svart\/#breadcrumb"},"inLanguage":"sv-SE","potentialAction":[{"@type":"ReadAction","target":["https:\/\/truusk.store\/sv\/produkt\/truusk-balkongmobelset-boho-stil-vaderbestandig-78-x-68-x-95-cm-svart\/"]}]},{"@type":"ImageObject","inLanguage":"sv-SE","@id":"https:\/\/truusk.store\/sv\/produkt\/truusk-balkongmobelset-boho-stil-vaderbestandig-78-x-68-x-95-cm-svart\/#primaryimage","url":"https:\/\/i0.wp.com\/truusk.store\/wp-content\/uploads\/2024\/03\/bistroset-balkongmobelset-balkongmobel-boho-stil-vaderbestandig-78-x-68-x-95-cm-svart.webp?fit=800%2C800&ssl=1","contentUrl":"https:\/\/i0.wp.com\/truusk.store\/wp-content\/uploads\/2024\/03\/bistroset-balkongmobelset-balkongmobel-boho-stil-vaderbestandig-78-x-68-x-95-cm-svart.webp?fit=800%2C800&ssl=1","width":800,"height":800,"caption":"Bistroset Balkongm\u00f6belset Balkongm\u00f6bel, Boho-stil, V\u00e4derbest\u00e4ndig, 78 X 68 X 95 Cm, Svart 1"},{"@type":"BreadcrumbList","@id":"https:\/\/truusk.store\/sv\/produkt\/truusk-balkongmobelset-boho-stil-vaderbestandig-78-x-68-x-95-cm-svart\/#breadcrumb","itemListElement":[{"@type":"ListItem","position":1,"name":"Home","item":"https:\/\/truusk.store\/sv\/"},{"@type":"ListItem","position":2,"name":"Shop","item":"https:\/\/truusk.store\/shop\/"},{"@type":"ListItem","position":3,"name":"TRUUSK Balkongm\u00f6belset &#8211; Boho-stil &#8211; V\u00e4derbest\u00e4ndig &#8211; 78 x 68 x 95 cm &#8211; Svart"}]},{"@type":"WebSite","@id":"https:\/\/truusk.store\/sv\/#website","url":"https:\/\/truusk.store\/sv\/","name":"TRUUSK - Hem, Tr\u00e4dg\u00e5rd & Fritid","description":"","publisher":{"@id":"https:\/\/truusk.store\/sv\/#organization"},"potentialAction":[{"@type":"SearchAction","target":{"@type":"EntryPoint","urlTemplate":"https:\/\/truusk.store\/sv\/?s={search_term_string}"},"query-input":{"@type":"PropertyValueSpecification","valueRequired":true,"valueName":"search_term_string"}}],"inLanguage":"sv-SE"},{"@type":"Organization","@id":"https:\/\/truusk.store\/sv\/#organization","name":"TRUUSK - Hem, Tr\u00e4dg\u00e5rd & Fritid","url":"https:\/\/truusk.store\/sv\/","logo":{"@type":"ImageObject","inLanguage":"sv-SE","@id":"https:\/\/truusk.store\/sv\/#\/schema\/logo\/image\/","url":"https:\/\/i0.wp.com\/truusk.store\/wp-content\/uploads\/2026\/03\/cropped-TRUUSK.png?fit=2032%2C917&ssl=1","contentUrl":"https:\/\/i0.wp.com\/truusk.store\/wp-content\/uploads\/2026\/03\/cropped-TRUUSK.png?fit=2032%2C917&ssl=1","width":2032,"height":917,"caption":"TRUUSK - Hem, Tr\u00e4dg\u00e5rd & Fritid"},"image":{"@id":"https:\/\/truusk.store\/sv\/#\/schema\/logo\/image\/"}}]}},"jetpack_sharing_enabled":true,"_links":{"self":[{"href":"https:\/\/truusk.store\/sv\/wp-json\/wp\/v2\/product\/51653","targetHints":{"allow":["GET"]}}],"collection":[{"href":"https:\/\/truusk.store\/sv\/wp-json\/wp\/v2\/product"}],"about":[{"href":"https:\/\/truusk.store\/sv\/wp-json\/wp\/v2\/types\/product"}],"wp:featuredmedia":[{"embeddable":true,"href":"https:\/\/truusk.store\/sv\/wp-json\/wp\/v2\/media\/51654"}],"wp:attachment":[{"href":"https:\/\/truusk.store\/sv\/wp-json\/wp\/v2\/media?parent=51653"}],"wp:term":[{"taxonomy":"product_brand","embeddable":true,"href":"https:\/\/truusk.store\/sv\/wp-json\/wp\/v2\/product_brand?post=51653"},{"taxonomy":"product_cat","embeddable":true,"href":"https:\/\/truusk.store\/sv\/wp-json\/wp\/v2\/product_cat?post=51653"},{"taxonomy":"product_tag","embeddable":true,"href":"https:\/\/truusk.store\/sv\/wp-json\/wp\/v2\/product_tag?post=51653"}],"curies":[{"name":"wp","href":"https:\/\/api.w.org\/{rel}","templated":true}]}}