{"id":51664,"date":"2024-03-08T05:10:09","date_gmt":"2024-03-08T04:10:09","guid":{"rendered":"https:\/\/truusk.store\/product\/spillvattentank-22-l-rullbar-stankfri-tomning-hdpe-33-x-26-x-53-cm-gra\/"},"modified":"2026-03-12T09:38:22","modified_gmt":"2026-03-12T08:38:22","slug":"truusk-spillvattentank-22-l-rullbar-design-stankfri-tomning-hdpe-material-33-x-26-x-53-cm-gra","status":"publish","type":"product","link":"https:\/\/truusk.store\/sv\/produkt\/truusk-spillvattentank-22-l-rullbar-design-stankfri-tomning-hdpe-material-33-x-26-x-53-cm-gra\/","title":{"rendered":"TRUUSK Spillvattentank 22 L &#8211; Rullbar design &#8211; St\u00e4nkfri t\u00f6mning &#8211; HDPE material &#8211; 33 x 26 x 53 cm &#8211; Gr\u00e5"},"content":{"rendered":"<p>Med en roterande pip f\u00f6r snabb och ren kassering, en niv\u00e5indikator f\u00f6r snabb t\u00f6mning och en design som f\u00f6rhindrar irriterande st\u00e4nk, \u00e4r denna gr\u00e5vattentank ett m\u00e5ste f\u00f6r varje campare! Det vikbara metallhandtaget g\u00f6r det enkelt att dra eller trycka, medan det inbyggda handtaget s\u00e4kerst\u00e4ller bekv\u00e4mt b\u00e4rande. Tillverkad av h\u00e5llbar, s\u00e4ker plast, \u00e4r kapseln l\u00e4tt men \u00e4nd\u00e5 robust, perfekt f\u00f6r tuffa campingf\u00f6rh\u00e5llanden.<\/p>\n<h3>Beskrivning:<\/h3>\n<ul>\n<li>Enkel justering tack vare snabbfyllningsventilen<\/li>\n<li>Niv\u00e5indikatorn informerar dig i god tid n\u00e4r spillvattentanken beh\u00f6ver t\u00f6mmas<\/li>\n<li>Den roterande pipen g\u00f6r att avloppsvattnet kan h\u00e4llas ut snabbt och utan st\u00e4nk<\/li>\n<li>Avluftningsventilen s\u00e4kerst\u00e4ller enkel tryckutj\u00e4mning i tanken<\/li>\n<li>Hopf\u00e4llbart metallhandtag, inbyggt handtag och hjul f\u00f6r bekv\u00e4m transport<\/li>\n<li>Robust HDPE-plast, l\u00e4tt men \u00e4nd\u00e5 h\u00e5llbar f\u00f6r campingf\u00f6rh\u00e5llanden<\/li>\n<\/ul>\n<h3>Teknisk data:<\/h3>\n<ul>\n<li>F\u00e4rg gr\u00e5<\/li>\n<li>Material: HDPE<\/li>\n<li>\u00d6vergripande m\u00e5tt: 33W x 26D x 53H cm<\/li>\n<li>Volym: 22L<\/li>\n<li>Storlek p\u00e5 \u00f6ppningen: 7,8\/9,5 cm<\/li>\n<li>Pipens l\u00e4ngd: 14L cm<\/li>\n<li>Hjulstorlek: 17 cm<\/li>\n<li>Metallhandtag: 22W x 38H cm<\/li>\n<li>Inbyggt handtag: 12B cm<\/li>\n<\/ul>\n<h3>Leveransens omfattning:<\/h3>\n<ul>\n<li>1 x spillvattentank<\/li>\n<li>1 x manuell<\/li>\n<\/ul>\n","protected":false},"excerpt":{"rendered":"<p>Med en roterande pip f\u00f6r snabb och ren kassering, en niv\u00e5indikator f\u00f6r snabb t\u00f6mning och en design som f\u00f6rhindrar irriterande&#8230;<\/p>\n","protected":false},"featured_media":51665,"template":"","meta":[],"product_brand":[],"product_cat":[671,685],"product_tag":[],"class_list":{"0":"post-51664","1":"product","2":"type-product","3":"status-publish","4":"has-post-thumbnail","6":"product_cat-jarnaffar","7":"product_cat-stadning-bestallning","9":"first","10":"instock","11":"sale","12":"taxable","13":"shipping-taxable","14":"purchasable","15":"product-type-simple"},"yoast_head":"<!-- This site is optimized with the Yoast SEO plugin v25.4 - https:\/\/yoast.com\/wordpress\/plugins\/seo\/ -->\n<title>TRUUSK Spillvattentank 22 L - Rullbar design - St\u00e4nkfri t\u00f6mning - HDPE material - 33 x 26 x 53 cm - Gr\u00e5 - TRUUSK - Hem, Tr\u00e4dg\u00e5rd &amp; Fritid<\/title>\n<meta name=\"robots\" content=\"index, follow, max-snippet:-1, max-image-preview:large, max-video-preview:-1\" \/>\n<link rel=\"canonical\" href=\"https:\/\/truusk.store\/sv\/produkt\/truusk-spillvattentank-22-l-rullbar-design-stankfri-tomning-hdpe-material-33-x-26-x-53-cm-gra\/\" \/>\n<meta property=\"og:locale\" content=\"sv_SE\" \/>\n<meta property=\"og:type\" content=\"article\" \/>\n<meta property=\"og:title\" content=\"TRUUSK Spillvattentank 22 L - Rullbar design - St\u00e4nkfri t\u00f6mning - HDPE material - 33 x 26 x 53 cm - Gr\u00e5 - TRUUSK - Hem, Tr\u00e4dg\u00e5rd &amp; Fritid\" \/>\n<meta property=\"og:description\" content=\"Med en roterande pip f\u00f6r snabb och ren kassering, en niv\u00e5indikator f\u00f6r snabb t\u00f6mning och en design som f\u00f6rhindrar irriterande...\" \/>\n<meta property=\"og:url\" content=\"https:\/\/truusk.store\/sv\/produkt\/truusk-spillvattentank-22-l-rullbar-design-stankfri-tomning-hdpe-material-33-x-26-x-53-cm-gra\/\" \/>\n<meta property=\"og:site_name\" content=\"TRUUSK - Hem, Tr\u00e4dg\u00e5rd &amp; Fritid\" \/>\n<meta property=\"article:modified_time\" content=\"2026-03-12T08:38:22+00:00\" \/>\n<meta property=\"og:image\" content=\"https:\/\/i0.wp.com\/truusk.se\/wp-content\/uploads\/2024\/03\/spillvattentank-22-l-rullbar-stankfri-tomning-hdpe-33-x-26-x-53-cm-gra.webp?fit=800%2C800&ssl=1\" \/>\n\t<meta property=\"og:image:width\" content=\"800\" \/>\n\t<meta property=\"og:image:height\" content=\"800\" \/>\n\t<meta property=\"og:image:type\" content=\"image\/webp\" \/>\n<meta name=\"twitter:card\" content=\"summary_large_image\" \/>\n<meta name=\"twitter:label1\" content=\"Ber\u00e4knad l\u00e4stid\" \/>\n\t<meta name=\"twitter:data1\" content=\"1 minut\" \/>\n<!-- \/ Yoast SEO plugin. -->","yoast_head_json":{"title":"TRUUSK Spillvattentank 22 L - Rullbar design - St\u00e4nkfri t\u00f6mning - HDPE material - 33 x 26 x 53 cm - Gr\u00e5 - TRUUSK - Hem, Tr\u00e4dg\u00e5rd &amp; Fritid","robots":{"index":"index","follow":"follow","max-snippet":"max-snippet:-1","max-image-preview":"max-image-preview:large","max-video-preview":"max-video-preview:-1"},"canonical":"https:\/\/truusk.store\/sv\/produkt\/truusk-spillvattentank-22-l-rullbar-design-stankfri-tomning-hdpe-material-33-x-26-x-53-cm-gra\/","og_locale":"sv_SE","og_type":"article","og_title":"TRUUSK Spillvattentank 22 L - Rullbar design - St\u00e4nkfri t\u00f6mning - HDPE material - 33 x 26 x 53 cm - Gr\u00e5 - TRUUSK - Hem, Tr\u00e4dg\u00e5rd &amp; Fritid","og_description":"Med en roterande pip f\u00f6r snabb och ren kassering, en niv\u00e5indikator f\u00f6r snabb t\u00f6mning och en design som f\u00f6rhindrar irriterande...","og_url":"https:\/\/truusk.store\/sv\/produkt\/truusk-spillvattentank-22-l-rullbar-design-stankfri-tomning-hdpe-material-33-x-26-x-53-cm-gra\/","og_site_name":"TRUUSK - Hem, Tr\u00e4dg\u00e5rd &amp; Fritid","article_modified_time":"2026-03-12T08:38:22+00:00","og_image":[{"width":800,"height":800,"url":"https:\/\/i0.wp.com\/truusk.se\/wp-content\/uploads\/2024\/03\/spillvattentank-22-l-rullbar-stankfri-tomning-hdpe-33-x-26-x-53-cm-gra.webp?fit=800%2C800&ssl=1","type":"image\/webp"}],"twitter_card":"summary_large_image","twitter_misc":{"Ber\u00e4knad l\u00e4stid":"1 minut"},"schema":{"@context":"https:\/\/schema.org","@graph":[{"@type":"WebPage","@id":"https:\/\/truusk.store\/sv\/produkt\/truusk-spillvattentank-22-l-rullbar-design-stankfri-tomning-hdpe-material-33-x-26-x-53-cm-gra\/","url":"https:\/\/truusk.store\/sv\/produkt\/truusk-spillvattentank-22-l-rullbar-design-stankfri-tomning-hdpe-material-33-x-26-x-53-cm-gra\/","name":"TRUUSK Spillvattentank 22 L - Rullbar design - St\u00e4nkfri t\u00f6mning - HDPE material - 33 x 26 x 53 cm - Gr\u00e5 - TRUUSK - Hem, Tr\u00e4dg\u00e5rd &amp; Fritid","isPartOf":{"@id":"https:\/\/truusk.store\/sv\/#website"},"primaryImageOfPage":{"@id":"https:\/\/truusk.store\/sv\/produkt\/truusk-spillvattentank-22-l-rullbar-design-stankfri-tomning-hdpe-material-33-x-26-x-53-cm-gra\/#primaryimage"},"image":{"@id":"https:\/\/truusk.store\/sv\/produkt\/truusk-spillvattentank-22-l-rullbar-design-stankfri-tomning-hdpe-material-33-x-26-x-53-cm-gra\/#primaryimage"},"thumbnailUrl":"https:\/\/i0.wp.com\/truusk.store\/wp-content\/uploads\/2024\/03\/spillvattentank-22-l-rullbar-stankfri-tomning-hdpe-33-x-26-x-53-cm-gra.webp?fit=800%2C800&ssl=1","datePublished":"2024-03-08T04:10:09+00:00","dateModified":"2026-03-12T08:38:22+00:00","breadcrumb":{"@id":"https:\/\/truusk.store\/sv\/produkt\/truusk-spillvattentank-22-l-rullbar-design-stankfri-tomning-hdpe-material-33-x-26-x-53-cm-gra\/#breadcrumb"},"inLanguage":"sv-SE","potentialAction":[{"@type":"ReadAction","target":["https:\/\/truusk.store\/sv\/produkt\/truusk-spillvattentank-22-l-rullbar-design-stankfri-tomning-hdpe-material-33-x-26-x-53-cm-gra\/"]}]},{"@type":"ImageObject","inLanguage":"sv-SE","@id":"https:\/\/truusk.store\/sv\/produkt\/truusk-spillvattentank-22-l-rullbar-design-stankfri-tomning-hdpe-material-33-x-26-x-53-cm-gra\/#primaryimage","url":"https:\/\/i0.wp.com\/truusk.store\/wp-content\/uploads\/2024\/03\/spillvattentank-22-l-rullbar-stankfri-tomning-hdpe-33-x-26-x-53-cm-gra.webp?fit=800%2C800&ssl=1","contentUrl":"https:\/\/i0.wp.com\/truusk.store\/wp-content\/uploads\/2024\/03\/spillvattentank-22-l-rullbar-stankfri-tomning-hdpe-33-x-26-x-53-cm-gra.webp?fit=800%2C800&ssl=1","width":800,"height":800,"caption":"Spillvattentank, 22 L, Rullbar, St\u00e4nkfri T\u00f6mning, HDPE, 33 X 26 X 53 Cm, Gr\u00e5 1"},{"@type":"BreadcrumbList","@id":"https:\/\/truusk.store\/sv\/produkt\/truusk-spillvattentank-22-l-rullbar-design-stankfri-tomning-hdpe-material-33-x-26-x-53-cm-gra\/#breadcrumb","itemListElement":[{"@type":"ListItem","position":1,"name":"Home","item":"https:\/\/truusk.store\/sv\/"},{"@type":"ListItem","position":2,"name":"Shop","item":"https:\/\/truusk.store\/shop\/"},{"@type":"ListItem","position":3,"name":"TRUUSK Spillvattentank 22 L &#8211; Rullbar design &#8211; St\u00e4nkfri t\u00f6mning &#8211; HDPE material &#8211; 33 x 26 x 53 cm &#8211; Gr\u00e5"}]},{"@type":"WebSite","@id":"https:\/\/truusk.store\/sv\/#website","url":"https:\/\/truusk.store\/sv\/","name":"TRUUSK - Hem, Tr\u00e4dg\u00e5rd & Fritid","description":"","publisher":{"@id":"https:\/\/truusk.store\/sv\/#organization"},"potentialAction":[{"@type":"SearchAction","target":{"@type":"EntryPoint","urlTemplate":"https:\/\/truusk.store\/sv\/?s={search_term_string}"},"query-input":{"@type":"PropertyValueSpecification","valueRequired":true,"valueName":"search_term_string"}}],"inLanguage":"sv-SE"},{"@type":"Organization","@id":"https:\/\/truusk.store\/sv\/#organization","name":"TRUUSK - Hem, Tr\u00e4dg\u00e5rd & Fritid","url":"https:\/\/truusk.store\/sv\/","logo":{"@type":"ImageObject","inLanguage":"sv-SE","@id":"https:\/\/truusk.store\/sv\/#\/schema\/logo\/image\/","url":"https:\/\/i0.wp.com\/truusk.store\/wp-content\/uploads\/2026\/03\/cropped-TRUUSK.png?fit=2032%2C917&ssl=1","contentUrl":"https:\/\/i0.wp.com\/truusk.store\/wp-content\/uploads\/2026\/03\/cropped-TRUUSK.png?fit=2032%2C917&ssl=1","width":2032,"height":917,"caption":"TRUUSK - Hem, Tr\u00e4dg\u00e5rd & Fritid"},"image":{"@id":"https:\/\/truusk.store\/sv\/#\/schema\/logo\/image\/"}}]}},"jetpack_sharing_enabled":true,"_links":{"self":[{"href":"https:\/\/truusk.store\/sv\/wp-json\/wp\/v2\/product\/51664","targetHints":{"allow":["GET"]}}],"collection":[{"href":"https:\/\/truusk.store\/sv\/wp-json\/wp\/v2\/product"}],"about":[{"href":"https:\/\/truusk.store\/sv\/wp-json\/wp\/v2\/types\/product"}],"wp:featuredmedia":[{"embeddable":true,"href":"https:\/\/truusk.store\/sv\/wp-json\/wp\/v2\/media\/51665"}],"wp:attachment":[{"href":"https:\/\/truusk.store\/sv\/wp-json\/wp\/v2\/media?parent=51664"}],"wp:term":[{"taxonomy":"product_brand","embeddable":true,"href":"https:\/\/truusk.store\/sv\/wp-json\/wp\/v2\/product_brand?post=51664"},{"taxonomy":"product_cat","embeddable":true,"href":"https:\/\/truusk.store\/sv\/wp-json\/wp\/v2\/product_cat?post=51664"},{"taxonomy":"product_tag","embeddable":true,"href":"https:\/\/truusk.store\/sv\/wp-json\/wp\/v2\/product_tag?post=51664"}],"curies":[{"name":"wp","href":"https:\/\/api.w.org\/{rel}","templated":true}]}}