{"id":51675,"date":"2024-03-08T05:20:07","date_gmt":"2024-03-08T04:20:07","guid":{"rendered":"https:\/\/truusk.store\/product\/tradgardsparaply-fribarande-paraply-dekorkant-ventilationstak-metallram-24x24x26m-beige\/"},"modified":"2026-03-12T09:34:24","modified_gmt":"2026-03-12T08:34:24","slug":"truusk-tradgardsparaply-fribarande-paraply-dekorkant-ventilationstak-metallram-beige-24x24x26m","status":"publish","type":"product","link":"https:\/\/truusk.store\/sv\/produkt\/truusk-tradgardsparaply-fribarande-paraply-dekorkant-ventilationstak-metallram-beige-24x24x26m\/","title":{"rendered":"TRUUSK Tr\u00e4dg\u00e5rdsparaply &#8211; Frib\u00e4rande Paraply &#8211; Dekorkant &#8211; Ventilationstak &#8211; Metallram &#8211; Beige &#8211; 2,4&#215;2,4&#215;2,6m"},"content":{"rendered":"<p>Njut av solen i tr\u00e4dg\u00e5rden under v\u00e5rt stora frib\u00e4rande paraply! Tack vare den sofistikerade designen med sidomast f\u00e5r du mer r\u00f6relsefrihet och en klar, oavbruten sikt. Handveven m\u00f6jligg\u00f6r enkel \u00f6ppning och st\u00e4ngning, medan den s\u00e4kra l\u00e5smekanismen h\u00e5ller taket stadigt p\u00e5 plats. Det slitstarka polyestertaket med PA-bel\u00e4ggning ger skydd mot sol och duggregn. Med integrerad paraplyfot och ventilationstak f\u00f6r optimal stabilitet och ventilation.<\/p>\n<h3>Beskrivning:<\/h3>\n<ul>\n<li>F\u00f6rskjuten design: ingen irriterande mast i synf\u00e4ltet<\/li>\n<li>Sidomast f\u00f6r b\u00e4ttre anv\u00e4ndning av utrymmet och fri sikt<\/li>\n<li>Dekorativ bred kant p\u00e5 paraplyet<\/li>\n<li>L\u00e4ttanv\u00e4nd handvev f\u00f6r enkel \u00f6ppning och st\u00e4ngning<\/li>\n<li>S\u00e4kerhetsl\u00e5s f\u00f6r tillf\u00f6rlitlig fixering av paraplytaket<\/li>\n<li>Polyesterpresenning med PA-bel\u00e4ggning f\u00f6r vatten- och UV-best\u00e4ndighet<\/li>\n<li>Ventilationstak minskar vindtrycket och \u00f6kar stabiliteten<\/li>\n<li>Inkluderar korsfot f\u00f6r stabil och s\u00e4ker placering<\/li>\n<li>Montering kr\u00e4vs<\/li>\n<\/ul>\n<h3>Teknisk data:<\/h3>\n<ul>\n<li>F\u00e4rg beige<\/li>\n<li>Material: metall, polyester<\/li>\n<li>Sk\u00e4rmm\u00e5tt: 243L x 243W x 265H cm<\/li>\n<li>Bredd p\u00e5 paraplykant: 20 cm<\/li>\n<li>M\u00e5tt: 90L x 90W x 4,5H cm<\/li>\n<li>Ett meddelande:<\/li>\n<li>1. Erforderlig paraplystativ vikt 55-70 kg (ing\u00e5r ej).2. Anv\u00e4nd inte paraplyet i extremt v\u00e4der (stark vind, kraftigt regn, sn\u00f6)<\/li>\n<\/ul>\n<h3>Leveransens omfattning:<\/h3>\n<ul>\n<li>1 x frib\u00e4rande paraply<\/li>\n<li>1 x manuell<\/li>\n<\/ul>\n","protected":false},"excerpt":{"rendered":"<p>Njut av solen i tr\u00e4dg\u00e5rden under v\u00e5rt stora frib\u00e4rande paraply! Tack vare den sofistikerade designen med sidomast f\u00e5r du mer&#8230;<\/p>\n","protected":false},"featured_media":51676,"template":"","meta":[],"product_brand":[],"product_cat":[472,471,435],"product_tag":[],"class_list":{"0":"post-51675","1":"product","2":"type-product","3":"status-publish","4":"has-post-thumbnail","6":"product_cat-parasoller","7":"product_cat-solskydd-integritetsskydd","8":"product_cat-tradgard-och-terrass","10":"first","11":"instock","12":"sale","13":"taxable","14":"shipping-taxable","15":"purchasable","16":"product-type-simple"},"yoast_head":"<!-- This site is optimized with the Yoast SEO plugin v25.4 - https:\/\/yoast.com\/wordpress\/plugins\/seo\/ -->\n<title>TRUUSK Tr\u00e4dg\u00e5rdsparaply - Frib\u00e4rande Paraply - Dekorkant - Ventilationstak - Metallram - Beige - 2,4x2,4x2,6m - TRUUSK - Hem, Tr\u00e4dg\u00e5rd &amp; Fritid<\/title>\n<meta name=\"robots\" content=\"index, follow, max-snippet:-1, max-image-preview:large, max-video-preview:-1\" \/>\n<link rel=\"canonical\" href=\"https:\/\/truusk.store\/sv\/produkt\/truusk-tradgardsparaply-fribarande-paraply-dekorkant-ventilationstak-metallram-beige-24x24x26m\/\" \/>\n<meta property=\"og:locale\" content=\"sv_SE\" \/>\n<meta property=\"og:type\" content=\"article\" \/>\n<meta property=\"og:title\" content=\"TRUUSK Tr\u00e4dg\u00e5rdsparaply - Frib\u00e4rande Paraply - Dekorkant - Ventilationstak - Metallram - Beige - 2,4x2,4x2,6m - TRUUSK - Hem, Tr\u00e4dg\u00e5rd &amp; Fritid\" \/>\n<meta property=\"og:description\" content=\"Njut av solen i tr\u00e4dg\u00e5rden under v\u00e5rt stora frib\u00e4rande paraply! Tack vare den sofistikerade designen med sidomast f\u00e5r du mer...\" \/>\n<meta property=\"og:url\" content=\"https:\/\/truusk.store\/sv\/produkt\/truusk-tradgardsparaply-fribarande-paraply-dekorkant-ventilationstak-metallram-beige-24x24x26m\/\" \/>\n<meta property=\"og:site_name\" content=\"TRUUSK - Hem, Tr\u00e4dg\u00e5rd &amp; Fritid\" \/>\n<meta property=\"article:modified_time\" content=\"2026-03-12T08:34:24+00:00\" \/>\n<meta property=\"og:image\" content=\"https:\/\/i0.wp.com\/truusk.se\/wp-content\/uploads\/2024\/03\/tradgardsparaply-fribarande-paraply-dekorkant-ventilationstak-metallram-24x24x26m-beige.webp?fit=800%2C800&ssl=1\" \/>\n\t<meta property=\"og:image:width\" content=\"800\" \/>\n\t<meta property=\"og:image:height\" content=\"800\" \/>\n\t<meta property=\"og:image:type\" content=\"image\/webp\" \/>\n<meta name=\"twitter:card\" content=\"summary_large_image\" \/>\n<meta name=\"twitter:label1\" content=\"Ber\u00e4knad l\u00e4stid\" \/>\n\t<meta name=\"twitter:data1\" content=\"1 minut\" \/>\n<!-- \/ Yoast SEO plugin. -->","yoast_head_json":{"title":"TRUUSK Tr\u00e4dg\u00e5rdsparaply - Frib\u00e4rande Paraply - Dekorkant - Ventilationstak - Metallram - Beige - 2,4x2,4x2,6m - TRUUSK - Hem, Tr\u00e4dg\u00e5rd &amp; Fritid","robots":{"index":"index","follow":"follow","max-snippet":"max-snippet:-1","max-image-preview":"max-image-preview:large","max-video-preview":"max-video-preview:-1"},"canonical":"https:\/\/truusk.store\/sv\/produkt\/truusk-tradgardsparaply-fribarande-paraply-dekorkant-ventilationstak-metallram-beige-24x24x26m\/","og_locale":"sv_SE","og_type":"article","og_title":"TRUUSK Tr\u00e4dg\u00e5rdsparaply - Frib\u00e4rande Paraply - Dekorkant - Ventilationstak - Metallram - Beige - 2,4x2,4x2,6m - TRUUSK - Hem, Tr\u00e4dg\u00e5rd &amp; Fritid","og_description":"Njut av solen i tr\u00e4dg\u00e5rden under v\u00e5rt stora frib\u00e4rande paraply! Tack vare den sofistikerade designen med sidomast f\u00e5r du mer...","og_url":"https:\/\/truusk.store\/sv\/produkt\/truusk-tradgardsparaply-fribarande-paraply-dekorkant-ventilationstak-metallram-beige-24x24x26m\/","og_site_name":"TRUUSK - Hem, Tr\u00e4dg\u00e5rd &amp; Fritid","article_modified_time":"2026-03-12T08:34:24+00:00","og_image":[{"width":800,"height":800,"url":"https:\/\/i0.wp.com\/truusk.se\/wp-content\/uploads\/2024\/03\/tradgardsparaply-fribarande-paraply-dekorkant-ventilationstak-metallram-24x24x26m-beige.webp?fit=800%2C800&ssl=1","type":"image\/webp"}],"twitter_card":"summary_large_image","twitter_misc":{"Ber\u00e4knad l\u00e4stid":"1 minut"},"schema":{"@context":"https:\/\/schema.org","@graph":[{"@type":"WebPage","@id":"https:\/\/truusk.store\/sv\/produkt\/truusk-tradgardsparaply-fribarande-paraply-dekorkant-ventilationstak-metallram-beige-24x24x26m\/","url":"https:\/\/truusk.store\/sv\/produkt\/truusk-tradgardsparaply-fribarande-paraply-dekorkant-ventilationstak-metallram-beige-24x24x26m\/","name":"TRUUSK Tr\u00e4dg\u00e5rdsparaply - Frib\u00e4rande Paraply - Dekorkant - Ventilationstak - Metallram - Beige - 2,4x2,4x2,6m - TRUUSK - Hem, Tr\u00e4dg\u00e5rd &amp; Fritid","isPartOf":{"@id":"https:\/\/truusk.store\/sv\/#website"},"primaryImageOfPage":{"@id":"https:\/\/truusk.store\/sv\/produkt\/truusk-tradgardsparaply-fribarande-paraply-dekorkant-ventilationstak-metallram-beige-24x24x26m\/#primaryimage"},"image":{"@id":"https:\/\/truusk.store\/sv\/produkt\/truusk-tradgardsparaply-fribarande-paraply-dekorkant-ventilationstak-metallram-beige-24x24x26m\/#primaryimage"},"thumbnailUrl":"https:\/\/i0.wp.com\/truusk.store\/wp-content\/uploads\/2024\/03\/tradgardsparaply-fribarande-paraply-dekorkant-ventilationstak-metallram-24x24x26m-beige.webp?fit=800%2C800&ssl=1","datePublished":"2024-03-08T04:20:07+00:00","dateModified":"2026-03-12T08:34:24+00:00","breadcrumb":{"@id":"https:\/\/truusk.store\/sv\/produkt\/truusk-tradgardsparaply-fribarande-paraply-dekorkant-ventilationstak-metallram-beige-24x24x26m\/#breadcrumb"},"inLanguage":"sv-SE","potentialAction":[{"@type":"ReadAction","target":["https:\/\/truusk.store\/sv\/produkt\/truusk-tradgardsparaply-fribarande-paraply-dekorkant-ventilationstak-metallram-beige-24x24x26m\/"]}]},{"@type":"ImageObject","inLanguage":"sv-SE","@id":"https:\/\/truusk.store\/sv\/produkt\/truusk-tradgardsparaply-fribarande-paraply-dekorkant-ventilationstak-metallram-beige-24x24x26m\/#primaryimage","url":"https:\/\/i0.wp.com\/truusk.store\/wp-content\/uploads\/2024\/03\/tradgardsparaply-fribarande-paraply-dekorkant-ventilationstak-metallram-24x24x26m-beige.webp?fit=800%2C800&ssl=1","contentUrl":"https:\/\/i0.wp.com\/truusk.store\/wp-content\/uploads\/2024\/03\/tradgardsparaply-fribarande-paraply-dekorkant-ventilationstak-metallram-24x24x26m-beige.webp?fit=800%2C800&ssl=1","width":800,"height":800,"caption":"Tr\u00e4dg\u00e5rdsparaply, Frib\u00e4rande Paraply, Dekorkant, Ventilationstak, Metallram, 2,4x2,4x2,6m, Beige 1"},{"@type":"BreadcrumbList","@id":"https:\/\/truusk.store\/sv\/produkt\/truusk-tradgardsparaply-fribarande-paraply-dekorkant-ventilationstak-metallram-beige-24x24x26m\/#breadcrumb","itemListElement":[{"@type":"ListItem","position":1,"name":"Home","item":"https:\/\/truusk.store\/sv\/"},{"@type":"ListItem","position":2,"name":"Shop","item":"https:\/\/truusk.store\/shop\/"},{"@type":"ListItem","position":3,"name":"TRUUSK Tr\u00e4dg\u00e5rdsparaply &#8211; Frib\u00e4rande Paraply &#8211; Dekorkant &#8211; Ventilationstak &#8211; Metallram &#8211; Beige &#8211; 2,4&#215;2,4&#215;2,6m"}]},{"@type":"WebSite","@id":"https:\/\/truusk.store\/sv\/#website","url":"https:\/\/truusk.store\/sv\/","name":"TRUUSK - Hem, Tr\u00e4dg\u00e5rd & Fritid","description":"","publisher":{"@id":"https:\/\/truusk.store\/sv\/#organization"},"potentialAction":[{"@type":"SearchAction","target":{"@type":"EntryPoint","urlTemplate":"https:\/\/truusk.store\/sv\/?s={search_term_string}"},"query-input":{"@type":"PropertyValueSpecification","valueRequired":true,"valueName":"search_term_string"}}],"inLanguage":"sv-SE"},{"@type":"Organization","@id":"https:\/\/truusk.store\/sv\/#organization","name":"TRUUSK - Hem, Tr\u00e4dg\u00e5rd & Fritid","url":"https:\/\/truusk.store\/sv\/","logo":{"@type":"ImageObject","inLanguage":"sv-SE","@id":"https:\/\/truusk.store\/sv\/#\/schema\/logo\/image\/","url":"https:\/\/i0.wp.com\/truusk.store\/wp-content\/uploads\/2026\/03\/cropped-TRUUSK.png?fit=2032%2C917&ssl=1","contentUrl":"https:\/\/i0.wp.com\/truusk.store\/wp-content\/uploads\/2026\/03\/cropped-TRUUSK.png?fit=2032%2C917&ssl=1","width":2032,"height":917,"caption":"TRUUSK - Hem, Tr\u00e4dg\u00e5rd & Fritid"},"image":{"@id":"https:\/\/truusk.store\/sv\/#\/schema\/logo\/image\/"}}]}},"jetpack_sharing_enabled":true,"_links":{"self":[{"href":"https:\/\/truusk.store\/sv\/wp-json\/wp\/v2\/product\/51675","targetHints":{"allow":["GET"]}}],"collection":[{"href":"https:\/\/truusk.store\/sv\/wp-json\/wp\/v2\/product"}],"about":[{"href":"https:\/\/truusk.store\/sv\/wp-json\/wp\/v2\/types\/product"}],"wp:featuredmedia":[{"embeddable":true,"href":"https:\/\/truusk.store\/sv\/wp-json\/wp\/v2\/media\/51676"}],"wp:attachment":[{"href":"https:\/\/truusk.store\/sv\/wp-json\/wp\/v2\/media?parent=51675"}],"wp:term":[{"taxonomy":"product_brand","embeddable":true,"href":"https:\/\/truusk.store\/sv\/wp-json\/wp\/v2\/product_brand?post=51675"},{"taxonomy":"product_cat","embeddable":true,"href":"https:\/\/truusk.store\/sv\/wp-json\/wp\/v2\/product_cat?post=51675"},{"taxonomy":"product_tag","embeddable":true,"href":"https:\/\/truusk.store\/sv\/wp-json\/wp\/v2\/product_tag?post=51675"}],"curies":[{"name":"wp","href":"https:\/\/api.w.org\/{rel}","templated":true}]}}